{"id":16173,"date":"2021-01-11T16:53:35","date_gmt":"2021-01-11T15:53:35","guid":{"rendered":"https:\/\/www.caledoniasagl.ch\/bonifiche-ambientali\/"},"modified":"2021-04-19T14:23:34","modified_gmt":"2021-04-19T12:23:34","slug":"umweltsanierung","status":"publish","type":"page","link":"https:\/\/www.caledoniasagl.ch\/de\/umweltsanierung\/","title":{"rendered":"Umweltsanierung"},"content":{"rendered":"<div class=\"wpb-content-wrapper\"><p>[vc_section full_width=&#8220;stretch_row&#8220; content_placement=&#8220;middle&#8220; fade_in_opacity=&#8220;pix-opacity-4&#8243; pix_over_visibility=&#8220;&#8220; pix_overlay_color=&#8220;black&#8220; css=&#8220;.vc_custom_1616419628975{background-color: #ffffff !important;}&#8220; pix_overlay_opacity=&#8220;1&#8243; b_custom_height=&#8220;300px&#8220; fade_in_intro=&#8220;15148&#8243;][vc_row pix_particles_check=&#8220;&#8220; responsive_css=&#8220;{&#8222;pix_res_sm_pt&#8222;:&#8222;0px&#8222;,&#8222;pix_res_md_pt&#8222;:&#8222;0px&#8222;}&#8220; css=&#8220;.vc_custom_1612278926249{padding-top: 150px !important;padding-bottom: 70px !important;}&#8220;][vc_column css=&#8220;.vc_custom_1611481106197{padding-top: 20px !important;padding-bottom: 20px !important;}&#8220;]<div id=\"H1\" class=\"pix-heading-el text-left  vc_custom_1618827677172\"><div class=\"d-inline-block\" style=\"max-width:950px;\"><h1 class=\"text-white font-weight-bold h1 animate-in heading-text el-title_custom_color mb-12\" style=\"\" data-anim-type=\"fade-in\" data-anim-delay=\"200\">Umweltsanierung, Schutz der Privatsph\u00e4re durch Technologie<\/h1><\/div><\/div><div class=\"pix-el-text w-100   vc_custom_1618828232818\" ><div class=\"d-inline-block\" style=\"max-width:900px;\"><p class=\"text-24  text-white  \" ><span class=\"text-white animate-in d-inline-block\" data-anim-delay=\"400\" data-anim-type=\"fade-in-up\">Die Umweltsanierungst\u00e4tigkeiten von Caledonia zielen darauf ab, ein angemessenes Sicherheitsniveau an privaten Orten wie zu Hause oder im B\u00fcro zu erreichen, und erg\u00e4nzen die verschiedenen Ermittlungst\u00e4tigkeiten sowohl im Privat- als auch im Unternehmensbereich.<\/span><\/p><\/div><\/div><a  href=\"https:\/\/www.caledoniasagl.ch\/de\/kontakte\/\" class=\"btn mb-2    vc_custom_1618829084244  shadow-sm shadow-hover-sm text-primary btn-white d-inline-flex align-items-center pix-hover-item       btn-md\"     ><span class=\"font-weight-bold \" >Kontaktieren Sie uns<\/span><svg class=\"pixfort-icon font-weight-bold  pix-hover-right  ml-2\" width=\"24\" height=\"24\"  data-name=\"Line\/pixfort-icon-arrow-right-2\" viewBox=\"2 2 20 20\"><polyline fill=\"none\" stroke=\"var(--pf-icon-color)\" stroke-linecap=\"round\" stroke-linejoin=\"round\" stroke-width=\"var(--pf-icon-stroke-width)\" points=\"9.5 17 14.5 12 9.5 7\"\/><\/svg><\/a>[\/vc_column][\/vc_row][\/vc_section][vc_section full_width=&#8220;stretch_row&#8220; pix_over_visibility=&#8220;&#8220; css=&#8220;.vc_custom_1611481625985{background-color: #f8f9fa !important;}&#8220; fade_in_intro=&#8220;14052&#8243;][vc_row full_width=&#8220;stretch_row&#8220; gap=&#8220;35&#8243; content_placement=&#8220;top&#8220; pix_particles_check=&#8220;&#8220; css=&#8220;.vc_custom_1611481444397{padding-top: 70px !important;padding-bottom: 75px !important;}&#8220;][vc_column width=&#8220;1\/2&#8243;][vc_column_text]<\/p><h2><strong>M\u00f6chten Sie Ihre Privatsph\u00e4re vor illegalem Abh\u00f6ren sch\u00fctzen?<\/strong><\/h2><p>[\/vc_column_text][vc_separator color=&#8220;custom&#8220; border_width=&#8220;3&#8243; accent_color=&#8220;#3dc4f2&#8243;][\/vc_column][vc_column width=&#8220;1\/2&#8243;][vc_column_text]<strong>Um ein angemessenes Sicherheitsniveau f\u00fcr Ihr Zuhause oder Ihr Unternehmen zu gew\u00e4hrleisten und Sie vor dem Risiko des Abh\u00f6rens zu sch\u00fctzen, ist eine Umweltsanierung erforderlich.<br \/>Diese Technik beendet illegale Eingriffe, das Abh\u00f6ren und die unsachgem\u00e4\u00dfe \u00dcbertragung von Informationen.<\/strong>[\/vc_column_text][\/vc_column][\/vc_row][\/vc_section][vc_section full_width=&#8220;stretch_row&#8220; pix_over_visibility=&#8220;&#8220; css=&#8220;.vc_custom_1611481992104{padding-bottom: 100px !important;background-color: #ffffff !important;}&#8220;][vc_row full_width=&#8220;stretch_row&#8220; gap=&#8220;35&#8243; content_placement=&#8220;top&#8220; pix_particles_check=&#8220;&#8220; css=&#8220;.vc_custom_1611481821667{padding-top: 80px !important;padding-bottom: 35px !important;}&#8220;][vc_column width=&#8220;1\/6&#8243; content_align=&#8220;text-center&#8220;]<div id=\"duo-icon-181759560\" class=\"pix-icon text-left  vc_custom_1611481746209\"><div class=\"pix-icon-bg rounded-circle feature_img position-relative d-inline-flex align-items-center justify-content-center bg-secondary shadow-sm\"   style=\" width:153px;height:153px;position:relative;line-height:153px;text-align:center;\"><span style=\"font-size:85px;line-height:85px;\" class=\"text-white d-inline-flex align-middle\"><svg class=\"pixfort-icon \" width=\"85\" height=\"85\"  data-name=\"Line\/pixfort-icon-satelite-1\" viewBox=\"2 2 20 20\"><path fill=\"none\" stroke=\"var(--pf-icon-color)\" stroke-linecap=\"round\" stroke-linejoin=\"round\" stroke-width=\"var(--pf-icon-stroke-width)\" d=\"M16.1819805,7.26040764 L16.8890873,7.96751442 C17.4748737,8.55330086 17.4748737,9.50304833 16.8890873,10.0888348 L13.3535534,13.6243687 C12.767767,14.2101551 11.8180195,14.2101551 11.232233,13.6243687 L10.5251263,12.9172619 C9.93933983,12.3314755 9.93933983,11.381728 10.5251263,10.7959415 L14.0606602,7.26040764 C14.6464466,6.6746212 15.5961941,6.6746212 16.1819805,7.26040764 Z M9.81801948,3.72487373 L13.7071068,7.61396103 L13.7071068,7.61396103 L10.8786797,10.4423882 L6.98959236,6.55330086 C6.40380592,5.96751442 6.40380592,5.01776695 6.98959236,4.43198052 L7.69669914,3.72487373 C8.28248558,3.1390873 9.23223305,3.1390873 9.81801948,3.72487373 Z M16.5355339,10.4423882 L20.4246212,14.3314755 C21.0104076,14.9172619 21.0104076,15.8670094 20.4246212,16.4527958 L19.7175144,17.1599026 C19.131728,17.745689 18.1819805,17.745689 17.5961941,17.1599026 L13.7071068,13.2708153 L13.7071068,13.2708153 L16.5355339,10.4423882 Z M10.8786797,13.2708153 L9.46446609,14.6850288 M6.25,15 C6.25,16.6568542 7.59314575,18 9.25,18 M3,15 C3,18.3137085 5.6862915,21 9,21\"\/><\/svg><\/span><\/div><\/div>[\/vc_column][vc_column width=&#8220;5\/6&#8243; css=&#8220;.vc_custom_1611482334859{padding-left: 50px !important;}&#8220;]<div id=\"H2\" class=\"pix-heading-el text-left  vc_custom_1618834556593\"><h2 class=\"text-primary font-weight-bold h2 heading-text el-title_custom_color mb-12\" style=\"\" data-anim-type=\"\" data-anim-delay=\"0\">Umweltsanierung in Privatwohnungen<\/h2><\/div><div id=\"H3\" class=\"pix-heading-el text-left  vc_custom_1618834564887\"><h3 class=\"text-secondary font-weight-bold h3 heading-text el-title_custom_color mb-12\" style=\"\" data-anim-type=\"\" data-anim-delay=\"0\">Sichern Sie Ihre Privatsph\u00e4re mit Caledonia<\/h3><\/div>[vc_column_text]Caledonia passt die Einsatzstrategie individuell an Ihre Bed\u00fcrfnisse an und f\u00fchrt Inspektionst\u00e4tigkeiten zur Erkennung von Abh\u00f6rger\u00e4ten (Audio und Video) durch. Die Umweltsanierung zielt darauf ab, Ihre Privatsph\u00e4re zu wahren und die Person und ihre Privatsph\u00e4re als Verm\u00f6genswerte von vorrangiger Bedeutung zu sch\u00fctzen.<\/p><p>Der spezialisierte Ansatz von Caledonia zielt darauf ab, die Sicherheit elektronischer Ger\u00e4te wie Computer, Mobiltelefone und anderer Ger\u00e4te f\u00fcr die digitale Speicherung zu gew\u00e4hrleisten, und kann den Service auf ganze Haushalte ausweiten.[\/vc_column_text][\/vc_column][\/vc_row][vc_row pix_particles_check=&#8220;&#8220;][vc_column][vc_separator border_width=&#8220;2&#8243;][\/vc_column][\/vc_row][vc_row full_width=&#8220;stretch_row&#8220; gap=&#8220;35&#8243; content_placement=&#8220;top&#8220; pix_particles_check=&#8220;&#8220; css=&#8220;.vc_custom_1611482357951{padding-top: 35px !important;}&#8220;][vc_column width=&#8220;1\/6&#8243; content_align=&#8220;text-center&#8220; css=&#8220;.vc_custom_1608128772386{padding-right: 40px !important;padding-left: 20px !important;}&#8220;]<div id=\"duo-icon-102063246\" class=\"pix-icon text-left  vc_custom_1611842549308\"><div class=\"pix-icon-bg rounded-circle feature_img position-relative d-inline-flex align-items-center justify-content-center bg-secondary shadow-sm\"   style=\" width:153px;height:153px;position:relative;line-height:153px;text-align:center;\"><span style=\"font-size:85px;line-height:85px;\" class=\"text-white d-inline-flex align-middle\"><svg class=\"pixfort-icon \" width=\"85\" height=\"85\"  data-name=\"Line\/pixfort-icon-shield-check-1\" viewBox=\"2 2 20 20\"><path fill=\"none\" stroke=\"var(--pf-icon-color)\" stroke-linecap=\"round\" stroke-linejoin=\"round\" stroke-width=\"var(--pf-icon-stroke-width)\" d=\"M10.8375236,20.6696597 L6.25628542,17.3973467 C5.46789705,16.8342122 5,15.9249996 5,14.9561463 L5,6.90943839 C5,6.06421114 5.53134128,5.31023526 6.32732721,5.02595457 L11.3273272,3.24024028 C11.7623209,3.08488538 12.2376791,3.08488538 12.6726728,3.24024028 L17.6726728,5.02595457 C18.4686587,5.31023526 19,6.06421114 19,6.90943839 L19,14.9561463 C19,15.9249996 18.5321029,16.8342122 17.7437146,17.3973467 L13.1624764,20.6696597 C12.4670813,21.1663705 11.5329187,21.1663705 10.8375236,20.6696597 Z M9,12 L11,14 L15,10\"\/><\/svg><\/span><\/div><\/div>[\/vc_column][vc_column width=&#8220;5\/6&#8243; css=&#8220;.vc_custom_1611482364948{padding-left: 50px !important;}&#8220;]<div id=\"H2\" class=\"pix-heading-el text-left  vc_custom_1618834583796\"><h2 class=\"text-primary font-weight-bold h2 heading-text el-title_custom_color mb-12\" style=\"\" data-anim-type=\"\" data-anim-delay=\"0\">Umweltsanierung f\u00fcr Unternehmen<\/h2><\/div><div id=\"H3\" class=\"pix-heading-el text-left  vc_custom_1618834591528\"><h3 class=\"text-secondary font-weight-bold h3 heading-text el-title_custom_color mb-12\" style=\"\" data-anim-type=\"\" data-anim-delay=\"0\">Schutz der Daten Ihres Unternehmens<\/h3><\/div>[vc_column_text]Die \u00dcbermittlung finanzieller oder wirtschaftlicher Informationen zu Ihrem Unternehmen kann einen hohen Risikofaktor f\u00fcr die Entwicklung Ihres Unternehmens darstellen. Die Sicherheit dieser Informationen wird durch umfangreiche Umweltsanierungsma\u00dfnahmen gesch\u00fctzt. Caledonia kann die Art der Intervention der jeweiligen Situation anpassen, angefangen von manuellen Inspektionst\u00e4tigkeiten bis hin zur Verwendung technologisch fortschrittlicher Ger\u00e4te zur Erkennung von Abh\u00f6rger\u00e4ten (Audio und Video) oder professionellen Spionagesystemen.<\/p><p>Der spezialisierte Ansatz von Caledonia zielt darauf ab, die Sicherheit aller elektronischen Ger\u00e4te in Ihrem Unternehmen wie Computer, Telefone und andere digitale Speicherger\u00e4te zu gew\u00e4hrleisten, und kann in gro\u00dfem Umfang ganze Geb\u00e4ude sichern[\/vc_column_text][\/vc_column][\/vc_row][\/vc_section]<\/p><\/div>","protected":false},"excerpt":{"rendered":"[vc_section full_width=&#8220;stretch_row&#8220; content_placement=&#8220;middle&#8220; fade_in_opacity=&#8220;pix-opacity-4&#8243; pix_over_visibility=&#8220;&#8220; pix_overlay_color=&#8220;black&#8220; css=&#8220;.vc_custom_1616419628975{background-color: #ffffff !important;}&#8220; pix_overlay_opacity=&#8220;1&#8243; b_custom_height=&#8220;300px&#8220; fade_in_intro=&#8220;15148&#8243;][vc_row pix_particles_check=&#8220;&#8220; responsive_css=&#8220;{&#8222;pix_res_sm_pt&#8222;:&#8222;0px&#8222;,&#8222;pix_res_md_pt&#8222;:&#8222;0px&#8222;}&#8220; css=&#8220;.vc_custom_1612278926249{padding-top: 150px !important;padding-bottom: 70px !important;}&#8220;][vc_column css=&#8220;.vc_custom_1611481106197{padding-top: 20px !important;padding-bottom: 20px !important;}&#8220;][\/vc_column][\/vc_row][\/vc_section][vc_section full_width=&#8220;stretch_row&#8220; pix_over_visibility=&#8220;&#8220; css=&#8220;.vc_custom_1611481625985{background-color: #f8f9fa !important;}&#8220; fade_in_intro=&#8220;14052&#8243;][vc_row full_width=&#8220;stretch_row&#8220; gap=&#8220;35&#8243; content_placement=&#8220;top&#8220; pix_particles_check=&#8220;&#8220; css=&#8220;.vc_custom_1611481444397{padding-top: 70px !important;padding-bottom: 75px !important;}&#8220;][vc_column width=&#8220;1\/2&#8243;][vc_column_text]M\u00f6chten&#8230;","protected":false},"author":1,"featured_media":0,"parent":0,"menu_order":0,"comment_status":"closed","ping_status":"closed","template":"","meta":{"inline_featured_image":false,"_monsterinsights_skip_tracking":false,"_monsterinsights_sitenote_active":false,"_monsterinsights_sitenote_note":"","_monsterinsights_sitenote_category":0,"footnotes":""},"class_list":["post-16173","page","type-page","status-publish","hentry"],"yoast_head":"<!-- This site is optimized with the Yoast SEO plugin v26.8 - https:\/\/yoast.com\/product\/yoast-seo-wordpress\/ -->\n<title>Caledonia Spa, Umweltsanierung Schutz der Privatsph\u00e4re durch Technologie<\/title>\n<meta name=\"description\" content=\"Umweltsanierung erkennt das Vorhandensein von Abfangsystemen wie Wanzen oder Spionagesystemen, um die Sicherheit zu gew\u00e4hrleisten.\" \/>\n<meta name=\"robots\" content=\"index, follow, max-snippet:-1, max-image-preview:large, max-video-preview:-1\" \/>\n<link rel=\"canonical\" href=\"https:\/\/www.caledoniasagl.ch\/de\/umweltsanierung\/\" \/>\n<meta property=\"og:locale\" content=\"de_DE\" \/>\n<meta property=\"og:type\" content=\"article\" \/>\n<meta property=\"og:title\" content=\"Caledonia Spa, Umweltsanierung Schutz der Privatsph\u00e4re durch Technologie\" \/>\n<meta property=\"og:description\" content=\"Umweltsanierung erkennt das Vorhandensein von Abfangsystemen wie Wanzen oder Spionagesystemen, um die Sicherheit zu gew\u00e4hrleisten.\" \/>\n<meta property=\"og:url\" content=\"https:\/\/www.caledoniasagl.ch\/de\/umweltsanierung\/\" \/>\n<meta property=\"og:site_name\" content=\"Caledonia Switzerland Sagl\" \/>\n<meta property=\"article:modified_time\" content=\"2021-04-19T12:23:34+00:00\" \/>\n<meta name=\"twitter:card\" content=\"summary_large_image\" \/>\n<meta name=\"twitter:label1\" content=\"Gesch\u00e4tzte Lesezeit\" \/>\n\t<meta name=\"twitter:data1\" content=\"2\u00a0Minuten\" \/>\n<script type=\"application\/ld+json\" class=\"yoast-schema-graph\">{\"@context\":\"https:\/\/schema.org\",\"@graph\":[{\"@type\":\"WebPage\",\"@id\":\"https:\/\/www.caledoniasagl.ch\/de\/umweltsanierung\/\",\"url\":\"https:\/\/www.caledoniasagl.ch\/de\/umweltsanierung\/\",\"name\":\"Caledonia Spa, Umweltsanierung Schutz der Privatsph\u00e4re durch Technologie\",\"isPartOf\":{\"@id\":\"https:\/\/www.caledoniasagl.ch\/de\/#website\"},\"datePublished\":\"2021-01-11T15:53:35+00:00\",\"dateModified\":\"2021-04-19T12:23:34+00:00\",\"description\":\"Umweltsanierung erkennt das Vorhandensein von Abfangsystemen wie Wanzen oder Spionagesystemen, um die Sicherheit zu gew\u00e4hrleisten.\",\"inLanguage\":\"de\",\"potentialAction\":[{\"@type\":\"ReadAction\",\"target\":[\"https:\/\/www.caledoniasagl.ch\/de\/umweltsanierung\/\"]}]},{\"@type\":\"WebSite\",\"@id\":\"https:\/\/www.caledoniasagl.ch\/de\/#website\",\"url\":\"https:\/\/www.caledoniasagl.ch\/de\/\",\"name\":\"Caledonia Switzerland Sagl\",\"description\":\"Protect Your Interests\",\"publisher\":{\"@id\":\"https:\/\/www.caledoniasagl.ch\/de\/#organization\"},\"potentialAction\":[{\"@type\":\"SearchAction\",\"target\":{\"@type\":\"EntryPoint\",\"urlTemplate\":\"https:\/\/www.caledoniasagl.ch\/de\/?s={search_term_string}\"},\"query-input\":{\"@type\":\"PropertyValueSpecification\",\"valueRequired\":true,\"valueName\":\"search_term_string\"}}],\"inLanguage\":\"de\"},{\"@type\":\"Organization\",\"@id\":\"https:\/\/www.caledoniasagl.ch\/de\/#organization\",\"name\":\"Caledonia Switzerland Sagl\",\"url\":\"https:\/\/www.caledoniasagl.ch\/de\/\",\"logo\":{\"@type\":\"ImageObject\",\"inLanguage\":\"de\",\"@id\":\"https:\/\/www.caledoniasagl.ch\/de\/#\/schema\/logo\/image\/\",\"url\":\"https:\/\/www.caledoniasagl.ch\/wp-content\/uploads\/logo.svg\",\"contentUrl\":\"https:\/\/www.caledoniasagl.ch\/wp-content\/uploads\/logo.svg\",\"caption\":\"Caledonia Switzerland Sagl\"},\"image\":{\"@id\":\"https:\/\/www.caledoniasagl.ch\/de\/#\/schema\/logo\/image\/\"},\"sameAs\":[\"https:\/\/it.linkedin.com\/company\/caledonia-s-p-a\"]}]}<\/script>\n<!-- \/ Yoast SEO plugin. -->","yoast_head_json":{"title":"Caledonia Spa, Umweltsanierung Schutz der Privatsph\u00e4re durch Technologie","description":"Umweltsanierung erkennt das Vorhandensein von Abfangsystemen wie Wanzen oder Spionagesystemen, um die Sicherheit zu gew\u00e4hrleisten.","robots":{"index":"index","follow":"follow","max-snippet":"max-snippet:-1","max-image-preview":"max-image-preview:large","max-video-preview":"max-video-preview:-1"},"canonical":"https:\/\/www.caledoniasagl.ch\/de\/umweltsanierung\/","og_locale":"de_DE","og_type":"article","og_title":"Caledonia Spa, Umweltsanierung Schutz der Privatsph\u00e4re durch Technologie","og_description":"Umweltsanierung erkennt das Vorhandensein von Abfangsystemen wie Wanzen oder Spionagesystemen, um die Sicherheit zu gew\u00e4hrleisten.","og_url":"https:\/\/www.caledoniasagl.ch\/de\/umweltsanierung\/","og_site_name":"Caledonia Switzerland Sagl","article_modified_time":"2021-04-19T12:23:34+00:00","twitter_card":"summary_large_image","twitter_misc":{"Gesch\u00e4tzte Lesezeit":"2\u00a0Minuten"},"schema":{"@context":"https:\/\/schema.org","@graph":[{"@type":"WebPage","@id":"https:\/\/www.caledoniasagl.ch\/de\/umweltsanierung\/","url":"https:\/\/www.caledoniasagl.ch\/de\/umweltsanierung\/","name":"Caledonia Spa, Umweltsanierung Schutz der Privatsph\u00e4re durch Technologie","isPartOf":{"@id":"https:\/\/www.caledoniasagl.ch\/de\/#website"},"datePublished":"2021-01-11T15:53:35+00:00","dateModified":"2021-04-19T12:23:34+00:00","description":"Umweltsanierung erkennt das Vorhandensein von Abfangsystemen wie Wanzen oder Spionagesystemen, um die Sicherheit zu gew\u00e4hrleisten.","inLanguage":"de","potentialAction":[{"@type":"ReadAction","target":["https:\/\/www.caledoniasagl.ch\/de\/umweltsanierung\/"]}]},{"@type":"WebSite","@id":"https:\/\/www.caledoniasagl.ch\/de\/#website","url":"https:\/\/www.caledoniasagl.ch\/de\/","name":"Caledonia Switzerland Sagl","description":"Protect Your Interests","publisher":{"@id":"https:\/\/www.caledoniasagl.ch\/de\/#organization"},"potentialAction":[{"@type":"SearchAction","target":{"@type":"EntryPoint","urlTemplate":"https:\/\/www.caledoniasagl.ch\/de\/?s={search_term_string}"},"query-input":{"@type":"PropertyValueSpecification","valueRequired":true,"valueName":"search_term_string"}}],"inLanguage":"de"},{"@type":"Organization","@id":"https:\/\/www.caledoniasagl.ch\/de\/#organization","name":"Caledonia Switzerland Sagl","url":"https:\/\/www.caledoniasagl.ch\/de\/","logo":{"@type":"ImageObject","inLanguage":"de","@id":"https:\/\/www.caledoniasagl.ch\/de\/#\/schema\/logo\/image\/","url":"https:\/\/www.caledoniasagl.ch\/wp-content\/uploads\/logo.svg","contentUrl":"https:\/\/www.caledoniasagl.ch\/wp-content\/uploads\/logo.svg","caption":"Caledonia Switzerland Sagl"},"image":{"@id":"https:\/\/www.caledoniasagl.ch\/de\/#\/schema\/logo\/image\/"},"sameAs":["https:\/\/it.linkedin.com\/company\/caledonia-s-p-a"]}]}},"_links":{"self":[{"href":"https:\/\/www.caledoniasagl.ch\/de\/wp-json\/wp\/v2\/pages\/16173","targetHints":{"allow":["GET"]}}],"collection":[{"href":"https:\/\/www.caledoniasagl.ch\/de\/wp-json\/wp\/v2\/pages"}],"about":[{"href":"https:\/\/www.caledoniasagl.ch\/de\/wp-json\/wp\/v2\/types\/page"}],"author":[{"embeddable":true,"href":"https:\/\/www.caledoniasagl.ch\/de\/wp-json\/wp\/v2\/users\/1"}],"replies":[{"embeddable":true,"href":"https:\/\/www.caledoniasagl.ch\/de\/wp-json\/wp\/v2\/comments?post=16173"}],"version-history":[{"count":4,"href":"https:\/\/www.caledoniasagl.ch\/de\/wp-json\/wp\/v2\/pages\/16173\/revisions"}],"predecessor-version":[{"id":16178,"href":"https:\/\/www.caledoniasagl.ch\/de\/wp-json\/wp\/v2\/pages\/16173\/revisions\/16178"}],"wp:attachment":[{"href":"https:\/\/www.caledoniasagl.ch\/de\/wp-json\/wp\/v2\/media?parent=16173"}],"curies":[{"name":"wp","href":"https:\/\/api.w.org\/{rel}","templated":true}]}}