{"id":16179,"date":"2021-01-11T16:48:43","date_gmt":"2021-01-11T15:48:43","guid":{"rendered":"https:\/\/www.caledoniasagl.ch\/indagini-informatiche\/"},"modified":"2021-04-19T14:22:24","modified_gmt":"2021-04-19T12:22:24","slug":"digitale-forensik","status":"publish","type":"page","link":"https:\/\/www.caledoniasagl.ch\/de\/digitale-forensik\/","title":{"rendered":"Digitale Forensik"},"content":{"rendered":"<div class=\"wpb-content-wrapper\"><p>[vc_section full_width=&#8220;stretch_row&#8220; content_placement=&#8220;middle&#8220; fade_in_opacity=&#8220;pix-opacity-6&#8243; pix_over_visibility=&#8220;&#8220; pix_overlay_color=&#8220;black&#8220; css=&#8220;.vc_custom_1616419302398{background-color: #ffffff !important;}&#8220; pix_overlay_opacity=&#8220;1&#8243; b_custom_height=&#8220;300px&#8220; fade_in_intro=&#8220;15501&#8243;][vc_row pix_particles_check=&#8220;&#8220; responsive_css=&#8220;{&#8222;pix_res_sm_pt&#8222;:&#8222;0px&#8222;,&#8222;pix_res_md_pt&#8222;:&#8222;0px&#8222;}&#8220; css=&#8220;.vc_custom_1612278963735{padding-top: 150px !important;padding-bottom: 70px !important;}&#8220;][vc_column css=&#8220;.vc_custom_1589595508057{padding-top: 20px !important;padding-bottom: 20px !important;}&#8220;]<div id=\"H1\" class=\"pix-heading-el text-left  vc_custom_1618834825495\"><div class=\"d-inline-block\" style=\"max-width:900px;\"><h1 class=\"text-white font-weight-bold h1 animate-in heading-text el-title_custom_color mb-12\" style=\"\" data-anim-type=\"fade-in\" data-anim-delay=\"200\">Digitale Forensik zum Schutz der Integrit\u00e4t digitaler Daten<\/h1><\/div><\/div><div class=\"pix-el-text w-100   vc_custom_1618834835473\" ><div class=\"d-inline-block\" style=\"max-width:900px;\"><p class=\"text-24  text-white  \" ><span class=\"text-white animate-in d-inline-block\" data-anim-delay=\"400\" data-anim-type=\"fade-in-up\">Informatische Untersuchungen werden in der digitalen Forensik durchgef\u00fchrt, um digitale Daten zu identifizieren und zu extrahieren, die als Beweismittel in verschiedenen Untersuchungsbereichen verwendet werden k\u00f6nnen.<\/span><\/p><\/div><\/div><a  href=\"https:\/\/www.caledoniasagl.ch\/de\/kontakte\/\" class=\"btn mb-2    vc_custom_1618834845139  shadow-sm shadow-hover-sm text-primary btn-white d-inline-flex align-items-center pix-hover-item       btn-md\"     ><span class=\"font-weight-bold \" >Kontaktieren Sie uns<\/span><svg class=\"pixfort-icon font-weight-bold  pix-hover-right  ml-2\" width=\"24\" height=\"24\"  data-name=\"Line\/pixfort-icon-arrow-right-2\" viewBox=\"2 2 20 20\"><polyline fill=\"none\" stroke=\"var(--pf-icon-color)\" stroke-linecap=\"round\" stroke-linejoin=\"round\" stroke-width=\"var(--pf-icon-stroke-width)\" points=\"9.5 17 14.5 12 9.5 7\"\/><\/svg><\/a>[\/vc_column][\/vc_row][\/vc_section][vc_section full_width=&#8220;stretch_row&#8220; pix_over_visibility=&#8220;&#8220; css=&#8220;.vc_custom_1611481603006{background-color: #f8f9fa !important;}&#8220; fade_in_intro=&#8220;14052&#8243;][vc_row full_width=&#8220;stretch_row&#8220; gap=&#8220;35&#8243; content_placement=&#8220;top&#8220; pix_particles_check=&#8220;&#8220; css=&#8220;.vc_custom_1611481441178{padding-top: 70px !important;padding-bottom: 75px !important;}&#8220;][vc_column width=&#8220;1\/2&#8243;][vc_column_text]<\/p><h2><strong>Ihre Daten sind ein Verm\u00f6genswert. Wie k\u00f6nnen Sie sie sch\u00fctzen?<\/strong><\/h2><p>[\/vc_column_text][vc_separator color=&#8220;custom&#8220; border_width=&#8220;3&#8243; accent_color=&#8220;#3dc4f2&#8243;][\/vc_column][vc_column width=&#8220;1\/2&#8243;][vc_column_text]<\/p><p><strong>Mit der zunehmenden Entwicklung neuer Technologien hat Caledonia eine technisch- recherchierende T\u00e4tigkeit strukturiert, die die anderen Unternehmensmethoden erg\u00e4nzt und begleitet, um maximale Sicherheit Ihrer Datenbest\u00e4nde im privaten und gesch\u00e4ftlichen Bereich zu gew\u00e4hrleisten.<\/strong><br \/><strong>Caledonia hat sein Know-how in diese Disziplin eingebracht und eine wissenschaftliche Methodik entwickelt, die internationalen Verfahren im Bereich der digitalen Forensik entspricht.<\/strong><\/p><p>[\/vc_column_text][\/vc_column][\/vc_row][\/vc_section][vc_section full_width=&#8220;stretch_row&#8220; pix_over_visibility=&#8220;&#8220; css=&#8220;.vc_custom_1611481994550{padding-bottom: 100px !important;background-color: #ffffff !important;}&#8220;][vc_row full_width=&#8220;stretch_row&#8220; gap=&#8220;35&#8243; content_placement=&#8220;top&#8220; pix_particles_check=&#8220;&#8220; css=&#8220;.vc_custom_1611481818931{padding-top: 80px !important;padding-bottom: 35px !important;}&#8220;][vc_column width=&#8220;1\/6&#8243; content_align=&#8220;text-center&#8220;]<div id=\"duo-icon-182115921\" class=\"pix-icon text-left  vc_custom_1611844499188\"><div class=\"pix-icon-bg rounded-circle feature_img position-relative d-inline-flex align-items-center justify-content-center bg-secondary shadow-sm\"   style=\" width:153px;height:153px;position:relative;line-height:153px;text-align:center;\"><span style=\"font-size:85px;line-height:85px;\" class=\"text-white d-inline-flex align-middle\"><svg class=\"pixfort-icon \" width=\"85\" height=\"85\"  data-name=\"Line\/pixfort-icon-database-search-1\" viewBox=\"2 2 20 20\"><path fill=\"none\" stroke=\"var(--pf-icon-color)\" stroke-linecap=\"round\" stroke-linejoin=\"round\" stroke-width=\"var(--pf-icon-stroke-width)\" d=\"M10,7 C13.8235098,7 17,6.1045695 17,5 C17,3.8954305 13.8235098,3 10,3 C6.17649019,3 3,3.8954305 3,5 C3,6.1045695 6.17649019,7 10,7 Z M3,19 C3,20.1045695 6.17649019,21 10,21 C10.706628,21 11.3911569,20.9694164 12.03762,20.9125811 M3,14.25 C3,15.3545695 6.17649019,16.25 10,16.25 C10.3324296,16.25 10.6599683,16.2432313 10.9809537,16.2301449 M3,9.75 C3,10.8545695 6.17649019,11.75 10,11.75 C13.8235098,11.75 17,10.8545695 17,9.75 M3,19 L3,5 M17,11 L17,5 M17.1111111,20.2222222 C18.8293303,20.2222222 20.2222222,18.8293303 20.2222222,17.1111111 C20.2222222,15.3928919 18.8293303,14 17.1111111,14 C15.3928919,14 14,15.3928919 14,17.1111111 C14,18.8293303 15.3928919,20.2222222 17.1111111,20.2222222 Z M19.312803,19.3129462 L21,21\"\/><\/svg><\/span><\/div><\/div>[\/vc_column][vc_column width=&#8220;5\/6&#8243; css=&#8220;.vc_custom_1611338263811{padding-left: 50px !important;}&#8220;]<div id=\"H2\" class=\"pix-heading-el text-left  vc_custom_1618834879890\"><h2 class=\"text-primary font-weight-bold h2 heading-text el-title_custom_color mb-12\" style=\"\" data-anim-type=\"\" data-anim-delay=\"0\">Digitale Forensik<\/h2><\/div><div id=\"H3\" class=\"pix-heading-el text-left  vc_custom_1618834887168\"><h3 class=\"text-secondary font-weight-bold h3 heading-text el-title_custom_color mb-12\" style=\"\" data-anim-type=\"\" data-anim-delay=\"0\">Digitale Daten sind ein Verm\u00f6genswert des Unternehmens<\/h3><\/div>[vc_column_text]Die Digitale Forensik, die internationalen Verfahren entspricht, ist eine ausgefeilte wissenschaftliche Methode zur Identifizierung, Erfassung, Verwaltung, Analyse und Interpretation digitaler Spuren in Dokumenten oder elektronischen Ger\u00e4ten, die als digitale Beweise oder Beweise im Rahmen von Ermittlungst\u00e4tigkeiten verwendet werden k\u00f6nnen.<\/p><p>Caledonia beginnt mit der Identifizierung potenzieller Informationscontainer und garantiert dann mit einem delikaten Verfahren die Erfassung und Extraktion digitaler Daten, um deren Integrit\u00e4t zu gew\u00e4hrleisten. Anschlie\u00dfend fahren wir mit einer eingehenden Analyse und Interpretation jeder gefundenen digitalen Spur fort.<\/p><p>Die IT-Experten von Caledonia verarbeiten Daten von verschiedenen Ger\u00e4ten wie PCs, Servern, Mobiltelefonen, Smartphones, Satellitennavigatoren, Netzwerkverkehr, Protokolldateien und Daten in der Cloud und f\u00fchren eine sorgf\u00e4ltigen Erfassung und Interpretation dieses Patrimoniums durch, um dessen Integrit\u00e4t zu gew\u00e4hrleisten.[\/vc_column_text][\/vc_column][\/vc_row][\/vc_section]<\/p><\/div>","protected":false},"excerpt":{"rendered":"[vc_section full_width=&#8220;stretch_row&#8220; content_placement=&#8220;middle&#8220; fade_in_opacity=&#8220;pix-opacity-6&#8243; pix_over_visibility=&#8220;&#8220; pix_overlay_color=&#8220;black&#8220; css=&#8220;.vc_custom_1616419302398{background-color: #ffffff !important;}&#8220; pix_overlay_opacity=&#8220;1&#8243; b_custom_height=&#8220;300px&#8220; fade_in_intro=&#8220;15501&#8243;][vc_row pix_particles_check=&#8220;&#8220; responsive_css=&#8220;{&#8222;pix_res_sm_pt&#8222;:&#8222;0px&#8222;,&#8222;pix_res_md_pt&#8222;:&#8222;0px&#8222;}&#8220; css=&#8220;.vc_custom_1612278963735{padding-top: 150px !important;padding-bottom: 70px !important;}&#8220;][vc_column css=&#8220;.vc_custom_1589595508057{padding-top: 20px !important;padding-bottom: 20px !important;}&#8220;][\/vc_column][\/vc_row][\/vc_section][vc_section full_width=&#8220;stretch_row&#8220; pix_over_visibility=&#8220;&#8220; css=&#8220;.vc_custom_1611481603006{background-color: #f8f9fa !important;}&#8220; fade_in_intro=&#8220;14052&#8243;][vc_row full_width=&#8220;stretch_row&#8220; gap=&#8220;35&#8243; content_placement=&#8220;top&#8220; pix_particles_check=&#8220;&#8220; css=&#8220;.vc_custom_1611481441178{padding-top: 70px !important;padding-bottom: 75px !important;}&#8220;][vc_column width=&#8220;1\/2&#8243;][vc_column_text]Ihre&#8230;","protected":false},"author":1,"featured_media":0,"parent":0,"menu_order":0,"comment_status":"closed","ping_status":"closed","template":"","meta":{"inline_featured_image":false,"_monsterinsights_skip_tracking":false,"_monsterinsights_sitenote_active":false,"_monsterinsights_sitenote_note":"","_monsterinsights_sitenote_category":0,"footnotes":""},"class_list":["post-16179","page","type-page","status-publish","hentry"],"yoast_head":"<!-- This site is optimized with the Yoast SEO plugin v26.8 - https:\/\/yoast.com\/product\/yoast-seo-wordpress\/ -->\n<title>Caledonia Spa, Digitale Forensik zum Schutz der Integrit\u00e4t digitaler Daten<\/title>\n<meta name=\"description\" content=\"Computeruntersuchungen im Rahmen der digitalen Forensik zur Identifizierung und Extraktion digitaler Daten.\" \/>\n<meta name=\"robots\" content=\"index, follow, max-snippet:-1, max-image-preview:large, max-video-preview:-1\" \/>\n<link rel=\"canonical\" href=\"https:\/\/www.caledoniasagl.ch\/de\/digitale-forensik\/\" \/>\n<meta property=\"og:locale\" content=\"de_DE\" \/>\n<meta property=\"og:type\" content=\"article\" \/>\n<meta property=\"og:title\" content=\"Caledonia Spa, Digitale Forensik zum Schutz der Integrit\u00e4t digitaler Daten\" \/>\n<meta property=\"og:description\" content=\"Computeruntersuchungen im Rahmen der digitalen Forensik zur Identifizierung und Extraktion digitaler Daten.\" \/>\n<meta property=\"og:url\" content=\"https:\/\/www.caledoniasagl.ch\/de\/digitale-forensik\/\" \/>\n<meta property=\"og:site_name\" content=\"Caledonia Switzerland Sagl\" \/>\n<meta property=\"article:modified_time\" content=\"2021-04-19T12:22:24+00:00\" \/>\n<meta name=\"twitter:card\" content=\"summary_large_image\" \/>\n<meta name=\"twitter:label1\" content=\"Gesch\u00e4tzte Lesezeit\" \/>\n\t<meta name=\"twitter:data1\" content=\"2\u00a0Minuten\" \/>\n<script type=\"application\/ld+json\" class=\"yoast-schema-graph\">{\"@context\":\"https:\/\/schema.org\",\"@graph\":[{\"@type\":\"WebPage\",\"@id\":\"https:\/\/www.caledoniasagl.ch\/de\/digitale-forensik\/\",\"url\":\"https:\/\/www.caledoniasagl.ch\/de\/digitale-forensik\/\",\"name\":\"Caledonia Spa, Digitale Forensik zum Schutz der Integrit\u00e4t digitaler Daten\",\"isPartOf\":{\"@id\":\"https:\/\/www.caledoniasagl.ch\/de\/#website\"},\"datePublished\":\"2021-01-11T15:48:43+00:00\",\"dateModified\":\"2021-04-19T12:22:24+00:00\",\"description\":\"Computeruntersuchungen im Rahmen der digitalen Forensik zur Identifizierung und Extraktion digitaler Daten.\",\"inLanguage\":\"de\",\"potentialAction\":[{\"@type\":\"ReadAction\",\"target\":[\"https:\/\/www.caledoniasagl.ch\/de\/digitale-forensik\/\"]}]},{\"@type\":\"WebSite\",\"@id\":\"https:\/\/www.caledoniasagl.ch\/de\/#website\",\"url\":\"https:\/\/www.caledoniasagl.ch\/de\/\",\"name\":\"Caledonia Switzerland Sagl\",\"description\":\"Protect Your Interests\",\"publisher\":{\"@id\":\"https:\/\/www.caledoniasagl.ch\/de\/#organization\"},\"potentialAction\":[{\"@type\":\"SearchAction\",\"target\":{\"@type\":\"EntryPoint\",\"urlTemplate\":\"https:\/\/www.caledoniasagl.ch\/de\/?s={search_term_string}\"},\"query-input\":{\"@type\":\"PropertyValueSpecification\",\"valueRequired\":true,\"valueName\":\"search_term_string\"}}],\"inLanguage\":\"de\"},{\"@type\":\"Organization\",\"@id\":\"https:\/\/www.caledoniasagl.ch\/de\/#organization\",\"name\":\"Caledonia Switzerland Sagl\",\"url\":\"https:\/\/www.caledoniasagl.ch\/de\/\",\"logo\":{\"@type\":\"ImageObject\",\"inLanguage\":\"de\",\"@id\":\"https:\/\/www.caledoniasagl.ch\/de\/#\/schema\/logo\/image\/\",\"url\":\"https:\/\/www.caledoniasagl.ch\/wp-content\/uploads\/logo.svg\",\"contentUrl\":\"https:\/\/www.caledoniasagl.ch\/wp-content\/uploads\/logo.svg\",\"caption\":\"Caledonia Switzerland Sagl\"},\"image\":{\"@id\":\"https:\/\/www.caledoniasagl.ch\/de\/#\/schema\/logo\/image\/\"},\"sameAs\":[\"https:\/\/it.linkedin.com\/company\/caledonia-s-p-a\"]}]}<\/script>\n<!-- \/ Yoast SEO plugin. -->","yoast_head_json":{"title":"Caledonia Spa, Digitale Forensik zum Schutz der Integrit\u00e4t digitaler Daten","description":"Computeruntersuchungen im Rahmen der digitalen Forensik zur Identifizierung und Extraktion digitaler Daten.","robots":{"index":"index","follow":"follow","max-snippet":"max-snippet:-1","max-image-preview":"max-image-preview:large","max-video-preview":"max-video-preview:-1"},"canonical":"https:\/\/www.caledoniasagl.ch\/de\/digitale-forensik\/","og_locale":"de_DE","og_type":"article","og_title":"Caledonia Spa, Digitale Forensik zum Schutz der Integrit\u00e4t digitaler Daten","og_description":"Computeruntersuchungen im Rahmen der digitalen Forensik zur Identifizierung und Extraktion digitaler Daten.","og_url":"https:\/\/www.caledoniasagl.ch\/de\/digitale-forensik\/","og_site_name":"Caledonia Switzerland Sagl","article_modified_time":"2021-04-19T12:22:24+00:00","twitter_card":"summary_large_image","twitter_misc":{"Gesch\u00e4tzte Lesezeit":"2\u00a0Minuten"},"schema":{"@context":"https:\/\/schema.org","@graph":[{"@type":"WebPage","@id":"https:\/\/www.caledoniasagl.ch\/de\/digitale-forensik\/","url":"https:\/\/www.caledoniasagl.ch\/de\/digitale-forensik\/","name":"Caledonia Spa, Digitale Forensik zum Schutz der Integrit\u00e4t digitaler Daten","isPartOf":{"@id":"https:\/\/www.caledoniasagl.ch\/de\/#website"},"datePublished":"2021-01-11T15:48:43+00:00","dateModified":"2021-04-19T12:22:24+00:00","description":"Computeruntersuchungen im Rahmen der digitalen Forensik zur Identifizierung und Extraktion digitaler Daten.","inLanguage":"de","potentialAction":[{"@type":"ReadAction","target":["https:\/\/www.caledoniasagl.ch\/de\/digitale-forensik\/"]}]},{"@type":"WebSite","@id":"https:\/\/www.caledoniasagl.ch\/de\/#website","url":"https:\/\/www.caledoniasagl.ch\/de\/","name":"Caledonia Switzerland Sagl","description":"Protect Your Interests","publisher":{"@id":"https:\/\/www.caledoniasagl.ch\/de\/#organization"},"potentialAction":[{"@type":"SearchAction","target":{"@type":"EntryPoint","urlTemplate":"https:\/\/www.caledoniasagl.ch\/de\/?s={search_term_string}"},"query-input":{"@type":"PropertyValueSpecification","valueRequired":true,"valueName":"search_term_string"}}],"inLanguage":"de"},{"@type":"Organization","@id":"https:\/\/www.caledoniasagl.ch\/de\/#organization","name":"Caledonia Switzerland Sagl","url":"https:\/\/www.caledoniasagl.ch\/de\/","logo":{"@type":"ImageObject","inLanguage":"de","@id":"https:\/\/www.caledoniasagl.ch\/de\/#\/schema\/logo\/image\/","url":"https:\/\/www.caledoniasagl.ch\/wp-content\/uploads\/logo.svg","contentUrl":"https:\/\/www.caledoniasagl.ch\/wp-content\/uploads\/logo.svg","caption":"Caledonia Switzerland Sagl"},"image":{"@id":"https:\/\/www.caledoniasagl.ch\/de\/#\/schema\/logo\/image\/"},"sameAs":["https:\/\/it.linkedin.com\/company\/caledonia-s-p-a"]}]}},"_links":{"self":[{"href":"https:\/\/www.caledoniasagl.ch\/de\/wp-json\/wp\/v2\/pages\/16179","targetHints":{"allow":["GET"]}}],"collection":[{"href":"https:\/\/www.caledoniasagl.ch\/de\/wp-json\/wp\/v2\/pages"}],"about":[{"href":"https:\/\/www.caledoniasagl.ch\/de\/wp-json\/wp\/v2\/types\/page"}],"author":[{"embeddable":true,"href":"https:\/\/www.caledoniasagl.ch\/de\/wp-json\/wp\/v2\/users\/1"}],"replies":[{"embeddable":true,"href":"https:\/\/www.caledoniasagl.ch\/de\/wp-json\/wp\/v2\/comments?post=16179"}],"version-history":[{"count":2,"href":"https:\/\/www.caledoniasagl.ch\/de\/wp-json\/wp\/v2\/pages\/16179\/revisions"}],"predecessor-version":[{"id":16182,"href":"https:\/\/www.caledoniasagl.ch\/de\/wp-json\/wp\/v2\/pages\/16179\/revisions\/16182"}],"wp:attachment":[{"href":"https:\/\/www.caledoniasagl.ch\/de\/wp-json\/wp\/v2\/media?parent=16179"}],"curies":[{"name":"wp","href":"https:\/\/api.w.org\/{rel}","templated":true}]}}