{"id":16183,"date":"2021-01-24T11:48:17","date_gmt":"2021-01-24T10:48:17","guid":{"rendered":"https:\/\/www.caledoniasagl.ch\/indagini-in-ambito-privato\/"},"modified":"2021-04-19T14:28:40","modified_gmt":"2021-04-19T12:28:40","slug":"untersuchungen-im-privatbereich","status":"publish","type":"page","link":"https:\/\/www.caledoniasagl.ch\/de\/ermittlungen\/untersuchungen-im-privatbereich\/","title":{"rendered":"Untersuchungen im Privatbereich"},"content":{"rendered":"<div class=\"wpb-content-wrapper\"><p>[vc_section full_width=&#8220;stretch_row&#8220; content_placement=&#8220;middle&#8220; fade_in_opacity=&#8220;pix-opacity-5&#8243; pix_over_visibility=&#8220;&#8220; pix_overlay_color=&#8220;black&#8220; css=&#8220;.vc_custom_1616515695993{background-color: #ffffff !important;}&#8220; pix_overlay_opacity=&#8220;1&#8243; b_custom_height=&#8220;300px&#8220; fade_in_intro=&#8220;15577&#8243;][vc_row pix_particles_check=&#8220;&#8220; responsive_css=&#8220;{&#8222;pix_res_sm_pt&#8222;:&#8222;0px&#8222;,&#8222;pix_res_md_pt&#8222;:&#8222;0px&#8222;}&#8220; css=&#8220;.vc_custom_1612279322624{padding-top: 150px !important;padding-bottom: 70px !important;}&#8220;][vc_column css=&#8220;.vc_custom_1611481106197{padding-top: 20px !important;padding-bottom: 20px !important;}&#8220;]<div id=\"H1\" class=\"pix-heading-el text-left  vc_custom_1618835108553\"><div class=\"d-inline-block\" style=\"max-width:900px;\"><h1 class=\"text-white font-weight-bold h1 animate-in heading-text el-title_custom_color mb-12\" style=\"\" data-anim-type=\"fade-in\" data-anim-delay=\"200\">Untersuchungen im Privatbereich, der Schutz der Person an erster Stelle<\/h1><\/div><\/div><div class=\"pix-el-text w-100   vc_custom_1618835117482\" ><div class=\"d-inline-block\" style=\"max-width:900px;\"><p class=\"text-24  text-white  \" ><span class=\"text-white animate-in d-inline-block\" data-anim-delay=\"400\" data-anim-type=\"fade-in-up\">Caledonia handelt mit Professionalit\u00e4t und Respekt f\u00fcr den privaten Bereich der Intervention, um die Rechte der Person in Bezug auf ihre Sicherheit, Integrit\u00e4t und Gesundheit zu sch\u00fctzen.<\/span><\/p><\/div><\/div><a  href=\"https:\/\/www.caledoniasagl.ch\/de\/kontakte\/\" class=\"btn mb-2    vc_custom_1618835127766  shadow-sm shadow-hover-sm text-primary btn-white d-inline-flex align-items-center pix-hover-item       btn-md\"     ><span class=\"font-weight-bold \" >Kontaktieren Sie uns<\/span><svg class=\"pixfort-icon font-weight-bold  pix-hover-right  ml-2\" width=\"24\" height=\"24\"  data-name=\"Line\/pixfort-icon-arrow-right-2\" viewBox=\"2 2 20 20\"><polyline fill=\"none\" stroke=\"var(--pf-icon-color)\" stroke-linecap=\"round\" stroke-linejoin=\"round\" stroke-width=\"var(--pf-icon-stroke-width)\" points=\"9.5 17 14.5 12 9.5 7\"\/><\/svg><\/a>[\/vc_column][\/vc_row][\/vc_section][vc_section full_width=&#8220;stretch_row&#8220; pix_over_visibility=&#8220;&#8220; css=&#8220;.vc_custom_1611481625985{background-color: #f8f9fa !important;}&#8220; fade_in_intro=&#8220;14052&#8243;][vc_row full_width=&#8220;stretch_row&#8220; gap=&#8220;35&#8243; content_placement=&#8220;top&#8220; pix_particles_check=&#8220;&#8220; css=&#8220;.vc_custom_1611481444397{padding-top: 70px !important;padding-bottom: 75px !important;}&#8220;][vc_column width=&#8220;1\/2&#8243;][vc_column_text]<\/p><h2><strong>M\u00fcssen Sie vertraulich nachforschen, um Ihre Privatsph\u00e4re zu sch\u00fctzen?<\/strong><\/h2><p>[\/vc_column_text][vc_separator color=&#8220;custom&#8220; border_width=&#8220;3&#8243; accent_color=&#8220;#3dc4f2&#8243;][\/vc_column][vc_column width=&#8220;1\/2&#8243;][vc_column_text]<strong>Caledonia unterst\u00fctzt Sie bei allen heiklen Anforderungen in Bezug auf Ihre Privatsph\u00e4re und arbeitet mit Engagement und Professionalit\u00e4t, um Ihre Interessen zu sch\u00fctzen. Dank seiner soliden Erfahrung im relationalen Bereich versucht Caledonia, Ihre tats\u00e4chlichen Bed\u00fcrfnisse zu verstehen und zu analysieren, und zeigt in jeder Phase eine tiefgreifende F\u00e4higkeit zum aktiven, para- verbalen und nonverbalen Zuh\u00f6ren.<br \/>Caledonia f\u00fchrt diese Art von Ermittlungst\u00e4tigkeit unter maximaler Vertraulichkeit und Professionalit\u00e4t durch.<br \/>Untersuchungen im Privatbereich betreffen verschiedene Aspekte.<\/strong>[\/vc_column_text][\/vc_column][\/vc_row][\/vc_section][vc_section full_width=&#8220;stretch_row&#8220; pix_over_visibility=&#8220;&#8220; css=&#8220;.vc_custom_1611481992104{padding-bottom: 100px !important;background-color: #ffffff !important;}&#8220;][vc_row full_width=&#8220;stretch_row&#8220; gap=&#8220;35&#8243; content_placement=&#8220;top&#8220; pix_particles_check=&#8220;&#8220; css=&#8220;.vc_custom_1611481821667{padding-top: 80px !important;padding-bottom: 35px !important;}&#8220;][vc_column width=&#8220;1\/6&#8243; content_align=&#8220;text-center&#8220;]<div id=\"duo-icon-185760733\" class=\"pix-icon text-left  vc_custom_1611485480940\"><div class=\"pix-icon-bg rounded-circle feature_img position-relative d-inline-flex align-items-center justify-content-center bg-secondary shadow-sm\"   style=\" width:153px;height:153px;position:relative;line-height:153px;text-align:center;\"><span style=\"font-size:85px;line-height:85px;\" class=\"text-white d-inline-flex align-middle\"><svg class=\"pixfort-icon \" width=\"85\" height=\"85\"  data-name=\"Line\/pixfort-icon-users-1\" viewBox=\"2 2 20 20\"><path fill=\"none\" stroke=\"var(--pf-icon-color)\" stroke-linecap=\"round\" stroke-linejoin=\"round\" stroke-width=\"var(--pf-icon-stroke-width)\" d=\"M3,19 C4.06666667,16.3333333 6.2,15 9.4,15 C12.6,15 14.7333333,16.3333333 15.8,19 L3,19 Z M16.0990064,14.9791394 C17.9796639,14.9791394 19.9252878,16.5225533 21,19 L18.2912726,19 M9.5,12 C11.4329966,12 13,10.4329966 13,8.5 C13,6.56700338 11.4329966,5 9.5,5 C7.56700338,5 6,6.56700338 6,8.5 C6,10.4329966 7.56700338,12 9.5,12 Z M14.5486435,11.8691524 C14.851136,11.9543966 15.1702424,12 15.5,12 C17.4329966,12 19,10.4329966 19,8.5 C19,6.56700338 17.4329966,5 15.5,5 C15.1593015,5 14.8299728,5.04867972 14.5185899,5.13946314\"\/><\/svg><\/span><\/div><\/div>[\/vc_column][vc_column width=&#8220;5\/6&#8243; css=&#8220;.vc_custom_1611482334859{padding-left: 50px !important;}&#8220;]<div id=\"H2\" class=\"pix-heading-el text-left  vc_custom_1618835163608\"><h2 class=\"text-primary font-weight-bold h2 heading-text el-title_custom_color mb-12\" style=\"\" data-anim-type=\"\" data-anim-delay=\"0\">Eheliche Untreue<\/h2><\/div><div id=\"H3\" class=\"pix-heading-el text-left  vc_custom_1618835169258\"><h3 class=\"text-secondary font-weight-bold h3 heading-text el-title_custom_color mb-12\" style=\"\" data-anim-type=\"\" data-anim-delay=\"0\">Eine klare Definition Ihrer Ehebeziehung<\/h3><\/div>[vc_column_text]Diese Art von Ermittlungst\u00e4tigkeit zielt darauf ab, die m\u00f6gliche Untreue eines Ehepartners festzustellen, und kann Beweise liefern, die in Trennungsf\u00e4llen vor Gericht verwendet werden k\u00f6nnen.<br \/>Die Informationen k\u00f6nnen verwendet werden, um Erhaltungs- und Unterhaltsanforderungen zu definieren.[\/vc_column_text][\/vc_column][\/vc_row][vc_row pix_particles_check=&#8220;&#8220;][vc_column][vc_separator border_width=&#8220;2&#8243;][\/vc_column][\/vc_row][vc_row full_width=&#8220;stretch_row&#8220; gap=&#8220;35&#8243; content_placement=&#8220;top&#8220; pix_particles_check=&#8220;&#8220; css=&#8220;.vc_custom_1611482357951{padding-top: 35px !important;}&#8220;][vc_column width=&#8220;1\/6&#8243; content_align=&#8220;text-center&#8220; css=&#8220;.vc_custom_1608128772386{padding-right: 40px !important;padding-left: 20px !important;}&#8220;]<div id=\"duo-icon-1651739\" class=\"pix-icon text-left  vc_custom_1611485536089\"><div class=\"pix-icon-bg rounded-circle feature_img position-relative d-inline-flex align-items-center justify-content-center bg-secondary shadow-sm\"   style=\" width:153px;height:153px;position:relative;line-height:153px;text-align:center;\"><span style=\"font-size:85px;line-height:85px;\" class=\"text-white d-inline-flex align-middle\"><svg class=\"pixfort-icon \" width=\"85\" height=\"85\"  data-name=\"Line\/pixfort-icon-money-4\" viewBox=\"2 2 20 20\"><path fill=\"none\" stroke=\"var(--pf-icon-color)\" stroke-linecap=\"round\" stroke-linejoin=\"round\" stroke-width=\"var(--pf-icon-stroke-width)\" d=\"M5,6 L19,6 C20.1045695,6 21,6.8954305 21,8 L21,16 C21,17.1045695 20.1045695,18 19,18 L5,18 C3.8954305,18 3,17.1045695 3,16 L3,8 C3,6.8954305 3.8954305,6 5,6 Z M12,14 C13.1045695,14 14,13.1045695 14,12 C14,10.8954305 13.1045695,10 12,10 C10.8954305,10 10,10.8954305 10,12 C10,13.1045695 10.8954305,14 12,14 Z M17,12 L18,12 M7,12 L6,12 M13.5599964,18.0275389 L8.93782217,20.6961524 C7.98123693,21.2484372 6.75805612,20.9206869 6.20577137,19.9641016 L5.09718202,18.0439685 L5.09718202,18.0439685 M10.4210859,5.98338326 L15.0621778,3.30384758 C16.0187631,2.75156283 17.2419439,3.07931314 17.7942286,4.03589838 L18.9129617,5.97360092 L18.9129617,5.97360092\"\/><\/svg><\/span><\/div><\/div>[\/vc_column][vc_column width=&#8220;5\/6&#8243; css=&#8220;.vc_custom_1611482364948{padding-left: 50px !important;}&#8220;]<div id=\"H2\" class=\"pix-heading-el text-left  vc_custom_1618835189742\"><h2 class=\"text-primary font-weight-bold h2 heading-text el-title_custom_color mb-12\" style=\"\" data-anim-type=\"\" data-anim-delay=\"0\">Verm\u00f6gensuntersuchungen<\/h2><\/div><div id=\"H3\" class=\"pix-heading-el text-left  vc_custom_1618835197238\"><h3 class=\"text-secondary font-weight-bold h3 heading-text el-title_custom_color mb-12\" style=\"\" data-anim-type=\"\" data-anim-delay=\"0\">Skizzieren eines Personenprofils<\/h3><\/div>[vc_column_text]Bei Vorliegen einer vorehelichen Rechtsvereinbarung dienen diese Untersuchungen dazu, das wirtschaftliche und Reputationsprofil der Person zu definieren, mit der Sie eine eheliche Bindung eingehen m\u00f6chten, um Ihr Verm\u00f6gen zu sch\u00fctzen.[\/vc_column_text][\/vc_column][\/vc_row][vc_row pix_particles_check=&#8220;&#8220;][vc_column][vc_separator border_width=&#8220;2&#8243;][\/vc_column][\/vc_row][vc_row full_width=&#8220;stretch_row&#8220; gap=&#8220;35&#8243; content_placement=&#8220;top&#8220; pix_particles_check=&#8220;&#8220; css=&#8220;.vc_custom_1611482357951{padding-top: 35px !important;}&#8220;][vc_column width=&#8220;1\/6&#8243; content_align=&#8220;text-center&#8220; css=&#8220;.vc_custom_1608128772386{padding-right: 40px !important;padding-left: 20px !important;}&#8220;]<div id=\"duo-icon-198879796\" class=\"pix-icon text-left  vc_custom_1611498720104\"><div class=\"pix-icon-bg rounded-circle feature_img position-relative d-inline-flex align-items-center justify-content-center bg-secondary shadow-sm\"   style=\" width:153px;height:153px;position:relative;line-height:153px;text-align:center;\"><span style=\"font-size:85px;line-height:85px;\" class=\"text-white d-inline-flex align-middle\"><svg class=\"pixfort-icon \" width=\"85\" height=\"85\"  data-name=\"Line\/pixfort-icon-mobile-phone-chat-1\" viewBox=\"2 2 20 20\"><path fill=\"none\" stroke=\"var(--pf-icon-color)\" stroke-linecap=\"round\" stroke-linejoin=\"round\" stroke-width=\"var(--pf-icon-stroke-width)\" d=\"M13,16.1001256 L13,19 C13,20.1045695 12.1045695,21 11,21 L5,21 C3.8954305,21 3,20.1045695 3,19 L3,5 C3,3.8954305 3.8954305,3 5,3 L11,3 C12.1045695,3 13,3.8954305 13,5 L13,8 M7,6 L9,6 M12,8 L18.9913514,8 C20.0959209,8 20.9913514,8.8954305 20.9913514,10 C20.9913514,10.0028766 20.9913452,10.0057533 20.9913328,10.0086299 L20.9744047,13.9317068 C20.9696531,15.0328974 20.0756241,15.9230769 18.9744233,15.9230769 L13.6887537,15.9230769 C13.2899876,15.9230769 12.9003249,16.0422807 12.569808,16.2653796 L11.5384615,16.9615385 C11.0868686,17.2663637 10.4736706,17.147385 10.1688453,16.695792 C10.0587989,16.5327602 10,16.3405539 10,16.1438572 L10,10 C10,8.8954305 10.8954305,8 12,8 Z M14,12 L17,12\"\/><\/svg><\/span><\/div><\/div>[\/vc_column][vc_column width=&#8220;5\/6&#8243; css=&#8220;.vc_custom_1611482364948{padding-left: 50px !important;}&#8220;]<div id=\"H2\" class=\"pix-heading-el text-left  vc_custom_1618835215438\"><h2 class=\"text-primary font-weight-bold h2 heading-text el-title_custom_color mb-12\" style=\"\" data-anim-type=\"\" data-anim-delay=\"0\">Kontrolle von Minderj\u00e4hrigen<\/h2><\/div><div id=\"H3\" class=\"pix-heading-el text-left  vc_custom_1618835221921\"><h3 class=\"text-secondary font-weight-bold h3 heading-text el-title_custom_color mb-12\" style=\"\" data-anim-type=\"\" data-anim-delay=\"0\">M\u00f6chten Sie Ihre Kinder sch\u00fctzen?<\/h3><\/div>[vc_column_text]Die Ermittlungst\u00e4tigkeiten zur Kontrolle von Minderj\u00e4hrigen zielen darauf ab, anomale oder abweichende Verhaltensweisen zu identifizieren, die gef\u00e4hrliche Situationen f\u00fcr Minderj\u00e4hrige ausl\u00f6sen k\u00f6nnen.<br \/>Caledonia sch\u00fctzt die Sicherheit, Integrit\u00e4t und Gesundheit der minderj\u00e4hrigen Person, indem es die betroffenen Erwachsenen auf ungew\u00f6hnliche Verhaltensweisen aufmerksam macht, wie z. B. den Besuch verd\u00e4chtiger Einrichtungen, den Konsum und Missbrauch von Alkohol oder Drogen, die Exposition gegen\u00fcber Pflegeph\u00e4nomenen, sexuelle Erpressung, Mobbing und Cyber-Mobbing.[\/vc_column_text][\/vc_column][\/vc_row][\/vc_section]<\/p><\/div>","protected":false},"excerpt":{"rendered":"[vc_section full_width=&#8220;stretch_row&#8220; content_placement=&#8220;middle&#8220; fade_in_opacity=&#8220;pix-opacity-5&#8243; pix_over_visibility=&#8220;&#8220; pix_overlay_color=&#8220;black&#8220; css=&#8220;.vc_custom_1616515695993{background-color: #ffffff !important;}&#8220; pix_overlay_opacity=&#8220;1&#8243; b_custom_height=&#8220;300px&#8220; fade_in_intro=&#8220;15577&#8243;][vc_row pix_particles_check=&#8220;&#8220; responsive_css=&#8220;{&#8222;pix_res_sm_pt&#8222;:&#8222;0px&#8222;,&#8222;pix_res_md_pt&#8222;:&#8222;0px&#8222;}&#8220; css=&#8220;.vc_custom_1612279322624{padding-top: 150px !important;padding-bottom: 70px !important;}&#8220;][vc_column css=&#8220;.vc_custom_1611481106197{padding-top: 20px !important;padding-bottom: 20px !important;}&#8220;][\/vc_column][\/vc_row][\/vc_section][vc_section full_width=&#8220;stretch_row&#8220; pix_over_visibility=&#8220;&#8220; css=&#8220;.vc_custom_1611481625985{background-color: #f8f9fa !important;}&#8220; fade_in_intro=&#8220;14052&#8243;][vc_row full_width=&#8220;stretch_row&#8220; gap=&#8220;35&#8243; content_placement=&#8220;top&#8220; pix_particles_check=&#8220;&#8220; css=&#8220;.vc_custom_1611481444397{padding-top: 70px !important;padding-bottom: 75px !important;}&#8220;][vc_column width=&#8220;1\/2&#8243;][vc_column_text]M\u00fcssen&#8230;","protected":false},"author":1,"featured_media":0,"parent":16202,"menu_order":0,"comment_status":"closed","ping_status":"closed","template":"","meta":{"inline_featured_image":false,"_monsterinsights_skip_tracking":false,"_monsterinsights_sitenote_active":false,"_monsterinsights_sitenote_note":"","_monsterinsights_sitenote_category":0,"footnotes":""},"class_list":["post-16183","page","type-page","status-publish","hentry"],"yoast_head":"<!-- This site is optimized with the Yoast SEO plugin v26.8 - https:\/\/yoast.com\/product\/yoast-seo-wordpress\/ -->\n<title>Untersuchungen im Privatbereich, der Schutz der Person anerster Stelle<\/title>\n<meta name=\"description\" content=\"Caledonia Spa f\u00fchrt private Ermittlungen durch, um Personen in F\u00e4llen von Ehe-, Eigentums- und Kontrolluntreue von Minderj\u00e4hrigen zu sch\u00fctzen.\" \/>\n<meta name=\"robots\" content=\"index, follow, max-snippet:-1, max-image-preview:large, max-video-preview:-1\" \/>\n<link rel=\"canonical\" href=\"https:\/\/www.caledoniasagl.ch\/de\/ermittlungen\/untersuchungen-im-privatbereich\/\" \/>\n<meta property=\"og:locale\" content=\"de_DE\" \/>\n<meta property=\"og:type\" content=\"article\" \/>\n<meta property=\"og:title\" content=\"Untersuchungen im Privatbereich, der Schutz der Person anerster Stelle\" \/>\n<meta property=\"og:description\" content=\"Caledonia Spa f\u00fchrt private Ermittlungen durch, um Personen in F\u00e4llen von Ehe-, Eigentums- und Kontrolluntreue von Minderj\u00e4hrigen zu sch\u00fctzen.\" \/>\n<meta property=\"og:url\" content=\"https:\/\/www.caledoniasagl.ch\/de\/ermittlungen\/untersuchungen-im-privatbereich\/\" \/>\n<meta property=\"og:site_name\" content=\"Caledonia Switzerland Sagl\" \/>\n<meta property=\"article:modified_time\" content=\"2021-04-19T12:28:40+00:00\" \/>\n<meta name=\"twitter:card\" content=\"summary_large_image\" \/>\n<meta name=\"twitter:label1\" content=\"Gesch\u00e4tzte Lesezeit\" \/>\n\t<meta name=\"twitter:data1\" content=\"3\u00a0Minuten\" \/>\n<script type=\"application\/ld+json\" class=\"yoast-schema-graph\">{\"@context\":\"https:\/\/schema.org\",\"@graph\":[{\"@type\":\"WebPage\",\"@id\":\"https:\/\/www.caledoniasagl.ch\/de\/ermittlungen\/untersuchungen-im-privatbereich\/\",\"url\":\"https:\/\/www.caledoniasagl.ch\/de\/ermittlungen\/untersuchungen-im-privatbereich\/\",\"name\":\"Untersuchungen im Privatbereich, der Schutz der Person anerster Stelle\",\"isPartOf\":{\"@id\":\"https:\/\/www.caledoniasagl.ch\/de\/#website\"},\"datePublished\":\"2021-01-24T10:48:17+00:00\",\"dateModified\":\"2021-04-19T12:28:40+00:00\",\"description\":\"Caledonia Spa f\u00fchrt private Ermittlungen durch, um Personen in F\u00e4llen von Ehe-, Eigentums- und Kontrolluntreue von Minderj\u00e4hrigen zu sch\u00fctzen.\",\"breadcrumb\":{\"@id\":\"https:\/\/www.caledoniasagl.ch\/de\/ermittlungen\/untersuchungen-im-privatbereich\/#breadcrumb\"},\"inLanguage\":\"de\",\"potentialAction\":[{\"@type\":\"ReadAction\",\"target\":[\"https:\/\/www.caledoniasagl.ch\/de\/ermittlungen\/untersuchungen-im-privatbereich\/\"]}]},{\"@type\":\"BreadcrumbList\",\"@id\":\"https:\/\/www.caledoniasagl.ch\/de\/ermittlungen\/untersuchungen-im-privatbereich\/#breadcrumb\",\"itemListElement\":[{\"@type\":\"ListItem\",\"position\":1,\"name\":\"Ermittlungen\",\"item\":\"https:\/\/www.caledoniasagl.ch\/de\/ermittlungen\/\"},{\"@type\":\"ListItem\",\"position\":2,\"name\":\"Untersuchungen im Privatbereich\"}]},{\"@type\":\"WebSite\",\"@id\":\"https:\/\/www.caledoniasagl.ch\/de\/#website\",\"url\":\"https:\/\/www.caledoniasagl.ch\/de\/\",\"name\":\"Caledonia Switzerland Sagl\",\"description\":\"Protect Your Interests\",\"publisher\":{\"@id\":\"https:\/\/www.caledoniasagl.ch\/de\/#organization\"},\"potentialAction\":[{\"@type\":\"SearchAction\",\"target\":{\"@type\":\"EntryPoint\",\"urlTemplate\":\"https:\/\/www.caledoniasagl.ch\/de\/?s={search_term_string}\"},\"query-input\":{\"@type\":\"PropertyValueSpecification\",\"valueRequired\":true,\"valueName\":\"search_term_string\"}}],\"inLanguage\":\"de\"},{\"@type\":\"Organization\",\"@id\":\"https:\/\/www.caledoniasagl.ch\/de\/#organization\",\"name\":\"Caledonia Switzerland Sagl\",\"url\":\"https:\/\/www.caledoniasagl.ch\/de\/\",\"logo\":{\"@type\":\"ImageObject\",\"inLanguage\":\"de\",\"@id\":\"https:\/\/www.caledoniasagl.ch\/de\/#\/schema\/logo\/image\/\",\"url\":\"https:\/\/www.caledoniasagl.ch\/wp-content\/uploads\/logo.svg\",\"contentUrl\":\"https:\/\/www.caledoniasagl.ch\/wp-content\/uploads\/logo.svg\",\"caption\":\"Caledonia Switzerland Sagl\"},\"image\":{\"@id\":\"https:\/\/www.caledoniasagl.ch\/de\/#\/schema\/logo\/image\/\"},\"sameAs\":[\"https:\/\/it.linkedin.com\/company\/caledonia-s-p-a\"]}]}<\/script>\n<!-- \/ Yoast SEO plugin. -->","yoast_head_json":{"title":"Untersuchungen im Privatbereich, der Schutz der Person anerster Stelle","description":"Caledonia Spa f\u00fchrt private Ermittlungen durch, um Personen in F\u00e4llen von Ehe-, Eigentums- und Kontrolluntreue von Minderj\u00e4hrigen zu sch\u00fctzen.","robots":{"index":"index","follow":"follow","max-snippet":"max-snippet:-1","max-image-preview":"max-image-preview:large","max-video-preview":"max-video-preview:-1"},"canonical":"https:\/\/www.caledoniasagl.ch\/de\/ermittlungen\/untersuchungen-im-privatbereich\/","og_locale":"de_DE","og_type":"article","og_title":"Untersuchungen im Privatbereich, der Schutz der Person anerster Stelle","og_description":"Caledonia Spa f\u00fchrt private Ermittlungen durch, um Personen in F\u00e4llen von Ehe-, Eigentums- und Kontrolluntreue von Minderj\u00e4hrigen zu sch\u00fctzen.","og_url":"https:\/\/www.caledoniasagl.ch\/de\/ermittlungen\/untersuchungen-im-privatbereich\/","og_site_name":"Caledonia Switzerland Sagl","article_modified_time":"2021-04-19T12:28:40+00:00","twitter_card":"summary_large_image","twitter_misc":{"Gesch\u00e4tzte Lesezeit":"3\u00a0Minuten"},"schema":{"@context":"https:\/\/schema.org","@graph":[{"@type":"WebPage","@id":"https:\/\/www.caledoniasagl.ch\/de\/ermittlungen\/untersuchungen-im-privatbereich\/","url":"https:\/\/www.caledoniasagl.ch\/de\/ermittlungen\/untersuchungen-im-privatbereich\/","name":"Untersuchungen im Privatbereich, der Schutz der Person anerster Stelle","isPartOf":{"@id":"https:\/\/www.caledoniasagl.ch\/de\/#website"},"datePublished":"2021-01-24T10:48:17+00:00","dateModified":"2021-04-19T12:28:40+00:00","description":"Caledonia Spa f\u00fchrt private Ermittlungen durch, um Personen in F\u00e4llen von Ehe-, Eigentums- und Kontrolluntreue von Minderj\u00e4hrigen zu sch\u00fctzen.","breadcrumb":{"@id":"https:\/\/www.caledoniasagl.ch\/de\/ermittlungen\/untersuchungen-im-privatbereich\/#breadcrumb"},"inLanguage":"de","potentialAction":[{"@type":"ReadAction","target":["https:\/\/www.caledoniasagl.ch\/de\/ermittlungen\/untersuchungen-im-privatbereich\/"]}]},{"@type":"BreadcrumbList","@id":"https:\/\/www.caledoniasagl.ch\/de\/ermittlungen\/untersuchungen-im-privatbereich\/#breadcrumb","itemListElement":[{"@type":"ListItem","position":1,"name":"Ermittlungen","item":"https:\/\/www.caledoniasagl.ch\/de\/ermittlungen\/"},{"@type":"ListItem","position":2,"name":"Untersuchungen im Privatbereich"}]},{"@type":"WebSite","@id":"https:\/\/www.caledoniasagl.ch\/de\/#website","url":"https:\/\/www.caledoniasagl.ch\/de\/","name":"Caledonia Switzerland Sagl","description":"Protect Your Interests","publisher":{"@id":"https:\/\/www.caledoniasagl.ch\/de\/#organization"},"potentialAction":[{"@type":"SearchAction","target":{"@type":"EntryPoint","urlTemplate":"https:\/\/www.caledoniasagl.ch\/de\/?s={search_term_string}"},"query-input":{"@type":"PropertyValueSpecification","valueRequired":true,"valueName":"search_term_string"}}],"inLanguage":"de"},{"@type":"Organization","@id":"https:\/\/www.caledoniasagl.ch\/de\/#organization","name":"Caledonia Switzerland Sagl","url":"https:\/\/www.caledoniasagl.ch\/de\/","logo":{"@type":"ImageObject","inLanguage":"de","@id":"https:\/\/www.caledoniasagl.ch\/de\/#\/schema\/logo\/image\/","url":"https:\/\/www.caledoniasagl.ch\/wp-content\/uploads\/logo.svg","contentUrl":"https:\/\/www.caledoniasagl.ch\/wp-content\/uploads\/logo.svg","caption":"Caledonia Switzerland Sagl"},"image":{"@id":"https:\/\/www.caledoniasagl.ch\/de\/#\/schema\/logo\/image\/"},"sameAs":["https:\/\/it.linkedin.com\/company\/caledonia-s-p-a"]}]}},"_links":{"self":[{"href":"https:\/\/www.caledoniasagl.ch\/de\/wp-json\/wp\/v2\/pages\/16183","targetHints":{"allow":["GET"]}}],"collection":[{"href":"https:\/\/www.caledoniasagl.ch\/de\/wp-json\/wp\/v2\/pages"}],"about":[{"href":"https:\/\/www.caledoniasagl.ch\/de\/wp-json\/wp\/v2\/types\/page"}],"author":[{"embeddable":true,"href":"https:\/\/www.caledoniasagl.ch\/de\/wp-json\/wp\/v2\/users\/1"}],"replies":[{"embeddable":true,"href":"https:\/\/www.caledoniasagl.ch\/de\/wp-json\/wp\/v2\/comments?post=16183"}],"version-history":[{"count":2,"href":"https:\/\/www.caledoniasagl.ch\/de\/wp-json\/wp\/v2\/pages\/16183\/revisions"}],"predecessor-version":[{"id":16186,"href":"https:\/\/www.caledoniasagl.ch\/de\/wp-json\/wp\/v2\/pages\/16183\/revisions\/16186"}],"up":[{"embeddable":true,"href":"https:\/\/www.caledoniasagl.ch\/de\/wp-json\/wp\/v2\/pages\/16202"}],"wp:attachment":[{"href":"https:\/\/www.caledoniasagl.ch\/de\/wp-json\/wp\/v2\/media?parent=16183"}],"curies":[{"name":"wp","href":"https:\/\/api.w.org\/{rel}","templated":true}]}}