{"id":16191,"date":"2021-01-26T18:12:43","date_gmt":"2021-01-26T17:12:43","guid":{"rendered":"https:\/\/www.caledoniasagl.ch\/indagini-economiche-e-finanziarie\/"},"modified":"2021-04-19T14:38:26","modified_gmt":"2021-04-19T12:38:26","slug":"untersuchungen-im-wirtschafts-und-finanzbereich","status":"publish","type":"page","link":"https:\/\/www.caledoniasagl.ch\/de\/ermittlungen\/untersuchungen-im-wirtschafts-und-finanzbereich\/","title":{"rendered":"Untersuchungen im Wirtschafts- und Finanzbereich"},"content":{"rendered":"<div class=\"wpb-content-wrapper\"><p>[vc_section full_width=&#8220;stretch_row&#8220; content_placement=&#8220;middle&#8220; fade_in_opacity=&#8220;pix-opacity-4&#8243; pix_over_visibility=&#8220;&#8220; pix_overlay_color=&#8220;black&#8220; css=&#8220;.vc_custom_1616515295229{background-color: #ffffff !important;}&#8220; pix_overlay_opacity=&#8220;1&#8243; b_custom_height=&#8220;300px&#8220; fade_in_intro=&#8220;15573&#8243;][vc_row pix_particles_check=&#8220;&#8220; responsive_css=&#8220;{&#8222;pix_res_sm_pt&#8222;:&#8222;0px&#8222;,&#8222;pix_res_md_pt&#8222;:&#8222;0px&#8222;}&#8220; css=&#8220;.vc_custom_1612279240687{padding-top: 150px !important;padding-bottom: 70px !important;}&#8220;][vc_column css=&#8220;.vc_custom_1611481106197{padding-top: 20px !important;padding-bottom: 20px !important;}&#8220;]<div id=\"H1\" class=\"pix-heading-el text-left  vc_custom_1618835784630\"><div class=\"d-inline-block\" style=\"max-width:900px;\"><h1 class=\"text-white font-weight-bold h1 animate-in heading-text el-title_custom_color mb-12\" style=\"\" data-anim-type=\"fade-in\" data-anim-delay=\"200\">Untersuchungen im Wirtschafts- und Finanzbereich, eine treibende Kraft f\u00fcr Ihr Unternehmen<\/h1><\/div><\/div><div class=\"pix-el-text w-100   vc_custom_1618835791174\" ><div class=\"d-inline-block\" style=\"max-width:900px;\"><p class=\"text-24  text-white  \" ><span class=\"text-white animate-in d-inline-block\" data-anim-delay=\"400\" data-anim-type=\"fade-in-up\">Caledonia f\u00fchrt sowohl vorbeugende als auch nachfolgende wirtschaftliche und finanzielle Untersuchungen zum Beginn neuer Gesch\u00e4ftsbeziehungen durch, um die Finanzkraft von Einzelpersonen und\/oder juristischen Personen zu \u00fcberpr\u00fcfen.<\/span><\/p><\/div><\/div><a  href=\"https:\/\/www.caledoniasagl.ch\/de\/kontakte\/\" class=\"btn mb-2    vc_custom_1618835804900  shadow-sm shadow-hover-sm text-primary btn-white d-inline-flex align-items-center pix-hover-item       btn-md\"     ><span class=\"font-weight-bold \" >Kontaktieren Sie uns<\/span><svg class=\"pixfort-icon font-weight-bold  pix-hover-right  ml-2\" width=\"24\" height=\"24\"  data-name=\"Line\/pixfort-icon-arrow-right-2\" viewBox=\"2 2 20 20\"><polyline fill=\"none\" stroke=\"var(--pf-icon-color)\" stroke-linecap=\"round\" stroke-linejoin=\"round\" stroke-width=\"var(--pf-icon-stroke-width)\" points=\"9.5 17 14.5 12 9.5 7\"\/><\/svg><\/a>[\/vc_column][\/vc_row][\/vc_section][vc_section full_width=&#8220;stretch_row&#8220; pix_over_visibility=&#8220;&#8220; css=&#8220;.vc_custom_1611481625985{background-color: #f8f9fa !important;}&#8220; fade_in_intro=&#8220;14052&#8243;][vc_row full_width=&#8220;stretch_row&#8220; gap=&#8220;35&#8243; content_placement=&#8220;top&#8220; pix_particles_check=&#8220;&#8220; css=&#8220;.vc_custom_1611481444397{padding-top: 70px !important;padding-bottom: 75px !important;}&#8220;][vc_column width=&#8220;1\/2&#8243;][vc_column_text]<\/p><h2><strong>Wie Sie neue Gesch\u00e4ftsm\u00f6glichkeiten in maximaler Sicherheit nutzen k\u00f6nnen<\/strong><\/h2><p>[\/vc_column_text][vc_separator color=&#8220;custom&#8220; border_width=&#8220;3&#8243; accent_color=&#8220;#3dc4f2&#8243;][\/vc_column][vc_column width=&#8220;1\/2&#8243;][vc_column_text]<strong>Wenn Sie Ihr Unternehmen weiter ausbauen m\u00f6chten, indem Sie neue M\u00f6glichkeiten nutzen, m\u00fcssen Sie sich an Fachleute wenden, um die tats\u00e4chliche Zuverl\u00e4ssigkeit jeder neuen Initiative zu \u00fcberpr\u00fcfen.<br \/>Caledonia hat einen speziellen Ansatz entwickelt, um jede Gesch\u00e4ftsm\u00f6glichkeit in eine echte treibende Kraft f\u00fcr Ihr Unternehmen zu verwandeln und maximale Sicherheit auf Ihrem Weg des Wachstums zu gew\u00e4hrleisten.<\/strong>[\/vc_column_text][\/vc_column][\/vc_row][\/vc_section][vc_section full_width=&#8220;stretch_row&#8220; pix_over_visibility=&#8220;&#8220; css=&#8220;.vc_custom_1611481992104{padding-bottom: 100px !important;background-color: #ffffff !important;}&#8220;][vc_row full_width=&#8220;stretch_row&#8220; gap=&#8220;35&#8243; content_placement=&#8220;top&#8220; pix_particles_check=&#8220;&#8220; css=&#8220;.vc_custom_1611481821667{padding-top: 80px !important;padding-bottom: 35px !important;}&#8220;][vc_column width=&#8220;1\/6&#8243; content_align=&#8220;text-center&#8220;]<div id=\"duo-icon-146443889\" class=\"pix-icon text-left  vc_custom_1611847883941\"><div class=\"pix-icon-bg rounded-circle feature_img position-relative d-inline-flex align-items-center justify-content-center bg-secondary shadow-sm\"   style=\" width:153px;height:153px;position:relative;line-height:153px;text-align:center;\"><span style=\"font-size:85px;line-height:85px;\" class=\"text-white d-inline-flex align-middle\"><svg class=\"pixfort-icon \" width=\"85\" height=\"85\"  data-name=\"Line\/pixfort-icon-increase-arrow-1\" viewBox=\"2 2 20 20\"><path fill=\"none\" stroke=\"var(--pf-icon-color)\" stroke-linecap=\"round\" stroke-linejoin=\"round\" stroke-width=\"var(--pf-icon-stroke-width)\" d=\"M3,17 L9,11 L13,15 L20.5252985,7.54251605 M21,11 L21,7 L17,7\"\/><\/svg><\/span><\/div><\/div>[\/vc_column][vc_column width=&#8220;5\/6&#8243; css=&#8220;.vc_custom_1611482334859{padding-left: 50px !important;}&#8220;]<div id=\"H2\" class=\"pix-heading-el text-left  vc_custom_1612431805647\"><h2 class=\"text-primary font-weight-bold h2 heading-text el-title_custom_color mb-12\" style=\"\" data-anim-type=\"\" data-anim-delay=\"0\">Due Diligence<\/h2><\/div><div id=\"H3\" class=\"pix-heading-el text-left  vc_custom_1618835844300\"><h3 class=\"text-secondary font-weight-bold h3 heading-text el-title_custom_color mb-12\" style=\"\" data-anim-type=\"\" data-anim-delay=\"0\">M\u00f6chten Sie in einer Finanzverhandlung klar sehen?<\/h3><\/div>[vc_column_text]Vorbeugende oder nachfolgende Due-Diligence-T\u00e4tigkeiten unterstreichen die Zweckm\u00e4\u00dfigkeit einer bestimmten Finanzinitiative, in der alle Risiken und Probleme dargelegt werden, um die Gesch\u00e4ftsm\u00f6glichkeiten zu sch\u00fctzen, die die Steigerung der Rentabilit\u00e4t eines Unternehmens beg\u00fcnstigen k\u00f6nnen. Diese Art der Unternehmensuntersuchung wird anl\u00e4sslich von Gesellschafts- oder Unternehmensakquisitionen\/-verk\u00e4ufen, bei der Ausgabe von Finanzinstrumenten oder zur Vorbereitung des Kaufs von Anteilen an Investmentfonds oder an Immobilieninvestitionen durchgef\u00fchrt.<\/p><p>Durch eine punktgenaue Ermittlungst\u00e4tigkeit kann Caledonia die finanzielle Solidit\u00e4t und das wirtschaftliche Profil nat\u00fcrlicher und\/oder juristischer Personen ermitteln, mit denen Sie Gesch\u00e4ftsbeziehungen aufgebaut haben, damit Sie sicher vorgehen k\u00f6nnen.<br \/>Alle \u00dcberpr\u00fcfungen werden durchgef\u00fchrt, um das Risiko bei der Aushandlung der Vertragsbedingungen zu mindern und angemessene Instrumente f\u00fcr Garantie, Schadensersatz oder Entsch\u00e4digung vorzubereiten.[\/vc_column_text][\/vc_column][\/vc_row][\/vc_section]<\/p><\/div>","protected":false},"excerpt":{"rendered":"[vc_section full_width=&#8220;stretch_row&#8220; content_placement=&#8220;middle&#8220; fade_in_opacity=&#8220;pix-opacity-4&#8243; pix_over_visibility=&#8220;&#8220; pix_overlay_color=&#8220;black&#8220; css=&#8220;.vc_custom_1616515295229{background-color: #ffffff !important;}&#8220; pix_overlay_opacity=&#8220;1&#8243; b_custom_height=&#8220;300px&#8220; fade_in_intro=&#8220;15573&#8243;][vc_row pix_particles_check=&#8220;&#8220; responsive_css=&#8220;{&#8222;pix_res_sm_pt&#8222;:&#8222;0px&#8222;,&#8222;pix_res_md_pt&#8222;:&#8222;0px&#8222;}&#8220; css=&#8220;.vc_custom_1612279240687{padding-top: 150px !important;padding-bottom: 70px !important;}&#8220;][vc_column css=&#8220;.vc_custom_1611481106197{padding-top: 20px !important;padding-bottom: 20px !important;}&#8220;][\/vc_column][\/vc_row][\/vc_section][vc_section full_width=&#8220;stretch_row&#8220; pix_over_visibility=&#8220;&#8220; css=&#8220;.vc_custom_1611481625985{background-color: #f8f9fa !important;}&#8220; fade_in_intro=&#8220;14052&#8243;][vc_row full_width=&#8220;stretch_row&#8220; gap=&#8220;35&#8243; content_placement=&#8220;top&#8220; pix_particles_check=&#8220;&#8220; css=&#8220;.vc_custom_1611481444397{padding-top: 70px !important;padding-bottom: 75px !important;}&#8220;][vc_column width=&#8220;1\/2&#8243;][vc_column_text]Wie&#8230;","protected":false},"author":1,"featured_media":0,"parent":16202,"menu_order":0,"comment_status":"closed","ping_status":"closed","template":"","meta":{"inline_featured_image":false,"_monsterinsights_skip_tracking":false,"_monsterinsights_sitenote_active":false,"_monsterinsights_sitenote_note":"","_monsterinsights_sitenote_category":0,"footnotes":""},"class_list":["post-16191","page","type-page","status-publish","hentry"],"yoast_head":"<!-- This site is optimized with the Yoast SEO plugin v26.8 - https:\/\/yoast.com\/product\/yoast-seo-wordpress\/ -->\n<title>Caledonia Spa, Untersuchungen im Wirtschafts- und Finanzbereich<\/title>\n<meta name=\"description\" content=\"Caledonia Spa f\u00fchrt wirtschaftliche und finanzielle Untersuchungen durch, um die wirtschaftliche und finanzielle Solidit\u00e4t nat\u00fcrlicher...\" \/>\n<meta name=\"robots\" content=\"index, follow, max-snippet:-1, max-image-preview:large, max-video-preview:-1\" \/>\n<link rel=\"canonical\" href=\"https:\/\/www.caledoniasagl.ch\/de\/ermittlungen\/untersuchungen-im-wirtschafts-und-finanzbereich\/\" \/>\n<meta property=\"og:locale\" content=\"de_DE\" \/>\n<meta property=\"og:type\" content=\"article\" \/>\n<meta property=\"og:title\" content=\"Caledonia Spa, Untersuchungen im Wirtschafts- und Finanzbereich\" \/>\n<meta property=\"og:description\" content=\"Caledonia Spa f\u00fchrt wirtschaftliche und finanzielle Untersuchungen durch, um die wirtschaftliche und finanzielle Solidit\u00e4t nat\u00fcrlicher...\" \/>\n<meta property=\"og:url\" content=\"https:\/\/www.caledoniasagl.ch\/de\/ermittlungen\/untersuchungen-im-wirtschafts-und-finanzbereich\/\" \/>\n<meta property=\"og:site_name\" content=\"Caledonia Switzerland Sagl\" \/>\n<meta property=\"article:modified_time\" content=\"2021-04-19T12:38:26+00:00\" \/>\n<meta name=\"twitter:card\" content=\"summary_large_image\" \/>\n<meta name=\"twitter:label1\" content=\"Gesch\u00e4tzte Lesezeit\" \/>\n\t<meta name=\"twitter:data1\" content=\"2\u00a0Minuten\" \/>\n<script type=\"application\/ld+json\" class=\"yoast-schema-graph\">{\"@context\":\"https:\/\/schema.org\",\"@graph\":[{\"@type\":\"WebPage\",\"@id\":\"https:\/\/www.caledoniasagl.ch\/de\/ermittlungen\/untersuchungen-im-wirtschafts-und-finanzbereich\/\",\"url\":\"https:\/\/www.caledoniasagl.ch\/de\/ermittlungen\/untersuchungen-im-wirtschafts-und-finanzbereich\/\",\"name\":\"Caledonia Spa, Untersuchungen im Wirtschafts- und Finanzbereich\",\"isPartOf\":{\"@id\":\"https:\/\/www.caledoniasagl.ch\/de\/#website\"},\"datePublished\":\"2021-01-26T17:12:43+00:00\",\"dateModified\":\"2021-04-19T12:38:26+00:00\",\"description\":\"Caledonia Spa f\u00fchrt wirtschaftliche und finanzielle Untersuchungen durch, um die wirtschaftliche und finanzielle Solidit\u00e4t nat\u00fcrlicher...\",\"breadcrumb\":{\"@id\":\"https:\/\/www.caledoniasagl.ch\/de\/ermittlungen\/untersuchungen-im-wirtschafts-und-finanzbereich\/#breadcrumb\"},\"inLanguage\":\"de\",\"potentialAction\":[{\"@type\":\"ReadAction\",\"target\":[\"https:\/\/www.caledoniasagl.ch\/de\/ermittlungen\/untersuchungen-im-wirtschafts-und-finanzbereich\/\"]}]},{\"@type\":\"BreadcrumbList\",\"@id\":\"https:\/\/www.caledoniasagl.ch\/de\/ermittlungen\/untersuchungen-im-wirtschafts-und-finanzbereich\/#breadcrumb\",\"itemListElement\":[{\"@type\":\"ListItem\",\"position\":1,\"name\":\"Ermittlungen\",\"item\":\"https:\/\/www.caledoniasagl.ch\/de\/ermittlungen\/\"},{\"@type\":\"ListItem\",\"position\":2,\"name\":\"Untersuchungen im Wirtschafts- und Finanzbereich\"}]},{\"@type\":\"WebSite\",\"@id\":\"https:\/\/www.caledoniasagl.ch\/de\/#website\",\"url\":\"https:\/\/www.caledoniasagl.ch\/de\/\",\"name\":\"Caledonia Switzerland Sagl\",\"description\":\"Protect Your Interests\",\"publisher\":{\"@id\":\"https:\/\/www.caledoniasagl.ch\/de\/#organization\"},\"potentialAction\":[{\"@type\":\"SearchAction\",\"target\":{\"@type\":\"EntryPoint\",\"urlTemplate\":\"https:\/\/www.caledoniasagl.ch\/de\/?s={search_term_string}\"},\"query-input\":{\"@type\":\"PropertyValueSpecification\",\"valueRequired\":true,\"valueName\":\"search_term_string\"}}],\"inLanguage\":\"de\"},{\"@type\":\"Organization\",\"@id\":\"https:\/\/www.caledoniasagl.ch\/de\/#organization\",\"name\":\"Caledonia Switzerland Sagl\",\"url\":\"https:\/\/www.caledoniasagl.ch\/de\/\",\"logo\":{\"@type\":\"ImageObject\",\"inLanguage\":\"de\",\"@id\":\"https:\/\/www.caledoniasagl.ch\/de\/#\/schema\/logo\/image\/\",\"url\":\"https:\/\/www.caledoniasagl.ch\/wp-content\/uploads\/logo.svg\",\"contentUrl\":\"https:\/\/www.caledoniasagl.ch\/wp-content\/uploads\/logo.svg\",\"caption\":\"Caledonia Switzerland Sagl\"},\"image\":{\"@id\":\"https:\/\/www.caledoniasagl.ch\/de\/#\/schema\/logo\/image\/\"},\"sameAs\":[\"https:\/\/it.linkedin.com\/company\/caledonia-s-p-a\"]}]}<\/script>\n<!-- \/ Yoast SEO plugin. -->","yoast_head_json":{"title":"Caledonia Spa, Untersuchungen im Wirtschafts- und Finanzbereich","description":"Caledonia Spa f\u00fchrt wirtschaftliche und finanzielle Untersuchungen durch, um die wirtschaftliche und finanzielle Solidit\u00e4t nat\u00fcrlicher...","robots":{"index":"index","follow":"follow","max-snippet":"max-snippet:-1","max-image-preview":"max-image-preview:large","max-video-preview":"max-video-preview:-1"},"canonical":"https:\/\/www.caledoniasagl.ch\/de\/ermittlungen\/untersuchungen-im-wirtschafts-und-finanzbereich\/","og_locale":"de_DE","og_type":"article","og_title":"Caledonia Spa, Untersuchungen im Wirtschafts- und Finanzbereich","og_description":"Caledonia Spa f\u00fchrt wirtschaftliche und finanzielle Untersuchungen durch, um die wirtschaftliche und finanzielle Solidit\u00e4t nat\u00fcrlicher...","og_url":"https:\/\/www.caledoniasagl.ch\/de\/ermittlungen\/untersuchungen-im-wirtschafts-und-finanzbereich\/","og_site_name":"Caledonia Switzerland Sagl","article_modified_time":"2021-04-19T12:38:26+00:00","twitter_card":"summary_large_image","twitter_misc":{"Gesch\u00e4tzte Lesezeit":"2\u00a0Minuten"},"schema":{"@context":"https:\/\/schema.org","@graph":[{"@type":"WebPage","@id":"https:\/\/www.caledoniasagl.ch\/de\/ermittlungen\/untersuchungen-im-wirtschafts-und-finanzbereich\/","url":"https:\/\/www.caledoniasagl.ch\/de\/ermittlungen\/untersuchungen-im-wirtschafts-und-finanzbereich\/","name":"Caledonia Spa, Untersuchungen im Wirtschafts- und Finanzbereich","isPartOf":{"@id":"https:\/\/www.caledoniasagl.ch\/de\/#website"},"datePublished":"2021-01-26T17:12:43+00:00","dateModified":"2021-04-19T12:38:26+00:00","description":"Caledonia Spa f\u00fchrt wirtschaftliche und finanzielle Untersuchungen durch, um die wirtschaftliche und finanzielle Solidit\u00e4t nat\u00fcrlicher...","breadcrumb":{"@id":"https:\/\/www.caledoniasagl.ch\/de\/ermittlungen\/untersuchungen-im-wirtschafts-und-finanzbereich\/#breadcrumb"},"inLanguage":"de","potentialAction":[{"@type":"ReadAction","target":["https:\/\/www.caledoniasagl.ch\/de\/ermittlungen\/untersuchungen-im-wirtschafts-und-finanzbereich\/"]}]},{"@type":"BreadcrumbList","@id":"https:\/\/www.caledoniasagl.ch\/de\/ermittlungen\/untersuchungen-im-wirtschafts-und-finanzbereich\/#breadcrumb","itemListElement":[{"@type":"ListItem","position":1,"name":"Ermittlungen","item":"https:\/\/www.caledoniasagl.ch\/de\/ermittlungen\/"},{"@type":"ListItem","position":2,"name":"Untersuchungen im Wirtschafts- und Finanzbereich"}]},{"@type":"WebSite","@id":"https:\/\/www.caledoniasagl.ch\/de\/#website","url":"https:\/\/www.caledoniasagl.ch\/de\/","name":"Caledonia Switzerland Sagl","description":"Protect Your Interests","publisher":{"@id":"https:\/\/www.caledoniasagl.ch\/de\/#organization"},"potentialAction":[{"@type":"SearchAction","target":{"@type":"EntryPoint","urlTemplate":"https:\/\/www.caledoniasagl.ch\/de\/?s={search_term_string}"},"query-input":{"@type":"PropertyValueSpecification","valueRequired":true,"valueName":"search_term_string"}}],"inLanguage":"de"},{"@type":"Organization","@id":"https:\/\/www.caledoniasagl.ch\/de\/#organization","name":"Caledonia Switzerland Sagl","url":"https:\/\/www.caledoniasagl.ch\/de\/","logo":{"@type":"ImageObject","inLanguage":"de","@id":"https:\/\/www.caledoniasagl.ch\/de\/#\/schema\/logo\/image\/","url":"https:\/\/www.caledoniasagl.ch\/wp-content\/uploads\/logo.svg","contentUrl":"https:\/\/www.caledoniasagl.ch\/wp-content\/uploads\/logo.svg","caption":"Caledonia Switzerland Sagl"},"image":{"@id":"https:\/\/www.caledoniasagl.ch\/de\/#\/schema\/logo\/image\/"},"sameAs":["https:\/\/it.linkedin.com\/company\/caledonia-s-p-a"]}]}},"_links":{"self":[{"href":"https:\/\/www.caledoniasagl.ch\/de\/wp-json\/wp\/v2\/pages\/16191","targetHints":{"allow":["GET"]}}],"collection":[{"href":"https:\/\/www.caledoniasagl.ch\/de\/wp-json\/wp\/v2\/pages"}],"about":[{"href":"https:\/\/www.caledoniasagl.ch\/de\/wp-json\/wp\/v2\/types\/page"}],"author":[{"embeddable":true,"href":"https:\/\/www.caledoniasagl.ch\/de\/wp-json\/wp\/v2\/users\/1"}],"replies":[{"embeddable":true,"href":"https:\/\/www.caledoniasagl.ch\/de\/wp-json\/wp\/v2\/comments?post=16191"}],"version-history":[{"count":2,"href":"https:\/\/www.caledoniasagl.ch\/de\/wp-json\/wp\/v2\/pages\/16191\/revisions"}],"predecessor-version":[{"id":16194,"href":"https:\/\/www.caledoniasagl.ch\/de\/wp-json\/wp\/v2\/pages\/16191\/revisions\/16194"}],"up":[{"embeddable":true,"href":"https:\/\/www.caledoniasagl.ch\/de\/wp-json\/wp\/v2\/pages\/16202"}],"wp:attachment":[{"href":"https:\/\/www.caledoniasagl.ch\/de\/wp-json\/wp\/v2\/media?parent=16191"}],"curies":[{"name":"wp","href":"https:\/\/api.w.org\/{rel}","templated":true}]}}