{"id":16195,"date":"2021-01-26T17:50:58","date_gmt":"2021-01-26T16:50:58","guid":{"rendered":"https:\/\/www.caledoniasagl.ch\/indagini-assicurative\/"},"modified":"2024-03-19T17:25:31","modified_gmt":"2024-03-19T16:25:31","slug":"versicherungsuntersuchungen","status":"publish","type":"page","link":"https:\/\/www.caledoniasagl.ch\/de\/ermittlungen\/versicherungsuntersuchungen\/","title":{"rendered":"Versicherungsuntersuchungen"},"content":{"rendered":"<div class=\"wpb-content-wrapper\"><p>[vc_section full_width=&#8220;stretch_row&#8220; content_placement=&#8220;middle&#8220; fade_in_opacity=&#8220;pix-opacity-7&#8243; pix_over_visibility=&#8220;&#8220; pix_overlay_color=&#8220;black&#8220; css=&#8220;.vc_custom_1710865528573{background-color: #ffffff !important;}&#8220; pix_overlay_opacity=&#8220;1&#8243; b_custom_height=&#8220;300px&#8220; fade_in_intro=&#8220;16564&#8243;][vc_row pix_particles_check=&#8220;&#8220; responsive_css=&#8220;{&#8222;pix_res_sm_pt&#8222;:&#8222;0px&#8222;,&#8222;pix_res_md_pt&#8222;:&#8222;0px&#8222;}&#8220; css=&#8220;.vc_custom_1612279196503{padding-top: 150px !important;padding-bottom: 70px !important;}&#8220;][vc_column css=&#8220;.vc_custom_1611481106197{padding-top: 20px !important;padding-bottom: 20px !important;}&#8220;]<div id=\"H1\" class=\"pix-heading-el text-left  vc_custom_1618835989864\"><div class=\"d-inline-block\" style=\"max-width:900px;\"><h1 class=\"text-white font-weight-bold h1 animate-in heading-text el-title_custom_color mb-12\" style=\"\" data-anim-type=\"fade-in\" data-anim-delay=\"200\">Versicherungsuntersuchungen: Wir vermeiden und verwalten Betrugsrisiken<\/h1><\/div><\/div><div class=\"pix-el-text w-100   vc_custom_1618835998312\" ><div class=\"d-inline-block\" style=\"max-width:900px;\"><p class=\"text-24  text-white  \" ><span class=\"text-white animate-in d-inline-block\" data-anim-delay=\"400\" data-anim-type=\"fade-in-up\">Caledonia hilft dabei, Unregelm\u00e4\u00dfigkeiten bei Anspr\u00fcchen, Diebst\u00e4hlen, Sch\u00e4den oder entsch\u00e4digungspflichtigen Ereignissen zu verhindern und zu bew\u00e4ltigen.<\/span><\/p><\/div><\/div><a  href=\"https:\/\/www.caledoniasagl.ch\/de\/kontakte\/\" class=\"btn mb-2    vc_custom_1618836008888  shadow-sm shadow-hover-sm text-primary btn-white d-inline-flex align-items-center pix-hover-item       btn-md\"     ><span class=\"font-weight-bold \" >Kontaktieren Sie uns<\/span><svg class=\"pixfort-icon font-weight-bold  pix-hover-right  ml-2\" width=\"24\" height=\"24\"  data-name=\"Line\/pixfort-icon-arrow-right-2\" viewBox=\"2 2 20 20\"><polyline fill=\"none\" stroke=\"var(--pf-icon-color)\" stroke-linecap=\"round\" stroke-linejoin=\"round\" stroke-width=\"var(--pf-icon-stroke-width)\" points=\"9.5 17 14.5 12 9.5 7\"\/><\/svg><\/a>[\/vc_column][\/vc_row][\/vc_section][vc_section full_width=&#8220;stretch_row&#8220; pix_over_visibility=&#8220;&#8220; css=&#8220;.vc_custom_1611481625985{background-color: #f8f9fa !important;}&#8220; fade_in_intro=&#8220;14052&#8243;][vc_row full_width=&#8220;stretch_row&#8220; gap=&#8220;35&#8243; content_placement=&#8220;top&#8220; pix_particles_check=&#8220;&#8220; css=&#8220;.vc_custom_1611481444397{padding-top: 70px !important;padding-bottom: 75px !important;}&#8220;][vc_column width=&#8220;1\/2&#8243;][vc_column_text]<\/p>\r\n<h2><strong>M\u00f6chten Sie sich gegen das Risiko von Versicherungsbetrug sch\u00fctzen?<\/strong><\/h2>\r\n<p>[\/vc_column_text][vc_separator color=&#8220;custom&#8220; border_width=&#8220;3&#8243; accent_color=&#8220;#3dc4f2&#8243;][\/vc_column][vc_column width=&#8220;1\/2&#8243;][vc_column_text]<strong>Caledonia k\u00fcmmert sich auf wissenschaftliche Weise um Ihre Interessen. Die Untersuchungen zielen darauf ab, Anomalien und\/oder Unregelm\u00e4\u00dfigkeiten in der Dynamik der gemeldeten Ereignisse zu identifizieren, um Beweise zu erhalten, die auch in der Verfahrensphase verwendet werden k\u00f6nnen, um Anspr\u00fcche auf physische und materielle Sch\u00e4den zu widerlegen.<\/strong>[\/vc_column_text][\/vc_column][\/vc_row][\/vc_section][vc_section full_width=&#8220;stretch_row&#8220; pix_over_visibility=&#8220;&#8220; css=&#8220;.vc_custom_1611481992104{padding-bottom: 100px !important;background-color: #ffffff !important;}&#8220;][vc_row full_width=&#8220;stretch_row&#8220; gap=&#8220;35&#8243; content_placement=&#8220;top&#8220; pix_particles_check=&#8220;&#8220; css=&#8220;.vc_custom_1611481821667{padding-top: 80px !important;padding-bottom: 35px !important;}&#8220;][vc_column width=&#8220;1\/6&#8243; content_align=&#8220;text-center&#8220;]<div id=\"duo-icon-93384562\" class=\"pix-icon text-left  vc_custom_1611681546735\"><div class=\"pix-icon-bg rounded-circle feature_img position-relative d-inline-flex align-items-center justify-content-center bg-secondary shadow-sm\"   style=\" width:153px;height:153px;position:relative;line-height:153px;text-align:center;\"><span style=\"font-size:85px;line-height:85px;\" class=\"text-white d-inline-flex align-middle\"><svg class=\"pixfort-icon \" width=\"85\" height=\"85\"  data-name=\"Line\/pixfort-icon-user-circle-search-1\" viewBox=\"2 2 20 20\"><path fill=\"none\" stroke=\"var(--pf-icon-color)\" stroke-linecap=\"round\" stroke-linejoin=\"round\" stroke-width=\"var(--pf-icon-stroke-width)\" d=\"M21,12 C21,7.02943725 16.9705627,3 12,3 C7.02943725,3 3,7.02943725 3,12 C3,16.9705627 7.02943725,21 12,21 M5.63686238,18.367264 C6.94773908,16.9786023 8.74737784,16.2008931 11.0357787,16.0341366 M12,13 C13.6568542,13 15,11.6568542 15,10 C15,8.34314575 13.6568542,7 12,7 C10.3431458,7 9,8.34314575 9,10 C9,11.6568542 10.3431458,13 12,13 Z M17.1111111,20.2222222 C18.8293303,20.2222222 20.2222222,18.8293303 20.2222222,17.1111111 C20.2222222,15.3928919 18.8293303,14 17.1111111,14 C15.3928919,14 14,15.3928919 14,17.1111111 C14,18.8293303 15.3928919,20.2222222 17.1111111,20.2222222 Z M19.312803,19.3129462 L21,21\"\/><\/svg><\/span><\/div><\/div>[\/vc_column][vc_column width=&#8220;5\/6&#8243; css=&#8220;.vc_custom_1611482334859{padding-left: 50px !important;}&#8220;]<div id=\"H2\" class=\"pix-heading-el text-left  vc_custom_1618836049894\"><h2 class=\"text-primary font-weight-bold h2 heading-text el-title_custom_color mb-12\" style=\"\" data-anim-type=\"\" data-anim-delay=\"0\">Versicherungsuntersuchungen<\/h2><\/div><div id=\"H3\" class=\"pix-heading-el text-left  vc_custom_1618836058602\"><div class=\"d-inline-block\" style=\"max-width:730px;\"><h3 class=\"text-secondary font-weight-bold h3 heading-text el-title_custom_color mb-12\" style=\"\" data-anim-type=\"\" data-anim-delay=\"0\">Einschr\u00e4nken des Betrugsrisikos<\/h3><\/div><\/div>[vc_column_text]Die Verh\u00fctung und Bek\u00e4mpfung von Betrug bei Unf\u00e4llen, Diebstahl und Besch\u00e4digung usw. sowie die Entsch\u00e4digung f\u00fcr Krankheiten oder Verletzungen beginnt mit dem Abrufen von Informationen durch eine genaue dokumentarische Analyse.<\/p>\r\n<p>Die Ermittlungst\u00e4tigkeiten von Caledonia finden mit Inspektionen vor Ort statt, die darauf abzielen, Reputationsinformationen \u00fcber Unternehmen oder Personen zu sammeln, um objektive und subjektive Zusammenh\u00e4nge wie Verwandtschaftsgrade zwischen den betroffenen Personen, H\u00e4ufigkeit von Anspr\u00fcchen, wiederholte Konsultation von Fachleuten wie \u00c4rzten, Experten oder Berater aufzudecken. Der spezialisierte Ansatz erm\u00f6glicht es Caledonia, bei jeder Ermittlung den h\u00f6chsten Grad an detaillierten Informationen zu erzielen.<\/p>\r\n<p>Versicherungsuntersuchungen stellen f\u00fcr Versicherungsunternehmen einen konkreten Wettbewerbsvorteil bei der Verh\u00fctung und Minderung von Gesch\u00e4ftsrisiken zum Schutz des Unternehmensverm\u00f6gens dar.<br \/>\r\n[\/vc_column_text][\/vc_column][\/vc_row][\/vc_section]<\/p>\r\n<\/div>","protected":false},"excerpt":{"rendered":"[vc_section full_width=&#8220;stretch_row&#8220; content_placement=&#8220;middle&#8220; fade_in_opacity=&#8220;pix-opacity-7&#8243; pix_over_visibility=&#8220;&#8220; pix_overlay_color=&#8220;black&#8220; css=&#8220;.vc_custom_1710865528573{background-color: #ffffff !important;}&#8220; pix_overlay_opacity=&#8220;1&#8243; b_custom_height=&#8220;300px&#8220; fade_in_intro=&#8220;16564&#8243;][vc_row pix_particles_check=&#8220;&#8220; responsive_css=&#8220;{&#8222;pix_res_sm_pt&#8222;:&#8222;0px&#8222;,&#8222;pix_res_md_pt&#8222;:&#8222;0px&#8222;}&#8220; css=&#8220;.vc_custom_1612279196503{padding-top: 150px !important;padding-bottom: 70px !important;}&#8220;][vc_column css=&#8220;.vc_custom_1611481106197{padding-top: 20px !important;padding-bottom: 20px !important;}&#8220;][\/vc_column][\/vc_row][\/vc_section][vc_section full_width=&#8220;stretch_row&#8220; pix_over_visibility=&#8220;&#8220; css=&#8220;.vc_custom_1611481625985{background-color: #f8f9fa !important;}&#8220; fade_in_intro=&#8220;14052&#8243;][vc_row full_width=&#8220;stretch_row&#8220; gap=&#8220;35&#8243; content_placement=&#8220;top&#8220; pix_particles_check=&#8220;&#8220; css=&#8220;.vc_custom_1611481444397{padding-top: 70px !important;padding-bottom: 75px !important;}&#8220;][vc_column width=&#8220;1\/2&#8243;][vc_column_text]&#8230;","protected":false},"author":1,"featured_media":0,"parent":16202,"menu_order":0,"comment_status":"closed","ping_status":"closed","template":"","meta":{"inline_featured_image":false,"_monsterinsights_skip_tracking":false,"_monsterinsights_sitenote_active":false,"_monsterinsights_sitenote_note":"","_monsterinsights_sitenote_category":0,"footnotes":""},"class_list":["post-16195","page","type-page","status-publish","hentry"],"yoast_head":"<!-- This site is optimized with the Yoast SEO plugin v26.8 - https:\/\/yoast.com\/product\/yoast-seo-wordpress\/ -->\n<title>Caledonia Spa, Versicherungsuntersuchungen<\/title>\n<meta name=\"description\" content=\"Caledonia Spa f\u00fchrt Versicherungsuntersuchungen durch, die Versicherungsunternehmen gezielte Unterst\u00fctzung gegen Betrug bieten.\" \/>\n<meta name=\"robots\" content=\"index, follow, max-snippet:-1, max-image-preview:large, max-video-preview:-1\" \/>\n<link rel=\"canonical\" href=\"https:\/\/www.caledoniasagl.ch\/de\/ermittlungen\/versicherungsuntersuchungen\/\" \/>\n<meta property=\"og:locale\" content=\"de_DE\" \/>\n<meta property=\"og:type\" content=\"article\" \/>\n<meta property=\"og:title\" content=\"Caledonia Spa, Versicherungsuntersuchungen\" \/>\n<meta property=\"og:description\" content=\"Caledonia Spa f\u00fchrt Versicherungsuntersuchungen durch, die Versicherungsunternehmen gezielte Unterst\u00fctzung gegen Betrug bieten.\" \/>\n<meta property=\"og:url\" content=\"https:\/\/www.caledoniasagl.ch\/de\/ermittlungen\/versicherungsuntersuchungen\/\" \/>\n<meta property=\"og:site_name\" content=\"Caledonia Switzerland Sagl\" \/>\n<meta property=\"article:modified_time\" content=\"2024-03-19T16:25:31+00:00\" \/>\n<meta name=\"twitter:card\" content=\"summary_large_image\" \/>\n<meta name=\"twitter:label1\" content=\"Gesch\u00e4tzte Lesezeit\" \/>\n\t<meta name=\"twitter:data1\" content=\"3\u00a0Minuten\" \/>\n<script type=\"application\/ld+json\" class=\"yoast-schema-graph\">{\"@context\":\"https:\/\/schema.org\",\"@graph\":[{\"@type\":\"WebPage\",\"@id\":\"https:\/\/www.caledoniasagl.ch\/de\/ermittlungen\/versicherungsuntersuchungen\/\",\"url\":\"https:\/\/www.caledoniasagl.ch\/de\/ermittlungen\/versicherungsuntersuchungen\/\",\"name\":\"Caledonia Spa, Versicherungsuntersuchungen\",\"isPartOf\":{\"@id\":\"https:\/\/www.caledoniasagl.ch\/de\/#website\"},\"datePublished\":\"2021-01-26T16:50:58+00:00\",\"dateModified\":\"2024-03-19T16:25:31+00:00\",\"description\":\"Caledonia Spa f\u00fchrt Versicherungsuntersuchungen durch, die Versicherungsunternehmen gezielte Unterst\u00fctzung gegen Betrug bieten.\",\"breadcrumb\":{\"@id\":\"https:\/\/www.caledoniasagl.ch\/de\/ermittlungen\/versicherungsuntersuchungen\/#breadcrumb\"},\"inLanguage\":\"de\",\"potentialAction\":[{\"@type\":\"ReadAction\",\"target\":[\"https:\/\/www.caledoniasagl.ch\/de\/ermittlungen\/versicherungsuntersuchungen\/\"]}]},{\"@type\":\"BreadcrumbList\",\"@id\":\"https:\/\/www.caledoniasagl.ch\/de\/ermittlungen\/versicherungsuntersuchungen\/#breadcrumb\",\"itemListElement\":[{\"@type\":\"ListItem\",\"position\":1,\"name\":\"Ermittlungen\",\"item\":\"https:\/\/www.caledoniasagl.ch\/de\/ermittlungen\/\"},{\"@type\":\"ListItem\",\"position\":2,\"name\":\"Versicherungsuntersuchungen\"}]},{\"@type\":\"WebSite\",\"@id\":\"https:\/\/www.caledoniasagl.ch\/de\/#website\",\"url\":\"https:\/\/www.caledoniasagl.ch\/de\/\",\"name\":\"Caledonia Switzerland Sagl\",\"description\":\"Protect Your Interests\",\"publisher\":{\"@id\":\"https:\/\/www.caledoniasagl.ch\/de\/#organization\"},\"potentialAction\":[{\"@type\":\"SearchAction\",\"target\":{\"@type\":\"EntryPoint\",\"urlTemplate\":\"https:\/\/www.caledoniasagl.ch\/de\/?s={search_term_string}\"},\"query-input\":{\"@type\":\"PropertyValueSpecification\",\"valueRequired\":true,\"valueName\":\"search_term_string\"}}],\"inLanguage\":\"de\"},{\"@type\":\"Organization\",\"@id\":\"https:\/\/www.caledoniasagl.ch\/de\/#organization\",\"name\":\"Caledonia Switzerland Sagl\",\"url\":\"https:\/\/www.caledoniasagl.ch\/de\/\",\"logo\":{\"@type\":\"ImageObject\",\"inLanguage\":\"de\",\"@id\":\"https:\/\/www.caledoniasagl.ch\/de\/#\/schema\/logo\/image\/\",\"url\":\"https:\/\/www.caledoniasagl.ch\/wp-content\/uploads\/logo.svg\",\"contentUrl\":\"https:\/\/www.caledoniasagl.ch\/wp-content\/uploads\/logo.svg\",\"caption\":\"Caledonia Switzerland Sagl\"},\"image\":{\"@id\":\"https:\/\/www.caledoniasagl.ch\/de\/#\/schema\/logo\/image\/\"},\"sameAs\":[\"https:\/\/it.linkedin.com\/company\/caledonia-s-p-a\"]}]}<\/script>\n<!-- \/ Yoast SEO plugin. -->","yoast_head_json":{"title":"Caledonia Spa, Versicherungsuntersuchungen","description":"Caledonia Spa f\u00fchrt Versicherungsuntersuchungen durch, die Versicherungsunternehmen gezielte Unterst\u00fctzung gegen Betrug bieten.","robots":{"index":"index","follow":"follow","max-snippet":"max-snippet:-1","max-image-preview":"max-image-preview:large","max-video-preview":"max-video-preview:-1"},"canonical":"https:\/\/www.caledoniasagl.ch\/de\/ermittlungen\/versicherungsuntersuchungen\/","og_locale":"de_DE","og_type":"article","og_title":"Caledonia Spa, Versicherungsuntersuchungen","og_description":"Caledonia Spa f\u00fchrt Versicherungsuntersuchungen durch, die Versicherungsunternehmen gezielte Unterst\u00fctzung gegen Betrug bieten.","og_url":"https:\/\/www.caledoniasagl.ch\/de\/ermittlungen\/versicherungsuntersuchungen\/","og_site_name":"Caledonia Switzerland Sagl","article_modified_time":"2024-03-19T16:25:31+00:00","twitter_card":"summary_large_image","twitter_misc":{"Gesch\u00e4tzte Lesezeit":"3\u00a0Minuten"},"schema":{"@context":"https:\/\/schema.org","@graph":[{"@type":"WebPage","@id":"https:\/\/www.caledoniasagl.ch\/de\/ermittlungen\/versicherungsuntersuchungen\/","url":"https:\/\/www.caledoniasagl.ch\/de\/ermittlungen\/versicherungsuntersuchungen\/","name":"Caledonia Spa, Versicherungsuntersuchungen","isPartOf":{"@id":"https:\/\/www.caledoniasagl.ch\/de\/#website"},"datePublished":"2021-01-26T16:50:58+00:00","dateModified":"2024-03-19T16:25:31+00:00","description":"Caledonia Spa f\u00fchrt Versicherungsuntersuchungen durch, die Versicherungsunternehmen gezielte Unterst\u00fctzung gegen Betrug bieten.","breadcrumb":{"@id":"https:\/\/www.caledoniasagl.ch\/de\/ermittlungen\/versicherungsuntersuchungen\/#breadcrumb"},"inLanguage":"de","potentialAction":[{"@type":"ReadAction","target":["https:\/\/www.caledoniasagl.ch\/de\/ermittlungen\/versicherungsuntersuchungen\/"]}]},{"@type":"BreadcrumbList","@id":"https:\/\/www.caledoniasagl.ch\/de\/ermittlungen\/versicherungsuntersuchungen\/#breadcrumb","itemListElement":[{"@type":"ListItem","position":1,"name":"Ermittlungen","item":"https:\/\/www.caledoniasagl.ch\/de\/ermittlungen\/"},{"@type":"ListItem","position":2,"name":"Versicherungsuntersuchungen"}]},{"@type":"WebSite","@id":"https:\/\/www.caledoniasagl.ch\/de\/#website","url":"https:\/\/www.caledoniasagl.ch\/de\/","name":"Caledonia Switzerland Sagl","description":"Protect Your Interests","publisher":{"@id":"https:\/\/www.caledoniasagl.ch\/de\/#organization"},"potentialAction":[{"@type":"SearchAction","target":{"@type":"EntryPoint","urlTemplate":"https:\/\/www.caledoniasagl.ch\/de\/?s={search_term_string}"},"query-input":{"@type":"PropertyValueSpecification","valueRequired":true,"valueName":"search_term_string"}}],"inLanguage":"de"},{"@type":"Organization","@id":"https:\/\/www.caledoniasagl.ch\/de\/#organization","name":"Caledonia Switzerland Sagl","url":"https:\/\/www.caledoniasagl.ch\/de\/","logo":{"@type":"ImageObject","inLanguage":"de","@id":"https:\/\/www.caledoniasagl.ch\/de\/#\/schema\/logo\/image\/","url":"https:\/\/www.caledoniasagl.ch\/wp-content\/uploads\/logo.svg","contentUrl":"https:\/\/www.caledoniasagl.ch\/wp-content\/uploads\/logo.svg","caption":"Caledonia Switzerland Sagl"},"image":{"@id":"https:\/\/www.caledoniasagl.ch\/de\/#\/schema\/logo\/image\/"},"sameAs":["https:\/\/it.linkedin.com\/company\/caledonia-s-p-a"]}]}},"_links":{"self":[{"href":"https:\/\/www.caledoniasagl.ch\/de\/wp-json\/wp\/v2\/pages\/16195","targetHints":{"allow":["GET"]}}],"collection":[{"href":"https:\/\/www.caledoniasagl.ch\/de\/wp-json\/wp\/v2\/pages"}],"about":[{"href":"https:\/\/www.caledoniasagl.ch\/de\/wp-json\/wp\/v2\/types\/page"}],"author":[{"embeddable":true,"href":"https:\/\/www.caledoniasagl.ch\/de\/wp-json\/wp\/v2\/users\/1"}],"replies":[{"embeddable":true,"href":"https:\/\/www.caledoniasagl.ch\/de\/wp-json\/wp\/v2\/comments?post=16195"}],"version-history":[{"count":3,"href":"https:\/\/www.caledoniasagl.ch\/de\/wp-json\/wp\/v2\/pages\/16195\/revisions"}],"predecessor-version":[{"id":16601,"href":"https:\/\/www.caledoniasagl.ch\/de\/wp-json\/wp\/v2\/pages\/16195\/revisions\/16601"}],"up":[{"embeddable":true,"href":"https:\/\/www.caledoniasagl.ch\/de\/wp-json\/wp\/v2\/pages\/16202"}],"wp:attachment":[{"href":"https:\/\/www.caledoniasagl.ch\/de\/wp-json\/wp\/v2\/media?parent=16195"}],"curies":[{"name":"wp","href":"https:\/\/api.w.org\/{rel}","templated":true}]}}