{"id":16206,"date":"2020-12-16T14:39:32","date_gmt":"2020-12-16T13:39:32","guid":{"rendered":"https:\/\/www.caledoniasagl.ch\/rintraccio-e-recupero-beni\/"},"modified":"2021-11-19T11:38:08","modified_gmt":"2021-11-19T10:38:08","slug":"verfolgung-und-einforderung-von-vermoegenswerten","status":"publish","type":"page","link":"https:\/\/www.caledoniasagl.ch\/de\/kreditbewahrung\/verfolgung-und-einforderung-von-vermoegenswerten\/","title":{"rendered":"Verfolgung und Einforderung von Verm\u00f6genswerten"},"content":{"rendered":"<div class=\"wpb-content-wrapper\"><p>[vc_section full_width=&#8220;stretch_row&#8220; content_placement=&#8220;middle&#8220; fade_in_opacity=&#8220;pix-opacity-6&#8243; pix_over_visibility=&#8220;&#8220; pix_overlay_color=&#8220;black&#8220; css=&#8220;.vc_custom_1616514978402{background-color: #ffffff !important;}&#8220; pix_overlay_opacity=&#8220;1&#8243; b_custom_height=&#8220;300px&#8220; fade_in_intro=&#8220;15570&#8243;][vc_row pix_particles_check=&#8220;&#8220; responsive_css=&#8220;{&#8222;pix_res_sm_pt&#8222;:&#8222;0px&#8222;,&#8222;pix_res_md_pt&#8222;:&#8222;0px&#8222;}&#8220; css=&#8220;.vc_custom_1612279053087{padding-top: 150px !important;padding-bottom: 70px !important;}&#8220;][vc_column css=&#8220;.vc_custom_1589595508057{padding-top: 20px !important;padding-bottom: 20px !important;}&#8220;]<div id=\"H1\" class=\"pix-heading-el text-left  vc_custom_1637317892971\"><div class=\"d-inline-block\" style=\"max-width:950px;\"><h1 class=\"text-white font-weight-bold h1 animate-in heading-text el-title_custom_color mb-12\" style=\"\" data-anim-type=\"fade-in\" data-anim-delay=\"200\">Verfolgung und Einforderung von Verm\u00f6genswerten und Fahrzeugen in der Schweiz, Italien und im Ausland<\/h1><\/div><\/div><div class=\"pix-el-text w-100   vc_custom_1618838798929\" ><div class=\"d-inline-block\" style=\"max-width:950px;\"><p class=\"text-24  text-white  \" ><span class=\"text-white animate-in d-inline-block\" data-anim-delay=\"400\" data-anim-type=\"fade-in-up\">Caledonia steht Privatpersonen und Unternehmen als Partner beim Schutz und bei der Einforderung von Verm\u00f6genswerten mithilfe von Untersuchungen und Ermittlungen zur Seite.<\/span><\/p><\/div><\/div><a  href=\"https:\/\/www.caledoniasagl.ch\/de\/kontakte\/\" class=\"btn mb-2    vc_custom_1618837104487  shadow-sm shadow-hover-sm text-primary btn-white d-inline-flex align-items-center pix-hover-item       btn-md\"     ><span class=\"font-weight-bold \" >Kontaktieren Sie uns<\/span><svg class=\"pixfort-icon font-weight-bold  pix-hover-right  ml-2\" width=\"24\" height=\"24\"  data-name=\"Line\/pixfort-icon-arrow-right-2\" viewBox=\"2 2 20 20\"><polyline fill=\"none\" stroke=\"var(--pf-icon-color)\" stroke-linecap=\"round\" stroke-linejoin=\"round\" stroke-width=\"var(--pf-icon-stroke-width)\" points=\"9.5 17 14.5 12 9.5 7\"\/><\/svg><\/a>[\/vc_column][\/vc_row][\/vc_section][vc_section full_width=&#8220;stretch_row&#8220; pix_over_visibility=&#8220;&#8220; css=&#8220;.vc_custom_1611335549565{background-color: #f8f9fa !important;}&#8220; fade_in_intro=&#8220;14052&#8243;][vc_row full_width=&#8220;stretch_row&#8220; gap=&#8220;35&#8243; content_placement=&#8220;top&#8220; pix_particles_check=&#8220;&#8220; css=&#8220;.vc_custom_1611335631854{padding-top: 70px !important;padding-bottom: 75px !important;}&#8220;][vc_column width=&#8220;1\/2&#8243; css=&#8220;.vc_custom_1612437004346{padding-bottom: 35px !important;}&#8220;][vc_column_text]<\/p>\r\n<h2><strong>Wurde Ihnen Privat- oder Unternehmensverm\u00f6gen gestohlen?<\/strong><br \/>\r\n<strong>Mit Caledonia sind Ihre Verm\u00f6genswerte sicher.<\/strong><\/h2>\r\n<p>[\/vc_column_text][vc_separator color=&#8220;custom&#8220; align=&#8220;align_left&#8220; border_width=&#8220;3&#8243; accent_color=&#8220;#3dc4f2&#8243;][\/vc_column][vc_column width=&#8220;1\/2&#8243;][vc_column_text]<\/p>\r\n<p><strong>Caledonia hat ein hohes Ma\u00df an Spezialisierung auf die Verfolgung und Einforderung von Verm\u00f6genswerten entwickelt, um Ihre Interessen besser zu sch\u00fctzen. Die operativen Ma\u00dfnahmen sehen unterschiedliche Strategien vor, die auf Ihre Bed\u00fcrfnisse zugeschnitten sind.<\/strong><br \/>\r\n<strong>Die kombinierten Beitreibungs- und Ermittlungst\u00e4tigkeiten gew\u00e4hrleisten maximale Aktualit\u00e4t und Effektivit\u00e4t bei der Sicherung Ihres Verm\u00f6gens.<\/strong><br \/>\r\n<strong>Die direkte \u00dcberwachung der Region und die kapillare Ausdehnung unseres Netzwerks von Fachleuten sind entscheidende Faktoren bei der Verfolgung und Einforderung von Verm\u00f6genswerten.<\/strong><br \/>\r\n<strong>Caledonia setzt bei all seinen T\u00e4tigkeiten auf maximale Transparenz der Informationen und informiert den Kunden st\u00e4ndig \u00fcber jede au\u00dfergerichtliche oder gerichtliche Phase der Einforderung.<\/strong><\/p>\r\n<p>[\/vc_column_text][\/vc_column][\/vc_row][\/vc_section][vc_section full_width=&#8220;stretch_row&#8220; pix_over_visibility=&#8220;&#8220; css=&#8220;.vc_custom_1611335701561{padding-bottom: 100px !important;background-color: #ffffff !important;}&#8220;][vc_row full_width=&#8220;stretch_row&#8220; gap=&#8220;35&#8243; content_placement=&#8220;top&#8220; pix_particles_check=&#8220;&#8220; css=&#8220;.vc_custom_1611335783115{padding-top: 80px !important;padding-bottom: 35px !important;}&#8220;][vc_column width=&#8220;1\/6&#8243; content_align=&#8220;text-center&#8220; css=&#8220;.vc_custom_1608128772386{padding-right: 40px !important;padding-left: 20px !important;}&#8220;]<div id=\"duo-icon-14458767\" class=\"pix-icon text-left  vc_custom_1611335749688\"><div class=\"pix-icon-bg rounded-circle feature_img position-relative d-inline-flex align-items-center justify-content-center bg-secondary shadow-sm\"   style=\" width:153px;height:153px;position:relative;line-height:153px;text-align:center;\"><span style=\"font-size:85px;line-height:85px;\" class=\"text-white d-inline-flex align-middle\"><svg class=\"pixfort-icon \" width=\"85\" height=\"85\"  data-name=\"Line\/pixfort-icon-car-cedan-1\" viewBox=\"2 2 20 20\"><g  stroke=\"none\" stroke-width=\"var(--pf-icon-stroke-width)\" fill=\"none\" fill-rule=\"evenodd\" stroke-linecap=\"round\" stroke-linejoin=\"round\"><path d=\"M17,15 L8,15 M6,15 L4.08890979,15 C3.53662504,15 3.08890979,14.5522847 3.08890979,14 C3.08890979,13.9716377 3.09011642,13.9432882 3.09252642,13.9150284 L3.30885466,11.3783474 L3.30885466,11.3783474 C5.62312267,10.8333159 7.60313631,9.3783474 11.0180664,9.3783474 C15.0180664,9.3783474 15.084447,10.9027928 17.0180664,11.2519911 C18.6042452,11.538444 19.9239549,11.8306595 21.0180664,12.6027231 L21.007536,14.0000284 C21.0033648,14.5535123 20.5534996,15 20,15 L19,15 M7,16 C7.55228475,16 8,15.5522847 8,15 C8,14.4477153 7.55228475,14 7,14 C6.44771525,14 6,14.4477153 6,15 C6,15.5522847 6.44771525,16 7,16 Z M18,16 C18.5522847,16 19,15.5522847 19,15 C19,14.4477153 18.5522847,14 18,14 C17.4477153,14 17,14.4477153 17,15 C17,15.5522847 17.4477153,16 18,16 Z\"  stroke=\"var(--pf-icon-color)\" stroke-width=\"var(--pf-icon-stroke-width)\"><\/path><\/g><\/svg><\/span><\/div><\/div>[\/vc_column][vc_column width=&#8220;5\/6&#8243; css=&#8220;.vc_custom_1611336170679{padding-left: 50px !important;}&#8220;]<div id=\"H2\" class=\"pix-heading-el text-left  vc_custom_1618837175013\"><h2 class=\"text-primary font-weight-bold h2 heading-text el-title_custom_color mb-12\" style=\"\" data-anim-type=\"\" data-anim-delay=\"0\">Einforderung von Verm\u00f6genswerten und Fahrzeugen in der au\u00dfergerichtlichen Phase<\/h2><\/div><div id=\"H3\" class=\"pix-heading-el text-left  vc_custom_1618837182216\"><h3 class=\"text-secondary font-weight-bold h3 heading-text el-title_custom_color mb-12\" style=\"\" data-anim-type=\"\" data-anim-delay=\"0\">Vermeidung und Minimierung von Risiken<\/h3><\/div>[vc_column_text]<\/p>\r\n<p>Bei der au\u00dfergerichtlichen Strategie zur Einforderung von Verm\u00f6genswerten und Fahrzeugen geht es um maximale Aktualit\u00e4t und Effektivit\u00e4t der Intervention, wobei die Risiken und Kosten einer Klage vermieden werden. Ein spezialisiertes Team f\u00fchrt eine sorgf\u00e4ltige Untersuchung durch, um Informationen und Dokumenten Dokumentenanalysen zu erhalten. Jede T\u00e4tigkeit in der Region wird durch Backoffice-T\u00e4tigkeiten zur st\u00e4ndigen \u00dcberwachung der Intervention unterst\u00fctzt, um die Einforderungsstrategie an die unterschiedlichen Umst\u00e4nde anzupassen.<\/p>\r\n<p>Die Einforderung von Verm\u00f6genswerten in der au\u00dfergerichtlichen Phase garantiert ein sofortiges Eingreifen, um das Risiko einer Verschleierung oder eines Verfalls zu verringern. Alle Phasen der Untersuchung, Einforderung und R\u00fcckf\u00fchrung von Verm\u00f6genswerten im In- und Ausland werden direkt von Caledonia und ohne Vermittler verwaltet, um stets die vollst\u00e4ndige Kontrolle \u00fcber die T\u00e4tigkeiten zu haben.<\/p>\r\n<p>Caledonia bietet dar\u00fcber hinaus logistische T\u00e4tigkeiten zur Erhaltung von Verm\u00f6genswerten in einem Lagerhaus an, das mit modernsten Sicherheitssystemen ausgestattet ist.<\/p>\r\n<p>[\/vc_column_text][\/vc_column][\/vc_row][vc_row pix_particles_check=&#8220;&#8220;][vc_column][vc_separator border_width=&#8220;2&#8243;][\/vc_column][\/vc_row][vc_row full_width=&#8220;stretch_row&#8220; gap=&#8220;35&#8243; content_placement=&#8220;top&#8220; pix_particles_check=&#8220;&#8220; css=&#8220;.vc_custom_1611335812419{padding-top: 35px !important;}&#8220;][vc_column width=&#8220;1\/6&#8243; content_align=&#8220;text-center&#8220; css=&#8220;.vc_custom_1611335802970{padding-right: 40px !important;padding-left: 20px !important;}&#8220;]<div id=\"duo-icon-83339307\" class=\"pix-icon text-left  vc_custom_1611335796065\"><div class=\"pix-icon-bg rounded-circle feature_img position-relative d-inline-flex align-items-center justify-content-center bg-secondary shadow-sm\"   style=\" width:153px;height:153px;position:relative;line-height:153px;text-align:center;\"><span style=\"font-size:85px;line-height:85px;\" class=\"text-white d-inline-flex align-middle\"><svg class=\"pixfort-icon \" width=\"85\" height=\"85\"  data-name=\"Line\/pixfort-icon-balance-1\" viewBox=\"2 2 20 20\"><path fill=\"none\" stroke=\"var(--pf-icon-color)\" stroke-linecap=\"round\" stroke-linejoin=\"round\" stroke-width=\"var(--pf-icon-stroke-width)\" d=\"M5.5,15.5 C6.88071187,15.5 8,14.3807119 8,13 C8,11.6192881 3,11.6192881 3,13 C3,14.3807119 4.11928813,15.5 5.5,15.5 Z M18.5,11.5 C19.8807119,11.5 21,10.3807119 21,9 C21,7.61928813 16,7.61928813 16,9 C16,10.3807119 17.1192881,11.5 18.5,11.5 Z M12,5 L12,18 M5.5,7 L18.5,3 M12,6 C12.5522847,6 13,5.55228475 13,5 C13,4.44771525 12.5522847,4 12,4 C11.4477153,4 11,4.44771525 11,5 C11,5.55228475 11.4477153,6 12,6 Z M3,13 L5.5,7 L8,13 M16,9 L18.5,3 L21,9 M12,21 C14.7614237,21 17,20.3284271 17,19.5 C17,18.6715729 14.7614237,18 12,18 C9.23857625,18 7,18.6715729 7,19.5 C7,20.3284271 9.23857625,21 12,21 Z\"\/><\/svg><\/span><\/div><\/div>[\/vc_column][vc_column width=&#8220;5\/6&#8243; css=&#8220;.vc_custom_1611336180770{padding-left: 50px !important;}&#8220;]<div id=\"H2\" class=\"pix-heading-el text-left  vc_custom_1618837227900\"><h2 class=\"text-primary font-weight-bold h2 heading-text el-title_custom_color mb-12\" style=\"\" data-anim-type=\"\" data-anim-delay=\"0\">Einforderung von Verm\u00f6genswerten und Fahrzeugen in der gerichtlichen Phase<\/h2><\/div><div id=\"H3\" class=\"pix-heading-el text-left  vc_custom_1618837237946\"><h3 class=\"text-secondary font-weight-bold h3 heading-text el-title_custom_color mb-12\" style=\"\" data-anim-type=\"\" data-anim-delay=\"0\">Verwaltung jeder Phase der Verfolgung und Einforderung<\/h3><\/div>[vc_column_text]<\/p>\r\n<p>Wenn ein Verm\u00f6genswert gestohlen wird, unterst\u00fctzt Caledonia seine Kunden auch in der gerichtlichen Phase. Caledonia \u00fcberwacht durchgehend die Position des Verm\u00f6genswerts auf nationalem, europ\u00e4ischem und au\u00dfereurop\u00e4ischem Gebiet und arbeitet mit den Beh\u00f6rden zusammen, um zeitnah die Einforderung und die anschlie\u00dfende R\u00fcckf\u00fchrung zu organisieren.<br \/>\r\nJeder Schritt des heiklen Gerichtsverfahrens wird dank der Fachkenntnisse der Mitarbeiter von Caledonia in technisch-rechtlichen Angelegenheiten proaktiv verwaltet.<\/p>\r\n<p>[\/vc_column_text][\/vc_column][\/vc_row][\/vc_section]<\/p>\r\n<\/div>","protected":false},"excerpt":{"rendered":"[vc_section full_width=&#8220;stretch_row&#8220; content_placement=&#8220;middle&#8220; fade_in_opacity=&#8220;pix-opacity-6&#8243; pix_over_visibility=&#8220;&#8220; pix_overlay_color=&#8220;black&#8220; css=&#8220;.vc_custom_1616514978402{background-color: #ffffff !important;}&#8220; pix_overlay_opacity=&#8220;1&#8243; b_custom_height=&#8220;300px&#8220; fade_in_intro=&#8220;15570&#8243;][vc_row pix_particles_check=&#8220;&#8220; responsive_css=&#8220;{&#8222;pix_res_sm_pt&#8222;:&#8222;0px&#8222;,&#8222;pix_res_md_pt&#8222;:&#8222;0px&#8222;}&#8220; css=&#8220;.vc_custom_1612279053087{padding-top: 150px !important;padding-bottom: 70px !important;}&#8220;][vc_column css=&#8220;.vc_custom_1589595508057{padding-top: 20px !important;padding-bottom: 20px !important;}&#8220;][\/vc_column][\/vc_row][\/vc_section][vc_section full_width=&#8220;stretch_row&#8220; pix_over_visibility=&#8220;&#8220; css=&#8220;.vc_custom_1611335549565{background-color: #f8f9fa !important;}&#8220; fade_in_intro=&#8220;14052&#8243;][vc_row full_width=&#8220;stretch_row&#8220; gap=&#8220;35&#8243; content_placement=&#8220;top&#8220; pix_particles_check=&#8220;&#8220; css=&#8220;.vc_custom_1611335631854{padding-top: 70px !important;padding-bottom: 75px !important;}&#8220;][vc_column width=&#8220;1\/2&#8243;&#8230;","protected":false},"author":1,"featured_media":0,"parent":16214,"menu_order":0,"comment_status":"closed","ping_status":"closed","template":"","meta":{"inline_featured_image":false,"_monsterinsights_skip_tracking":false,"_monsterinsights_sitenote_active":false,"_monsterinsights_sitenote_note":"","_monsterinsights_sitenote_category":0,"footnotes":""},"class_list":["post-16206","page","type-page","status-publish","hentry"],"yoast_head":"<!-- This site is optimized with the Yoast SEO plugin v26.8 - https:\/\/yoast.com\/product\/yoast-seo-wordpress\/ -->\n<title>Verfolgung und Einforderung von Verm\u00f6genswerten undFahrzeugen<\/title>\n<meta name=\"description\" content=\"Caledonia SpA unterst\u00fctzt Leasingunternehmen als Partner bei der R\u00fcckverfolgung und R\u00fcckgewinnung von Unternehmensverm\u00f6gen und -fahrzeugen.\" \/>\n<meta name=\"robots\" content=\"index, follow, max-snippet:-1, max-image-preview:large, max-video-preview:-1\" \/>\n<link rel=\"canonical\" href=\"https:\/\/www.caledoniasagl.ch\/de\/kreditbewahrung\/verfolgung-und-einforderung-von-vermoegenswerten\/\" \/>\n<meta property=\"og:locale\" content=\"de_DE\" \/>\n<meta property=\"og:type\" content=\"article\" \/>\n<meta property=\"og:title\" content=\"Verfolgung und Einforderung von Verm\u00f6genswerten undFahrzeugen\" \/>\n<meta property=\"og:description\" content=\"Caledonia SpA unterst\u00fctzt Leasingunternehmen als Partner bei der R\u00fcckverfolgung und R\u00fcckgewinnung von Unternehmensverm\u00f6gen und -fahrzeugen.\" \/>\n<meta property=\"og:url\" content=\"https:\/\/www.caledoniasagl.ch\/de\/kreditbewahrung\/verfolgung-und-einforderung-von-vermoegenswerten\/\" \/>\n<meta property=\"og:site_name\" content=\"Caledonia Switzerland Sagl\" \/>\n<meta property=\"article:modified_time\" content=\"2021-11-19T10:38:08+00:00\" \/>\n<meta name=\"twitter:card\" content=\"summary_large_image\" \/>\n<meta name=\"twitter:label1\" content=\"Gesch\u00e4tzte Lesezeit\" \/>\n\t<meta name=\"twitter:data1\" content=\"3\u00a0Minuten\" \/>\n<script type=\"application\/ld+json\" class=\"yoast-schema-graph\">{\"@context\":\"https:\/\/schema.org\",\"@graph\":[{\"@type\":\"WebPage\",\"@id\":\"https:\/\/www.caledoniasagl.ch\/de\/kreditbewahrung\/verfolgung-und-einforderung-von-vermoegenswerten\/\",\"url\":\"https:\/\/www.caledoniasagl.ch\/de\/kreditbewahrung\/verfolgung-und-einforderung-von-vermoegenswerten\/\",\"name\":\"Verfolgung und Einforderung von Verm\u00f6genswerten undFahrzeugen\",\"isPartOf\":{\"@id\":\"https:\/\/www.caledoniasagl.ch\/de\/#website\"},\"datePublished\":\"2020-12-16T13:39:32+00:00\",\"dateModified\":\"2021-11-19T10:38:08+00:00\",\"description\":\"Caledonia SpA unterst\u00fctzt Leasingunternehmen als Partner bei der R\u00fcckverfolgung und R\u00fcckgewinnung von Unternehmensverm\u00f6gen und -fahrzeugen.\",\"breadcrumb\":{\"@id\":\"https:\/\/www.caledoniasagl.ch\/de\/kreditbewahrung\/verfolgung-und-einforderung-von-vermoegenswerten\/#breadcrumb\"},\"inLanguage\":\"de\",\"potentialAction\":[{\"@type\":\"ReadAction\",\"target\":[\"https:\/\/www.caledoniasagl.ch\/de\/kreditbewahrung\/verfolgung-und-einforderung-von-vermoegenswerten\/\"]}]},{\"@type\":\"BreadcrumbList\",\"@id\":\"https:\/\/www.caledoniasagl.ch\/de\/kreditbewahrung\/verfolgung-und-einforderung-von-vermoegenswerten\/#breadcrumb\",\"itemListElement\":[{\"@type\":\"ListItem\",\"position\":1,\"name\":\"Kreditbewahrung\",\"item\":\"https:\/\/www.caledoniasagl.ch\/de\/kreditbewahrung\/\"},{\"@type\":\"ListItem\",\"position\":2,\"name\":\"Verfolgung und Einforderung von Verm\u00f6genswerten\"}]},{\"@type\":\"WebSite\",\"@id\":\"https:\/\/www.caledoniasagl.ch\/de\/#website\",\"url\":\"https:\/\/www.caledoniasagl.ch\/de\/\",\"name\":\"Caledonia Switzerland Sagl\",\"description\":\"Protect Your Interests\",\"publisher\":{\"@id\":\"https:\/\/www.caledoniasagl.ch\/de\/#organization\"},\"potentialAction\":[{\"@type\":\"SearchAction\",\"target\":{\"@type\":\"EntryPoint\",\"urlTemplate\":\"https:\/\/www.caledoniasagl.ch\/de\/?s={search_term_string}\"},\"query-input\":{\"@type\":\"PropertyValueSpecification\",\"valueRequired\":true,\"valueName\":\"search_term_string\"}}],\"inLanguage\":\"de\"},{\"@type\":\"Organization\",\"@id\":\"https:\/\/www.caledoniasagl.ch\/de\/#organization\",\"name\":\"Caledonia Switzerland Sagl\",\"url\":\"https:\/\/www.caledoniasagl.ch\/de\/\",\"logo\":{\"@type\":\"ImageObject\",\"inLanguage\":\"de\",\"@id\":\"https:\/\/www.caledoniasagl.ch\/de\/#\/schema\/logo\/image\/\",\"url\":\"https:\/\/www.caledoniasagl.ch\/wp-content\/uploads\/logo.svg\",\"contentUrl\":\"https:\/\/www.caledoniasagl.ch\/wp-content\/uploads\/logo.svg\",\"caption\":\"Caledonia Switzerland Sagl\"},\"image\":{\"@id\":\"https:\/\/www.caledoniasagl.ch\/de\/#\/schema\/logo\/image\/\"},\"sameAs\":[\"https:\/\/it.linkedin.com\/company\/caledonia-s-p-a\"]}]}<\/script>\n<!-- \/ Yoast SEO plugin. -->","yoast_head_json":{"title":"Verfolgung und Einforderung von Verm\u00f6genswerten undFahrzeugen","description":"Caledonia SpA unterst\u00fctzt Leasingunternehmen als Partner bei der R\u00fcckverfolgung und R\u00fcckgewinnung von Unternehmensverm\u00f6gen und -fahrzeugen.","robots":{"index":"index","follow":"follow","max-snippet":"max-snippet:-1","max-image-preview":"max-image-preview:large","max-video-preview":"max-video-preview:-1"},"canonical":"https:\/\/www.caledoniasagl.ch\/de\/kreditbewahrung\/verfolgung-und-einforderung-von-vermoegenswerten\/","og_locale":"de_DE","og_type":"article","og_title":"Verfolgung und Einforderung von Verm\u00f6genswerten undFahrzeugen","og_description":"Caledonia SpA unterst\u00fctzt Leasingunternehmen als Partner bei der R\u00fcckverfolgung und R\u00fcckgewinnung von Unternehmensverm\u00f6gen und -fahrzeugen.","og_url":"https:\/\/www.caledoniasagl.ch\/de\/kreditbewahrung\/verfolgung-und-einforderung-von-vermoegenswerten\/","og_site_name":"Caledonia Switzerland Sagl","article_modified_time":"2021-11-19T10:38:08+00:00","twitter_card":"summary_large_image","twitter_misc":{"Gesch\u00e4tzte Lesezeit":"3\u00a0Minuten"},"schema":{"@context":"https:\/\/schema.org","@graph":[{"@type":"WebPage","@id":"https:\/\/www.caledoniasagl.ch\/de\/kreditbewahrung\/verfolgung-und-einforderung-von-vermoegenswerten\/","url":"https:\/\/www.caledoniasagl.ch\/de\/kreditbewahrung\/verfolgung-und-einforderung-von-vermoegenswerten\/","name":"Verfolgung und Einforderung von Verm\u00f6genswerten undFahrzeugen","isPartOf":{"@id":"https:\/\/www.caledoniasagl.ch\/de\/#website"},"datePublished":"2020-12-16T13:39:32+00:00","dateModified":"2021-11-19T10:38:08+00:00","description":"Caledonia SpA unterst\u00fctzt Leasingunternehmen als Partner bei der R\u00fcckverfolgung und R\u00fcckgewinnung von Unternehmensverm\u00f6gen und -fahrzeugen.","breadcrumb":{"@id":"https:\/\/www.caledoniasagl.ch\/de\/kreditbewahrung\/verfolgung-und-einforderung-von-vermoegenswerten\/#breadcrumb"},"inLanguage":"de","potentialAction":[{"@type":"ReadAction","target":["https:\/\/www.caledoniasagl.ch\/de\/kreditbewahrung\/verfolgung-und-einforderung-von-vermoegenswerten\/"]}]},{"@type":"BreadcrumbList","@id":"https:\/\/www.caledoniasagl.ch\/de\/kreditbewahrung\/verfolgung-und-einforderung-von-vermoegenswerten\/#breadcrumb","itemListElement":[{"@type":"ListItem","position":1,"name":"Kreditbewahrung","item":"https:\/\/www.caledoniasagl.ch\/de\/kreditbewahrung\/"},{"@type":"ListItem","position":2,"name":"Verfolgung und Einforderung von Verm\u00f6genswerten"}]},{"@type":"WebSite","@id":"https:\/\/www.caledoniasagl.ch\/de\/#website","url":"https:\/\/www.caledoniasagl.ch\/de\/","name":"Caledonia Switzerland Sagl","description":"Protect Your Interests","publisher":{"@id":"https:\/\/www.caledoniasagl.ch\/de\/#organization"},"potentialAction":[{"@type":"SearchAction","target":{"@type":"EntryPoint","urlTemplate":"https:\/\/www.caledoniasagl.ch\/de\/?s={search_term_string}"},"query-input":{"@type":"PropertyValueSpecification","valueRequired":true,"valueName":"search_term_string"}}],"inLanguage":"de"},{"@type":"Organization","@id":"https:\/\/www.caledoniasagl.ch\/de\/#organization","name":"Caledonia Switzerland Sagl","url":"https:\/\/www.caledoniasagl.ch\/de\/","logo":{"@type":"ImageObject","inLanguage":"de","@id":"https:\/\/www.caledoniasagl.ch\/de\/#\/schema\/logo\/image\/","url":"https:\/\/www.caledoniasagl.ch\/wp-content\/uploads\/logo.svg","contentUrl":"https:\/\/www.caledoniasagl.ch\/wp-content\/uploads\/logo.svg","caption":"Caledonia Switzerland Sagl"},"image":{"@id":"https:\/\/www.caledoniasagl.ch\/de\/#\/schema\/logo\/image\/"},"sameAs":["https:\/\/it.linkedin.com\/company\/caledonia-s-p-a"]}]}},"_links":{"self":[{"href":"https:\/\/www.caledoniasagl.ch\/de\/wp-json\/wp\/v2\/pages\/16206","targetHints":{"allow":["GET"]}}],"collection":[{"href":"https:\/\/www.caledoniasagl.ch\/de\/wp-json\/wp\/v2\/pages"}],"about":[{"href":"https:\/\/www.caledoniasagl.ch\/de\/wp-json\/wp\/v2\/types\/page"}],"author":[{"embeddable":true,"href":"https:\/\/www.caledoniasagl.ch\/de\/wp-json\/wp\/v2\/users\/1"}],"replies":[{"embeddable":true,"href":"https:\/\/www.caledoniasagl.ch\/de\/wp-json\/wp\/v2\/comments?post=16206"}],"version-history":[{"count":5,"href":"https:\/\/www.caledoniasagl.ch\/de\/wp-json\/wp\/v2\/pages\/16206\/revisions"}],"predecessor-version":[{"id":16386,"href":"https:\/\/www.caledoniasagl.ch\/de\/wp-json\/wp\/v2\/pages\/16206\/revisions\/16386"}],"up":[{"embeddable":true,"href":"https:\/\/www.caledoniasagl.ch\/de\/wp-json\/wp\/v2\/pages\/16214"}],"wp:attachment":[{"href":"https:\/\/www.caledoniasagl.ch\/de\/wp-json\/wp\/v2\/media?parent=16206"}],"curies":[{"name":"wp","href":"https:\/\/api.w.org\/{rel}","templated":true}]}}