{"id":16210,"date":"2020-12-16T16:00:29","date_gmt":"2020-12-16T15:00:29","guid":{"rendered":"https:\/\/www.caledoniasagl.ch\/gestione-e-recupero-crediti\/"},"modified":"2024-03-19T17:12:33","modified_gmt":"2024-03-19T16:12:33","slug":"kreditbewahrung-als-wissenschaft","status":"publish","type":"page","link":"https:\/\/www.caledoniasagl.ch\/de\/kreditbewahrung\/kreditbewahrung-als-wissenschaft\/","title":{"rendered":"Kreditbewahrung als Wissenschaft"},"content":{"rendered":"<div class=\"wpb-content-wrapper\"><p>[vc_section full_width=&#8220;stretch_row&#8220; content_placement=&#8220;middle&#8220; fade_in_opacity=&#8220;pix-opacity-7&#8243; pix_over_visibility=&#8220;&#8220; pix_overlay_color=&#8220;black&#8220; css=&#8220;.vc_custom_1710864750603{background-color: #ffffff !important;}&#8220; pix_overlay_opacity=&#8220;1&#8243; b_custom_height=&#8220;300px&#8220; fade_in_intro=&#8220;16574&#8243;][vc_row pix_particles_check=&#8220;&#8220; responsive_css=&#8220;{&#8222;pix_res_sm_pt&#8222;:&#8222;0px&#8222;,&#8222;pix_res_md_pt&#8222;:&#8222;0px&#8222;}&#8220; css=&#8220;.vc_custom_1612279093745{padding-top: 150px !important;padding-bottom: 70px !important;}&#8220;][vc_column css=&#8220;.vc_custom_1589595508057{padding-top: 20px !important;padding-bottom: 20px !important;}&#8220;]<div id=\"H1\" class=\"pix-heading-el text-left  vc_custom_1637317507794\"><div class=\"d-inline-block\" style=\"max-width:750px;\"><h1 class=\"text-white font-weight-bold h1 animate-in heading-text el-title_custom_color mb-12\" style=\"\" data-anim-type=\"fade-in\" data-anim-delay=\"200\">Kreditbewahrung als Wissenschaft<\/h1><\/div><\/div><div class=\"pix-el-text w-100   vc_custom_1637317536791\" ><div class=\"d-inline-block\" style=\"max-width:800px;\"><p class=\"text-24  text-white  \" ><span class=\"text-white animate-in d-inline-block\" data-anim-delay=\"400\" data-anim-type=\"fade-in-up\">Caledonia hat aufgrund seiner langj\u00e4hrigen Erfahrung einen hochspezialisierten Ansatz im Schuldenmanagement f\u00fcr Privatpersonen und Unternehmen im Bank- und Finanzsektor sowie f\u00fcr Leasing- und Vermietungsunternehmen entwickelt.<\/span><\/p><\/div><\/div><a  href=\"https:\/\/www.caledoniasagl.ch\/de\/kontakte\/\" class=\"btn mb-2    vc_custom_1618837402639  shadow-sm shadow-hover-sm text-primary btn-white d-inline-flex align-items-center pix-hover-item       btn-md\"     ><span class=\"font-weight-bold \" >Kontaktieren Sie uns<\/span><svg class=\"pixfort-icon font-weight-bold  pix-hover-right  ml-2\" width=\"24\" height=\"24\"  data-name=\"Line\/pixfort-icon-arrow-right-2\" viewBox=\"2 2 20 20\"><polyline fill=\"none\" stroke=\"var(--pf-icon-color)\" stroke-linecap=\"round\" stroke-linejoin=\"round\" stroke-width=\"var(--pf-icon-stroke-width)\" points=\"9.5 17 14.5 12 9.5 7\"\/><\/svg><\/a>[\/vc_column][\/vc_row][\/vc_section][vc_section full_width=&#8220;stretch_row&#8220; pix_over_visibility=&#8220;&#8220; css=&#8220;.vc_custom_1611338618988{background-color: #f8f9fa !important;}&#8220; fade_in_intro=&#8220;14052&#8243;][vc_row full_width=&#8220;stretch_row&#8220; gap=&#8220;35&#8243; content_placement=&#8220;top&#8220; pix_particles_check=&#8220;&#8220; css=&#8220;.vc_custom_1612436460514{padding-top: 70px !important;padding-bottom: 75px !important;}&#8220;][vc_column width=&#8220;1\/2&#8243;][vc_column_text]<\/p>\r\n<h2><strong>Gesch\u00e4ftsrisiken vermeiden?<\/strong><br \/>\r\n<strong>Caledonia macht das zu einer Wissenschaft.<\/strong><\/h2>\r\n<p>[\/vc_column_text][vc_separator color=&#8220;custom&#8220; align=&#8220;align_left&#8220; border_width=&#8220;3&#8243; accent_color=&#8220;#3dc4f2&#8243;][\/vc_column][vc_column width=&#8220;1\/2&#8243;][vc_column_text]<\/p>\r\n<p><strong>Wir untersuchen jeden Risikofaktor im Detail, um alle Probleme im Zusammenhang mit der Kreditbewahrung mit maximaler Effektivit\u00e4t und Aktualit\u00e4t zu l\u00f6sen. Vermeidung, Management und Minimierung von Risiken durch schnelle Beitreibung, das ist die Methode von Caledonia.<br \/>\r\nDurch die Kombination der Beitreibung per Telefon und an der Haust\u00fcr k\u00f6nnen wir das sch\u00e4dliche Ereignis schnell in den Griff bekommen und die mit rechtlichen Schritten verbundenen Kosten vermeiden.<br \/>\r\nJede Intervention wird in Bezug auf die Art und das Alter des Kredits verwaltet, um auf personalisierte Weise die f\u00fcr Ihre Bed\u00fcrfnisse am besten geeignete Strategie zu ermitteln und so die Kosten einzud\u00e4mmen.<\/strong><\/p>\r\n<p>[\/vc_column_text][\/vc_column][\/vc_row][\/vc_section]<\/p>\r\n<\/div>","protected":false},"excerpt":{"rendered":"[vc_section full_width=&#8220;stretch_row&#8220; content_placement=&#8220;middle&#8220; fade_in_opacity=&#8220;pix-opacity-7&#8243; pix_over_visibility=&#8220;&#8220; pix_overlay_color=&#8220;black&#8220; css=&#8220;.vc_custom_1710864750603{background-color: #ffffff !important;}&#8220; pix_overlay_opacity=&#8220;1&#8243; b_custom_height=&#8220;300px&#8220; fade_in_intro=&#8220;16574&#8243;][vc_row pix_particles_check=&#8220;&#8220; responsive_css=&#8220;{&#8222;pix_res_sm_pt&#8222;:&#8222;0px&#8222;,&#8222;pix_res_md_pt&#8222;:&#8222;0px&#8222;}&#8220; css=&#8220;.vc_custom_1612279093745{padding-top: 150px !important;padding-bottom: 70px !important;}&#8220;][vc_column css=&#8220;.vc_custom_1589595508057{padding-top: 20px !important;padding-bottom: 20px !important;}&#8220;][\/vc_column][\/vc_row][\/vc_section][vc_section full_width=&#8220;stretch_row&#8220; pix_over_visibility=&#8220;&#8220; css=&#8220;.vc_custom_1611338618988{background-color: #f8f9fa !important;}&#8220; fade_in_intro=&#8220;14052&#8243;][vc_row full_width=&#8220;stretch_row&#8220; gap=&#8220;35&#8243; content_placement=&#8220;top&#8220; pix_particles_check=&#8220;&#8220; css=&#8220;.vc_custom_1612436460514{padding-top: 70px !important;padding-bottom: 75px !important;}&#8220;][vc_column width=&#8220;1\/2&#8243;][vc_column_text]&#8230;","protected":false},"author":1,"featured_media":0,"parent":16214,"menu_order":0,"comment_status":"closed","ping_status":"closed","template":"","meta":{"inline_featured_image":false,"_monsterinsights_skip_tracking":false,"_monsterinsights_sitenote_active":false,"_monsterinsights_sitenote_note":"","_monsterinsights_sitenote_category":0,"footnotes":""},"class_list":["post-16210","page","type-page","status-publish","hentry"],"yoast_head":"<!-- This site is optimized with the Yoast SEO plugin v26.8 - https:\/\/yoast.com\/product\/yoast-seo-wordpress\/ -->\n<title>Caledonia Spa, Schuldenmanagement und Inkasso<\/title>\n<meta name=\"description\" content=\"Caledonia SpA ist auf Kreditmanagement spezialisiert und verfolgt eine kombinierte Strategie aus Telefon- und Haussammlung.\" \/>\n<meta name=\"robots\" content=\"index, follow, max-snippet:-1, max-image-preview:large, max-video-preview:-1\" \/>\n<link rel=\"canonical\" href=\"https:\/\/www.caledoniasagl.ch\/de\/kreditbewahrung\/kreditbewahrung-als-wissenschaft\/\" \/>\n<meta property=\"og:locale\" content=\"de_DE\" \/>\n<meta property=\"og:type\" content=\"article\" \/>\n<meta property=\"og:title\" content=\"Caledonia Spa, Schuldenmanagement und Inkasso\" \/>\n<meta property=\"og:description\" content=\"Caledonia SpA ist auf Kreditmanagement spezialisiert und verfolgt eine kombinierte Strategie aus Telefon- und Haussammlung.\" \/>\n<meta property=\"og:url\" content=\"https:\/\/www.caledoniasagl.ch\/de\/kreditbewahrung\/kreditbewahrung-als-wissenschaft\/\" \/>\n<meta property=\"og:site_name\" content=\"Caledonia Switzerland Sagl\" \/>\n<meta property=\"article:modified_time\" content=\"2024-03-19T16:12:33+00:00\" \/>\n<meta name=\"twitter:card\" content=\"summary_large_image\" \/>\n<meta name=\"twitter:label1\" content=\"Gesch\u00e4tzte Lesezeit\" \/>\n\t<meta name=\"twitter:data1\" content=\"2\u00a0Minuten\" \/>\n<script type=\"application\/ld+json\" class=\"yoast-schema-graph\">{\"@context\":\"https:\/\/schema.org\",\"@graph\":[{\"@type\":\"WebPage\",\"@id\":\"https:\/\/www.caledoniasagl.ch\/de\/kreditbewahrung\/kreditbewahrung-als-wissenschaft\/\",\"url\":\"https:\/\/www.caledoniasagl.ch\/de\/kreditbewahrung\/kreditbewahrung-als-wissenschaft\/\",\"name\":\"Caledonia Spa, Schuldenmanagement und Inkasso\",\"isPartOf\":{\"@id\":\"https:\/\/www.caledoniasagl.ch\/de\/#website\"},\"datePublished\":\"2020-12-16T15:00:29+00:00\",\"dateModified\":\"2024-03-19T16:12:33+00:00\",\"description\":\"Caledonia SpA ist auf Kreditmanagement spezialisiert und verfolgt eine kombinierte Strategie aus Telefon- und Haussammlung.\",\"breadcrumb\":{\"@id\":\"https:\/\/www.caledoniasagl.ch\/de\/kreditbewahrung\/kreditbewahrung-als-wissenschaft\/#breadcrumb\"},\"inLanguage\":\"de\",\"potentialAction\":[{\"@type\":\"ReadAction\",\"target\":[\"https:\/\/www.caledoniasagl.ch\/de\/kreditbewahrung\/kreditbewahrung-als-wissenschaft\/\"]}]},{\"@type\":\"BreadcrumbList\",\"@id\":\"https:\/\/www.caledoniasagl.ch\/de\/kreditbewahrung\/kreditbewahrung-als-wissenschaft\/#breadcrumb\",\"itemListElement\":[{\"@type\":\"ListItem\",\"position\":1,\"name\":\"Kreditbewahrung\",\"item\":\"https:\/\/www.caledoniasagl.ch\/de\/kreditbewahrung\/\"},{\"@type\":\"ListItem\",\"position\":2,\"name\":\"Kreditbewahrung als Wissenschaft\"}]},{\"@type\":\"WebSite\",\"@id\":\"https:\/\/www.caledoniasagl.ch\/de\/#website\",\"url\":\"https:\/\/www.caledoniasagl.ch\/de\/\",\"name\":\"Caledonia Switzerland Sagl\",\"description\":\"Protect Your Interests\",\"publisher\":{\"@id\":\"https:\/\/www.caledoniasagl.ch\/de\/#organization\"},\"potentialAction\":[{\"@type\":\"SearchAction\",\"target\":{\"@type\":\"EntryPoint\",\"urlTemplate\":\"https:\/\/www.caledoniasagl.ch\/de\/?s={search_term_string}\"},\"query-input\":{\"@type\":\"PropertyValueSpecification\",\"valueRequired\":true,\"valueName\":\"search_term_string\"}}],\"inLanguage\":\"de\"},{\"@type\":\"Organization\",\"@id\":\"https:\/\/www.caledoniasagl.ch\/de\/#organization\",\"name\":\"Caledonia Switzerland Sagl\",\"url\":\"https:\/\/www.caledoniasagl.ch\/de\/\",\"logo\":{\"@type\":\"ImageObject\",\"inLanguage\":\"de\",\"@id\":\"https:\/\/www.caledoniasagl.ch\/de\/#\/schema\/logo\/image\/\",\"url\":\"https:\/\/www.caledoniasagl.ch\/wp-content\/uploads\/logo.svg\",\"contentUrl\":\"https:\/\/www.caledoniasagl.ch\/wp-content\/uploads\/logo.svg\",\"caption\":\"Caledonia Switzerland Sagl\"},\"image\":{\"@id\":\"https:\/\/www.caledoniasagl.ch\/de\/#\/schema\/logo\/image\/\"},\"sameAs\":[\"https:\/\/it.linkedin.com\/company\/caledonia-s-p-a\"]}]}<\/script>\n<!-- \/ Yoast SEO plugin. -->","yoast_head_json":{"title":"Caledonia Spa, Schuldenmanagement und Inkasso","description":"Caledonia SpA ist auf Kreditmanagement spezialisiert und verfolgt eine kombinierte Strategie aus Telefon- und Haussammlung.","robots":{"index":"index","follow":"follow","max-snippet":"max-snippet:-1","max-image-preview":"max-image-preview:large","max-video-preview":"max-video-preview:-1"},"canonical":"https:\/\/www.caledoniasagl.ch\/de\/kreditbewahrung\/kreditbewahrung-als-wissenschaft\/","og_locale":"de_DE","og_type":"article","og_title":"Caledonia Spa, Schuldenmanagement und Inkasso","og_description":"Caledonia SpA ist auf Kreditmanagement spezialisiert und verfolgt eine kombinierte Strategie aus Telefon- und Haussammlung.","og_url":"https:\/\/www.caledoniasagl.ch\/de\/kreditbewahrung\/kreditbewahrung-als-wissenschaft\/","og_site_name":"Caledonia Switzerland Sagl","article_modified_time":"2024-03-19T16:12:33+00:00","twitter_card":"summary_large_image","twitter_misc":{"Gesch\u00e4tzte Lesezeit":"2\u00a0Minuten"},"schema":{"@context":"https:\/\/schema.org","@graph":[{"@type":"WebPage","@id":"https:\/\/www.caledoniasagl.ch\/de\/kreditbewahrung\/kreditbewahrung-als-wissenschaft\/","url":"https:\/\/www.caledoniasagl.ch\/de\/kreditbewahrung\/kreditbewahrung-als-wissenschaft\/","name":"Caledonia Spa, Schuldenmanagement und Inkasso","isPartOf":{"@id":"https:\/\/www.caledoniasagl.ch\/de\/#website"},"datePublished":"2020-12-16T15:00:29+00:00","dateModified":"2024-03-19T16:12:33+00:00","description":"Caledonia SpA ist auf Kreditmanagement spezialisiert und verfolgt eine kombinierte Strategie aus Telefon- und Haussammlung.","breadcrumb":{"@id":"https:\/\/www.caledoniasagl.ch\/de\/kreditbewahrung\/kreditbewahrung-als-wissenschaft\/#breadcrumb"},"inLanguage":"de","potentialAction":[{"@type":"ReadAction","target":["https:\/\/www.caledoniasagl.ch\/de\/kreditbewahrung\/kreditbewahrung-als-wissenschaft\/"]}]},{"@type":"BreadcrumbList","@id":"https:\/\/www.caledoniasagl.ch\/de\/kreditbewahrung\/kreditbewahrung-als-wissenschaft\/#breadcrumb","itemListElement":[{"@type":"ListItem","position":1,"name":"Kreditbewahrung","item":"https:\/\/www.caledoniasagl.ch\/de\/kreditbewahrung\/"},{"@type":"ListItem","position":2,"name":"Kreditbewahrung als Wissenschaft"}]},{"@type":"WebSite","@id":"https:\/\/www.caledoniasagl.ch\/de\/#website","url":"https:\/\/www.caledoniasagl.ch\/de\/","name":"Caledonia Switzerland Sagl","description":"Protect Your Interests","publisher":{"@id":"https:\/\/www.caledoniasagl.ch\/de\/#organization"},"potentialAction":[{"@type":"SearchAction","target":{"@type":"EntryPoint","urlTemplate":"https:\/\/www.caledoniasagl.ch\/de\/?s={search_term_string}"},"query-input":{"@type":"PropertyValueSpecification","valueRequired":true,"valueName":"search_term_string"}}],"inLanguage":"de"},{"@type":"Organization","@id":"https:\/\/www.caledoniasagl.ch\/de\/#organization","name":"Caledonia Switzerland Sagl","url":"https:\/\/www.caledoniasagl.ch\/de\/","logo":{"@type":"ImageObject","inLanguage":"de","@id":"https:\/\/www.caledoniasagl.ch\/de\/#\/schema\/logo\/image\/","url":"https:\/\/www.caledoniasagl.ch\/wp-content\/uploads\/logo.svg","contentUrl":"https:\/\/www.caledoniasagl.ch\/wp-content\/uploads\/logo.svg","caption":"Caledonia Switzerland Sagl"},"image":{"@id":"https:\/\/www.caledoniasagl.ch\/de\/#\/schema\/logo\/image\/"},"sameAs":["https:\/\/it.linkedin.com\/company\/caledonia-s-p-a"]}]}},"_links":{"self":[{"href":"https:\/\/www.caledoniasagl.ch\/de\/wp-json\/wp\/v2\/pages\/16210","targetHints":{"allow":["GET"]}}],"collection":[{"href":"https:\/\/www.caledoniasagl.ch\/de\/wp-json\/wp\/v2\/pages"}],"about":[{"href":"https:\/\/www.caledoniasagl.ch\/de\/wp-json\/wp\/v2\/types\/page"}],"author":[{"embeddable":true,"href":"https:\/\/www.caledoniasagl.ch\/de\/wp-json\/wp\/v2\/users\/1"}],"replies":[{"embeddable":true,"href":"https:\/\/www.caledoniasagl.ch\/de\/wp-json\/wp\/v2\/comments?post=16210"}],"version-history":[{"count":6,"href":"https:\/\/www.caledoniasagl.ch\/de\/wp-json\/wp\/v2\/pages\/16210\/revisions"}],"predecessor-version":[{"id":16589,"href":"https:\/\/www.caledoniasagl.ch\/de\/wp-json\/wp\/v2\/pages\/16210\/revisions\/16589"}],"up":[{"embeddable":true,"href":"https:\/\/www.caledoniasagl.ch\/de\/wp-json\/wp\/v2\/pages\/16214"}],"wp:attachment":[{"href":"https:\/\/www.caledoniasagl.ch\/de\/wp-json\/wp\/v2\/media?parent=16210"}],"curies":[{"name":"wp","href":"https:\/\/api.w.org\/{rel}","templated":true}]}}