{"id":15875,"date":"2021-01-11T16:53:35","date_gmt":"2021-01-11T15:53:35","guid":{"rendered":"https:\/\/www.caledoniasagl.ch\/bonifiche-ambientali\/"},"modified":"2021-04-19T16:48:57","modified_gmt":"2021-04-19T14:48:57","slug":"saneamiento-de-espacios","status":"publish","type":"page","link":"https:\/\/www.caledoniasagl.ch\/es\/saneamiento-de-espacios\/","title":{"rendered":"Saneamiento de espacios"},"content":{"rendered":"<div class=\"wpb-content-wrapper\"><p>[vc_section full_width=\u00bbstretch_row\u00bb content_placement=\u00bbmiddle\u00bb fade_in_opacity=\u00bbpix-opacity-4&#8243; pix_over_visibility=\u00bb\u00bb pix_overlay_color=\u00bbblack\u00bb css=\u00bb.vc_custom_1616419628975{background-color: #ffffff !important;}\u00bb pix_overlay_opacity=\u00bb1&#8243; b_custom_height=\u00bb300px\u00bb fade_in_intro=\u00bb15148&#8243;][vc_row pix_particles_check=\u00bb\u00bb responsive_css=\u00bb{\u00abpix_res_sm_pt\u00ab:\u00ab0px\u00ab,\u00abpix_res_md_pt\u00ab:\u00ab0px\u00ab}\u00bb css=\u00bb.vc_custom_1612278926249{padding-top: 150px !important;padding-bottom: 70px !important;}\u00bb][vc_column css=\u00bb.vc_custom_1611481106197{padding-top: 20px !important;padding-bottom: 20px !important;}\u00bb]<div id=\"H1\" class=\"pix-heading-el text-left  vc_custom_1618322539052\"><div class=\"d-inline-block\" style=\"max-width:950px;\"><h1 class=\"text-white font-weight-bold h1 animate-in heading-text el-title_custom_color mb-12\" style=\"\" data-anim-type=\"fade-in\" data-anim-delay=\"200\">Saneamiento de espacios, la protecci\u00f3n de la Privacidad a trav\u00e9s de la tecnolog\u00eda<\/h1><\/div><\/div><div class=\"pix-el-text w-100   vc_custom_1618322546027\" ><div class=\"d-inline-block\" style=\"max-width:900px;\"><p class=\"text-24  text-white  \" ><span class=\"text-white animate-in d-inline-block\" data-anim-delay=\"400\" data-anim-type=\"fade-in-up\">Las intervenciones de saneamiento de espacios de Caledonia apuntan a obtener un adecuado nivel de seguridad en lugares privados, como viviendas u oficinas, y complementan las distintas actividades de investigaci\u00f3n, tanto en la empresa como privadas.<\/span><\/p><\/div><\/div><a  href=\"https:\/\/www.caledoniasagl.ch\/es\/contactos\/\" class=\"btn mb-2    vc_custom_1618322557932  shadow-sm shadow-hover-sm text-primary btn-white d-inline-flex align-items-center pix-hover-item       btn-md\"     ><span class=\"font-weight-bold \" >Cont\u00e1ctanos<\/span><svg class=\"pixfort-icon font-weight-bold  pix-hover-right  ml-2\" width=\"24\" height=\"24\"  data-name=\"Line\/pixfort-icon-arrow-right-2\" viewBox=\"2 2 20 20\"><polyline fill=\"none\" stroke=\"var(--pf-icon-color)\" stroke-linecap=\"round\" stroke-linejoin=\"round\" stroke-width=\"var(--pf-icon-stroke-width)\" points=\"9.5 17 14.5 12 9.5 7\"\/><\/svg><\/a>[\/vc_column][\/vc_row][\/vc_section][vc_section full_width=\u00bbstretch_row\u00bb pix_over_visibility=\u00bb\u00bb css=\u00bb.vc_custom_1611481625985{background-color: #f8f9fa !important;}\u00bb fade_in_intro=\u00bb14052&#8243;][vc_row full_width=\u00bbstretch_row\u00bb gap=\u00bb35&#8243; content_placement=\u00bbtop\u00bb pix_particles_check=\u00bb\u00bb css=\u00bb.vc_custom_1611481444397{padding-top: 70px !important;padding-bottom: 75px !important;}\u00bb][vc_column width=\u00bb1\/2&#8243;][vc_column_text]<\/p><h2><strong>\u00bfQuieres defender tu privacidad frente a interceptaciones il\u00edcitas?<\/strong><\/h2><p>[\/vc_column_text][vc_separator color=\u00bbcustom\u00bb border_width=\u00bb3&#8243; accent_color=\u00bb#3dc4f2&#8243;][\/vc_column][vc_column width=\u00bb1\/2&#8243;][vc_column_text]<\/p><p><strong>Para garantizar un adecuado nivel de <span style=\"color: #3dc4f2;\">seguridad<\/span> en tu vivienda o en tu empresa, protegi\u00e9ndote contra el riesgo de interceptaciones, hay que realizar un <span style=\"color: #3dc4f2;\">saneamiento de los espacios<\/span>.<br \/>Esta t\u00e9cnica pone fin a las <span style=\"color: #3dc4f2;\">intrusiones il\u00edcitas<\/span>, las <span style=\"color: #3dc4f2;\">interceptaciones<\/span> y la transmisi\u00f3n indebida de informaci\u00f3n.<\/strong><\/p><p>[\/vc_column_text][\/vc_column][\/vc_row][\/vc_section][vc_section full_width=\u00bbstretch_row\u00bb pix_over_visibility=\u00bb\u00bb css=\u00bb.vc_custom_1611481992104{padding-bottom: 100px !important;background-color: #ffffff !important;}\u00bb][vc_row full_width=\u00bbstretch_row\u00bb gap=\u00bb35&#8243; content_placement=\u00bbtop\u00bb pix_particles_check=\u00bb\u00bb css=\u00bb.vc_custom_1611481821667{padding-top: 80px !important;padding-bottom: 35px !important;}\u00bb][vc_column width=\u00bb1\/6&#8243; content_align=\u00bbtext-center\u00bb]<div id=\"duo-icon-136878268\" class=\"pix-icon text-left  vc_custom_1611481746209\"><div class=\"pix-icon-bg rounded-circle feature_img position-relative d-inline-flex align-items-center justify-content-center bg-secondary shadow-sm\"   style=\" width:153px;height:153px;position:relative;line-height:153px;text-align:center;\"><span style=\"font-size:85px;line-height:85px;\" class=\"text-white d-inline-flex align-middle\"><svg class=\"pixfort-icon \" width=\"85\" height=\"85\"  data-name=\"Line\/pixfort-icon-satelite-1\" viewBox=\"2 2 20 20\"><path fill=\"none\" stroke=\"var(--pf-icon-color)\" stroke-linecap=\"round\" stroke-linejoin=\"round\" stroke-width=\"var(--pf-icon-stroke-width)\" d=\"M16.1819805,7.26040764 L16.8890873,7.96751442 C17.4748737,8.55330086 17.4748737,9.50304833 16.8890873,10.0888348 L13.3535534,13.6243687 C12.767767,14.2101551 11.8180195,14.2101551 11.232233,13.6243687 L10.5251263,12.9172619 C9.93933983,12.3314755 9.93933983,11.381728 10.5251263,10.7959415 L14.0606602,7.26040764 C14.6464466,6.6746212 15.5961941,6.6746212 16.1819805,7.26040764 Z M9.81801948,3.72487373 L13.7071068,7.61396103 L13.7071068,7.61396103 L10.8786797,10.4423882 L6.98959236,6.55330086 C6.40380592,5.96751442 6.40380592,5.01776695 6.98959236,4.43198052 L7.69669914,3.72487373 C8.28248558,3.1390873 9.23223305,3.1390873 9.81801948,3.72487373 Z M16.5355339,10.4423882 L20.4246212,14.3314755 C21.0104076,14.9172619 21.0104076,15.8670094 20.4246212,16.4527958 L19.7175144,17.1599026 C19.131728,17.745689 18.1819805,17.745689 17.5961941,17.1599026 L13.7071068,13.2708153 L13.7071068,13.2708153 L16.5355339,10.4423882 Z M10.8786797,13.2708153 L9.46446609,14.6850288 M6.25,15 C6.25,16.6568542 7.59314575,18 9.25,18 M3,15 C3,18.3137085 5.6862915,21 9,21\"\/><\/svg><\/span><\/div><\/div>[\/vc_column][vc_column width=\u00bb5\/6&#8243; css=\u00bb.vc_custom_1611482334859{padding-left: 50px !important;}\u00bb]<div id=\"H2\" class=\"pix-heading-el text-left  vc_custom_1618322647833\"><h2 class=\"text-primary font-weight-bold h2 heading-text el-title_custom_color mb-12\" style=\"\" data-anim-type=\"\" data-anim-delay=\"0\">Saneamiento de espacios en viviendas<\/h2><\/div><div id=\"H3\" class=\"pix-heading-el text-left  vc_custom_1618322656765\"><h3 class=\"text-secondary font-weight-bold h3 heading-text el-title_custom_color mb-12\" style=\"\" data-anim-type=\"\" data-anim-delay=\"0\">Asegura tu privacidad con Caledonia<\/h3><\/div>[vc_column_text]Caledonia adapta su estrategia operativa de forma personalizada en funci\u00f3n de tus necesidades, llevando a cabo <strong>actividades de inspecci\u00f3n<\/strong> para la detecci\u00f3n de micr\u00f3fonos y c\u00e1maras ocultos. El <strong>saneamiento de espacios<\/strong> apunta a garantizar la seguridad de tu vida privada, protegiendo a la persona y su nivel de privacidad como bienes de importancia fundamental.<\/p><p>El enfoque especializado de Caledonia busca garantizar la <strong>seguridad de dispositivos electr\u00f3nicos<\/strong> como ordenadores, tel\u00e9fonos m\u00f3viles y otros dispositivos de memorizaci\u00f3n digital, y permite extender el servicio a la <strong>totalidad de la vivienda<\/strong>.[\/vc_column_text][\/vc_column][\/vc_row][vc_row pix_particles_check=\u00bb\u00bb][vc_column][vc_separator border_width=\u00bb2&#8243;][\/vc_column][\/vc_row][vc_row full_width=\u00bbstretch_row\u00bb gap=\u00bb35&#8243; content_placement=\u00bbtop\u00bb pix_particles_check=\u00bb\u00bb css=\u00bb.vc_custom_1611482357951{padding-top: 35px !important;}\u00bb][vc_column width=\u00bb1\/6&#8243; content_align=\u00bbtext-center\u00bb css=\u00bb.vc_custom_1608128772386{padding-right: 40px !important;padding-left: 20px !important;}\u00bb]<div id=\"duo-icon-35901665\" class=\"pix-icon text-left  vc_custom_1611842549308\"><div class=\"pix-icon-bg rounded-circle feature_img position-relative d-inline-flex align-items-center justify-content-center bg-secondary shadow-sm\"   style=\" width:153px;height:153px;position:relative;line-height:153px;text-align:center;\"><span style=\"font-size:85px;line-height:85px;\" class=\"text-white d-inline-flex align-middle\"><svg class=\"pixfort-icon \" width=\"85\" height=\"85\"  data-name=\"Line\/pixfort-icon-shield-check-1\" viewBox=\"2 2 20 20\"><path fill=\"none\" stroke=\"var(--pf-icon-color)\" stroke-linecap=\"round\" stroke-linejoin=\"round\" stroke-width=\"var(--pf-icon-stroke-width)\" d=\"M10.8375236,20.6696597 L6.25628542,17.3973467 C5.46789705,16.8342122 5,15.9249996 5,14.9561463 L5,6.90943839 C5,6.06421114 5.53134128,5.31023526 6.32732721,5.02595457 L11.3273272,3.24024028 C11.7623209,3.08488538 12.2376791,3.08488538 12.6726728,3.24024028 L17.6726728,5.02595457 C18.4686587,5.31023526 19,6.06421114 19,6.90943839 L19,14.9561463 C19,15.9249996 18.5321029,16.8342122 17.7437146,17.3973467 L13.1624764,20.6696597 C12.4670813,21.1663705 11.5329187,21.1663705 10.8375236,20.6696597 Z M9,12 L11,14 L15,10\"\/><\/svg><\/span><\/div><\/div>[\/vc_column][vc_column width=\u00bb5\/6&#8243; css=\u00bb.vc_custom_1611482364948{padding-left: 50px !important;}\u00bb]<div id=\"H2\" class=\"pix-heading-el text-left  vc_custom_1618322972804\"><h2 class=\"text-primary font-weight-bold h2 heading-text el-title_custom_color mb-12\" style=\"\" data-anim-type=\"\" data-anim-delay=\"0\">Saneamiento de espacios en empresas<\/h2><\/div><div id=\"H3\" class=\"pix-heading-el text-left  vc_custom_1618322979452\"><h3 class=\"text-secondary font-weight-bold h3 heading-text el-title_custom_color mb-12\" style=\"\" data-anim-type=\"\" data-anim-delay=\"0\">La protecci\u00f3n de los datos de tu empresa<\/h3><\/div>[vc_column_text]La transmisi\u00f3n de <strong>informaci\u00f3n de car\u00e1cter financiero o econ\u00f3mico<\/strong> en relaci\u00f3n con tu empresa puede representar un importante factor de riesgo en el desarrollo de tu negocio. La seguridad de dicha informaci\u00f3n se protege a trav\u00e9s de <strong>actividades de saneamiento<\/strong> de espacios a gran escala.<br \/>Caledonia tiene la capacidad de modular el tipo de intervenci\u00f3n, desde las <strong>actividades de inspecci\u00f3n manuales<\/strong> hasta el empleo de herramientas de vanguardia tecnol\u00f3gica capaces de detectar micr\u00f3fonos y c\u00e1maras ocultos o <strong>sistemas de espionaje profesionales<\/strong>.<\/p><p>El enfoque especializado de Caledonia quiere garantizar la <strong>seguridad de todos los dispositivos electr\u00f3nicos<\/strong> de tu empresa, como ordenadores, tel\u00e9fonos y otros dispositivos de memorizaci\u00f3n digital, y puede intervenir a gran escala para proteger la seguridad de <strong>edificios completos<\/strong>.[\/vc_column_text][\/vc_column][\/vc_row][\/vc_section]<\/p><\/div>","protected":false},"excerpt":{"rendered":"[vc_section full_width=\u00bbstretch_row\u00bb content_placement=\u00bbmiddle\u00bb fade_in_opacity=\u00bbpix-opacity-4&#8243; pix_over_visibility=\u00bb\u00bb pix_overlay_color=\u00bbblack\u00bb css=\u00bb.vc_custom_1616419628975{background-color: #ffffff !important;}\u00bb pix_overlay_opacity=\u00bb1&#8243; b_custom_height=\u00bb300px\u00bb fade_in_intro=\u00bb15148&#8243;][vc_row pix_particles_check=\u00bb\u00bb responsive_css=\u00bb{\u00abpix_res_sm_pt\u00ab:\u00ab0px\u00ab,\u00abpix_res_md_pt\u00ab:\u00ab0px\u00ab}\u00bb css=\u00bb.vc_custom_1612278926249{padding-top: 150px !important;padding-bottom: 70px !important;}\u00bb][vc_column css=\u00bb.vc_custom_1611481106197{padding-top: 20px !important;padding-bottom: 20px !important;}\u00bb][\/vc_column][\/vc_row][\/vc_section][vc_section full_width=\u00bbstretch_row\u00bb pix_over_visibility=\u00bb\u00bb css=\u00bb.vc_custom_1611481625985{background-color: #f8f9fa !important;}\u00bb fade_in_intro=\u00bb14052&#8243;][vc_row full_width=\u00bbstretch_row\u00bb gap=\u00bb35&#8243; content_placement=\u00bbtop\u00bb pix_particles_check=\u00bb\u00bb css=\u00bb.vc_custom_1611481444397{padding-top: 70px !important;padding-bottom: 75px !important;}\u00bb][vc_column width=\u00bb1\/2&#8243;][vc_column_text]\u00bfQuieres&#8230;","protected":false},"author":1,"featured_media":0,"parent":0,"menu_order":0,"comment_status":"closed","ping_status":"closed","template":"","meta":{"inline_featured_image":false,"_monsterinsights_skip_tracking":false,"_monsterinsights_sitenote_active":false,"_monsterinsights_sitenote_note":"","_monsterinsights_sitenote_category":0,"footnotes":""},"class_list":["post-15875","page","type-page","status-publish","hentry"],"yoast_head":"<!-- This site is optimized with the Yoast SEO plugin v26.8 - https:\/\/yoast.com\/product\/yoast-seo-wordpress\/ -->\n<title>Caledonia Spa, La protecci\u00f3n de la Privacidad a trav\u00e9sde la tecnolog\u00eda<\/title>\n<meta name=\"description\" content=\"La remediaci\u00f3n ambiental detecta la presencia de sistemas de interceptaci\u00f3n, como chinches o sistemas de espionaje, para garantizar la seguridad.\" \/>\n<meta name=\"robots\" content=\"index, follow, max-snippet:-1, max-image-preview:large, max-video-preview:-1\" \/>\n<link rel=\"canonical\" href=\"https:\/\/www.caledoniasagl.ch\/es\/saneamiento-de-espacios\/\" \/>\n<meta property=\"og:locale\" content=\"es_ES\" \/>\n<meta property=\"og:type\" content=\"article\" \/>\n<meta property=\"og:title\" content=\"Caledonia Spa, La protecci\u00f3n de la Privacidad a trav\u00e9sde la tecnolog\u00eda\" \/>\n<meta property=\"og:description\" content=\"La remediaci\u00f3n ambiental detecta la presencia de sistemas de interceptaci\u00f3n, como chinches o sistemas de espionaje, para garantizar la seguridad.\" \/>\n<meta property=\"og:url\" content=\"https:\/\/www.caledoniasagl.ch\/es\/saneamiento-de-espacios\/\" \/>\n<meta property=\"og:site_name\" content=\"Caledonia Switzerland Sagl\" \/>\n<meta property=\"article:modified_time\" content=\"2021-04-19T14:48:57+00:00\" \/>\n<meta name=\"twitter:card\" content=\"summary_large_image\" \/>\n<meta name=\"twitter:label1\" content=\"Tiempo de lectura\" \/>\n\t<meta name=\"twitter:data1\" content=\"3 minutos\" \/>\n<script type=\"application\/ld+json\" class=\"yoast-schema-graph\">{\"@context\":\"https:\/\/schema.org\",\"@graph\":[{\"@type\":\"WebPage\",\"@id\":\"https:\/\/www.caledoniasagl.ch\/es\/saneamiento-de-espacios\/\",\"url\":\"https:\/\/www.caledoniasagl.ch\/es\/saneamiento-de-espacios\/\",\"name\":\"Caledonia Spa, La protecci\u00f3n de la Privacidad a trav\u00e9sde la tecnolog\u00eda\",\"isPartOf\":{\"@id\":\"https:\/\/www.caledoniasagl.ch\/es\/#website\"},\"datePublished\":\"2021-01-11T15:53:35+00:00\",\"dateModified\":\"2021-04-19T14:48:57+00:00\",\"description\":\"La remediaci\u00f3n ambiental detecta la presencia de sistemas de interceptaci\u00f3n, como chinches o sistemas de espionaje, para garantizar la seguridad.\",\"inLanguage\":\"es\",\"potentialAction\":[{\"@type\":\"ReadAction\",\"target\":[\"https:\/\/www.caledoniasagl.ch\/es\/saneamiento-de-espacios\/\"]}]},{\"@type\":\"WebSite\",\"@id\":\"https:\/\/www.caledoniasagl.ch\/es\/#website\",\"url\":\"https:\/\/www.caledoniasagl.ch\/es\/\",\"name\":\"Caledonia Switzerland Sagl\",\"description\":\"Protect Your Interests\",\"publisher\":{\"@id\":\"https:\/\/www.caledoniasagl.ch\/es\/#organization\"},\"potentialAction\":[{\"@type\":\"SearchAction\",\"target\":{\"@type\":\"EntryPoint\",\"urlTemplate\":\"https:\/\/www.caledoniasagl.ch\/es\/?s={search_term_string}\"},\"query-input\":{\"@type\":\"PropertyValueSpecification\",\"valueRequired\":true,\"valueName\":\"search_term_string\"}}],\"inLanguage\":\"es\"},{\"@type\":\"Organization\",\"@id\":\"https:\/\/www.caledoniasagl.ch\/es\/#organization\",\"name\":\"Caledonia Switzerland Sagl\",\"url\":\"https:\/\/www.caledoniasagl.ch\/es\/\",\"logo\":{\"@type\":\"ImageObject\",\"inLanguage\":\"es\",\"@id\":\"https:\/\/www.caledoniasagl.ch\/es\/#\/schema\/logo\/image\/\",\"url\":\"https:\/\/www.caledoniasagl.ch\/wp-content\/uploads\/logo.svg\",\"contentUrl\":\"https:\/\/www.caledoniasagl.ch\/wp-content\/uploads\/logo.svg\",\"caption\":\"Caledonia Switzerland Sagl\"},\"image\":{\"@id\":\"https:\/\/www.caledoniasagl.ch\/es\/#\/schema\/logo\/image\/\"},\"sameAs\":[\"https:\/\/it.linkedin.com\/company\/caledonia-s-p-a\"]}]}<\/script>\n<!-- \/ Yoast SEO plugin. -->","yoast_head_json":{"title":"Caledonia Spa, La protecci\u00f3n de la Privacidad a trav\u00e9sde la tecnolog\u00eda","description":"La remediaci\u00f3n ambiental detecta la presencia de sistemas de interceptaci\u00f3n, como chinches o sistemas de espionaje, para garantizar la seguridad.","robots":{"index":"index","follow":"follow","max-snippet":"max-snippet:-1","max-image-preview":"max-image-preview:large","max-video-preview":"max-video-preview:-1"},"canonical":"https:\/\/www.caledoniasagl.ch\/es\/saneamiento-de-espacios\/","og_locale":"es_ES","og_type":"article","og_title":"Caledonia Spa, La protecci\u00f3n de la Privacidad a trav\u00e9sde la tecnolog\u00eda","og_description":"La remediaci\u00f3n ambiental detecta la presencia de sistemas de interceptaci\u00f3n, como chinches o sistemas de espionaje, para garantizar la seguridad.","og_url":"https:\/\/www.caledoniasagl.ch\/es\/saneamiento-de-espacios\/","og_site_name":"Caledonia Switzerland Sagl","article_modified_time":"2021-04-19T14:48:57+00:00","twitter_card":"summary_large_image","twitter_misc":{"Tiempo de lectura":"3 minutos"},"schema":{"@context":"https:\/\/schema.org","@graph":[{"@type":"WebPage","@id":"https:\/\/www.caledoniasagl.ch\/es\/saneamiento-de-espacios\/","url":"https:\/\/www.caledoniasagl.ch\/es\/saneamiento-de-espacios\/","name":"Caledonia Spa, La protecci\u00f3n de la Privacidad a trav\u00e9sde la tecnolog\u00eda","isPartOf":{"@id":"https:\/\/www.caledoniasagl.ch\/es\/#website"},"datePublished":"2021-01-11T15:53:35+00:00","dateModified":"2021-04-19T14:48:57+00:00","description":"La remediaci\u00f3n ambiental detecta la presencia de sistemas de interceptaci\u00f3n, como chinches o sistemas de espionaje, para garantizar la seguridad.","inLanguage":"es","potentialAction":[{"@type":"ReadAction","target":["https:\/\/www.caledoniasagl.ch\/es\/saneamiento-de-espacios\/"]}]},{"@type":"WebSite","@id":"https:\/\/www.caledoniasagl.ch\/es\/#website","url":"https:\/\/www.caledoniasagl.ch\/es\/","name":"Caledonia Switzerland Sagl","description":"Protect Your Interests","publisher":{"@id":"https:\/\/www.caledoniasagl.ch\/es\/#organization"},"potentialAction":[{"@type":"SearchAction","target":{"@type":"EntryPoint","urlTemplate":"https:\/\/www.caledoniasagl.ch\/es\/?s={search_term_string}"},"query-input":{"@type":"PropertyValueSpecification","valueRequired":true,"valueName":"search_term_string"}}],"inLanguage":"es"},{"@type":"Organization","@id":"https:\/\/www.caledoniasagl.ch\/es\/#organization","name":"Caledonia Switzerland Sagl","url":"https:\/\/www.caledoniasagl.ch\/es\/","logo":{"@type":"ImageObject","inLanguage":"es","@id":"https:\/\/www.caledoniasagl.ch\/es\/#\/schema\/logo\/image\/","url":"https:\/\/www.caledoniasagl.ch\/wp-content\/uploads\/logo.svg","contentUrl":"https:\/\/www.caledoniasagl.ch\/wp-content\/uploads\/logo.svg","caption":"Caledonia Switzerland Sagl"},"image":{"@id":"https:\/\/www.caledoniasagl.ch\/es\/#\/schema\/logo\/image\/"},"sameAs":["https:\/\/it.linkedin.com\/company\/caledonia-s-p-a"]}]}},"_links":{"self":[{"href":"https:\/\/www.caledoniasagl.ch\/es\/wp-json\/wp\/v2\/pages\/15875","targetHints":{"allow":["GET"]}}],"collection":[{"href":"https:\/\/www.caledoniasagl.ch\/es\/wp-json\/wp\/v2\/pages"}],"about":[{"href":"https:\/\/www.caledoniasagl.ch\/es\/wp-json\/wp\/v2\/types\/page"}],"author":[{"embeddable":true,"href":"https:\/\/www.caledoniasagl.ch\/es\/wp-json\/wp\/v2\/users\/1"}],"replies":[{"embeddable":true,"href":"https:\/\/www.caledoniasagl.ch\/es\/wp-json\/wp\/v2\/comments?post=15875"}],"version-history":[{"count":4,"href":"https:\/\/www.caledoniasagl.ch\/es\/wp-json\/wp\/v2\/pages\/15875\/revisions"}],"predecessor-version":[{"id":16288,"href":"https:\/\/www.caledoniasagl.ch\/es\/wp-json\/wp\/v2\/pages\/15875\/revisions\/16288"}],"wp:attachment":[{"href":"https:\/\/www.caledoniasagl.ch\/es\/wp-json\/wp\/v2\/media?parent=15875"}],"curies":[{"name":"wp","href":"https:\/\/api.w.org\/{rel}","templated":true}]}}