{"id":15880,"date":"2020-12-14T18:14:15","date_gmt":"2020-12-14T17:14:15","guid":{"rendered":"https:\/\/www.caledoniasagl.ch\/gestione-del-credito\/"},"modified":"2024-03-19T17:09:22","modified_gmt":"2024-03-19T16:09:22","slug":"proteccion-del-credito","status":"publish","type":"page","link":"https:\/\/www.caledoniasagl.ch\/es\/proteccion-del-credito\/","title":{"rendered":"Protecci\u00f3n del Cr\u00e9dito"},"content":{"rendered":"<div class=\"wpb-content-wrapper\"><p>[vc_section full_width=\u00bbstretch_row\u00bb fade_in_opacity=\u00bbpix-opacity-8&#8243; pix_over_visibility=\u00bb\u00bb responsive_css=\u00bb{\u00abpix_res_sm_pt\u00ab:\u00ab10px\u00ab,\u00abpix_res_sm_pb\u00ab:\u00ab40px\u00ab,\u00abpix_res_md_pt\u00ab:\u00ab10px\u00ab,\u00abpix_res_md_pb\u00ab:\u00ab40px\u00ab}\u00bb css=\u00bb.vc_custom_1612279429806{padding-top: 150px !important;padding-bottom: 110px !important;background-color: #f8f9fa !important;}\u00bb fade_in_intro=\u00bb14052&#8243;][vc_row pix_particles_check=\u00bb\u00bb][vc_column]<div id=\"H1\" class=\"pix-heading-el text-left  vc_custom_1637572774746\"><h1 class=\"text-primary font-weight-bold h1 heading-text el-title_custom_color mb-12\" style=\"\" data-anim-type=\"\" data-anim-delay=\"0\">Protecci\u00f3n del Cr\u00e9dito<\/h1><\/div><div class=\"pix-el-text w-100   vc_custom_1637572783831\" ><div class=\"d-inline-block\" style=\"max-width:1180px;\"><p class=\"text-24  text-body-default  \" ><span class=\"text-body-default animate-in d-inline-block\" data-anim-delay=\"200\" data-anim-type=\"fade-in-up\">Una metodolog\u00eda altamente especializada para la b\u00fasqueda de informaci\u00f3n para evaluar la fiabilidad y estabilidad econ\u00f3mica de las personas f\u00edsicas y jur\u00eddicas y para el seguimiento y la recuperaci\u00f3n de bienes.<\/span><\/p><\/div><\/div>[\/vc_column][\/vc_row][vc_row content_placement=\u00bbmiddle\u00bb pix_particles_check=\u00bb\u00bb css=\u00bb.vc_custom_1611851605415{padding-top: 50px !important;}\u00bb][vc_column width=\u00bb1\/2&#8243; css=\u00bb.vc_custom_1611851297974{margin-bottom: 35px !important;}\u00bb]<div class=\"card pix-content-box pix-card-element bg-white2 rounded-xl   vc_custom_1710864559593  rounded-xl  overflow-hidden shadow shadow-hover\" ><a   href=\"https:\/\/www.caledoniasagl.ch\/es\/proteccion-del-credito\/proteccion-de-creditos-como-ciencia\/\"><img decoding=\"async\" class=\"w-100\"   srcset=\"https:\/\/www.caledoniasagl.ch\/wp-content\/uploads\/caledonia-recupero-crediti-1-300x150.jpg 300w, https:\/\/www.caledoniasagl.ch\/wp-content\/uploads\/caledonia-recupero-crediti-1-1024x512.jpg 1024w, https:\/\/www.caledoniasagl.ch\/wp-content\/uploads\/caledonia-recupero-crediti-1-150x75.jpg 150w, https:\/\/www.caledoniasagl.ch\/wp-content\/uploads\/caledonia-recupero-crediti-1-768x384.jpg 768w, https:\/\/www.caledoniasagl.ch\/wp-content\/uploads\/caledonia-recupero-crediti-1-1536x768.jpg 1536w, https:\/\/www.caledoniasagl.ch\/wp-content\/uploads\/caledonia-recupero-crediti-1.jpg 1600w\" src=\"https:\/\/www.caledoniasagl.ch\/wp-content\/uploads\/caledonia-recupero-crediti-1.jpg\" alt=\"Protecci\u00f3n de cr\u00e9ditos\"><\/a><div class=\"pix-card-content bg-white\"><div class=\"card-body py-3\"><div style=\"\" class=\"card-title font-weight-bold text-primary h3 heading-font\">Protecci\u00f3n de cr\u00e9ditos<\/div><p class=\"card-text text-body-default \" >Especializados en la gesti\u00f3n del cr\u00e9dito, trabajamos con una estrategia combinada de cobro telef\u00f3nico y a domicilio para reducir al m\u00ednimo las p\u00e9rdidas.<\/p><\/div><div class=\"card-footer text-right\"><a   href=\"https:\/\/www.caledoniasagl.ch\/es\/proteccion-del-credito\/proteccion-de-creditos-como-ciencia\/\"  class=\"pix-card-link d-flex align-items-center justify-content-end font-weight-bold text-secondary text-sm\"><span class=\"d-inline-block\">M\u00e1s detalles<\/span><svg class=\"pixfort-icon ml-1\" width=\"24\" height=\"24\"  data-name=\"Line\/pixfort-icon-arrow-right-2\" viewBox=\"2 2 20 20\"><polyline fill=\"none\" stroke=\"var(--pf-icon-color)\" stroke-linecap=\"round\" stroke-linejoin=\"round\" stroke-width=\"var(--pf-icon-stroke-width)\" points=\"9.5 17 14.5 12 9.5 7\"\/><\/svg><\/a><\/div><\/div><\/div>[\/vc_column][vc_column width=\u00bb1\/2&#8243; css=\u00bb.vc_custom_1611851314984{margin-bottom: 35px !important;}\u00bb]<div class=\"card pix-content-box pix-card-element bg-white2 rounded-xl   vc_custom_1637572844014  rounded-xl  overflow-hidden shadow shadow-hover\" ><a   href=\"https:\/\/www.caledoniasagl.ch\/es\/gestion-del-credito\/rastreo-y-recuperacion-de-bienes\/\"><img decoding=\"async\" class=\"w-100\"   srcset=\"https:\/\/www.caledoniasagl.ch\/wp-content\/uploads\/caledonia-rintraccio-beni-300x150.jpg 300w, https:\/\/www.caledoniasagl.ch\/wp-content\/uploads\/caledonia-rintraccio-beni-1024x512.jpg 1024w, https:\/\/www.caledoniasagl.ch\/wp-content\/uploads\/caledonia-rintraccio-beni-150x75.jpg 150w, https:\/\/www.caledoniasagl.ch\/wp-content\/uploads\/caledonia-rintraccio-beni-768x384.jpg 768w, https:\/\/www.caledoniasagl.ch\/wp-content\/uploads\/caledonia-rintraccio-beni-1536x768.jpg 1536w, https:\/\/www.caledoniasagl.ch\/wp-content\/uploads\/caledonia-rintraccio-beni.jpg 1600w\" src=\"https:\/\/www.caledoniasagl.ch\/wp-content\/uploads\/caledonia-rintraccio-beni.jpg\" alt=\"Rastreo y recuperaci\u00f3n de bienes\"><\/a><div class=\"pix-card-content bg-white\"><div class=\"card-body py-3\"><div style=\"\" class=\"card-title font-weight-bold text-primary h3 heading-font\">Rastreo y recuperaci\u00f3n de bienes<\/div><p class=\"card-text text-body-default \" >Especializados en el rastreo y recuperaci\u00f3n de bienes y veh\u00edculos de empresa, tanto en fase extrajudicial como judicial, con estrategias espec\u00edficas para el tipo de actuaci\u00f3n.<\/p><\/div><div class=\"card-footer text-right\"><a   href=\"https:\/\/www.caledoniasagl.ch\/es\/gestion-del-credito\/rastreo-y-recuperacion-de-bienes\/\"  class=\"pix-card-link d-flex align-items-center justify-content-end font-weight-bold text-secondary text-sm\"><span class=\"d-inline-block\">M\u00e1s detalles<\/span><svg class=\"pixfort-icon ml-1\" width=\"24\" height=\"24\"  data-name=\"Line\/pixfort-icon-arrow-right-2\" viewBox=\"2 2 20 20\"><polyline fill=\"none\" stroke=\"var(--pf-icon-color)\" stroke-linecap=\"round\" stroke-linejoin=\"round\" stroke-width=\"var(--pf-icon-stroke-width)\" points=\"9.5 17 14.5 12 9.5 7\"\/><\/svg><\/a><\/div><\/div><\/div>[\/vc_column][\/vc_row][\/vc_section]<\/p>\r\n<\/div>","protected":false},"excerpt":{"rendered":"[vc_section full_width=\u00bbstretch_row\u00bb fade_in_opacity=\u00bbpix-opacity-8&#8243; pix_over_visibility=\u00bb\u00bb responsive_css=\u00bb{\u00abpix_res_sm_pt\u00ab:\u00ab10px\u00ab,\u00abpix_res_sm_pb\u00ab:\u00ab40px\u00ab,\u00abpix_res_md_pt\u00ab:\u00ab10px\u00ab,\u00abpix_res_md_pb\u00ab:\u00ab40px\u00ab}\u00bb css=\u00bb.vc_custom_1612279429806{padding-top: 150px !important;padding-bottom: 110px !important;background-color: #f8f9fa !important;}\u00bb fade_in_intro=\u00bb14052&#8243;][vc_row pix_particles_check=\u00bb\u00bb][vc_column][\/vc_column][\/vc_row][vc_row content_placement=\u00bbmiddle\u00bb pix_particles_check=\u00bb\u00bb css=\u00bb.vc_custom_1611851605415{padding-top: 50px !important;}\u00bb][vc_column width=\u00bb1\/2&#8243; css=\u00bb.vc_custom_1611851297974{margin-bottom: 35px !important;}\u00bb][\/vc_column][vc_column width=\u00bb1\/2&#8243; css=\u00bb.vc_custom_1611851314984{margin-bottom: 35px !important;}\u00bb][\/vc_column][\/vc_row][\/vc_section]","protected":false},"author":1,"featured_media":0,"parent":0,"menu_order":0,"comment_status":"closed","ping_status":"closed","template":"","meta":{"inline_featured_image":false,"_monsterinsights_skip_tracking":false,"_monsterinsights_sitenote_active":false,"_monsterinsights_sitenote_note":"","_monsterinsights_sitenote_category":0,"footnotes":""},"class_list":["post-15880","page","type-page","status-publish","hentry"],"yoast_head":"<!-- This site is optimized with the Yoast SEO plugin v26.8 - https:\/\/yoast.com\/product\/yoast-seo-wordpress\/ -->\n<title>Caledonia Spa, Gesti\u00f3n y recuperaci\u00f3n de cr\u00e9ditos y bienes<\/title>\n<meta name=\"description\" content=\"Caledonia Spa se especializa en la gesti\u00f3n crediticia y en el rastreo y recuperaci\u00f3n de activos para la protecci\u00f3n y seguridad empresarial.\" \/>\n<meta name=\"robots\" content=\"index, follow, max-snippet:-1, max-image-preview:large, max-video-preview:-1\" \/>\n<link rel=\"canonical\" href=\"https:\/\/www.caledoniasagl.ch\/es\/proteccion-del-credito\/\" \/>\n<meta property=\"og:locale\" content=\"es_ES\" \/>\n<meta property=\"og:type\" content=\"article\" \/>\n<meta property=\"og:title\" content=\"Caledonia Spa, Gesti\u00f3n y recuperaci\u00f3n de cr\u00e9ditos y bienes\" \/>\n<meta property=\"og:description\" content=\"Caledonia Spa se especializa en la gesti\u00f3n crediticia y en el rastreo y recuperaci\u00f3n de activos para la protecci\u00f3n y seguridad empresarial.\" \/>\n<meta property=\"og:url\" content=\"https:\/\/www.caledoniasagl.ch\/es\/proteccion-del-credito\/\" \/>\n<meta property=\"og:site_name\" content=\"Caledonia Switzerland Sagl\" \/>\n<meta property=\"article:modified_time\" content=\"2024-03-19T16:09:22+00:00\" \/>\n<meta name=\"twitter:card\" content=\"summary_large_image\" \/>\n<meta name=\"twitter:label1\" content=\"Tiempo de lectura\" \/>\n\t<meta name=\"twitter:data1\" content=\"2 minutos\" \/>\n<script type=\"application\/ld+json\" class=\"yoast-schema-graph\">{\"@context\":\"https:\/\/schema.org\",\"@graph\":[{\"@type\":\"WebPage\",\"@id\":\"https:\/\/www.caledoniasagl.ch\/es\/proteccion-del-credito\/\",\"url\":\"https:\/\/www.caledoniasagl.ch\/es\/proteccion-del-credito\/\",\"name\":\"Caledonia Spa, Gesti\u00f3n y recuperaci\u00f3n de cr\u00e9ditos y bienes\",\"isPartOf\":{\"@id\":\"https:\/\/www.caledoniasagl.ch\/es\/#website\"},\"datePublished\":\"2020-12-14T17:14:15+00:00\",\"dateModified\":\"2024-03-19T16:09:22+00:00\",\"description\":\"Caledonia Spa se especializa en la gesti\u00f3n crediticia y en el rastreo y recuperaci\u00f3n de activos para la protecci\u00f3n y seguridad empresarial.\",\"inLanguage\":\"es\",\"potentialAction\":[{\"@type\":\"ReadAction\",\"target\":[\"https:\/\/www.caledoniasagl.ch\/es\/proteccion-del-credito\/\"]}]},{\"@type\":\"WebSite\",\"@id\":\"https:\/\/www.caledoniasagl.ch\/es\/#website\",\"url\":\"https:\/\/www.caledoniasagl.ch\/es\/\",\"name\":\"Caledonia Switzerland Sagl\",\"description\":\"Protect Your Interests\",\"publisher\":{\"@id\":\"https:\/\/www.caledoniasagl.ch\/es\/#organization\"},\"potentialAction\":[{\"@type\":\"SearchAction\",\"target\":{\"@type\":\"EntryPoint\",\"urlTemplate\":\"https:\/\/www.caledoniasagl.ch\/es\/?s={search_term_string}\"},\"query-input\":{\"@type\":\"PropertyValueSpecification\",\"valueRequired\":true,\"valueName\":\"search_term_string\"}}],\"inLanguage\":\"es\"},{\"@type\":\"Organization\",\"@id\":\"https:\/\/www.caledoniasagl.ch\/es\/#organization\",\"name\":\"Caledonia Switzerland Sagl\",\"url\":\"https:\/\/www.caledoniasagl.ch\/es\/\",\"logo\":{\"@type\":\"ImageObject\",\"inLanguage\":\"es\",\"@id\":\"https:\/\/www.caledoniasagl.ch\/es\/#\/schema\/logo\/image\/\",\"url\":\"https:\/\/www.caledoniasagl.ch\/wp-content\/uploads\/logo.svg\",\"contentUrl\":\"https:\/\/www.caledoniasagl.ch\/wp-content\/uploads\/logo.svg\",\"caption\":\"Caledonia Switzerland Sagl\"},\"image\":{\"@id\":\"https:\/\/www.caledoniasagl.ch\/es\/#\/schema\/logo\/image\/\"},\"sameAs\":[\"https:\/\/it.linkedin.com\/company\/caledonia-s-p-a\"]}]}<\/script>\n<!-- \/ Yoast SEO plugin. -->","yoast_head_json":{"title":"Caledonia Spa, Gesti\u00f3n y recuperaci\u00f3n de cr\u00e9ditos y bienes","description":"Caledonia Spa se especializa en la gesti\u00f3n crediticia y en el rastreo y recuperaci\u00f3n de activos para la protecci\u00f3n y seguridad empresarial.","robots":{"index":"index","follow":"follow","max-snippet":"max-snippet:-1","max-image-preview":"max-image-preview:large","max-video-preview":"max-video-preview:-1"},"canonical":"https:\/\/www.caledoniasagl.ch\/es\/proteccion-del-credito\/","og_locale":"es_ES","og_type":"article","og_title":"Caledonia Spa, Gesti\u00f3n y recuperaci\u00f3n de cr\u00e9ditos y bienes","og_description":"Caledonia Spa se especializa en la gesti\u00f3n crediticia y en el rastreo y recuperaci\u00f3n de activos para la protecci\u00f3n y seguridad empresarial.","og_url":"https:\/\/www.caledoniasagl.ch\/es\/proteccion-del-credito\/","og_site_name":"Caledonia Switzerland Sagl","article_modified_time":"2024-03-19T16:09:22+00:00","twitter_card":"summary_large_image","twitter_misc":{"Tiempo de lectura":"2 minutos"},"schema":{"@context":"https:\/\/schema.org","@graph":[{"@type":"WebPage","@id":"https:\/\/www.caledoniasagl.ch\/es\/proteccion-del-credito\/","url":"https:\/\/www.caledoniasagl.ch\/es\/proteccion-del-credito\/","name":"Caledonia Spa, Gesti\u00f3n y recuperaci\u00f3n de cr\u00e9ditos y bienes","isPartOf":{"@id":"https:\/\/www.caledoniasagl.ch\/es\/#website"},"datePublished":"2020-12-14T17:14:15+00:00","dateModified":"2024-03-19T16:09:22+00:00","description":"Caledonia Spa se especializa en la gesti\u00f3n crediticia y en el rastreo y recuperaci\u00f3n de activos para la protecci\u00f3n y seguridad empresarial.","inLanguage":"es","potentialAction":[{"@type":"ReadAction","target":["https:\/\/www.caledoniasagl.ch\/es\/proteccion-del-credito\/"]}]},{"@type":"WebSite","@id":"https:\/\/www.caledoniasagl.ch\/es\/#website","url":"https:\/\/www.caledoniasagl.ch\/es\/","name":"Caledonia Switzerland Sagl","description":"Protect Your Interests","publisher":{"@id":"https:\/\/www.caledoniasagl.ch\/es\/#organization"},"potentialAction":[{"@type":"SearchAction","target":{"@type":"EntryPoint","urlTemplate":"https:\/\/www.caledoniasagl.ch\/es\/?s={search_term_string}"},"query-input":{"@type":"PropertyValueSpecification","valueRequired":true,"valueName":"search_term_string"}}],"inLanguage":"es"},{"@type":"Organization","@id":"https:\/\/www.caledoniasagl.ch\/es\/#organization","name":"Caledonia Switzerland Sagl","url":"https:\/\/www.caledoniasagl.ch\/es\/","logo":{"@type":"ImageObject","inLanguage":"es","@id":"https:\/\/www.caledoniasagl.ch\/es\/#\/schema\/logo\/image\/","url":"https:\/\/www.caledoniasagl.ch\/wp-content\/uploads\/logo.svg","contentUrl":"https:\/\/www.caledoniasagl.ch\/wp-content\/uploads\/logo.svg","caption":"Caledonia Switzerland Sagl"},"image":{"@id":"https:\/\/www.caledoniasagl.ch\/es\/#\/schema\/logo\/image\/"},"sameAs":["https:\/\/it.linkedin.com\/company\/caledonia-s-p-a"]}]}},"_links":{"self":[{"href":"https:\/\/www.caledoniasagl.ch\/es\/wp-json\/wp\/v2\/pages\/15880","targetHints":{"allow":["GET"]}}],"collection":[{"href":"https:\/\/www.caledoniasagl.ch\/es\/wp-json\/wp\/v2\/pages"}],"about":[{"href":"https:\/\/www.caledoniasagl.ch\/es\/wp-json\/wp\/v2\/types\/page"}],"author":[{"embeddable":true,"href":"https:\/\/www.caledoniasagl.ch\/es\/wp-json\/wp\/v2\/users\/1"}],"replies":[{"embeddable":true,"href":"https:\/\/www.caledoniasagl.ch\/es\/wp-json\/wp\/v2\/comments?post=15880"}],"version-history":[{"count":7,"href":"https:\/\/www.caledoniasagl.ch\/es\/wp-json\/wp\/v2\/pages\/15880\/revisions"}],"predecessor-version":[{"id":16585,"href":"https:\/\/www.caledoniasagl.ch\/es\/wp-json\/wp\/v2\/pages\/15880\/revisions\/16585"}],"wp:attachment":[{"href":"https:\/\/www.caledoniasagl.ch\/es\/wp-json\/wp\/v2\/media?parent=15880"}],"curies":[{"name":"wp","href":"https:\/\/api.w.org\/{rel}","templated":true}]}}