{"id":15883,"date":"2020-12-16T16:00:29","date_gmt":"2020-12-16T15:00:29","guid":{"rendered":"https:\/\/www.caledoniasagl.ch\/gestion-del-credito\/gestione-e-recupero-crediti\/"},"modified":"2024-03-19T17:13:06","modified_gmt":"2024-03-19T16:13:06","slug":"proteccion-de-creditos-como-ciencia","status":"publish","type":"page","link":"https:\/\/www.caledoniasagl.ch\/es\/proteccion-del-credito\/proteccion-de-creditos-como-ciencia\/","title":{"rendered":"Protecci\u00f3n de cr\u00e9ditos como ciencia"},"content":{"rendered":"<div class=\"wpb-content-wrapper\"><p>[vc_section full_width=\u00bbstretch_row\u00bb content_placement=\u00bbmiddle\u00bb fade_in_opacity=\u00bbpix-opacity-7&#8243; pix_over_visibility=\u00bb\u00bb pix_overlay_color=\u00bbblack\u00bb css=\u00bb.vc_custom_1710864783585{background-color: #ffffff !important;}\u00bb pix_overlay_opacity=\u00bb1&#8243; b_custom_height=\u00bb300px\u00bb fade_in_intro=\u00bb16575&#8243;][vc_row pix_particles_check=\u00bb\u00bb responsive_css=\u00bb{\u00abpix_res_sm_pt\u00ab:\u00ab0px\u00ab,\u00abpix_res_md_pt\u00ab:\u00ab0px\u00ab}\u00bb css=\u00bb.vc_custom_1612279093745{padding-top: 150px !important;padding-bottom: 70px !important;}\u00bb][vc_column css=\u00bb.vc_custom_1589595508057{padding-top: 20px !important;padding-bottom: 20px !important;}\u00bb]<div id=\"H1\" class=\"pix-heading-el text-left  vc_custom_1637573148044\"><div class=\"d-inline-block\" style=\"max-width:750px;\"><h1 class=\"text-white font-weight-bold h1 animate-in heading-text el-title_custom_color mb-12\" style=\"\" data-anim-type=\"fade-in\" data-anim-delay=\"200\">Protecci\u00f3n de cr\u00e9ditos como ciencia<\/h1><\/div><\/div><div class=\"pix-el-text w-100   vc_custom_1637573162674\" ><div class=\"d-inline-block\" style=\"max-width:800px;\"><p class=\"text-24  text-white  \" ><span class=\"text-white animate-in d-inline-block\" data-anim-delay=\"400\" data-anim-type=\"fade-in-up\">Caledonia, en sus a\u00f1os de experiencia, ha desarrollado un planteamiento fuertemente especializado en la gesti\u00f3n del cr\u00e9dito para particulares y empresas en los sectores bancario, financiero y para sociedades de leasing y renting.<\/span><\/p><\/div><\/div><a  href=\"https:\/\/www.caledoniasagl.ch\/es\/contactos\/\" class=\"btn mb-2    vc_custom_1618323646441  shadow-sm shadow-hover-sm text-primary btn-white d-inline-flex align-items-center pix-hover-item       btn-md\"     ><span class=\"font-weight-bold \" >Cont\u00e1ctanos<\/span><svg class=\"pixfort-icon font-weight-bold  pix-hover-right  ml-2\" width=\"24\" height=\"24\"  data-name=\"Line\/pixfort-icon-arrow-right-2\" viewBox=\"2 2 20 20\"><polyline fill=\"none\" stroke=\"var(--pf-icon-color)\" stroke-linecap=\"round\" stroke-linejoin=\"round\" stroke-width=\"var(--pf-icon-stroke-width)\" points=\"9.5 17 14.5 12 9.5 7\"\/><\/svg><\/a>[\/vc_column][\/vc_row][\/vc_section][vc_section full_width=\u00bbstretch_row\u00bb pix_over_visibility=\u00bb\u00bb css=\u00bb.vc_custom_1611338618988{background-color: #f8f9fa !important;}\u00bb fade_in_intro=\u00bb14052&#8243;][vc_row full_width=\u00bbstretch_row\u00bb gap=\u00bb35&#8243; content_placement=\u00bbtop\u00bb pix_particles_check=\u00bb\u00bb css=\u00bb.vc_custom_1612436460514{padding-top: 70px !important;padding-bottom: 75px !important;}\u00bb][vc_column width=\u00bb1\/2&#8243;][vc_column_text]<\/p>\r\n<h2><strong>\u00bfPrevenir el riesgo de empresa?<\/strong><br \/>\r\n<strong>Con Caledonia es una ciencia.<\/strong><\/h2>\r\n<p>[\/vc_column_text][vc_separator color=\u00bbcustom\u00bb align=\u00bbalign_left\u00bb border_width=\u00bb3&#8243; accent_color=\u00bb#3dc4f2&#8243;][\/vc_column][vc_column width=\u00bb1\/2&#8243;][vc_column_text]<\/p>\r\n<p><strong>Estudiamos en detalle cada factor de riesgo para resolver con la m\u00e1xima eficiencia y puntualidad toda problem\u00e1tica ligada a la <span style=\"color: #3dc4f2;\">protecci\u00f3n del cr\u00e9dito<\/span>.<br \/>\r\nEl m\u00e9todo de Caledonia: Prevenir, gestionar y reducir al m\u00ednimo los riesgos a trav\u00e9s de an\u00e1lisis que pueda poner de manifiesto la <span style=\"color: #3dc4f2;\">solvencia y la fiabilidad econ\u00f3mica de personas f\u00edsicas y jur\u00eddicas<\/span>.<br \/>\r\nA trav\u00e9s de estudios y profundizaciones cruzadas se podr\u00e1 perfilar tambi\u00e9n el perfil reputacional de las personas objeto de investigaciones.<\/strong><\/p>\r\n<p>[\/vc_column_text][\/vc_column][\/vc_row][\/vc_section]<\/p>\r\n<\/div>","protected":false},"excerpt":{"rendered":"[vc_section full_width=\u00bbstretch_row\u00bb content_placement=\u00bbmiddle\u00bb fade_in_opacity=\u00bbpix-opacity-7&#8243; pix_over_visibility=\u00bb\u00bb pix_overlay_color=\u00bbblack\u00bb css=\u00bb.vc_custom_1710864783585{background-color: #ffffff !important;}\u00bb pix_overlay_opacity=\u00bb1&#8243; b_custom_height=\u00bb300px\u00bb fade_in_intro=\u00bb16575&#8243;][vc_row pix_particles_check=\u00bb\u00bb responsive_css=\u00bb{\u00abpix_res_sm_pt\u00ab:\u00ab0px\u00ab,\u00abpix_res_md_pt\u00ab:\u00ab0px\u00ab}\u00bb css=\u00bb.vc_custom_1612279093745{padding-top: 150px !important;padding-bottom: 70px !important;}\u00bb][vc_column css=\u00bb.vc_custom_1589595508057{padding-top: 20px !important;padding-bottom: 20px !important;}\u00bb][\/vc_column][\/vc_row][\/vc_section][vc_section full_width=\u00bbstretch_row\u00bb pix_over_visibility=\u00bb\u00bb css=\u00bb.vc_custom_1611338618988{background-color: #f8f9fa !important;}\u00bb fade_in_intro=\u00bb14052&#8243;][vc_row full_width=\u00bbstretch_row\u00bb gap=\u00bb35&#8243; content_placement=\u00bbtop\u00bb pix_particles_check=\u00bb\u00bb css=\u00bb.vc_custom_1612436460514{padding-top: 70px !important;padding-bottom: 75px !important;}\u00bb][vc_column width=\u00bb1\/2&#8243;][vc_column_text]&#8230;","protected":false},"author":1,"featured_media":0,"parent":15880,"menu_order":0,"comment_status":"closed","ping_status":"closed","template":"","meta":{"inline_featured_image":false,"_monsterinsights_skip_tracking":false,"_monsterinsights_sitenote_active":false,"_monsterinsights_sitenote_note":"","_monsterinsights_sitenote_category":0,"footnotes":""},"class_list":["post-15883","page","type-page","status-publish","hentry"],"yoast_head":"<!-- This site is optimized with the Yoast SEO plugin v26.8 - https:\/\/yoast.com\/product\/yoast-seo-wordpress\/ -->\n<title>Gesti\u00f3n y recuperaci\u00f3n de cr\u00e9ditos: actividad de cobro telef\u00f3nico y domicilio<\/title>\n<meta name=\"description\" content=\"Caledonia SpA se especializa en la gesti\u00f3n de cr\u00e9dito y opera con una estrategia combinada de recogida de tel\u00e9fonos y recogida a domicilio.\" \/>\n<meta name=\"robots\" content=\"index, follow, max-snippet:-1, max-image-preview:large, max-video-preview:-1\" \/>\n<link rel=\"canonical\" href=\"https:\/\/www.caledoniasagl.ch\/es\/proteccion-del-credito\/proteccion-de-creditos-como-ciencia\/\" \/>\n<meta property=\"og:locale\" content=\"es_ES\" \/>\n<meta property=\"og:type\" content=\"article\" \/>\n<meta property=\"og:title\" content=\"Gesti\u00f3n y recuperaci\u00f3n de cr\u00e9ditos: actividad de cobro telef\u00f3nico y domicilio\" \/>\n<meta property=\"og:description\" content=\"Caledonia SpA se especializa en la gesti\u00f3n de cr\u00e9dito y opera con una estrategia combinada de recogida de tel\u00e9fonos y recogida a domicilio.\" \/>\n<meta property=\"og:url\" content=\"https:\/\/www.caledoniasagl.ch\/es\/proteccion-del-credito\/proteccion-de-creditos-como-ciencia\/\" \/>\n<meta property=\"og:site_name\" content=\"Caledonia Switzerland Sagl\" \/>\n<meta property=\"article:modified_time\" content=\"2024-03-19T16:13:06+00:00\" \/>\n<meta name=\"twitter:card\" content=\"summary_large_image\" \/>\n<meta name=\"twitter:label1\" content=\"Tiempo de lectura\" \/>\n\t<meta name=\"twitter:data1\" content=\"2 minutos\" \/>\n<script type=\"application\/ld+json\" class=\"yoast-schema-graph\">{\"@context\":\"https:\/\/schema.org\",\"@graph\":[{\"@type\":\"WebPage\",\"@id\":\"https:\/\/www.caledoniasagl.ch\/es\/proteccion-del-credito\/proteccion-de-creditos-como-ciencia\/\",\"url\":\"https:\/\/www.caledoniasagl.ch\/es\/proteccion-del-credito\/proteccion-de-creditos-como-ciencia\/\",\"name\":\"Gesti\u00f3n y recuperaci\u00f3n de cr\u00e9ditos: actividad de cobro telef\u00f3nico y domicilio\",\"isPartOf\":{\"@id\":\"https:\/\/www.caledoniasagl.ch\/es\/#website\"},\"datePublished\":\"2020-12-16T15:00:29+00:00\",\"dateModified\":\"2024-03-19T16:13:06+00:00\",\"description\":\"Caledonia SpA se especializa en la gesti\u00f3n de cr\u00e9dito y opera con una estrategia combinada de recogida de tel\u00e9fonos y recogida a domicilio.\",\"breadcrumb\":{\"@id\":\"https:\/\/www.caledoniasagl.ch\/es\/proteccion-del-credito\/proteccion-de-creditos-como-ciencia\/#breadcrumb\"},\"inLanguage\":\"es\",\"potentialAction\":[{\"@type\":\"ReadAction\",\"target\":[\"https:\/\/www.caledoniasagl.ch\/es\/proteccion-del-credito\/proteccion-de-creditos-como-ciencia\/\"]}]},{\"@type\":\"BreadcrumbList\",\"@id\":\"https:\/\/www.caledoniasagl.ch\/es\/proteccion-del-credito\/proteccion-de-creditos-como-ciencia\/#breadcrumb\",\"itemListElement\":[{\"@type\":\"ListItem\",\"position\":1,\"name\":\"Protecci\u00f3n del Cr\u00e9dito\",\"item\":\"https:\/\/www.caledoniasagl.ch\/es\/proteccion-del-credito\/\"},{\"@type\":\"ListItem\",\"position\":2,\"name\":\"Protecci\u00f3n de cr\u00e9ditos como ciencia\"}]},{\"@type\":\"WebSite\",\"@id\":\"https:\/\/www.caledoniasagl.ch\/es\/#website\",\"url\":\"https:\/\/www.caledoniasagl.ch\/es\/\",\"name\":\"Caledonia Switzerland Sagl\",\"description\":\"Protect Your Interests\",\"publisher\":{\"@id\":\"https:\/\/www.caledoniasagl.ch\/es\/#organization\"},\"potentialAction\":[{\"@type\":\"SearchAction\",\"target\":{\"@type\":\"EntryPoint\",\"urlTemplate\":\"https:\/\/www.caledoniasagl.ch\/es\/?s={search_term_string}\"},\"query-input\":{\"@type\":\"PropertyValueSpecification\",\"valueRequired\":true,\"valueName\":\"search_term_string\"}}],\"inLanguage\":\"es\"},{\"@type\":\"Organization\",\"@id\":\"https:\/\/www.caledoniasagl.ch\/es\/#organization\",\"name\":\"Caledonia Switzerland Sagl\",\"url\":\"https:\/\/www.caledoniasagl.ch\/es\/\",\"logo\":{\"@type\":\"ImageObject\",\"inLanguage\":\"es\",\"@id\":\"https:\/\/www.caledoniasagl.ch\/es\/#\/schema\/logo\/image\/\",\"url\":\"https:\/\/www.caledoniasagl.ch\/wp-content\/uploads\/logo.svg\",\"contentUrl\":\"https:\/\/www.caledoniasagl.ch\/wp-content\/uploads\/logo.svg\",\"caption\":\"Caledonia Switzerland Sagl\"},\"image\":{\"@id\":\"https:\/\/www.caledoniasagl.ch\/es\/#\/schema\/logo\/image\/\"},\"sameAs\":[\"https:\/\/it.linkedin.com\/company\/caledonia-s-p-a\"]}]}<\/script>\n<!-- \/ Yoast SEO plugin. -->","yoast_head_json":{"title":"Gesti\u00f3n y recuperaci\u00f3n de cr\u00e9ditos: actividad de cobro telef\u00f3nico y domicilio","description":"Caledonia SpA se especializa en la gesti\u00f3n de cr\u00e9dito y opera con una estrategia combinada de recogida de tel\u00e9fonos y recogida a domicilio.","robots":{"index":"index","follow":"follow","max-snippet":"max-snippet:-1","max-image-preview":"max-image-preview:large","max-video-preview":"max-video-preview:-1"},"canonical":"https:\/\/www.caledoniasagl.ch\/es\/proteccion-del-credito\/proteccion-de-creditos-como-ciencia\/","og_locale":"es_ES","og_type":"article","og_title":"Gesti\u00f3n y recuperaci\u00f3n de cr\u00e9ditos: actividad de cobro telef\u00f3nico y domicilio","og_description":"Caledonia SpA se especializa en la gesti\u00f3n de cr\u00e9dito y opera con una estrategia combinada de recogida de tel\u00e9fonos y recogida a domicilio.","og_url":"https:\/\/www.caledoniasagl.ch\/es\/proteccion-del-credito\/proteccion-de-creditos-como-ciencia\/","og_site_name":"Caledonia Switzerland Sagl","article_modified_time":"2024-03-19T16:13:06+00:00","twitter_card":"summary_large_image","twitter_misc":{"Tiempo de lectura":"2 minutos"},"schema":{"@context":"https:\/\/schema.org","@graph":[{"@type":"WebPage","@id":"https:\/\/www.caledoniasagl.ch\/es\/proteccion-del-credito\/proteccion-de-creditos-como-ciencia\/","url":"https:\/\/www.caledoniasagl.ch\/es\/proteccion-del-credito\/proteccion-de-creditos-como-ciencia\/","name":"Gesti\u00f3n y recuperaci\u00f3n de cr\u00e9ditos: actividad de cobro telef\u00f3nico y domicilio","isPartOf":{"@id":"https:\/\/www.caledoniasagl.ch\/es\/#website"},"datePublished":"2020-12-16T15:00:29+00:00","dateModified":"2024-03-19T16:13:06+00:00","description":"Caledonia SpA se especializa en la gesti\u00f3n de cr\u00e9dito y opera con una estrategia combinada de recogida de tel\u00e9fonos y recogida a domicilio.","breadcrumb":{"@id":"https:\/\/www.caledoniasagl.ch\/es\/proteccion-del-credito\/proteccion-de-creditos-como-ciencia\/#breadcrumb"},"inLanguage":"es","potentialAction":[{"@type":"ReadAction","target":["https:\/\/www.caledoniasagl.ch\/es\/proteccion-del-credito\/proteccion-de-creditos-como-ciencia\/"]}]},{"@type":"BreadcrumbList","@id":"https:\/\/www.caledoniasagl.ch\/es\/proteccion-del-credito\/proteccion-de-creditos-como-ciencia\/#breadcrumb","itemListElement":[{"@type":"ListItem","position":1,"name":"Protecci\u00f3n del Cr\u00e9dito","item":"https:\/\/www.caledoniasagl.ch\/es\/proteccion-del-credito\/"},{"@type":"ListItem","position":2,"name":"Protecci\u00f3n de cr\u00e9ditos como ciencia"}]},{"@type":"WebSite","@id":"https:\/\/www.caledoniasagl.ch\/es\/#website","url":"https:\/\/www.caledoniasagl.ch\/es\/","name":"Caledonia Switzerland Sagl","description":"Protect Your Interests","publisher":{"@id":"https:\/\/www.caledoniasagl.ch\/es\/#organization"},"potentialAction":[{"@type":"SearchAction","target":{"@type":"EntryPoint","urlTemplate":"https:\/\/www.caledoniasagl.ch\/es\/?s={search_term_string}"},"query-input":{"@type":"PropertyValueSpecification","valueRequired":true,"valueName":"search_term_string"}}],"inLanguage":"es"},{"@type":"Organization","@id":"https:\/\/www.caledoniasagl.ch\/es\/#organization","name":"Caledonia Switzerland Sagl","url":"https:\/\/www.caledoniasagl.ch\/es\/","logo":{"@type":"ImageObject","inLanguage":"es","@id":"https:\/\/www.caledoniasagl.ch\/es\/#\/schema\/logo\/image\/","url":"https:\/\/www.caledoniasagl.ch\/wp-content\/uploads\/logo.svg","contentUrl":"https:\/\/www.caledoniasagl.ch\/wp-content\/uploads\/logo.svg","caption":"Caledonia Switzerland Sagl"},"image":{"@id":"https:\/\/www.caledoniasagl.ch\/es\/#\/schema\/logo\/image\/"},"sameAs":["https:\/\/it.linkedin.com\/company\/caledonia-s-p-a"]}]}},"_links":{"self":[{"href":"https:\/\/www.caledoniasagl.ch\/es\/wp-json\/wp\/v2\/pages\/15883","targetHints":{"allow":["GET"]}}],"collection":[{"href":"https:\/\/www.caledoniasagl.ch\/es\/wp-json\/wp\/v2\/pages"}],"about":[{"href":"https:\/\/www.caledoniasagl.ch\/es\/wp-json\/wp\/v2\/types\/page"}],"author":[{"embeddable":true,"href":"https:\/\/www.caledoniasagl.ch\/es\/wp-json\/wp\/v2\/users\/1"}],"replies":[{"embeddable":true,"href":"https:\/\/www.caledoniasagl.ch\/es\/wp-json\/wp\/v2\/comments?post=15883"}],"version-history":[{"count":5,"href":"https:\/\/www.caledoniasagl.ch\/es\/wp-json\/wp\/v2\/pages\/15883\/revisions"}],"predecessor-version":[{"id":16590,"href":"https:\/\/www.caledoniasagl.ch\/es\/wp-json\/wp\/v2\/pages\/15883\/revisions\/16590"}],"up":[{"embeddable":true,"href":"https:\/\/www.caledoniasagl.ch\/es\/wp-json\/wp\/v2\/pages\/15880"}],"wp:attachment":[{"href":"https:\/\/www.caledoniasagl.ch\/es\/wp-json\/wp\/v2\/media?parent=15883"}],"curies":[{"name":"wp","href":"https:\/\/api.w.org\/{rel}","templated":true}]}}