{"id":15908,"date":"2021-01-11T16:48:43","date_gmt":"2021-01-11T15:48:43","guid":{"rendered":"https:\/\/www.caledoniasagl.ch\/indagini-informatiche\/"},"modified":"2021-04-19T16:48:19","modified_gmt":"2021-04-19T14:48:19","slug":"informatica-forense-digital","status":"publish","type":"page","link":"https:\/\/www.caledoniasagl.ch\/es\/informatica-forense-digital\/","title":{"rendered":"Inform\u00e1tica forense digital"},"content":{"rendered":"<div class=\"wpb-content-wrapper\"><p>[vc_section full_width=\u00bbstretch_row\u00bb content_placement=\u00bbmiddle\u00bb fade_in_opacity=\u00bbpix-opacity-6&#8243; pix_over_visibility=\u00bb\u00bb pix_overlay_color=\u00bbblack\u00bb css=\u00bb.vc_custom_1616419302398{background-color: #ffffff !important;}\u00bb pix_overlay_opacity=\u00bb1&#8243; b_custom_height=\u00bb300px\u00bb fade_in_intro=\u00bb15501&#8243;][vc_row pix_particles_check=\u00bb\u00bb responsive_css=\u00bb{\u00abpix_res_sm_pt\u00ab:\u00ab0px\u00ab,\u00abpix_res_md_pt\u00ab:\u00ab0px\u00ab}\u00bb css=\u00bb.vc_custom_1612278963735{padding-top: 150px !important;padding-bottom: 70px !important;}\u00bb][vc_column css=\u00bb.vc_custom_1589595508057{padding-top: 20px !important;padding-bottom: 20px !important;}\u00bb]<div id=\"H1\" class=\"pix-heading-el text-left  vc_custom_1618325911676\"><div class=\"d-inline-block\" style=\"max-width:900px;\"><h1 class=\"text-white font-weight-bold h1 animate-in heading-text el-title_custom_color mb-12\" style=\"\" data-anim-type=\"fade-in\" data-anim-delay=\"200\">Actividades de inform\u00e1tica forense digital para proteger la integridad de los datos digitales<\/h1><\/div><\/div><div class=\"pix-el-text w-100   vc_custom_1618325924906\" ><div class=\"d-inline-block\" style=\"max-width:900px;\"><p class=\"text-24  text-white  \" ><span class=\"text-white animate-in d-inline-block\" data-anim-delay=\"400\" data-anim-type=\"fade-in-up\">Las investigaciones inform\u00e1ticas se llevan a cabo en el campo de la inform\u00e1tica digital forense para identificar y extraer datos digitales que puedan utilizarse como prueba en distintos \u00e1mbitos de investigaci\u00f3n.<\/span><\/p><\/div><\/div><a  href=\"https:\/\/www.caledoniasagl.ch\/es\/contactos\/\" class=\"btn mb-2    vc_custom_1618325935639  shadow-sm shadow-hover-sm text-primary btn-white d-inline-flex align-items-center pix-hover-item       btn-md\"     ><span class=\"font-weight-bold \" >Cont\u00e1ctanos<\/span><svg class=\"pixfort-icon font-weight-bold  pix-hover-right  ml-2\" width=\"24\" height=\"24\"  data-name=\"Line\/pixfort-icon-arrow-right-2\" viewBox=\"2 2 20 20\"><polyline fill=\"none\" stroke=\"var(--pf-icon-color)\" stroke-linecap=\"round\" stroke-linejoin=\"round\" stroke-width=\"var(--pf-icon-stroke-width)\" points=\"9.5 17 14.5 12 9.5 7\"\/><\/svg><\/a>[\/vc_column][\/vc_row][\/vc_section][vc_section full_width=\u00bbstretch_row\u00bb pix_over_visibility=\u00bb\u00bb css=\u00bb.vc_custom_1611481603006{background-color: #f8f9fa !important;}\u00bb fade_in_intro=\u00bb14052&#8243;][vc_row full_width=\u00bbstretch_row\u00bb gap=\u00bb35&#8243; content_placement=\u00bbtop\u00bb pix_particles_check=\u00bb\u00bb css=\u00bb.vc_custom_1611481441178{padding-top: 70px !important;padding-bottom: 75px !important;}\u00bb][vc_column width=\u00bb1\/2&#8243;][vc_column_text]<\/p><h2><strong>Tus datos son un patrimonio, \u00bfc\u00f3mo protegerlos?<\/strong><\/h2><p>[\/vc_column_text][vc_separator color=\u00bbcustom\u00bb border_width=\u00bb3&#8243; accent_color=\u00bb#3dc4f2&#8243;][\/vc_column][vc_column width=\u00bb1\/2&#8243;][vc_column_text]<\/p><p><strong>Con el creciente desarrollo de las nuevas tecnolog\u00edas, Caledonia ha estructurado una actividad <span style=\"color: #3dc4f2;\">t\u00e9cnico-investigativa<\/span>, complementaria y en sinergia con las dem\u00e1s metodolog\u00edas de la empresa, para garantizar la <span style=\"color: #3dc4f2;\">m\u00e1xima seguridad del patrimonio de tus datos<\/span>, en \u00e1mbito privado y de empresa.<\/strong><br \/><strong>Caledonia ha tra\u00eddo su bagaje t\u00e9cnico a esta disciplina, estructurando una metodolog\u00eda cient\u00edfica conforme a los procedimientos internacionales en+ materia de Inform\u00e1tica <span style=\"color: #3dc4f2;\">forense digital<\/span>.<\/strong><\/p><p>[\/vc_column_text][\/vc_column][\/vc_row][\/vc_section][vc_section full_width=\u00bbstretch_row\u00bb pix_over_visibility=\u00bb\u00bb css=\u00bb.vc_custom_1611481994550{padding-bottom: 100px !important;background-color: #ffffff !important;}\u00bb][vc_row full_width=\u00bbstretch_row\u00bb gap=\u00bb35&#8243; content_placement=\u00bbtop\u00bb pix_particles_check=\u00bb\u00bb css=\u00bb.vc_custom_1611481818931{padding-top: 80px !important;padding-bottom: 35px !important;}\u00bb][vc_column width=\u00bb1\/6&#8243; content_align=\u00bbtext-center\u00bb]<div id=\"duo-icon-22415841\" class=\"pix-icon text-left  vc_custom_1611844499188\"><div class=\"pix-icon-bg rounded-circle feature_img position-relative d-inline-flex align-items-center justify-content-center bg-secondary shadow-sm\"   style=\" width:153px;height:153px;position:relative;line-height:153px;text-align:center;\"><span style=\"font-size:85px;line-height:85px;\" class=\"text-white d-inline-flex align-middle\"><svg class=\"pixfort-icon \" width=\"85\" height=\"85\"  data-name=\"Line\/pixfort-icon-database-search-1\" viewBox=\"2 2 20 20\"><path fill=\"none\" stroke=\"var(--pf-icon-color)\" stroke-linecap=\"round\" stroke-linejoin=\"round\" stroke-width=\"var(--pf-icon-stroke-width)\" d=\"M10,7 C13.8235098,7 17,6.1045695 17,5 C17,3.8954305 13.8235098,3 10,3 C6.17649019,3 3,3.8954305 3,5 C3,6.1045695 6.17649019,7 10,7 Z M3,19 C3,20.1045695 6.17649019,21 10,21 C10.706628,21 11.3911569,20.9694164 12.03762,20.9125811 M3,14.25 C3,15.3545695 6.17649019,16.25 10,16.25 C10.3324296,16.25 10.6599683,16.2432313 10.9809537,16.2301449 M3,9.75 C3,10.8545695 6.17649019,11.75 10,11.75 C13.8235098,11.75 17,10.8545695 17,9.75 M3,19 L3,5 M17,11 L17,5 M17.1111111,20.2222222 C18.8293303,20.2222222 20.2222222,18.8293303 20.2222222,17.1111111 C20.2222222,15.3928919 18.8293303,14 17.1111111,14 C15.3928919,14 14,15.3928919 14,17.1111111 C14,18.8293303 15.3928919,20.2222222 17.1111111,20.2222222 Z M19.312803,19.3129462 L21,21\"\/><\/svg><\/span><\/div><\/div>[\/vc_column][vc_column width=\u00bb5\/6&#8243; css=\u00bb.vc_custom_1611338263811{padding-left: 50px !important;}\u00bb]<div id=\"H2\" class=\"pix-heading-el text-left  vc_custom_1618326062827\"><h2 class=\"text-primary font-weight-bold h2 heading-text el-title_custom_color mb-12\" style=\"\" data-anim-type=\"\" data-anim-delay=\"0\">Inform\u00e1tica forense digital<\/h2><\/div><div id=\"H3\" class=\"pix-heading-el text-left  vc_custom_1618326073774\"><h3 class=\"text-secondary font-weight-bold h3 heading-text el-title_custom_color mb-12\" style=\"\" data-anim-type=\"\" data-anim-delay=\"0\">Los datos digitales son un activo de la empresa<\/h3><\/div>[vc_column_text]La <strong>inform\u00e1tica forense digital<\/strong>, conforme a los procedimientos internacionales, es una sofisticada metodolog\u00eda cient\u00edfica para la identificaci\u00f3n, adquisici\u00f3n, gesti\u00f3n, an\u00e1lisis e interpretaci\u00f3n de <strong>rastros digitales<\/strong> dentro de listados o dispositivos electr\u00f3nicos que puedan utilizarse como evidencias digitales o pruebas en el marco de las actividades de investigaci\u00f3n.<\/p><p>Caledonia comienza con la <strong>identificaci\u00f3n de los potenciales contenedores de informaci\u00f3n<\/strong> y, con un delicado procedimiento, garantiza entonces la adquisici\u00f3n y extracci\u00f3n de los datos digitales protegiendo su integridad. Seguidamente se procede a una detallada fase de <strong>an\u00e1lisis e interpretaci\u00f3n<\/strong> de cada rastro digital obtenido.<\/p><p>Los profesionales inform\u00e1ticos de Caledonia procesan los datos procedentes de diversos dispositivos, como ordenadores personales, servidores, tel\u00e9fonos m\u00f3viles, smartphone, sistemas de navegaci\u00f3n por sat\u00e9lite, tr\u00e1fico de red, archivos de registro, datos en la nube, y pasan a la delicada fase de adquirir e interpretar ese patrimonio para garantizar su integridad.[\/vc_column_text][\/vc_column][\/vc_row][\/vc_section]<\/p><\/div>","protected":false},"excerpt":{"rendered":"[vc_section full_width=\u00bbstretch_row\u00bb content_placement=\u00bbmiddle\u00bb fade_in_opacity=\u00bbpix-opacity-6&#8243; pix_over_visibility=\u00bb\u00bb pix_overlay_color=\u00bbblack\u00bb css=\u00bb.vc_custom_1616419302398{background-color: #ffffff !important;}\u00bb pix_overlay_opacity=\u00bb1&#8243; b_custom_height=\u00bb300px\u00bb fade_in_intro=\u00bb15501&#8243;][vc_row pix_particles_check=\u00bb\u00bb responsive_css=\u00bb{\u00abpix_res_sm_pt\u00ab:\u00ab0px\u00ab,\u00abpix_res_md_pt\u00ab:\u00ab0px\u00ab}\u00bb css=\u00bb.vc_custom_1612278963735{padding-top: 150px !important;padding-bottom: 70px !important;}\u00bb][vc_column css=\u00bb.vc_custom_1589595508057{padding-top: 20px !important;padding-bottom: 20px !important;}\u00bb][\/vc_column][\/vc_row][\/vc_section][vc_section full_width=\u00bbstretch_row\u00bb pix_over_visibility=\u00bb\u00bb css=\u00bb.vc_custom_1611481603006{background-color: #f8f9fa !important;}\u00bb fade_in_intro=\u00bb14052&#8243;][vc_row full_width=\u00bbstretch_row\u00bb gap=\u00bb35&#8243; content_placement=\u00bbtop\u00bb pix_particles_check=\u00bb\u00bb css=\u00bb.vc_custom_1611481441178{padding-top: 70px !important;padding-bottom: 75px !important;}\u00bb][vc_column width=\u00bb1\/2&#8243;][vc_column_text]Tus&#8230;","protected":false},"author":1,"featured_media":0,"parent":0,"menu_order":0,"comment_status":"closed","ping_status":"closed","template":"","meta":{"inline_featured_image":false,"_monsterinsights_skip_tracking":false,"_monsterinsights_sitenote_active":false,"_monsterinsights_sitenote_note":"","_monsterinsights_sitenote_category":0,"footnotes":""},"class_list":["post-15908","page","type-page","status-publish","hentry"],"yoast_head":"<!-- This site is optimized with the Yoast SEO plugin v26.8 - https:\/\/yoast.com\/product\/yoast-seo-wordpress\/ -->\n<title>Caledonia Spa, inform\u00e1tica forense digital<\/title>\n<meta name=\"description\" content=\"Investigaciones inform\u00e1ticas en el contexto de la ciencia forense digital para identificar y extraer datos digitales.\" \/>\n<meta name=\"robots\" content=\"index, follow, max-snippet:-1, max-image-preview:large, max-video-preview:-1\" \/>\n<link rel=\"canonical\" href=\"https:\/\/www.caledoniasagl.ch\/es\/informatica-forense-digital\/\" \/>\n<meta property=\"og:locale\" content=\"es_ES\" \/>\n<meta property=\"og:type\" content=\"article\" \/>\n<meta property=\"og:title\" content=\"Caledonia Spa, inform\u00e1tica forense digital\" \/>\n<meta property=\"og:description\" content=\"Investigaciones inform\u00e1ticas en el contexto de la ciencia forense digital para identificar y extraer datos digitales.\" \/>\n<meta property=\"og:url\" content=\"https:\/\/www.caledoniasagl.ch\/es\/informatica-forense-digital\/\" \/>\n<meta property=\"og:site_name\" content=\"Caledonia Switzerland Sagl\" \/>\n<meta property=\"article:modified_time\" content=\"2021-04-19T14:48:19+00:00\" \/>\n<meta name=\"twitter:card\" content=\"summary_large_image\" \/>\n<meta name=\"twitter:label1\" content=\"Tiempo de lectura\" \/>\n\t<meta name=\"twitter:data1\" content=\"2 minutos\" \/>\n<script type=\"application\/ld+json\" class=\"yoast-schema-graph\">{\"@context\":\"https:\/\/schema.org\",\"@graph\":[{\"@type\":\"WebPage\",\"@id\":\"https:\/\/www.caledoniasagl.ch\/es\/informatica-forense-digital\/\",\"url\":\"https:\/\/www.caledoniasagl.ch\/es\/informatica-forense-digital\/\",\"name\":\"Caledonia Spa, inform\u00e1tica forense digital\",\"isPartOf\":{\"@id\":\"https:\/\/www.caledoniasagl.ch\/es\/#website\"},\"datePublished\":\"2021-01-11T15:48:43+00:00\",\"dateModified\":\"2021-04-19T14:48:19+00:00\",\"description\":\"Investigaciones inform\u00e1ticas en el contexto de la ciencia forense digital para identificar y extraer datos digitales.\",\"inLanguage\":\"es\",\"potentialAction\":[{\"@type\":\"ReadAction\",\"target\":[\"https:\/\/www.caledoniasagl.ch\/es\/informatica-forense-digital\/\"]}]},{\"@type\":\"WebSite\",\"@id\":\"https:\/\/www.caledoniasagl.ch\/es\/#website\",\"url\":\"https:\/\/www.caledoniasagl.ch\/es\/\",\"name\":\"Caledonia Switzerland Sagl\",\"description\":\"Protect Your Interests\",\"publisher\":{\"@id\":\"https:\/\/www.caledoniasagl.ch\/es\/#organization\"},\"potentialAction\":[{\"@type\":\"SearchAction\",\"target\":{\"@type\":\"EntryPoint\",\"urlTemplate\":\"https:\/\/www.caledoniasagl.ch\/es\/?s={search_term_string}\"},\"query-input\":{\"@type\":\"PropertyValueSpecification\",\"valueRequired\":true,\"valueName\":\"search_term_string\"}}],\"inLanguage\":\"es\"},{\"@type\":\"Organization\",\"@id\":\"https:\/\/www.caledoniasagl.ch\/es\/#organization\",\"name\":\"Caledonia Switzerland Sagl\",\"url\":\"https:\/\/www.caledoniasagl.ch\/es\/\",\"logo\":{\"@type\":\"ImageObject\",\"inLanguage\":\"es\",\"@id\":\"https:\/\/www.caledoniasagl.ch\/es\/#\/schema\/logo\/image\/\",\"url\":\"https:\/\/www.caledoniasagl.ch\/wp-content\/uploads\/logo.svg\",\"contentUrl\":\"https:\/\/www.caledoniasagl.ch\/wp-content\/uploads\/logo.svg\",\"caption\":\"Caledonia Switzerland Sagl\"},\"image\":{\"@id\":\"https:\/\/www.caledoniasagl.ch\/es\/#\/schema\/logo\/image\/\"},\"sameAs\":[\"https:\/\/it.linkedin.com\/company\/caledonia-s-p-a\"]}]}<\/script>\n<!-- \/ Yoast SEO plugin. -->","yoast_head_json":{"title":"Caledonia Spa, inform\u00e1tica forense digital","description":"Investigaciones inform\u00e1ticas en el contexto de la ciencia forense digital para identificar y extraer datos digitales.","robots":{"index":"index","follow":"follow","max-snippet":"max-snippet:-1","max-image-preview":"max-image-preview:large","max-video-preview":"max-video-preview:-1"},"canonical":"https:\/\/www.caledoniasagl.ch\/es\/informatica-forense-digital\/","og_locale":"es_ES","og_type":"article","og_title":"Caledonia Spa, inform\u00e1tica forense digital","og_description":"Investigaciones inform\u00e1ticas en el contexto de la ciencia forense digital para identificar y extraer datos digitales.","og_url":"https:\/\/www.caledoniasagl.ch\/es\/informatica-forense-digital\/","og_site_name":"Caledonia Switzerland Sagl","article_modified_time":"2021-04-19T14:48:19+00:00","twitter_card":"summary_large_image","twitter_misc":{"Tiempo de lectura":"2 minutos"},"schema":{"@context":"https:\/\/schema.org","@graph":[{"@type":"WebPage","@id":"https:\/\/www.caledoniasagl.ch\/es\/informatica-forense-digital\/","url":"https:\/\/www.caledoniasagl.ch\/es\/informatica-forense-digital\/","name":"Caledonia Spa, inform\u00e1tica forense digital","isPartOf":{"@id":"https:\/\/www.caledoniasagl.ch\/es\/#website"},"datePublished":"2021-01-11T15:48:43+00:00","dateModified":"2021-04-19T14:48:19+00:00","description":"Investigaciones inform\u00e1ticas en el contexto de la ciencia forense digital para identificar y extraer datos digitales.","inLanguage":"es","potentialAction":[{"@type":"ReadAction","target":["https:\/\/www.caledoniasagl.ch\/es\/informatica-forense-digital\/"]}]},{"@type":"WebSite","@id":"https:\/\/www.caledoniasagl.ch\/es\/#website","url":"https:\/\/www.caledoniasagl.ch\/es\/","name":"Caledonia Switzerland Sagl","description":"Protect Your Interests","publisher":{"@id":"https:\/\/www.caledoniasagl.ch\/es\/#organization"},"potentialAction":[{"@type":"SearchAction","target":{"@type":"EntryPoint","urlTemplate":"https:\/\/www.caledoniasagl.ch\/es\/?s={search_term_string}"},"query-input":{"@type":"PropertyValueSpecification","valueRequired":true,"valueName":"search_term_string"}}],"inLanguage":"es"},{"@type":"Organization","@id":"https:\/\/www.caledoniasagl.ch\/es\/#organization","name":"Caledonia Switzerland Sagl","url":"https:\/\/www.caledoniasagl.ch\/es\/","logo":{"@type":"ImageObject","inLanguage":"es","@id":"https:\/\/www.caledoniasagl.ch\/es\/#\/schema\/logo\/image\/","url":"https:\/\/www.caledoniasagl.ch\/wp-content\/uploads\/logo.svg","contentUrl":"https:\/\/www.caledoniasagl.ch\/wp-content\/uploads\/logo.svg","caption":"Caledonia Switzerland Sagl"},"image":{"@id":"https:\/\/www.caledoniasagl.ch\/es\/#\/schema\/logo\/image\/"},"sameAs":["https:\/\/it.linkedin.com\/company\/caledonia-s-p-a"]}]}},"_links":{"self":[{"href":"https:\/\/www.caledoniasagl.ch\/es\/wp-json\/wp\/v2\/pages\/15908","targetHints":{"allow":["GET"]}}],"collection":[{"href":"https:\/\/www.caledoniasagl.ch\/es\/wp-json\/wp\/v2\/pages"}],"about":[{"href":"https:\/\/www.caledoniasagl.ch\/es\/wp-json\/wp\/v2\/types\/page"}],"author":[{"embeddable":true,"href":"https:\/\/www.caledoniasagl.ch\/es\/wp-json\/wp\/v2\/users\/1"}],"replies":[{"embeddable":true,"href":"https:\/\/www.caledoniasagl.ch\/es\/wp-json\/wp\/v2\/comments?post=15908"}],"version-history":[{"count":3,"href":"https:\/\/www.caledoniasagl.ch\/es\/wp-json\/wp\/v2\/pages\/15908\/revisions"}],"predecessor-version":[{"id":16287,"href":"https:\/\/www.caledoniasagl.ch\/es\/wp-json\/wp\/v2\/pages\/15908\/revisions\/16287"}],"wp:attachment":[{"href":"https:\/\/www.caledoniasagl.ch\/es\/wp-json\/wp\/v2\/media?parent=15908"}],"curies":[{"name":"wp","href":"https:\/\/api.w.org\/{rel}","templated":true}]}}