{"id":15924,"date":"2021-01-26T18:12:43","date_gmt":"2021-01-26T17:12:43","guid":{"rendered":"https:\/\/www.caledoniasagl.ch\/investigaciones\/indagini-economiche-e-finanziarie\/"},"modified":"2021-11-22T11:27:22","modified_gmt":"2021-11-22T10:27:22","slug":"estudios-economicos-y-financieros","status":"publish","type":"page","link":"https:\/\/www.caledoniasagl.ch\/es\/investigaciones\/estudios-economicos-y-financieros\/","title":{"rendered":"Estudios econ\u00f3micos y financieros"},"content":{"rendered":"<div class=\"wpb-content-wrapper\"><p>[vc_section full_width=\u00bbstretch_row\u00bb content_placement=\u00bbmiddle\u00bb fade_in_opacity=\u00bbpix-opacity-4&#8243; pix_over_visibility=\u00bb\u00bb pix_overlay_color=\u00bbblack\u00bb css=\u00bb.vc_custom_1616515295229{background-color: #ffffff !important;}\u00bb pix_overlay_opacity=\u00bb1&#8243; b_custom_height=\u00bb300px\u00bb fade_in_intro=\u00bb15573&#8243;][vc_row pix_particles_check=\u00bb\u00bb responsive_css=\u00bb{\u00abpix_res_sm_pt\u00ab:\u00ab0px\u00ab,\u00abpix_res_md_pt\u00ab:\u00ab0px\u00ab}\u00bb css=\u00bb.vc_custom_1612279240687{padding-top: 150px !important;padding-bottom: 70px !important;}\u00bb][vc_column css=\u00bb.vc_custom_1611481106197{padding-top: 20px !important;padding-bottom: 20px !important;}\u00bb]<div id=\"H1\" class=\"pix-heading-el text-left  vc_custom_1618327705099\"><div class=\"d-inline-block\" style=\"max-width:900px;\"><h1 class=\"text-white font-weight-bold h1 animate-in heading-text el-title_custom_color mb-12\" style=\"\" data-anim-type=\"fade-in\" data-anim-delay=\"200\">Investigaciones econ\u00f3micas y financieras, un volante para dirigir tu empresa<\/h1><\/div><\/div><div class=\"pix-el-text w-100   vc_custom_1618327711995\" ><div class=\"d-inline-block\" style=\"max-width:900px;\"><p class=\"text-24  text-white  \" ><span class=\"text-white animate-in d-inline-block\" data-anim-delay=\"400\" data-anim-type=\"fade-in-up\">Caledonia realiza investigaciones econ\u00f3micas y financieras tanto preventivas como sucesivas a la instauraci\u00f3n de nuevas relaciones comerciales, para verificar la solidez financiera de personas f\u00edsicas y\/o jur\u00eddicas.<\/span><\/p><\/div><\/div><a  href=\"https:\/\/www.caledoniasagl.ch\/es\/contactos\/\" class=\"btn mb-2    vc_custom_1618327725070  shadow-sm shadow-hover-sm text-primary btn-white d-inline-flex align-items-center pix-hover-item       btn-md\"     ><span class=\"font-weight-bold \" >Cont\u00e1ctanos<\/span><svg class=\"pixfort-icon font-weight-bold  pix-hover-right  ml-2\" width=\"24\" height=\"24\"  data-name=\"Line\/pixfort-icon-arrow-right-2\" viewBox=\"2 2 20 20\"><polyline fill=\"none\" stroke=\"var(--pf-icon-color)\" stroke-linecap=\"round\" stroke-linejoin=\"round\" stroke-width=\"var(--pf-icon-stroke-width)\" points=\"9.5 17 14.5 12 9.5 7\"\/><\/svg><\/a>[\/vc_column][\/vc_row][\/vc_section][vc_section full_width=\u00bbstretch_row\u00bb pix_over_visibility=\u00bb\u00bb css=\u00bb.vc_custom_1611481625985{background-color: #f8f9fa !important;}\u00bb fade_in_intro=\u00bb14052&#8243;][vc_row full_width=\u00bbstretch_row\u00bb gap=\u00bb35&#8243; content_placement=\u00bbtop\u00bb pix_particles_check=\u00bb\u00bb css=\u00bb.vc_custom_1611481444397{padding-top: 70px !important;padding-bottom: 75px !important;}\u00bb][vc_column width=\u00bb1\/2&#8243;][vc_column_text]<\/p><h2><strong>C\u00f3mo aprovechar nuevas oportunidades comerciales en condiciones de m\u00e1xima seguridad<\/strong><\/h2><p>[\/vc_column_text][vc_separator color=\u00bbcustom\u00bb border_width=\u00bb3&#8243; accent_color=\u00bb#3dc4f2&#8243;][\/vc_column][vc_column width=\u00bb1\/2&#8243;][vc_column_text]<\/p><p><strong>Si tu objetivo es seguir haciendo <span style=\"color: #3dc4f2;\">crecer tu empresa<\/span>, aprovechando nuevas oportunidades, debes recurrir a la ayuda de profesionales para verificar la efectiva fiabilidad de cualquier nueva iniciativa.<br \/>Caledonia ha desarrollado un <span style=\"color: #3dc4f2;\">planteamiento especializado<\/span> para transformar cualquier oportunidad comercial en un aut\u00e9ntico volante para dirigir tu empresa, garantiz\u00e1ndote la m\u00e1xima seguridad en tu ruta hacia el crecimiento.<\/strong><\/p><p>[\/vc_column_text][\/vc_column][\/vc_row][\/vc_section][vc_section full_width=\u00bbstretch_row\u00bb pix_over_visibility=\u00bb\u00bb css=\u00bb.vc_custom_1611481992104{padding-bottom: 100px !important;background-color: #ffffff !important;}\u00bb][vc_row full_width=\u00bbstretch_row\u00bb gap=\u00bb35&#8243; content_placement=\u00bbtop\u00bb pix_particles_check=\u00bb\u00bb css=\u00bb.vc_custom_1611481821667{padding-top: 80px !important;padding-bottom: 35px !important;}\u00bb][vc_column width=\u00bb1\/6&#8243; content_align=\u00bbtext-center\u00bb]<div id=\"duo-icon-143183527\" class=\"pix-icon text-left  vc_custom_1611847883941\"><div class=\"pix-icon-bg rounded-circle feature_img position-relative d-inline-flex align-items-center justify-content-center bg-secondary shadow-sm\"   style=\" width:153px;height:153px;position:relative;line-height:153px;text-align:center;\"><span style=\"font-size:85px;line-height:85px;\" class=\"text-white d-inline-flex align-middle\"><svg class=\"pixfort-icon \" width=\"85\" height=\"85\"  data-name=\"Line\/pixfort-icon-increase-arrow-1\" viewBox=\"2 2 20 20\"><path fill=\"none\" stroke=\"var(--pf-icon-color)\" stroke-linecap=\"round\" stroke-linejoin=\"round\" stroke-width=\"var(--pf-icon-stroke-width)\" d=\"M3,17 L9,11 L13,15 L20.5252985,7.54251605 M21,11 L21,7 L17,7\"\/><\/svg><\/span><\/div><\/div>[\/vc_column][vc_column width=\u00bb5\/6&#8243; css=\u00bb.vc_custom_1611482334859{padding-left: 50px !important;}\u00bb]<div id=\"H2\" class=\"pix-heading-el text-left  vc_custom_1618327822545\"><h2 class=\"text-primary font-weight-bold h2 heading-text el-title_custom_color mb-12\" style=\"\" data-anim-type=\"\" data-anim-delay=\"0\">Diligencia debida<\/h2><\/div><div id=\"H3\" class=\"pix-heading-el text-left  vc_custom_1618843569590\"><h3 class=\"text-secondary font-weight-bold h3 heading-text el-title_custom_color mb-12\" style=\"\" data-anim-type=\"\" data-anim-delay=\"0\">\u00bfQuieres ver las cosas claras en una negociaci\u00f3n financiera?<\/h3><\/div>[vc_column_text]<\/p><p>La actividad de <strong>diligencia debida<\/strong>, realizada de forma preventiva o sucesiva, pone en evidencia la conveniencia de una determinada iniciativa financiera, delineando los posibles riesgos o problemas, a fin de <strong>proteger las oportunidades comerciales<\/strong> que puedan favorecer el aumento de rentabilidad de una empresa. Este tipo de investigaci\u00f3n de empresa se lleva a cabo en ocasi\u00f3n de adquisiciones\/cesiones societarias o de empresa, en la emisi\u00f3n de instrumentos financieros o para preparar la compra de cuotas de fondos comunes de inversi\u00f3n o en las inversiones inmobiliarias.<\/p><p>A trav\u00e9s de una puntual actividad de investigaci\u00f3n, Caledonia est\u00e1 capacitada para <strong>establecer la solidez financiera<\/strong> y el perfil econ\u00f3mico de personas f\u00edsicas y\/o jur\u00eddicas con las que has decidido instaurar relaciones comerciales <strong>para que puedas realizar tus movimientos teniendo certidumbres. Se llevan a cabo todas las comprobaciones para atenuar los riesgos en la negociaci\u00f3n<\/strong> de los t\u00e9rminos condiciones de un contrato, disponiendo tambi\u00e9n adecuados instrumentos de garant\u00eda, indemnizaci\u00f3n o resarcimiento.<\/p><p>[\/vc_column_text][\/vc_column][\/vc_row][\/vc_section]<\/p><\/div>","protected":false},"excerpt":{"rendered":"[vc_section full_width=\u00bbstretch_row\u00bb content_placement=\u00bbmiddle\u00bb fade_in_opacity=\u00bbpix-opacity-4&#8243; pix_over_visibility=\u00bb\u00bb pix_overlay_color=\u00bbblack\u00bb css=\u00bb.vc_custom_1616515295229{background-color: #ffffff !important;}\u00bb pix_overlay_opacity=\u00bb1&#8243; b_custom_height=\u00bb300px\u00bb fade_in_intro=\u00bb15573&#8243;][vc_row pix_particles_check=\u00bb\u00bb responsive_css=\u00bb{\u00abpix_res_sm_pt\u00ab:\u00ab0px\u00ab,\u00abpix_res_md_pt\u00ab:\u00ab0px\u00ab}\u00bb css=\u00bb.vc_custom_1612279240687{padding-top: 150px !important;padding-bottom: 70px !important;}\u00bb][vc_column css=\u00bb.vc_custom_1611481106197{padding-top: 20px !important;padding-bottom: 20px !important;}\u00bb][\/vc_column][\/vc_row][\/vc_section][vc_section full_width=\u00bbstretch_row\u00bb pix_over_visibility=\u00bb\u00bb css=\u00bb.vc_custom_1611481625985{background-color: #f8f9fa !important;}\u00bb fade_in_intro=\u00bb14052&#8243;][vc_row full_width=\u00bbstretch_row\u00bb gap=\u00bb35&#8243; content_placement=\u00bbtop\u00bb pix_particles_check=\u00bb\u00bb css=\u00bb.vc_custom_1611481444397{padding-top: 70px !important;padding-bottom: 75px !important;}\u00bb][vc_column width=\u00bb1\/2&#8243;][vc_column_text]C\u00f3mo&#8230;","protected":false},"author":1,"featured_media":0,"parent":15912,"menu_order":0,"comment_status":"closed","ping_status":"closed","template":"","meta":{"inline_featured_image":false,"_monsterinsights_skip_tracking":false,"_monsterinsights_sitenote_active":false,"_monsterinsights_sitenote_note":"","_monsterinsights_sitenote_category":0,"footnotes":""},"class_list":["post-15924","page","type-page","status-publish","hentry"],"yoast_head":"<!-- This site is optimized with the Yoast SEO plugin v26.8 - https:\/\/yoast.com\/product\/yoast-seo-wordpress\/ -->\n<title>Caledonia, actividad de diligencia debida a fin comerciales<\/title>\n<meta name=\"description\" content=\"Caledonia Spa realiza investigaciones econ\u00f3micas y financieras para verificar la solidez econ\u00f3mica y financiera de las personas f\u00edsicas y jur\u00eddicas.\" \/>\n<meta name=\"robots\" content=\"index, follow, max-snippet:-1, max-image-preview:large, max-video-preview:-1\" \/>\n<link rel=\"canonical\" href=\"https:\/\/www.caledoniasagl.ch\/es\/investigaciones\/estudios-economicos-y-financieros\/\" \/>\n<meta property=\"og:locale\" content=\"es_ES\" \/>\n<meta property=\"og:type\" content=\"article\" \/>\n<meta property=\"og:title\" content=\"Caledonia, actividad de diligencia debida a fin comerciales\" \/>\n<meta property=\"og:description\" content=\"Caledonia Spa realiza investigaciones econ\u00f3micas y financieras para verificar la solidez econ\u00f3mica y financiera de las personas f\u00edsicas y jur\u00eddicas.\" \/>\n<meta property=\"og:url\" content=\"https:\/\/www.caledoniasagl.ch\/es\/investigaciones\/estudios-economicos-y-financieros\/\" \/>\n<meta property=\"og:site_name\" content=\"Caledonia Switzerland Sagl\" \/>\n<meta property=\"article:modified_time\" content=\"2021-11-22T10:27:22+00:00\" \/>\n<meta name=\"twitter:card\" content=\"summary_large_image\" \/>\n<meta name=\"twitter:label1\" content=\"Tiempo de lectura\" \/>\n\t<meta name=\"twitter:data1\" content=\"2 minutos\" \/>\n<script type=\"application\/ld+json\" class=\"yoast-schema-graph\">{\"@context\":\"https:\/\/schema.org\",\"@graph\":[{\"@type\":\"WebPage\",\"@id\":\"https:\/\/www.caledoniasagl.ch\/es\/investigaciones\/estudios-economicos-y-financieros\/\",\"url\":\"https:\/\/www.caledoniasagl.ch\/es\/investigaciones\/estudios-economicos-y-financieros\/\",\"name\":\"Caledonia, actividad de diligencia debida a fin comerciales\",\"isPartOf\":{\"@id\":\"https:\/\/www.caledoniasagl.ch\/es\/#website\"},\"datePublished\":\"2021-01-26T17:12:43+00:00\",\"dateModified\":\"2021-11-22T10:27:22+00:00\",\"description\":\"Caledonia Spa realiza investigaciones econ\u00f3micas y financieras para verificar la solidez econ\u00f3mica y financiera de las personas f\u00edsicas y jur\u00eddicas.\",\"breadcrumb\":{\"@id\":\"https:\/\/www.caledoniasagl.ch\/es\/investigaciones\/estudios-economicos-y-financieros\/#breadcrumb\"},\"inLanguage\":\"es\",\"potentialAction\":[{\"@type\":\"ReadAction\",\"target\":[\"https:\/\/www.caledoniasagl.ch\/es\/investigaciones\/estudios-economicos-y-financieros\/\"]}]},{\"@type\":\"BreadcrumbList\",\"@id\":\"https:\/\/www.caledoniasagl.ch\/es\/investigaciones\/estudios-economicos-y-financieros\/#breadcrumb\",\"itemListElement\":[{\"@type\":\"ListItem\",\"position\":1,\"name\":\"Investigaciones\",\"item\":\"https:\/\/www.caledoniasagl.ch\/es\/investigaciones\/\"},{\"@type\":\"ListItem\",\"position\":2,\"name\":\"Estudios econ\u00f3micos y financieros\"}]},{\"@type\":\"WebSite\",\"@id\":\"https:\/\/www.caledoniasagl.ch\/es\/#website\",\"url\":\"https:\/\/www.caledoniasagl.ch\/es\/\",\"name\":\"Caledonia Switzerland Sagl\",\"description\":\"Protect Your Interests\",\"publisher\":{\"@id\":\"https:\/\/www.caledoniasagl.ch\/es\/#organization\"},\"potentialAction\":[{\"@type\":\"SearchAction\",\"target\":{\"@type\":\"EntryPoint\",\"urlTemplate\":\"https:\/\/www.caledoniasagl.ch\/es\/?s={search_term_string}\"},\"query-input\":{\"@type\":\"PropertyValueSpecification\",\"valueRequired\":true,\"valueName\":\"search_term_string\"}}],\"inLanguage\":\"es\"},{\"@type\":\"Organization\",\"@id\":\"https:\/\/www.caledoniasagl.ch\/es\/#organization\",\"name\":\"Caledonia Switzerland Sagl\",\"url\":\"https:\/\/www.caledoniasagl.ch\/es\/\",\"logo\":{\"@type\":\"ImageObject\",\"inLanguage\":\"es\",\"@id\":\"https:\/\/www.caledoniasagl.ch\/es\/#\/schema\/logo\/image\/\",\"url\":\"https:\/\/www.caledoniasagl.ch\/wp-content\/uploads\/logo.svg\",\"contentUrl\":\"https:\/\/www.caledoniasagl.ch\/wp-content\/uploads\/logo.svg\",\"caption\":\"Caledonia Switzerland Sagl\"},\"image\":{\"@id\":\"https:\/\/www.caledoniasagl.ch\/es\/#\/schema\/logo\/image\/\"},\"sameAs\":[\"https:\/\/it.linkedin.com\/company\/caledonia-s-p-a\"]}]}<\/script>\n<!-- \/ Yoast SEO plugin. -->","yoast_head_json":{"title":"Caledonia, actividad de diligencia debida a fin comerciales","description":"Caledonia Spa realiza investigaciones econ\u00f3micas y financieras para verificar la solidez econ\u00f3mica y financiera de las personas f\u00edsicas y jur\u00eddicas.","robots":{"index":"index","follow":"follow","max-snippet":"max-snippet:-1","max-image-preview":"max-image-preview:large","max-video-preview":"max-video-preview:-1"},"canonical":"https:\/\/www.caledoniasagl.ch\/es\/investigaciones\/estudios-economicos-y-financieros\/","og_locale":"es_ES","og_type":"article","og_title":"Caledonia, actividad de diligencia debida a fin comerciales","og_description":"Caledonia Spa realiza investigaciones econ\u00f3micas y financieras para verificar la solidez econ\u00f3mica y financiera de las personas f\u00edsicas y jur\u00eddicas.","og_url":"https:\/\/www.caledoniasagl.ch\/es\/investigaciones\/estudios-economicos-y-financieros\/","og_site_name":"Caledonia Switzerland Sagl","article_modified_time":"2021-11-22T10:27:22+00:00","twitter_card":"summary_large_image","twitter_misc":{"Tiempo de lectura":"2 minutos"},"schema":{"@context":"https:\/\/schema.org","@graph":[{"@type":"WebPage","@id":"https:\/\/www.caledoniasagl.ch\/es\/investigaciones\/estudios-economicos-y-financieros\/","url":"https:\/\/www.caledoniasagl.ch\/es\/investigaciones\/estudios-economicos-y-financieros\/","name":"Caledonia, actividad de diligencia debida a fin comerciales","isPartOf":{"@id":"https:\/\/www.caledoniasagl.ch\/es\/#website"},"datePublished":"2021-01-26T17:12:43+00:00","dateModified":"2021-11-22T10:27:22+00:00","description":"Caledonia Spa realiza investigaciones econ\u00f3micas y financieras para verificar la solidez econ\u00f3mica y financiera de las personas f\u00edsicas y jur\u00eddicas.","breadcrumb":{"@id":"https:\/\/www.caledoniasagl.ch\/es\/investigaciones\/estudios-economicos-y-financieros\/#breadcrumb"},"inLanguage":"es","potentialAction":[{"@type":"ReadAction","target":["https:\/\/www.caledoniasagl.ch\/es\/investigaciones\/estudios-economicos-y-financieros\/"]}]},{"@type":"BreadcrumbList","@id":"https:\/\/www.caledoniasagl.ch\/es\/investigaciones\/estudios-economicos-y-financieros\/#breadcrumb","itemListElement":[{"@type":"ListItem","position":1,"name":"Investigaciones","item":"https:\/\/www.caledoniasagl.ch\/es\/investigaciones\/"},{"@type":"ListItem","position":2,"name":"Estudios econ\u00f3micos y financieros"}]},{"@type":"WebSite","@id":"https:\/\/www.caledoniasagl.ch\/es\/#website","url":"https:\/\/www.caledoniasagl.ch\/es\/","name":"Caledonia Switzerland Sagl","description":"Protect Your Interests","publisher":{"@id":"https:\/\/www.caledoniasagl.ch\/es\/#organization"},"potentialAction":[{"@type":"SearchAction","target":{"@type":"EntryPoint","urlTemplate":"https:\/\/www.caledoniasagl.ch\/es\/?s={search_term_string}"},"query-input":{"@type":"PropertyValueSpecification","valueRequired":true,"valueName":"search_term_string"}}],"inLanguage":"es"},{"@type":"Organization","@id":"https:\/\/www.caledoniasagl.ch\/es\/#organization","name":"Caledonia Switzerland Sagl","url":"https:\/\/www.caledoniasagl.ch\/es\/","logo":{"@type":"ImageObject","inLanguage":"es","@id":"https:\/\/www.caledoniasagl.ch\/es\/#\/schema\/logo\/image\/","url":"https:\/\/www.caledoniasagl.ch\/wp-content\/uploads\/logo.svg","contentUrl":"https:\/\/www.caledoniasagl.ch\/wp-content\/uploads\/logo.svg","caption":"Caledonia Switzerland Sagl"},"image":{"@id":"https:\/\/www.caledoniasagl.ch\/es\/#\/schema\/logo\/image\/"},"sameAs":["https:\/\/it.linkedin.com\/company\/caledonia-s-p-a"]}]}},"_links":{"self":[{"href":"https:\/\/www.caledoniasagl.ch\/es\/wp-json\/wp\/v2\/pages\/15924","targetHints":{"allow":["GET"]}}],"collection":[{"href":"https:\/\/www.caledoniasagl.ch\/es\/wp-json\/wp\/v2\/pages"}],"about":[{"href":"https:\/\/www.caledoniasagl.ch\/es\/wp-json\/wp\/v2\/types\/page"}],"author":[{"embeddable":true,"href":"https:\/\/www.caledoniasagl.ch\/es\/wp-json\/wp\/v2\/users\/1"}],"replies":[{"embeddable":true,"href":"https:\/\/www.caledoniasagl.ch\/es\/wp-json\/wp\/v2\/comments?post=15924"}],"version-history":[{"count":5,"href":"https:\/\/www.caledoniasagl.ch\/es\/wp-json\/wp\/v2\/pages\/15924\/revisions"}],"predecessor-version":[{"id":16412,"href":"https:\/\/www.caledoniasagl.ch\/es\/wp-json\/wp\/v2\/pages\/15924\/revisions\/16412"}],"up":[{"embeddable":true,"href":"https:\/\/www.caledoniasagl.ch\/es\/wp-json\/wp\/v2\/pages\/15912"}],"wp:attachment":[{"href":"https:\/\/www.caledoniasagl.ch\/es\/wp-json\/wp\/v2\/media?parent=15924"}],"curies":[{"name":"wp","href":"https:\/\/api.w.org\/{rel}","templated":true}]}}