{"id":15931,"date":"2021-01-24T11:48:17","date_gmt":"2021-01-24T10:48:17","guid":{"rendered":"https:\/\/www.caledoniasagl.ch\/investigaciones\/indagini-in-ambito-privato\/"},"modified":"2021-11-22T11:35:10","modified_gmt":"2021-11-22T10:35:10","slug":"investigaciones-privadas","status":"publish","type":"page","link":"https:\/\/www.caledoniasagl.ch\/es\/investigaciones\/investigaciones-privadas\/","title":{"rendered":"Investigaciones privadas"},"content":{"rendered":"<div class=\"wpb-content-wrapper\"><p>[vc_section full_width=\u00bbstretch_row\u00bb content_placement=\u00bbmiddle\u00bb fade_in_opacity=\u00bbpix-opacity-5&#8243; pix_over_visibility=\u00bb\u00bb pix_overlay_color=\u00bbblack\u00bb css=\u00bb.vc_custom_1616515695993{background-color: #ffffff !important;}\u00bb pix_overlay_opacity=\u00bb1&#8243; b_custom_height=\u00bb300px\u00bb fade_in_intro=\u00bb15577&#8243;][vc_row pix_particles_check=\u00bb\u00bb responsive_css=\u00bb{\u00abpix_res_sm_pt\u00ab:\u00ab0px\u00ab,\u00abpix_res_md_pt\u00ab:\u00ab0px\u00ab}\u00bb css=\u00bb.vc_custom_1612279322624{padding-top: 150px !important;padding-bottom: 70px !important;}\u00bb][vc_column css=\u00bb.vc_custom_1611481106197{padding-top: 20px !important;padding-bottom: 20px !important;}\u00bb]<div id=\"H1\" class=\"pix-heading-el text-left  vc_custom_1618385683370\"><div class=\"d-inline-block\" style=\"max-width:950px;\"><h1 class=\"text-white font-weight-bold h1 animate-in heading-text el-title_custom_color mb-12\" style=\"\" data-anim-type=\"fade-in\" data-anim-delay=\"200\">Investigaciones privadas, la protecci\u00f3n de la persona ante todo<\/h1><\/div><\/div><div class=\"pix-el-text w-100   vc_custom_1637576908375\" ><div class=\"d-inline-block\" style=\"max-width:900px;\"><p class=\"text-24  text-white  \" ><span class=\"text-white animate-in d-inline-block\" data-anim-delay=\"400\" data-anim-type=\"fade-in-up\">Caledonia act\u00faa con profesionalidad y respeto en relaci\u00f3n con el \u00e1mbito de la investigaci\u00f3n privada, para proteger los derechos de la persona en cuanto a incolumidad, integridad y salud.<\/span><\/p><\/div><\/div><a  href=\"https:\/\/www.caledoniasagl.ch\/es\/contactos\/\" class=\"btn mb-2    vc_custom_1618329144035  shadow-sm shadow-hover-sm text-primary btn-white d-inline-flex align-items-center pix-hover-item       btn-md\"     ><span class=\"font-weight-bold \" >Cont\u00e1ctanos<\/span><svg class=\"pixfort-icon font-weight-bold  pix-hover-right  ml-2\" width=\"24\" height=\"24\"  data-name=\"Line\/pixfort-icon-arrow-right-2\" viewBox=\"2 2 20 20\"><polyline fill=\"none\" stroke=\"var(--pf-icon-color)\" stroke-linecap=\"round\" stroke-linejoin=\"round\" stroke-width=\"var(--pf-icon-stroke-width)\" points=\"9.5 17 14.5 12 9.5 7\"\/><\/svg><\/a>[\/vc_column][\/vc_row][\/vc_section][vc_section full_width=\u00bbstretch_row\u00bb pix_over_visibility=\u00bb\u00bb css=\u00bb.vc_custom_1611481625985{background-color: #f8f9fa !important;}\u00bb fade_in_intro=\u00bb14052&#8243;][vc_row full_width=\u00bbstretch_row\u00bb gap=\u00bb35&#8243; content_placement=\u00bbtop\u00bb pix_particles_check=\u00bb\u00bb css=\u00bb.vc_custom_1611481444397{padding-top: 70px !important;padding-bottom: 75px !important;}\u00bb][vc_column width=\u00bb1\/2&#8243;][vc_column_text]<\/p><h2><strong>\u00bfNecesitas una investigaci\u00f3n confidencial, protegiendo tu privacidad?<\/strong><\/h2><p>[\/vc_column_text][vc_separator color=\u00bbcustom\u00bb border_width=\u00bb3&#8243; accent_color=\u00bb#3dc4f2&#8243;][\/vc_column][vc_column width=\u00bb1\/2&#8243;][vc_column_text]<\/p><p><strong>Caledonia te asiste en cualquier delicada necesidad en relaci\u00f3n con tu <span style=\"color: #3dc4f2;\">esfera privada<\/span>, trabajando con dedicaci\u00f3n y profesionalidad en la tutela de tus intereses. Caledonia, gracias a su s\u00f3lida experiencia en el campo de las relaciones, se mueve para comprender y analizar tus necesidades reales, demostrando en cada fase una profunda capacidad de escucha activa, para-verbal y no verbal.<br \/>Caledonia ejerce este tipo de actividad de investigaci\u00f3n, adoptando la <span style=\"color: #3dc4f2;\">m\u00e1xima reserva y profesionalidad<\/span>.<br \/>Las investigaciones privadas cubren distintos aspectos.<\/strong><\/p><p>[\/vc_column_text][\/vc_column][\/vc_row][\/vc_section][vc_section full_width=\u00bbstretch_row\u00bb pix_over_visibility=\u00bb\u00bb css=\u00bb.vc_custom_1611481992104{padding-bottom: 100px !important;background-color: #ffffff !important;}\u00bb][vc_row full_width=\u00bbstretch_row\u00bb gap=\u00bb35&#8243; content_placement=\u00bbtop\u00bb pix_particles_check=\u00bb\u00bb css=\u00bb.vc_custom_1611481821667{padding-top: 80px !important;padding-bottom: 35px !important;}\u00bb][vc_column width=\u00bb1\/6&#8243; content_align=\u00bbtext-center\u00bb]<div id=\"duo-icon-19650729\" class=\"pix-icon text-left  vc_custom_1611485480940\"><div class=\"pix-icon-bg rounded-circle feature_img position-relative d-inline-flex align-items-center justify-content-center bg-secondary shadow-sm\"   style=\" width:153px;height:153px;position:relative;line-height:153px;text-align:center;\"><span style=\"font-size:85px;line-height:85px;\" class=\"text-white d-inline-flex align-middle\"><svg class=\"pixfort-icon \" width=\"85\" height=\"85\"  data-name=\"Line\/pixfort-icon-users-1\" viewBox=\"2 2 20 20\"><path fill=\"none\" stroke=\"var(--pf-icon-color)\" stroke-linecap=\"round\" stroke-linejoin=\"round\" stroke-width=\"var(--pf-icon-stroke-width)\" d=\"M3,19 C4.06666667,16.3333333 6.2,15 9.4,15 C12.6,15 14.7333333,16.3333333 15.8,19 L3,19 Z M16.0990064,14.9791394 C17.9796639,14.9791394 19.9252878,16.5225533 21,19 L18.2912726,19 M9.5,12 C11.4329966,12 13,10.4329966 13,8.5 C13,6.56700338 11.4329966,5 9.5,5 C7.56700338,5 6,6.56700338 6,8.5 C6,10.4329966 7.56700338,12 9.5,12 Z M14.5486435,11.8691524 C14.851136,11.9543966 15.1702424,12 15.5,12 C17.4329966,12 19,10.4329966 19,8.5 C19,6.56700338 17.4329966,5 15.5,5 C15.1593015,5 14.8299728,5.04867972 14.5185899,5.13946314\"\/><\/svg><\/span><\/div><\/div>[\/vc_column][vc_column width=\u00bb5\/6&#8243; css=\u00bb.vc_custom_1611482334859{padding-left: 50px !important;}\u00bb]<div id=\"H2\" class=\"pix-heading-el text-left  vc_custom_1618329229619\"><h2 class=\"text-primary font-weight-bold h2 heading-text el-title_custom_color mb-12\" style=\"\" data-anim-type=\"\" data-anim-delay=\"0\">Infidelidad conyugal<\/h2><\/div><div id=\"H3\" class=\"pix-heading-el text-left  vc_custom_1618329306144\"><h3 class=\"text-secondary font-weight-bold h3 heading-text el-title_custom_color mb-12\" style=\"\" data-anim-type=\"\" data-anim-delay=\"0\">Definir con claridad tu relaci\u00f3n matrimonial<\/h3><\/div>[vc_column_text]<\/p><p>Este tipo de actividad de investigaci\u00f3n quiere comprobar la eventual <strong>infidelidad de un c\u00f3nyuge<\/strong> y pueden proporcionar elementos probatorios utilizables en juicio en las causas de separaci\u00f3n.<br \/>La informaci\u00f3n puede servir para definir <strong>peticiones de mantenimiento y alimentos<\/strong>.<\/p><p>[\/vc_column_text][\/vc_column][\/vc_row][vc_row pix_particles_check=\u00bb\u00bb][vc_column][vc_separator border_width=\u00bb2&#8243;][\/vc_column][\/vc_row][vc_row full_width=\u00bbstretch_row\u00bb gap=\u00bb35&#8243; content_placement=\u00bbtop\u00bb pix_particles_check=\u00bb\u00bb css=\u00bb.vc_custom_1611482357951{padding-top: 35px !important;}\u00bb][vc_column width=\u00bb1\/6&#8243; content_align=\u00bbtext-center\u00bb css=\u00bb.vc_custom_1608128772386{padding-right: 40px !important;padding-left: 20px !important;}\u00bb]<div id=\"duo-icon-186345744\" class=\"pix-icon text-left  vc_custom_1611485536089\"><div class=\"pix-icon-bg rounded-circle feature_img position-relative d-inline-flex align-items-center justify-content-center bg-secondary shadow-sm\"   style=\" width:153px;height:153px;position:relative;line-height:153px;text-align:center;\"><span style=\"font-size:85px;line-height:85px;\" class=\"text-white d-inline-flex align-middle\"><svg class=\"pixfort-icon \" width=\"85\" height=\"85\"  data-name=\"Line\/pixfort-icon-money-4\" viewBox=\"2 2 20 20\"><path fill=\"none\" stroke=\"var(--pf-icon-color)\" stroke-linecap=\"round\" stroke-linejoin=\"round\" stroke-width=\"var(--pf-icon-stroke-width)\" d=\"M5,6 L19,6 C20.1045695,6 21,6.8954305 21,8 L21,16 C21,17.1045695 20.1045695,18 19,18 L5,18 C3.8954305,18 3,17.1045695 3,16 L3,8 C3,6.8954305 3.8954305,6 5,6 Z M12,14 C13.1045695,14 14,13.1045695 14,12 C14,10.8954305 13.1045695,10 12,10 C10.8954305,10 10,10.8954305 10,12 C10,13.1045695 10.8954305,14 12,14 Z M17,12 L18,12 M7,12 L6,12 M13.5599964,18.0275389 L8.93782217,20.6961524 C7.98123693,21.2484372 6.75805612,20.9206869 6.20577137,19.9641016 L5.09718202,18.0439685 L5.09718202,18.0439685 M10.4210859,5.98338326 L15.0621778,3.30384758 C16.0187631,2.75156283 17.2419439,3.07931314 17.7942286,4.03589838 L18.9129617,5.97360092 L18.9129617,5.97360092\"\/><\/svg><\/span><\/div><\/div>[\/vc_column][vc_column width=\u00bb5\/6&#8243; css=\u00bb.vc_custom_1611482364948{padding-left: 50px !important;}\u00bb]<div id=\"H2\" class=\"pix-heading-el text-left  vc_custom_1618329347883\"><h2 class=\"text-primary font-weight-bold h2 heading-text el-title_custom_color mb-12\" style=\"\" data-anim-type=\"\" data-anim-delay=\"0\">Investigaciones patrimoniales<\/h2><\/div><div id=\"H3\" class=\"pix-heading-el text-left  vc_custom_1618329354847\"><h3 class=\"text-secondary font-weight-bold h3 heading-text el-title_custom_color mb-12\" style=\"\" data-anim-type=\"\" data-anim-delay=\"0\">C\u00f3mo delinear el perfil de una persona<\/h3><\/div>[vc_column_text]<\/p><p>Ante un <strong>acuerdo jur\u00eddico prematrimonial<\/strong>, estas investigaciones sirven para definir el perfil econ\u00f3mico y de reputaci\u00f3n de la persona con la que se va a establecer un v\u00ednculo conyugal, para <strong>proteger el propio patrimonio<\/strong>.<\/p><p>[\/vc_column_text][\/vc_column][\/vc_row][vc_row pix_particles_check=\u00bb\u00bb][vc_column][vc_separator border_width=\u00bb2&#8243;][\/vc_column][\/vc_row][vc_row full_width=\u00bbstretch_row\u00bb gap=\u00bb35&#8243; content_placement=\u00bbtop\u00bb pix_particles_check=\u00bb\u00bb css=\u00bb.vc_custom_1611482357951{padding-top: 35px !important;}\u00bb][vc_column width=\u00bb1\/6&#8243; content_align=\u00bbtext-center\u00bb css=\u00bb.vc_custom_1608128772386{padding-right: 40px !important;padding-left: 20px !important;}\u00bb]<div id=\"duo-icon-128937426\" class=\"pix-icon text-left  vc_custom_1611498720104\"><div class=\"pix-icon-bg rounded-circle feature_img position-relative d-inline-flex align-items-center justify-content-center bg-secondary shadow-sm\"   style=\" width:153px;height:153px;position:relative;line-height:153px;text-align:center;\"><span style=\"font-size:85px;line-height:85px;\" class=\"text-white d-inline-flex align-middle\"><svg class=\"pixfort-icon \" width=\"85\" height=\"85\"  data-name=\"Line\/pixfort-icon-mobile-phone-chat-1\" viewBox=\"2 2 20 20\"><path fill=\"none\" stroke=\"var(--pf-icon-color)\" stroke-linecap=\"round\" stroke-linejoin=\"round\" stroke-width=\"var(--pf-icon-stroke-width)\" d=\"M13,16.1001256 L13,19 C13,20.1045695 12.1045695,21 11,21 L5,21 C3.8954305,21 3,20.1045695 3,19 L3,5 C3,3.8954305 3.8954305,3 5,3 L11,3 C12.1045695,3 13,3.8954305 13,5 L13,8 M7,6 L9,6 M12,8 L18.9913514,8 C20.0959209,8 20.9913514,8.8954305 20.9913514,10 C20.9913514,10.0028766 20.9913452,10.0057533 20.9913328,10.0086299 L20.9744047,13.9317068 C20.9696531,15.0328974 20.0756241,15.9230769 18.9744233,15.9230769 L13.6887537,15.9230769 C13.2899876,15.9230769 12.9003249,16.0422807 12.569808,16.2653796 L11.5384615,16.9615385 C11.0868686,17.2663637 10.4736706,17.147385 10.1688453,16.695792 C10.0587989,16.5327602 10,16.3405539 10,16.1438572 L10,10 C10,8.8954305 10.8954305,8 12,8 Z M14,12 L17,12\"\/><\/svg><\/span><\/div><\/div>[\/vc_column][vc_column width=\u00bb5\/6&#8243; css=\u00bb.vc_custom_1611482364948{padding-left: 50px !important;}\u00bb]<div id=\"H2\" class=\"pix-heading-el text-left  vc_custom_1618329388881\"><h2 class=\"text-primary font-weight-bold h2 heading-text el-title_custom_color mb-12\" style=\"\" data-anim-type=\"\" data-anim-delay=\"0\">Control de menores<\/h2><\/div><div id=\"H3\" class=\"pix-heading-el text-left  vc_custom_1618843664328\"><h3 class=\"text-secondary font-weight-bold h3 heading-text el-title_custom_color mb-12\" style=\"\" data-anim-type=\"\" data-anim-delay=\"0\">\u00bfQuieres proteger a tus hijos?<\/h3><\/div>[vc_column_text]Las actividades de investigaci\u00f3n para el <strong>control de menores<\/strong> apuntan a identificar posibles comportamientos an\u00f3malos o desviados que puedan dar lugar a situaciones peligrosas para el menor.<br \/>Caledonia act\u00faa para salvaguardar la incolumidad, la integridad y la salud del menor llamando la atenci\u00f3n de los adultos de referencia sobre cualquier <strong>comportamiento an\u00f3malo<\/strong>, como las compa\u00f1\u00edas sospechosas, el uso y abuso de sustancias alcoh\u00f3licas o estupefacientes, exposici\u00f3n a fen\u00f3menos de captaci\u00f3n sexual (grooming), extorsi\u00f3n sexual, acoso e intimidaci\u00f3n (bullying) y ciberacoso.[\/vc_column_text][\/vc_column][\/vc_row][\/vc_section]<\/p><\/div>","protected":false},"excerpt":{"rendered":"[vc_section full_width=\u00bbstretch_row\u00bb content_placement=\u00bbmiddle\u00bb fade_in_opacity=\u00bbpix-opacity-5&#8243; pix_over_visibility=\u00bb\u00bb pix_overlay_color=\u00bbblack\u00bb css=\u00bb.vc_custom_1616515695993{background-color: #ffffff !important;}\u00bb pix_overlay_opacity=\u00bb1&#8243; b_custom_height=\u00bb300px\u00bb fade_in_intro=\u00bb15577&#8243;][vc_row pix_particles_check=\u00bb\u00bb responsive_css=\u00bb{\u00abpix_res_sm_pt\u00ab:\u00ab0px\u00ab,\u00abpix_res_md_pt\u00ab:\u00ab0px\u00ab}\u00bb css=\u00bb.vc_custom_1612279322624{padding-top: 150px !important;padding-bottom: 70px !important;}\u00bb][vc_column css=\u00bb.vc_custom_1611481106197{padding-top: 20px !important;padding-bottom: 20px !important;}\u00bb][\/vc_column][\/vc_row][\/vc_section][vc_section full_width=\u00bbstretch_row\u00bb pix_over_visibility=\u00bb\u00bb css=\u00bb.vc_custom_1611481625985{background-color: #f8f9fa !important;}\u00bb fade_in_intro=\u00bb14052&#8243;][vc_row full_width=\u00bbstretch_row\u00bb gap=\u00bb35&#8243; content_placement=\u00bbtop\u00bb pix_particles_check=\u00bb\u00bb css=\u00bb.vc_custom_1611481444397{padding-top: 70px !important;padding-bottom: 75px !important;}\u00bb][vc_column width=\u00bb1\/2&#8243;][vc_column_text]\u00bfNecesitas&#8230;","protected":false},"author":1,"featured_media":0,"parent":15912,"menu_order":0,"comment_status":"closed","ping_status":"closed","template":"","meta":{"inline_featured_image":false,"_monsterinsights_skip_tracking":false,"_monsterinsights_sitenote_active":false,"_monsterinsights_sitenote_note":"","_monsterinsights_sitenote_category":0,"footnotes":""},"class_list":["post-15931","page","type-page","status-publish","hentry"],"yoast_head":"<!-- This site is optimized with the Yoast SEO plugin v26.8 - https:\/\/yoast.com\/product\/yoast-seo-wordpress\/ -->\n<title>Caleodnia, Investigaciones privadas, la protecci\u00f3n de la persona ante todo<\/title>\n<meta name=\"description\" content=\"Caledonia Spa realiza investigaciones privadas para proteger a las personas en casos de infidelidad conyugal, patrimonial y de control de menores.\" \/>\n<meta name=\"robots\" content=\"index, follow, max-snippet:-1, max-image-preview:large, max-video-preview:-1\" \/>\n<link rel=\"canonical\" href=\"https:\/\/www.caledoniasagl.ch\/es\/investigaciones\/investigaciones-privadas\/\" \/>\n<meta property=\"og:locale\" content=\"es_ES\" \/>\n<meta property=\"og:type\" content=\"article\" \/>\n<meta property=\"og:title\" content=\"Caleodnia, Investigaciones privadas, la protecci\u00f3n de la persona ante todo\" \/>\n<meta property=\"og:description\" content=\"Caledonia Spa realiza investigaciones privadas para proteger a las personas en casos de infidelidad conyugal, patrimonial y de control de menores.\" \/>\n<meta property=\"og:url\" content=\"https:\/\/www.caledoniasagl.ch\/es\/investigaciones\/investigaciones-privadas\/\" \/>\n<meta property=\"og:site_name\" content=\"Caledonia Switzerland Sagl\" \/>\n<meta property=\"article:modified_time\" content=\"2021-11-22T10:35:10+00:00\" \/>\n<meta name=\"twitter:card\" content=\"summary_large_image\" \/>\n<meta name=\"twitter:label1\" content=\"Tiempo de lectura\" \/>\n\t<meta name=\"twitter:data1\" content=\"3 minutos\" \/>\n<script type=\"application\/ld+json\" class=\"yoast-schema-graph\">{\"@context\":\"https:\/\/schema.org\",\"@graph\":[{\"@type\":\"WebPage\",\"@id\":\"https:\/\/www.caledoniasagl.ch\/es\/investigaciones\/investigaciones-privadas\/\",\"url\":\"https:\/\/www.caledoniasagl.ch\/es\/investigaciones\/investigaciones-privadas\/\",\"name\":\"Caleodnia, Investigaciones privadas, la protecci\u00f3n de la persona ante todo\",\"isPartOf\":{\"@id\":\"https:\/\/www.caledoniasagl.ch\/es\/#website\"},\"datePublished\":\"2021-01-24T10:48:17+00:00\",\"dateModified\":\"2021-11-22T10:35:10+00:00\",\"description\":\"Caledonia Spa realiza investigaciones privadas para proteger a las personas en casos de infidelidad conyugal, patrimonial y de control de menores.\",\"breadcrumb\":{\"@id\":\"https:\/\/www.caledoniasagl.ch\/es\/investigaciones\/investigaciones-privadas\/#breadcrumb\"},\"inLanguage\":\"es\",\"potentialAction\":[{\"@type\":\"ReadAction\",\"target\":[\"https:\/\/www.caledoniasagl.ch\/es\/investigaciones\/investigaciones-privadas\/\"]}]},{\"@type\":\"BreadcrumbList\",\"@id\":\"https:\/\/www.caledoniasagl.ch\/es\/investigaciones\/investigaciones-privadas\/#breadcrumb\",\"itemListElement\":[{\"@type\":\"ListItem\",\"position\":1,\"name\":\"Investigaciones\",\"item\":\"https:\/\/www.caledoniasagl.ch\/es\/investigaciones\/\"},{\"@type\":\"ListItem\",\"position\":2,\"name\":\"Investigaciones privadas\"}]},{\"@type\":\"WebSite\",\"@id\":\"https:\/\/www.caledoniasagl.ch\/es\/#website\",\"url\":\"https:\/\/www.caledoniasagl.ch\/es\/\",\"name\":\"Caledonia Switzerland Sagl\",\"description\":\"Protect Your Interests\",\"publisher\":{\"@id\":\"https:\/\/www.caledoniasagl.ch\/es\/#organization\"},\"potentialAction\":[{\"@type\":\"SearchAction\",\"target\":{\"@type\":\"EntryPoint\",\"urlTemplate\":\"https:\/\/www.caledoniasagl.ch\/es\/?s={search_term_string}\"},\"query-input\":{\"@type\":\"PropertyValueSpecification\",\"valueRequired\":true,\"valueName\":\"search_term_string\"}}],\"inLanguage\":\"es\"},{\"@type\":\"Organization\",\"@id\":\"https:\/\/www.caledoniasagl.ch\/es\/#organization\",\"name\":\"Caledonia Switzerland Sagl\",\"url\":\"https:\/\/www.caledoniasagl.ch\/es\/\",\"logo\":{\"@type\":\"ImageObject\",\"inLanguage\":\"es\",\"@id\":\"https:\/\/www.caledoniasagl.ch\/es\/#\/schema\/logo\/image\/\",\"url\":\"https:\/\/www.caledoniasagl.ch\/wp-content\/uploads\/logo.svg\",\"contentUrl\":\"https:\/\/www.caledoniasagl.ch\/wp-content\/uploads\/logo.svg\",\"caption\":\"Caledonia Switzerland Sagl\"},\"image\":{\"@id\":\"https:\/\/www.caledoniasagl.ch\/es\/#\/schema\/logo\/image\/\"},\"sameAs\":[\"https:\/\/it.linkedin.com\/company\/caledonia-s-p-a\"]}]}<\/script>\n<!-- \/ Yoast SEO plugin. -->","yoast_head_json":{"title":"Caleodnia, Investigaciones privadas, la protecci\u00f3n de la persona ante todo","description":"Caledonia Spa realiza investigaciones privadas para proteger a las personas en casos de infidelidad conyugal, patrimonial y de control de menores.","robots":{"index":"index","follow":"follow","max-snippet":"max-snippet:-1","max-image-preview":"max-image-preview:large","max-video-preview":"max-video-preview:-1"},"canonical":"https:\/\/www.caledoniasagl.ch\/es\/investigaciones\/investigaciones-privadas\/","og_locale":"es_ES","og_type":"article","og_title":"Caleodnia, Investigaciones privadas, la protecci\u00f3n de la persona ante todo","og_description":"Caledonia Spa realiza investigaciones privadas para proteger a las personas en casos de infidelidad conyugal, patrimonial y de control de menores.","og_url":"https:\/\/www.caledoniasagl.ch\/es\/investigaciones\/investigaciones-privadas\/","og_site_name":"Caledonia Switzerland Sagl","article_modified_time":"2021-11-22T10:35:10+00:00","twitter_card":"summary_large_image","twitter_misc":{"Tiempo de lectura":"3 minutos"},"schema":{"@context":"https:\/\/schema.org","@graph":[{"@type":"WebPage","@id":"https:\/\/www.caledoniasagl.ch\/es\/investigaciones\/investigaciones-privadas\/","url":"https:\/\/www.caledoniasagl.ch\/es\/investigaciones\/investigaciones-privadas\/","name":"Caleodnia, Investigaciones privadas, la protecci\u00f3n de la persona ante todo","isPartOf":{"@id":"https:\/\/www.caledoniasagl.ch\/es\/#website"},"datePublished":"2021-01-24T10:48:17+00:00","dateModified":"2021-11-22T10:35:10+00:00","description":"Caledonia Spa realiza investigaciones privadas para proteger a las personas en casos de infidelidad conyugal, patrimonial y de control de menores.","breadcrumb":{"@id":"https:\/\/www.caledoniasagl.ch\/es\/investigaciones\/investigaciones-privadas\/#breadcrumb"},"inLanguage":"es","potentialAction":[{"@type":"ReadAction","target":["https:\/\/www.caledoniasagl.ch\/es\/investigaciones\/investigaciones-privadas\/"]}]},{"@type":"BreadcrumbList","@id":"https:\/\/www.caledoniasagl.ch\/es\/investigaciones\/investigaciones-privadas\/#breadcrumb","itemListElement":[{"@type":"ListItem","position":1,"name":"Investigaciones","item":"https:\/\/www.caledoniasagl.ch\/es\/investigaciones\/"},{"@type":"ListItem","position":2,"name":"Investigaciones privadas"}]},{"@type":"WebSite","@id":"https:\/\/www.caledoniasagl.ch\/es\/#website","url":"https:\/\/www.caledoniasagl.ch\/es\/","name":"Caledonia Switzerland Sagl","description":"Protect Your Interests","publisher":{"@id":"https:\/\/www.caledoniasagl.ch\/es\/#organization"},"potentialAction":[{"@type":"SearchAction","target":{"@type":"EntryPoint","urlTemplate":"https:\/\/www.caledoniasagl.ch\/es\/?s={search_term_string}"},"query-input":{"@type":"PropertyValueSpecification","valueRequired":true,"valueName":"search_term_string"}}],"inLanguage":"es"},{"@type":"Organization","@id":"https:\/\/www.caledoniasagl.ch\/es\/#organization","name":"Caledonia Switzerland Sagl","url":"https:\/\/www.caledoniasagl.ch\/es\/","logo":{"@type":"ImageObject","inLanguage":"es","@id":"https:\/\/www.caledoniasagl.ch\/es\/#\/schema\/logo\/image\/","url":"https:\/\/www.caledoniasagl.ch\/wp-content\/uploads\/logo.svg","contentUrl":"https:\/\/www.caledoniasagl.ch\/wp-content\/uploads\/logo.svg","caption":"Caledonia Switzerland Sagl"},"image":{"@id":"https:\/\/www.caledoniasagl.ch\/es\/#\/schema\/logo\/image\/"},"sameAs":["https:\/\/it.linkedin.com\/company\/caledonia-s-p-a"]}]}},"_links":{"self":[{"href":"https:\/\/www.caledoniasagl.ch\/es\/wp-json\/wp\/v2\/pages\/15931","targetHints":{"allow":["GET"]}}],"collection":[{"href":"https:\/\/www.caledoniasagl.ch\/es\/wp-json\/wp\/v2\/pages"}],"about":[{"href":"https:\/\/www.caledoniasagl.ch\/es\/wp-json\/wp\/v2\/types\/page"}],"author":[{"embeddable":true,"href":"https:\/\/www.caledoniasagl.ch\/es\/wp-json\/wp\/v2\/users\/1"}],"replies":[{"embeddable":true,"href":"https:\/\/www.caledoniasagl.ch\/es\/wp-json\/wp\/v2\/comments?post=15931"}],"version-history":[{"count":5,"href":"https:\/\/www.caledoniasagl.ch\/es\/wp-json\/wp\/v2\/pages\/15931\/revisions"}],"predecessor-version":[{"id":16413,"href":"https:\/\/www.caledoniasagl.ch\/es\/wp-json\/wp\/v2\/pages\/15931\/revisions\/16413"}],"up":[{"embeddable":true,"href":"https:\/\/www.caledoniasagl.ch\/es\/wp-json\/wp\/v2\/pages\/15912"}],"wp:attachment":[{"href":"https:\/\/www.caledoniasagl.ch\/es\/wp-json\/wp\/v2\/media?parent=15931"}],"curies":[{"name":"wp","href":"https:\/\/api.w.org\/{rel}","templated":true}]}}