{"id":16040,"date":"2020-12-14T18:14:15","date_gmt":"2020-12-14T17:14:15","guid":{"rendered":"https:\/\/www.caledoniasagl.ch\/gestione-del-credito\/"},"modified":"2024-03-19T17:07:56","modified_gmt":"2024-03-19T16:07:56","slug":"protection-des-creances","status":"publish","type":"page","link":"https:\/\/www.caledoniasagl.ch\/fr\/protection-des-creances\/","title":{"rendered":"Protection des cr\u00e9ances"},"content":{"rendered":"<div class=\"wpb-content-wrapper\"><p>[vc_section full_width=\u00a0\u00bbstretch_row\u00a0\u00bb fade_in_opacity=\u00a0\u00bbpix-opacity-8&Prime; pix_over_visibility=\u00a0\u00bb\u00a0\u00bb responsive_css=\u00a0\u00bb{\u00ab\u00a0pix_res_sm_pt\u00ab\u00a0:\u00ab\u00a010px\u00ab\u00a0,\u00ab\u00a0pix_res_sm_pb\u00ab\u00a0:\u00ab\u00a040px\u00ab\u00a0,\u00ab\u00a0pix_res_md_pt\u00ab\u00a0:\u00ab\u00a010px\u00ab\u00a0,\u00ab\u00a0pix_res_md_pb\u00ab\u00a0:\u00ab\u00a040px\u00ab\u00a0}\u00a0\u00bb css=\u00a0\u00bb.vc_custom_1612279429806{padding-top: 150px !important;padding-bottom: 110px !important;background-color: #f8f9fa !important;}\u00a0\u00bb fade_in_intro=\u00a0\u00bb14052&Prime;][vc_row pix_particles_check=\u00a0\u00bb\u00a0\u00bb][vc_column]<div id=\"H1\" class=\"pix-heading-el text-left  vc_custom_1637583187063\"><h1 class=\"text-primary font-weight-bold h1 heading-text el-title_custom_color mb-12\" style=\"\" data-anim-type=\"\" data-anim-delay=\"0\">Protection des cr\u00e9ances<\/h1><\/div><div class=\"pix-el-text w-100   vc_custom_1637583194434\" ><div class=\"d-inline-block\" style=\"max-width:1100px;\"><p class=\"text-24  text-body-default  \" ><span class=\"text-body-default animate-in d-inline-block\" data-anim-delay=\"200\" data-anim-type=\"fade-in-up\">Une m\u00e9thodologie hautement sp\u00e9cialis\u00e9e pour la recherche d\u2019informations pour \u00e9valuer la fiabilit\u00e9 et la stabilit\u00e9 \u00e9conomique des personnes physiques et morales et pour le tra\u00e7age et le recouvrement des avoirs.<\/span><\/p><\/div><\/div>[\/vc_column][\/vc_row][vc_row content_placement=\u00a0\u00bbmiddle\u00a0\u00bb pix_particles_check=\u00a0\u00bb\u00a0\u00bb css=\u00a0\u00bb.vc_custom_1611851605415{padding-top: 50px !important;}\u00a0\u00bb][vc_column width=\u00a0\u00bb1\/2&Prime; css=\u00a0\u00bb.vc_custom_1611851297974{margin-bottom: 35px !important;}\u00a0\u00bb]<div class=\"card pix-content-box pix-card-element bg-white2 rounded-xl   vc_custom_1710864473504  rounded-xl  overflow-hidden shadow shadow-hover\" ><a   href=\"https:\/\/www.caledoniasagl.ch\/fr\/protection-des-creances\/protection-de-creances-eleves-au-rang-de-science\/\"><img decoding=\"async\" class=\"w-100\"   srcset=\"https:\/\/www.caledoniasagl.ch\/wp-content\/uploads\/caledonia-recupero-crediti-1-300x150.jpg 300w, https:\/\/www.caledoniasagl.ch\/wp-content\/uploads\/caledonia-recupero-crediti-1-1024x512.jpg 1024w, https:\/\/www.caledoniasagl.ch\/wp-content\/uploads\/caledonia-recupero-crediti-1-150x75.jpg 150w, https:\/\/www.caledoniasagl.ch\/wp-content\/uploads\/caledonia-recupero-crediti-1-768x384.jpg 768w, https:\/\/www.caledoniasagl.ch\/wp-content\/uploads\/caledonia-recupero-crediti-1-1536x768.jpg 1536w, https:\/\/www.caledoniasagl.ch\/wp-content\/uploads\/caledonia-recupero-crediti-1.jpg 1600w\" src=\"https:\/\/www.caledoniasagl.ch\/wp-content\/uploads\/caledonia-recupero-crediti-1.jpg\" alt=\"Protection de cr\u00e9ances\"><\/a><div class=\"pix-card-content bg-white\"><div class=\"card-body py-3\"><div style=\"\" class=\"card-title font-weight-bold text-primary h3 heading-font\">Protection de cr\u00e9ances<\/div><p class=\"card-text text-body-default \" >Sp\u00e9cialis\u00e9s dans la gestion du cr\u00e9dit, nous travaillons avec une strat\u00e9gie combin\u00e9e pour \u00e9valuer la fiabilit\u00e9 et la stabilit\u00e9 \u00e9conomique des personnes physiques et morales.<\/p><\/div><div class=\"card-footer text-right\"><a   href=\"https:\/\/www.caledoniasagl.ch\/fr\/protection-des-creances\/protection-de-creances-eleves-au-rang-de-science\/\"  class=\"pix-card-link d-flex align-items-center justify-content-end font-weight-bold text-secondary text-sm\"><span class=\"d-inline-block\">Pour approfondir<\/span><svg class=\"pixfort-icon ml-1\" width=\"24\" height=\"24\"  data-name=\"Line\/pixfort-icon-arrow-right-2\" viewBox=\"2 2 20 20\"><polyline fill=\"none\" stroke=\"var(--pf-icon-color)\" stroke-linecap=\"round\" stroke-linejoin=\"round\" stroke-width=\"var(--pf-icon-stroke-width)\" points=\"9.5 17 14.5 12 9.5 7\"\/><\/svg><\/a><\/div><\/div><\/div>[\/vc_column][vc_column width=\u00a0\u00bb1\/2&Prime; css=\u00a0\u00bb.vc_custom_1611851314984{margin-bottom: 35px !important;}\u00a0\u00bb]<div class=\"card pix-content-box pix-card-element bg-white2 rounded-xl   vc_custom_1637583267401  rounded-xl  overflow-hidden shadow shadow-hover\" ><a   href=\"https:\/\/www.caledoniasagl.ch\/fr\/gestion-des-creances\/tracage-et-recuperation-de-biens\/\"><img decoding=\"async\" class=\"w-100\"   srcset=\"https:\/\/www.caledoniasagl.ch\/wp-content\/uploads\/caledonia-rintraccio-beni-300x150.jpg 300w, https:\/\/www.caledoniasagl.ch\/wp-content\/uploads\/caledonia-rintraccio-beni-1024x512.jpg 1024w, https:\/\/www.caledoniasagl.ch\/wp-content\/uploads\/caledonia-rintraccio-beni-150x75.jpg 150w, https:\/\/www.caledoniasagl.ch\/wp-content\/uploads\/caledonia-rintraccio-beni-768x384.jpg 768w, https:\/\/www.caledoniasagl.ch\/wp-content\/uploads\/caledonia-rintraccio-beni-1536x768.jpg 1536w, https:\/\/www.caledoniasagl.ch\/wp-content\/uploads\/caledonia-rintraccio-beni.jpg 1600w\" src=\"https:\/\/www.caledoniasagl.ch\/wp-content\/uploads\/caledonia-rintraccio-beni.jpg\" alt=\"Tra\u00e7age et r\u00e9cup\u00e9ration de biens\"><\/a><div class=\"pix-card-content bg-white\"><div class=\"card-body py-3\"><div style=\"\" class=\"card-title font-weight-bold text-primary h3 heading-font\">Tra\u00e7age et r\u00e9cup\u00e9ration de biens<\/div><p class=\"card-text text-body-default \" >Sp\u00e9cialis\u00e9s dans le tra\u00e7age et la r\u00e9cup\u00e9ration de biens et de v\u00e9hicules d\u2019entreprise, tant en phase pr\u00e9-contentieuse que contentieuse, en appliquant des strat\u00e9gies sp\u00e9cifiques \u00e0 chaque type d\u2019intervention.<\/p><\/div><div class=\"card-footer text-right\"><a   href=\"https:\/\/www.caledoniasagl.ch\/fr\/gestion-des-creances\/tracage-et-recuperation-de-biens\/\"  class=\"pix-card-link d-flex align-items-center justify-content-end font-weight-bold text-secondary text-sm\"><span class=\"d-inline-block\">Pour approfondir<\/span><svg class=\"pixfort-icon ml-1\" width=\"24\" height=\"24\"  data-name=\"Line\/pixfort-icon-arrow-right-2\" viewBox=\"2 2 20 20\"><polyline fill=\"none\" stroke=\"var(--pf-icon-color)\" stroke-linecap=\"round\" stroke-linejoin=\"round\" stroke-width=\"var(--pf-icon-stroke-width)\" points=\"9.5 17 14.5 12 9.5 7\"\/><\/svg><\/a><\/div><\/div><\/div>[\/vc_column][\/vc_row][\/vc_section]<\/p>\r\n<\/div>","protected":false},"excerpt":{"rendered":"[vc_section full_width=\u00a0\u00bbstretch_row\u00a0\u00bb fade_in_opacity=\u00a0\u00bbpix-opacity-8&Prime; pix_over_visibility=\u00a0\u00bb\u00a0\u00bb responsive_css=\u00a0\u00bb{\u00ab\u00a0pix_res_sm_pt\u00ab\u00a0:\u00ab\u00a010px\u00ab\u00a0,\u00ab\u00a0pix_res_sm_pb\u00ab\u00a0:\u00ab\u00a040px\u00ab\u00a0,\u00ab\u00a0pix_res_md_pt\u00ab\u00a0:\u00ab\u00a010px\u00ab\u00a0,\u00ab\u00a0pix_res_md_pb\u00ab\u00a0:\u00ab\u00a040px\u00ab\u00a0}\u00a0\u00bb css=\u00a0\u00bb.vc_custom_1612279429806{padding-top: 150px !important;padding-bottom: 110px !important;background-color: #f8f9fa !important;}\u00a0\u00bb fade_in_intro=\u00a0\u00bb14052&Prime;][vc_row pix_particles_check=\u00a0\u00bb\u00a0\u00bb][vc_column][\/vc_column][\/vc_row][vc_row content_placement=\u00a0\u00bbmiddle\u00a0\u00bb pix_particles_check=\u00a0\u00bb\u00a0\u00bb css=\u00a0\u00bb.vc_custom_1611851605415{padding-top: 50px !important;}\u00a0\u00bb][vc_column width=\u00a0\u00bb1\/2&Prime; css=\u00a0\u00bb.vc_custom_1611851297974{margin-bottom: 35px !important;}\u00a0\u00bb][\/vc_column][vc_column width=\u00a0\u00bb1\/2&Prime; css=\u00a0\u00bb.vc_custom_1611851314984{margin-bottom: 35px !important;}\u00a0\u00bb][\/vc_column][\/vc_row][\/vc_section]","protected":false},"author":1,"featured_media":0,"parent":0,"menu_order":0,"comment_status":"closed","ping_status":"closed","template":"","meta":{"inline_featured_image":false,"_monsterinsights_skip_tracking":false,"_monsterinsights_sitenote_active":false,"_monsterinsights_sitenote_note":"","_monsterinsights_sitenote_category":0,"footnotes":""},"class_list":["post-16040","page","type-page","status-publish","hentry"],"yoast_head":"<!-- This site is optimized with the Yoast SEO plugin v26.8 - https:\/\/yoast.com\/product\/yoast-seo-wordpress\/ -->\n<title>Caledonia Spa, gestion et recouvrement de cr\u00e9ances et de biens<\/title>\n<meta name=\"description\" content=\"Sp\u00e9cialis\u00e9 dans la gestion de cr\u00e9dit et dans le tra\u00e7age et la r\u00e9cup\u00e9ration d&#039;actifs pour la protection et la s\u00e9curit\u00e9 des entreprises.\" \/>\n<meta name=\"robots\" content=\"index, follow, max-snippet:-1, max-image-preview:large, max-video-preview:-1\" \/>\n<link rel=\"canonical\" href=\"https:\/\/www.caledoniasagl.ch\/fr\/protection-des-creances\/\" \/>\n<meta property=\"og:locale\" content=\"fr_FR\" \/>\n<meta property=\"og:type\" content=\"article\" \/>\n<meta property=\"og:title\" content=\"Caledonia Spa, gestion et recouvrement de cr\u00e9ances et de biens\" \/>\n<meta property=\"og:description\" content=\"Sp\u00e9cialis\u00e9 dans la gestion de cr\u00e9dit et dans le tra\u00e7age et la r\u00e9cup\u00e9ration d&#039;actifs pour la protection et la s\u00e9curit\u00e9 des entreprises.\" \/>\n<meta property=\"og:url\" content=\"https:\/\/www.caledoniasagl.ch\/fr\/protection-des-creances\/\" \/>\n<meta property=\"og:site_name\" content=\"Caledonia Switzerland Sagl\" \/>\n<meta property=\"article:modified_time\" content=\"2024-03-19T16:07:56+00:00\" \/>\n<meta name=\"twitter:card\" content=\"summary_large_image\" \/>\n<meta name=\"twitter:label1\" content=\"Dur\u00e9e de lecture estim\u00e9e\" \/>\n\t<meta name=\"twitter:data1\" content=\"2 minutes\" \/>\n<script type=\"application\/ld+json\" class=\"yoast-schema-graph\">{\"@context\":\"https:\/\/schema.org\",\"@graph\":[{\"@type\":\"WebPage\",\"@id\":\"https:\/\/www.caledoniasagl.ch\/fr\/protection-des-creances\/\",\"url\":\"https:\/\/www.caledoniasagl.ch\/fr\/protection-des-creances\/\",\"name\":\"Caledonia Spa, gestion et recouvrement de cr\u00e9ances et de biens\",\"isPartOf\":{\"@id\":\"https:\/\/www.caledoniasagl.ch\/fr\/#website\"},\"datePublished\":\"2020-12-14T17:14:15+00:00\",\"dateModified\":\"2024-03-19T16:07:56+00:00\",\"description\":\"Sp\u00e9cialis\u00e9 dans la gestion de cr\u00e9dit et dans le tra\u00e7age et la r\u00e9cup\u00e9ration d'actifs pour la protection et la s\u00e9curit\u00e9 des entreprises.\",\"inLanguage\":\"fr-FR\",\"potentialAction\":[{\"@type\":\"ReadAction\",\"target\":[\"https:\/\/www.caledoniasagl.ch\/fr\/protection-des-creances\/\"]}]},{\"@type\":\"WebSite\",\"@id\":\"https:\/\/www.caledoniasagl.ch\/fr\/#website\",\"url\":\"https:\/\/www.caledoniasagl.ch\/fr\/\",\"name\":\"Caledonia Switzerland Sagl\",\"description\":\"Protect Your Interests\",\"publisher\":{\"@id\":\"https:\/\/www.caledoniasagl.ch\/fr\/#organization\"},\"potentialAction\":[{\"@type\":\"SearchAction\",\"target\":{\"@type\":\"EntryPoint\",\"urlTemplate\":\"https:\/\/www.caledoniasagl.ch\/fr\/?s={search_term_string}\"},\"query-input\":{\"@type\":\"PropertyValueSpecification\",\"valueRequired\":true,\"valueName\":\"search_term_string\"}}],\"inLanguage\":\"fr-FR\"},{\"@type\":\"Organization\",\"@id\":\"https:\/\/www.caledoniasagl.ch\/fr\/#organization\",\"name\":\"Caledonia Switzerland Sagl\",\"url\":\"https:\/\/www.caledoniasagl.ch\/fr\/\",\"logo\":{\"@type\":\"ImageObject\",\"inLanguage\":\"fr-FR\",\"@id\":\"https:\/\/www.caledoniasagl.ch\/fr\/#\/schema\/logo\/image\/\",\"url\":\"https:\/\/www.caledoniasagl.ch\/wp-content\/uploads\/logo.svg\",\"contentUrl\":\"https:\/\/www.caledoniasagl.ch\/wp-content\/uploads\/logo.svg\",\"caption\":\"Caledonia Switzerland Sagl\"},\"image\":{\"@id\":\"https:\/\/www.caledoniasagl.ch\/fr\/#\/schema\/logo\/image\/\"},\"sameAs\":[\"https:\/\/it.linkedin.com\/company\/caledonia-s-p-a\"]}]}<\/script>\n<!-- \/ Yoast SEO plugin. -->","yoast_head_json":{"title":"Caledonia Spa, gestion et recouvrement de cr\u00e9ances et de biens","description":"Sp\u00e9cialis\u00e9 dans la gestion de cr\u00e9dit et dans le tra\u00e7age et la r\u00e9cup\u00e9ration d'actifs pour la protection et la s\u00e9curit\u00e9 des entreprises.","robots":{"index":"index","follow":"follow","max-snippet":"max-snippet:-1","max-image-preview":"max-image-preview:large","max-video-preview":"max-video-preview:-1"},"canonical":"https:\/\/www.caledoniasagl.ch\/fr\/protection-des-creances\/","og_locale":"fr_FR","og_type":"article","og_title":"Caledonia Spa, gestion et recouvrement de cr\u00e9ances et de biens","og_description":"Sp\u00e9cialis\u00e9 dans la gestion de cr\u00e9dit et dans le tra\u00e7age et la r\u00e9cup\u00e9ration d'actifs pour la protection et la s\u00e9curit\u00e9 des entreprises.","og_url":"https:\/\/www.caledoniasagl.ch\/fr\/protection-des-creances\/","og_site_name":"Caledonia Switzerland Sagl","article_modified_time":"2024-03-19T16:07:56+00:00","twitter_card":"summary_large_image","twitter_misc":{"Dur\u00e9e de lecture estim\u00e9e":"2 minutes"},"schema":{"@context":"https:\/\/schema.org","@graph":[{"@type":"WebPage","@id":"https:\/\/www.caledoniasagl.ch\/fr\/protection-des-creances\/","url":"https:\/\/www.caledoniasagl.ch\/fr\/protection-des-creances\/","name":"Caledonia Spa, gestion et recouvrement de cr\u00e9ances et de biens","isPartOf":{"@id":"https:\/\/www.caledoniasagl.ch\/fr\/#website"},"datePublished":"2020-12-14T17:14:15+00:00","dateModified":"2024-03-19T16:07:56+00:00","description":"Sp\u00e9cialis\u00e9 dans la gestion de cr\u00e9dit et dans le tra\u00e7age et la r\u00e9cup\u00e9ration d'actifs pour la protection et la s\u00e9curit\u00e9 des entreprises.","inLanguage":"fr-FR","potentialAction":[{"@type":"ReadAction","target":["https:\/\/www.caledoniasagl.ch\/fr\/protection-des-creances\/"]}]},{"@type":"WebSite","@id":"https:\/\/www.caledoniasagl.ch\/fr\/#website","url":"https:\/\/www.caledoniasagl.ch\/fr\/","name":"Caledonia Switzerland Sagl","description":"Protect Your Interests","publisher":{"@id":"https:\/\/www.caledoniasagl.ch\/fr\/#organization"},"potentialAction":[{"@type":"SearchAction","target":{"@type":"EntryPoint","urlTemplate":"https:\/\/www.caledoniasagl.ch\/fr\/?s={search_term_string}"},"query-input":{"@type":"PropertyValueSpecification","valueRequired":true,"valueName":"search_term_string"}}],"inLanguage":"fr-FR"},{"@type":"Organization","@id":"https:\/\/www.caledoniasagl.ch\/fr\/#organization","name":"Caledonia Switzerland Sagl","url":"https:\/\/www.caledoniasagl.ch\/fr\/","logo":{"@type":"ImageObject","inLanguage":"fr-FR","@id":"https:\/\/www.caledoniasagl.ch\/fr\/#\/schema\/logo\/image\/","url":"https:\/\/www.caledoniasagl.ch\/wp-content\/uploads\/logo.svg","contentUrl":"https:\/\/www.caledoniasagl.ch\/wp-content\/uploads\/logo.svg","caption":"Caledonia Switzerland Sagl"},"image":{"@id":"https:\/\/www.caledoniasagl.ch\/fr\/#\/schema\/logo\/image\/"},"sameAs":["https:\/\/it.linkedin.com\/company\/caledonia-s-p-a"]}]}},"_links":{"self":[{"href":"https:\/\/www.caledoniasagl.ch\/fr\/wp-json\/wp\/v2\/pages\/16040","targetHints":{"allow":["GET"]}}],"collection":[{"href":"https:\/\/www.caledoniasagl.ch\/fr\/wp-json\/wp\/v2\/pages"}],"about":[{"href":"https:\/\/www.caledoniasagl.ch\/fr\/wp-json\/wp\/v2\/types\/page"}],"author":[{"embeddable":true,"href":"https:\/\/www.caledoniasagl.ch\/fr\/wp-json\/wp\/v2\/users\/1"}],"replies":[{"embeddable":true,"href":"https:\/\/www.caledoniasagl.ch\/fr\/wp-json\/wp\/v2\/comments?post=16040"}],"version-history":[{"count":5,"href":"https:\/\/www.caledoniasagl.ch\/fr\/wp-json\/wp\/v2\/pages\/16040\/revisions"}],"predecessor-version":[{"id":16583,"href":"https:\/\/www.caledoniasagl.ch\/fr\/wp-json\/wp\/v2\/pages\/16040\/revisions\/16583"}],"wp:attachment":[{"href":"https:\/\/www.caledoniasagl.ch\/fr\/wp-json\/wp\/v2\/media?parent=16040"}],"curies":[{"name":"wp","href":"https:\/\/api.w.org\/{rel}","templated":true}]}}