{"id":16043,"date":"2020-12-16T16:00:29","date_gmt":"2020-12-16T15:00:29","guid":{"rendered":"https:\/\/www.caledoniasagl.ch\/gestion-des-creances\/gestione-e-recupero-crediti\/"},"modified":"2024-03-19T17:11:52","modified_gmt":"2024-03-19T16:11:52","slug":"protection-de-creances-eleves-au-rang-de-science","status":"publish","type":"page","link":"https:\/\/www.caledoniasagl.ch\/fr\/protection-des-creances\/protection-de-creances-eleves-au-rang-de-science\/","title":{"rendered":"Protection de cr\u00e9ances \u00e9lev\u00e9s au rang de science"},"content":{"rendered":"<div class=\"wpb-content-wrapper\"><p>[vc_section full_width=\u00a0\u00bbstretch_row\u00a0\u00bb content_placement=\u00a0\u00bbmiddle\u00a0\u00bb fade_in_opacity=\u00a0\u00bbpix-opacity-7&Prime; pix_over_visibility=\u00a0\u00bb\u00a0\u00bb pix_overlay_color=\u00a0\u00bbblack\u00a0\u00bb css=\u00a0\u00bb.vc_custom_1710864709082{background-color: #ffffff !important;}\u00a0\u00bb pix_overlay_opacity=\u00a0\u00bb1&Prime; b_custom_height=\u00a0\u00bb300px\u00a0\u00bb fade_in_intro=\u00a0\u00bb16573&Prime;][vc_row pix_particles_check=\u00a0\u00bb\u00a0\u00bb responsive_css=\u00a0\u00bb{\u00ab\u00a0pix_res_sm_pt\u00ab\u00a0:\u00ab\u00a00px\u00ab\u00a0,\u00ab\u00a0pix_res_md_pt\u00ab\u00a0:\u00ab\u00a00px\u00ab\u00a0}\u00a0\u00bb css=\u00a0\u00bb.vc_custom_1612279093745{padding-top: 150px !important;padding-bottom: 70px !important;}\u00a0\u00bb][vc_column css=\u00a0\u00bb.vc_custom_1589595508057{padding-top: 20px !important;padding-bottom: 20px !important;}\u00a0\u00bb]<div id=\"H1\" class=\"pix-heading-el text-left  vc_custom_1637583415211\"><div class=\"d-inline-block\" style=\"max-width:1000px;\"><h1 class=\"text-white font-weight-bold h1 animate-in heading-text el-title_custom_color mb-12\" style=\"\" data-anim-type=\"fade-in\" data-anim-delay=\"200\">Protection de cr\u00e9ances \u00e9lev\u00e9s au rang de science<\/h1><\/div><\/div><div class=\"pix-el-text w-100   vc_custom_1637583444012\" ><div class=\"d-inline-block\" style=\"max-width:900px;\"><p class=\"text-24  text-white  \" ><span class=\"text-white animate-in d-inline-block\" data-anim-delay=\"400\" data-anim-type=\"fade-in-up\">Forte de ses nombreuses ann\u00e9es d\u2019exp\u00e9rience, Caledonia a mis au point une approche hautement sp\u00e9cialis\u00e9e dans la Protection des cr\u00e9ances pour les particuliers et les entreprises des secteurs bancaire et financier et pour des soci\u00e9t\u00e9s de leasing et de location.<\/span><\/p><\/div><\/div><a  href=\"https:\/\/www.caledoniasagl.ch\/fr\/contacts\/\" class=\"btn mb-2    vc_custom_1618393784826  shadow-sm shadow-hover-sm text-primary btn-white d-inline-flex align-items-center pix-hover-item       btn-md\"     ><span class=\"font-weight-bold \" >Nous contacter<\/span><svg class=\"pixfort-icon font-weight-bold  pix-hover-right  ml-2\" width=\"24\" height=\"24\"  data-name=\"Line\/pixfort-icon-arrow-right-2\" viewBox=\"2 2 20 20\"><polyline fill=\"none\" stroke=\"var(--pf-icon-color)\" stroke-linecap=\"round\" stroke-linejoin=\"round\" stroke-width=\"var(--pf-icon-stroke-width)\" points=\"9.5 17 14.5 12 9.5 7\"\/><\/svg><\/a>[\/vc_column][\/vc_row][\/vc_section][vc_section full_width=\u00a0\u00bbstretch_row\u00a0\u00bb pix_over_visibility=\u00a0\u00bb\u00a0\u00bb css=\u00a0\u00bb.vc_custom_1611338618988{background-color: #f8f9fa !important;}\u00a0\u00bb fade_in_intro=\u00a0\u00bb14052&Prime;][vc_row full_width=\u00a0\u00bbstretch_row\u00a0\u00bb gap=\u00a0\u00bb35&Prime; content_placement=\u00a0\u00bbtop\u00a0\u00bb pix_particles_check=\u00a0\u00bb\u00a0\u00bb css=\u00a0\u00bb.vc_custom_1612436460514{padding-top: 70px !important;padding-bottom: 75px !important;}\u00a0\u00bb][vc_column width=\u00a0\u00bb1\/2&Prime;][vc_column_text]<\/p>\r\n<h2><strong>Pr\u00e9venir le risque d\u2019entreprise?<\/strong><br \/>\r\n<strong>Avec Caledonia, c\u2019est devenu une v\u00e9ritable science.<\/strong><\/h2>\r\n<p>[\/vc_column_text][vc_separator color=\u00a0\u00bbcustom\u00a0\u00bb align=\u00a0\u00bbalign_left\u00a0\u00bb border_width=\u00a0\u00bb3&Prime; accent_color=\u00a0\u00bb#3dc4f2&Prime;][\/vc_column][vc_column width=\u00a0\u00bb1\/2&Prime;][vc_column_text]<\/p>\r\n<p><strong>Nous \u00e9tudions en d\u00e9tails chaque facteur de risque pour r\u00e9soudre de la mani\u00e8re la plus efficace et dans les meilleurs d\u00e9lais toute difficult\u00e9 li\u00e9e \u00e0 la <span style=\"color: #3dc4f2;\">protection des cr\u00e9ances<\/span>. Pr\u00e9venir, g\u00e9rer et minimiser les risques d\u2019analyse qui pourrait faire appara\u00eetre la solvabilit\u00e9 et la fiabilit\u00e9 \u00e9conomique des personnes physiques et morales. Des \u00e9tudes et des \u00e9tudes crois\u00e9es permettront \u00e9galement de d\u00e9gager le profil de r\u00e9putation des personnes interrog\u00e9es.<\/strong><\/p>\r\n<p>[\/vc_column_text][\/vc_column][\/vc_row][\/vc_section]<\/p>\r\n<\/div>","protected":false},"excerpt":{"rendered":"[vc_section full_width=\u00a0\u00bbstretch_row\u00a0\u00bb content_placement=\u00a0\u00bbmiddle\u00a0\u00bb fade_in_opacity=\u00a0\u00bbpix-opacity-7&Prime; pix_over_visibility=\u00a0\u00bb\u00a0\u00bb pix_overlay_color=\u00a0\u00bbblack\u00a0\u00bb css=\u00a0\u00bb.vc_custom_1710864709082{background-color: #ffffff !important;}\u00a0\u00bb pix_overlay_opacity=\u00a0\u00bb1&Prime; b_custom_height=\u00a0\u00bb300px\u00a0\u00bb fade_in_intro=\u00a0\u00bb16573&Prime;][vc_row pix_particles_check=\u00a0\u00bb\u00a0\u00bb responsive_css=\u00a0\u00bb{\u00ab\u00a0pix_res_sm_pt\u00ab\u00a0:\u00ab\u00a00px\u00ab\u00a0,\u00ab\u00a0pix_res_md_pt\u00ab\u00a0:\u00ab\u00a00px\u00ab\u00a0}\u00a0\u00bb css=\u00a0\u00bb.vc_custom_1612279093745{padding-top: 150px !important;padding-bottom: 70px !important;}\u00a0\u00bb][vc_column css=\u00a0\u00bb.vc_custom_1589595508057{padding-top: 20px !important;padding-bottom: 20px !important;}\u00a0\u00bb][\/vc_column][\/vc_row][\/vc_section][vc_section full_width=\u00a0\u00bbstretch_row\u00a0\u00bb pix_over_visibility=\u00a0\u00bb\u00a0\u00bb css=\u00a0\u00bb.vc_custom_1611338618988{background-color: #f8f9fa !important;}\u00a0\u00bb fade_in_intro=\u00a0\u00bb14052&Prime;][vc_row full_width=\u00a0\u00bbstretch_row\u00a0\u00bb gap=\u00a0\u00bb35&Prime; content_placement=\u00a0\u00bbtop\u00a0\u00bb pix_particles_check=\u00a0\u00bb\u00a0\u00bb css=\u00a0\u00bb.vc_custom_1612436460514{padding-top: 70px !important;padding-bottom: 75px !important;}\u00a0\u00bb][vc_column width=\u00a0\u00bb1\/2&Prime;][vc_column_text]&#8230;","protected":false},"author":1,"featured_media":0,"parent":16040,"menu_order":0,"comment_status":"closed","ping_status":"closed","template":"","meta":{"inline_featured_image":false,"_monsterinsights_skip_tracking":false,"_monsterinsights_sitenote_active":false,"_monsterinsights_sitenote_note":"","_monsterinsights_sitenote_category":0,"footnotes":""},"class_list":["post-16043","page","type-page","status-publish","hentry"],"yoast_head":"<!-- This site is optimized with the Yoast SEO plugin v26.8 - https:\/\/yoast.com\/product\/yoast-seo-wordpress\/ -->\n<title>Gestion du cr\u00e9dit: synergie collecte \u00e0 domicile et collecte t\u00e9l\u00e9phonique<\/title>\n<meta name=\"description\" content=\"Caledonia SpA est sp\u00e9cialis\u00e9e dans la gestion de cr\u00e9dit et op\u00e8re avec une strat\u00e9gie combin\u00e9e de collecte de t\u00e9l\u00e9phone et de collecte \u00e0 domicile.\" \/>\n<meta name=\"robots\" content=\"index, follow, max-snippet:-1, max-image-preview:large, max-video-preview:-1\" \/>\n<link rel=\"canonical\" href=\"https:\/\/www.caledoniasagl.ch\/fr\/protection-des-creances\/protection-de-creances-eleves-au-rang-de-science\/\" \/>\n<meta property=\"og:locale\" content=\"fr_FR\" \/>\n<meta property=\"og:type\" content=\"article\" \/>\n<meta property=\"og:title\" content=\"Gestion du cr\u00e9dit: synergie collecte \u00e0 domicile et collecte t\u00e9l\u00e9phonique\" \/>\n<meta property=\"og:description\" content=\"Caledonia SpA est sp\u00e9cialis\u00e9e dans la gestion de cr\u00e9dit et op\u00e8re avec une strat\u00e9gie combin\u00e9e de collecte de t\u00e9l\u00e9phone et de collecte \u00e0 domicile.\" \/>\n<meta property=\"og:url\" content=\"https:\/\/www.caledoniasagl.ch\/fr\/protection-des-creances\/protection-de-creances-eleves-au-rang-de-science\/\" \/>\n<meta property=\"og:site_name\" content=\"Caledonia Switzerland Sagl\" \/>\n<meta property=\"article:modified_time\" content=\"2024-03-19T16:11:52+00:00\" \/>\n<meta name=\"twitter:card\" content=\"summary_large_image\" \/>\n<meta name=\"twitter:label1\" content=\"Dur\u00e9e de lecture estim\u00e9e\" \/>\n\t<meta name=\"twitter:data1\" content=\"2 minutes\" \/>\n<script type=\"application\/ld+json\" class=\"yoast-schema-graph\">{\"@context\":\"https:\/\/schema.org\",\"@graph\":[{\"@type\":\"WebPage\",\"@id\":\"https:\/\/www.caledoniasagl.ch\/fr\/protection-des-creances\/protection-de-creances-eleves-au-rang-de-science\/\",\"url\":\"https:\/\/www.caledoniasagl.ch\/fr\/protection-des-creances\/protection-de-creances-eleves-au-rang-de-science\/\",\"name\":\"Gestion du cr\u00e9dit: synergie collecte \u00e0 domicile et collecte t\u00e9l\u00e9phonique\",\"isPartOf\":{\"@id\":\"https:\/\/www.caledoniasagl.ch\/fr\/#website\"},\"datePublished\":\"2020-12-16T15:00:29+00:00\",\"dateModified\":\"2024-03-19T16:11:52+00:00\",\"description\":\"Caledonia SpA est sp\u00e9cialis\u00e9e dans la gestion de cr\u00e9dit et op\u00e8re avec une strat\u00e9gie combin\u00e9e de collecte de t\u00e9l\u00e9phone et de collecte \u00e0 domicile.\",\"breadcrumb\":{\"@id\":\"https:\/\/www.caledoniasagl.ch\/fr\/protection-des-creances\/protection-de-creances-eleves-au-rang-de-science\/#breadcrumb\"},\"inLanguage\":\"fr-FR\",\"potentialAction\":[{\"@type\":\"ReadAction\",\"target\":[\"https:\/\/www.caledoniasagl.ch\/fr\/protection-des-creances\/protection-de-creances-eleves-au-rang-de-science\/\"]}]},{\"@type\":\"BreadcrumbList\",\"@id\":\"https:\/\/www.caledoniasagl.ch\/fr\/protection-des-creances\/protection-de-creances-eleves-au-rang-de-science\/#breadcrumb\",\"itemListElement\":[{\"@type\":\"ListItem\",\"position\":1,\"name\":\"Protection des cr\u00e9ances\",\"item\":\"https:\/\/www.caledoniasagl.ch\/fr\/protection-des-creances\/\"},{\"@type\":\"ListItem\",\"position\":2,\"name\":\"Protection de cr\u00e9ances \u00e9lev\u00e9s au rang de science\"}]},{\"@type\":\"WebSite\",\"@id\":\"https:\/\/www.caledoniasagl.ch\/fr\/#website\",\"url\":\"https:\/\/www.caledoniasagl.ch\/fr\/\",\"name\":\"Caledonia Switzerland Sagl\",\"description\":\"Protect Your Interests\",\"publisher\":{\"@id\":\"https:\/\/www.caledoniasagl.ch\/fr\/#organization\"},\"potentialAction\":[{\"@type\":\"SearchAction\",\"target\":{\"@type\":\"EntryPoint\",\"urlTemplate\":\"https:\/\/www.caledoniasagl.ch\/fr\/?s={search_term_string}\"},\"query-input\":{\"@type\":\"PropertyValueSpecification\",\"valueRequired\":true,\"valueName\":\"search_term_string\"}}],\"inLanguage\":\"fr-FR\"},{\"@type\":\"Organization\",\"@id\":\"https:\/\/www.caledoniasagl.ch\/fr\/#organization\",\"name\":\"Caledonia Switzerland Sagl\",\"url\":\"https:\/\/www.caledoniasagl.ch\/fr\/\",\"logo\":{\"@type\":\"ImageObject\",\"inLanguage\":\"fr-FR\",\"@id\":\"https:\/\/www.caledoniasagl.ch\/fr\/#\/schema\/logo\/image\/\",\"url\":\"https:\/\/www.caledoniasagl.ch\/wp-content\/uploads\/logo.svg\",\"contentUrl\":\"https:\/\/www.caledoniasagl.ch\/wp-content\/uploads\/logo.svg\",\"caption\":\"Caledonia Switzerland Sagl\"},\"image\":{\"@id\":\"https:\/\/www.caledoniasagl.ch\/fr\/#\/schema\/logo\/image\/\"},\"sameAs\":[\"https:\/\/it.linkedin.com\/company\/caledonia-s-p-a\"]}]}<\/script>\n<!-- \/ Yoast SEO plugin. -->","yoast_head_json":{"title":"Gestion du cr\u00e9dit: synergie collecte \u00e0 domicile et collecte t\u00e9l\u00e9phonique","description":"Caledonia SpA est sp\u00e9cialis\u00e9e dans la gestion de cr\u00e9dit et op\u00e8re avec une strat\u00e9gie combin\u00e9e de collecte de t\u00e9l\u00e9phone et de collecte \u00e0 domicile.","robots":{"index":"index","follow":"follow","max-snippet":"max-snippet:-1","max-image-preview":"max-image-preview:large","max-video-preview":"max-video-preview:-1"},"canonical":"https:\/\/www.caledoniasagl.ch\/fr\/protection-des-creances\/protection-de-creances-eleves-au-rang-de-science\/","og_locale":"fr_FR","og_type":"article","og_title":"Gestion du cr\u00e9dit: synergie collecte \u00e0 domicile et collecte t\u00e9l\u00e9phonique","og_description":"Caledonia SpA est sp\u00e9cialis\u00e9e dans la gestion de cr\u00e9dit et op\u00e8re avec une strat\u00e9gie combin\u00e9e de collecte de t\u00e9l\u00e9phone et de collecte \u00e0 domicile.","og_url":"https:\/\/www.caledoniasagl.ch\/fr\/protection-des-creances\/protection-de-creances-eleves-au-rang-de-science\/","og_site_name":"Caledonia Switzerland Sagl","article_modified_time":"2024-03-19T16:11:52+00:00","twitter_card":"summary_large_image","twitter_misc":{"Dur\u00e9e de lecture estim\u00e9e":"2 minutes"},"schema":{"@context":"https:\/\/schema.org","@graph":[{"@type":"WebPage","@id":"https:\/\/www.caledoniasagl.ch\/fr\/protection-des-creances\/protection-de-creances-eleves-au-rang-de-science\/","url":"https:\/\/www.caledoniasagl.ch\/fr\/protection-des-creances\/protection-de-creances-eleves-au-rang-de-science\/","name":"Gestion du cr\u00e9dit: synergie collecte \u00e0 domicile et collecte t\u00e9l\u00e9phonique","isPartOf":{"@id":"https:\/\/www.caledoniasagl.ch\/fr\/#website"},"datePublished":"2020-12-16T15:00:29+00:00","dateModified":"2024-03-19T16:11:52+00:00","description":"Caledonia SpA est sp\u00e9cialis\u00e9e dans la gestion de cr\u00e9dit et op\u00e8re avec une strat\u00e9gie combin\u00e9e de collecte de t\u00e9l\u00e9phone et de collecte \u00e0 domicile.","breadcrumb":{"@id":"https:\/\/www.caledoniasagl.ch\/fr\/protection-des-creances\/protection-de-creances-eleves-au-rang-de-science\/#breadcrumb"},"inLanguage":"fr-FR","potentialAction":[{"@type":"ReadAction","target":["https:\/\/www.caledoniasagl.ch\/fr\/protection-des-creances\/protection-de-creances-eleves-au-rang-de-science\/"]}]},{"@type":"BreadcrumbList","@id":"https:\/\/www.caledoniasagl.ch\/fr\/protection-des-creances\/protection-de-creances-eleves-au-rang-de-science\/#breadcrumb","itemListElement":[{"@type":"ListItem","position":1,"name":"Protection des cr\u00e9ances","item":"https:\/\/www.caledoniasagl.ch\/fr\/protection-des-creances\/"},{"@type":"ListItem","position":2,"name":"Protection de cr\u00e9ances \u00e9lev\u00e9s au rang de science"}]},{"@type":"WebSite","@id":"https:\/\/www.caledoniasagl.ch\/fr\/#website","url":"https:\/\/www.caledoniasagl.ch\/fr\/","name":"Caledonia Switzerland Sagl","description":"Protect Your Interests","publisher":{"@id":"https:\/\/www.caledoniasagl.ch\/fr\/#organization"},"potentialAction":[{"@type":"SearchAction","target":{"@type":"EntryPoint","urlTemplate":"https:\/\/www.caledoniasagl.ch\/fr\/?s={search_term_string}"},"query-input":{"@type":"PropertyValueSpecification","valueRequired":true,"valueName":"search_term_string"}}],"inLanguage":"fr-FR"},{"@type":"Organization","@id":"https:\/\/www.caledoniasagl.ch\/fr\/#organization","name":"Caledonia Switzerland Sagl","url":"https:\/\/www.caledoniasagl.ch\/fr\/","logo":{"@type":"ImageObject","inLanguage":"fr-FR","@id":"https:\/\/www.caledoniasagl.ch\/fr\/#\/schema\/logo\/image\/","url":"https:\/\/www.caledoniasagl.ch\/wp-content\/uploads\/logo.svg","contentUrl":"https:\/\/www.caledoniasagl.ch\/wp-content\/uploads\/logo.svg","caption":"Caledonia Switzerland Sagl"},"image":{"@id":"https:\/\/www.caledoniasagl.ch\/fr\/#\/schema\/logo\/image\/"},"sameAs":["https:\/\/it.linkedin.com\/company\/caledonia-s-p-a"]}]}},"_links":{"self":[{"href":"https:\/\/www.caledoniasagl.ch\/fr\/wp-json\/wp\/v2\/pages\/16043","targetHints":{"allow":["GET"]}}],"collection":[{"href":"https:\/\/www.caledoniasagl.ch\/fr\/wp-json\/wp\/v2\/pages"}],"about":[{"href":"https:\/\/www.caledoniasagl.ch\/fr\/wp-json\/wp\/v2\/types\/page"}],"author":[{"embeddable":true,"href":"https:\/\/www.caledoniasagl.ch\/fr\/wp-json\/wp\/v2\/users\/1"}],"replies":[{"embeddable":true,"href":"https:\/\/www.caledoniasagl.ch\/fr\/wp-json\/wp\/v2\/comments?post=16043"}],"version-history":[{"count":6,"href":"https:\/\/www.caledoniasagl.ch\/fr\/wp-json\/wp\/v2\/pages\/16043\/revisions"}],"predecessor-version":[{"id":16588,"href":"https:\/\/www.caledoniasagl.ch\/fr\/wp-json\/wp\/v2\/pages\/16043\/revisions\/16588"}],"up":[{"embeddable":true,"href":"https:\/\/www.caledoniasagl.ch\/fr\/wp-json\/wp\/v2\/pages\/16040"}],"wp:attachment":[{"href":"https:\/\/www.caledoniasagl.ch\/fr\/wp-json\/wp\/v2\/media?parent=16043"}],"curies":[{"name":"wp","href":"https:\/\/api.w.org\/{rel}","templated":true}]}}