{"id":16047,"date":"2020-12-16T14:39:32","date_gmt":"2020-12-16T13:39:32","guid":{"rendered":"https:\/\/www.caledoniasagl.ch\/gestion-des-creances\/rintraccio-e-recupero-beni\/"},"modified":"2021-11-22T13:31:22","modified_gmt":"2021-11-22T12:31:22","slug":"tracage-et-recuperation-de-biens","status":"publish","type":"page","link":"https:\/\/www.caledoniasagl.ch\/fr\/protection-des-creances\/tracage-et-recuperation-de-biens\/","title":{"rendered":"Tra\u00e7age et r\u00e9cup\u00e9ration de biens"},"content":{"rendered":"<div class=\"wpb-content-wrapper\"><p>[vc_section full_width=\u00a0\u00bbstretch_row\u00a0\u00bb content_placement=\u00a0\u00bbmiddle\u00a0\u00bb fade_in_opacity=\u00a0\u00bbpix-opacity-6&Prime; pix_over_visibility=\u00a0\u00bb\u00a0\u00bb pix_overlay_color=\u00a0\u00bbblack\u00a0\u00bb css=\u00a0\u00bb.vc_custom_1616514978402{background-color: #ffffff !important;}\u00a0\u00bb pix_overlay_opacity=\u00a0\u00bb1&Prime; b_custom_height=\u00a0\u00bb300px\u00a0\u00bb fade_in_intro=\u00a0\u00bb15570&Prime;][vc_row pix_particles_check=\u00a0\u00bb\u00a0\u00bb responsive_css=\u00a0\u00bb{\u00ab\u00a0pix_res_sm_pt\u00ab\u00a0:\u00ab\u00a00px\u00ab\u00a0,\u00ab\u00a0pix_res_md_pt\u00ab\u00a0:\u00ab\u00a00px\u00ab\u00a0}\u00a0\u00bb css=\u00a0\u00bb.vc_custom_1612279053087{padding-top: 150px !important;padding-bottom: 70px !important;}\u00a0\u00bb][vc_column css=\u00a0\u00bb.vc_custom_1589595508057{padding-top: 20px !important;padding-bottom: 20px !important;}\u00a0\u00bb]<div id=\"H1\" class=\"pix-heading-el text-left  vc_custom_1637583871083\"><div class=\"d-inline-block\" style=\"max-width:1000px;\"><h1 class=\"text-white font-weight-bold h1 animate-in heading-text el-title_custom_color mb-12\" style=\"\" data-anim-type=\"fade-in\" data-anim-delay=\"200\">Tra\u00e7age et r\u00e9cup\u00e9ration de biens et de v\u00e9hicules en Suisse, Italie et \u00e0 l\u2019\u00e9tranger<\/h1><\/div><\/div><div class=\"pix-el-text w-100   vc_custom_1637583879836\" ><div class=\"d-inline-block\" style=\"max-width:900px;\"><p class=\"text-24  text-white  \" ><span class=\"text-white animate-in d-inline-block\" data-anim-delay=\"400\" data-anim-type=\"fade-in-up\">Gr\u00e2ce \u00e0 ses enqu\u00eates et ses investigations, Caledonia est le partenaire des particuliers et des entreprises et se tient \u00e0 leurs c\u00f4t\u00e9s pour les aider \u00e0 prot\u00e9ger et r\u00e9cup\u00e9rer leurs biens.<\/span><\/p><\/div><\/div><a  href=\"https:\/\/www.caledoniasagl.ch\/fr\/contacts\/\" class=\"btn mb-2    vc_custom_1618394260313  shadow-sm shadow-hover-sm text-primary btn-white d-inline-flex align-items-center pix-hover-item       btn-md\"     ><span class=\"font-weight-bold \" >Nous contacter<\/span><svg class=\"pixfort-icon font-weight-bold  pix-hover-right  ml-2\" width=\"24\" height=\"24\"  data-name=\"Line\/pixfort-icon-arrow-right-2\" viewBox=\"2 2 20 20\"><polyline fill=\"none\" stroke=\"var(--pf-icon-color)\" stroke-linecap=\"round\" stroke-linejoin=\"round\" stroke-width=\"var(--pf-icon-stroke-width)\" points=\"9.5 17 14.5 12 9.5 7\"\/><\/svg><\/a>[\/vc_column][\/vc_row][\/vc_section][vc_section full_width=\u00a0\u00bbstretch_row\u00a0\u00bb pix_over_visibility=\u00a0\u00bb\u00a0\u00bb css=\u00a0\u00bb.vc_custom_1611335549565{background-color: #f8f9fa !important;}\u00a0\u00bb fade_in_intro=\u00a0\u00bb14052&Prime;][vc_row full_width=\u00a0\u00bbstretch_row\u00a0\u00bb gap=\u00a0\u00bb35&Prime; content_placement=\u00a0\u00bbtop\u00a0\u00bb pix_particles_check=\u00a0\u00bb\u00a0\u00bb css=\u00a0\u00bb.vc_custom_1611335631854{padding-top: 70px !important;padding-bottom: 75px !important;}\u00a0\u00bb][vc_column width=\u00a0\u00bb1\/2&Prime; css=\u00a0\u00bb.vc_custom_1612437004346{padding-bottom: 35px !important;}\u00a0\u00bb][vc_column_text]<\/p><h2><strong>Un bien vous a \u00e9t\u00e9 d\u00e9rob\u00e9 dans votre sph\u00e8re priv\u00e9e ou dans le cadre de votre entreprise ? Avec Caledonia vos biens sont \u00e0 l\u2019abri.<\/strong><\/h2><p>[\/vc_column_text][vc_separator color=\u00a0\u00bbcustom\u00a0\u00bb align=\u00a0\u00bbalign_left\u00a0\u00bb border_width=\u00a0\u00bb3&Prime; accent_color=\u00a0\u00bb#3dc4f2&Prime;][\/vc_column][vc_column width=\u00a0\u00bb1\/2&Prime;][vc_column_text]<\/p><p><strong>Caledonia a d\u00e9velopp\u00e9 un haut degr\u00e9 de sp\u00e9cialisation dans <span style=\"color: #3dc4f2;\">le tra\u00e7age et la r\u00e9cup\u00e9ration de biens<\/span> pour prot\u00e9ger au mieux vos int\u00e9r\u00eats. Concr\u00e8tement, des strat\u00e9gies sp\u00e9cifiques sont mises au point de mani\u00e8re personnalis\u00e9e pour r\u00e9pondre \u00e0 vos besoins.<br \/>La synergie r\u00e9sultant des <span style=\"color: #3dc4f2;\"> actions de recouvrement et d\u2019investigation<\/span> garantit que vos biens seront mis \u00e0 l\u2019abri de la mani\u00e8re la plus rapide et la plus efficace possible.<br \/>Le contr\u00f4le direct du territoire et la densit\u00e9 du r\u00e9seau de professionnels sont des facteurs d\u00e9terminants qui permettront de tracer et r\u00e9cup\u00e9rer les biens.<br \/>Dans toutes ses actions, Caledonia communique ses informations en toute transparence et agit en lien permanent avec le client \u00e0 chaque phase, pr\u00e9-contentieuse et contentieuse, de la r\u00e9cup\u00e9ration.<\/strong><\/p><p>[\/vc_column_text][\/vc_column][\/vc_row][\/vc_section][vc_section full_width=\u00a0\u00bbstretch_row\u00a0\u00bb pix_over_visibility=\u00a0\u00bb\u00a0\u00bb css=\u00a0\u00bb.vc_custom_1611335701561{padding-bottom: 100px !important;background-color: #ffffff !important;}\u00a0\u00bb][vc_row full_width=\u00a0\u00bbstretch_row\u00a0\u00bb gap=\u00a0\u00bb35&Prime; content_placement=\u00a0\u00bbtop\u00a0\u00bb pix_particles_check=\u00a0\u00bb\u00a0\u00bb css=\u00a0\u00bb.vc_custom_1611335783115{padding-top: 80px !important;padding-bottom: 35px !important;}\u00a0\u00bb][vc_column width=\u00a0\u00bb1\/6&Prime; content_align=\u00a0\u00bbtext-center\u00a0\u00bb css=\u00a0\u00bb.vc_custom_1608128772386{padding-right: 40px !important;padding-left: 20px !important;}\u00a0\u00bb]<div id=\"duo-icon-39427979\" class=\"pix-icon text-left  vc_custom_1611335749688\"><div class=\"pix-icon-bg rounded-circle feature_img position-relative d-inline-flex align-items-center justify-content-center bg-secondary shadow-sm\"   style=\" width:153px;height:153px;position:relative;line-height:153px;text-align:center;\"><span style=\"font-size:85px;line-height:85px;\" class=\"text-white d-inline-flex align-middle\"><svg class=\"pixfort-icon \" width=\"85\" height=\"85\"  data-name=\"Line\/pixfort-icon-car-cedan-1\" viewBox=\"2 2 20 20\"><g  stroke=\"none\" stroke-width=\"var(--pf-icon-stroke-width)\" fill=\"none\" fill-rule=\"evenodd\" stroke-linecap=\"round\" stroke-linejoin=\"round\"><path d=\"M17,15 L8,15 M6,15 L4.08890979,15 C3.53662504,15 3.08890979,14.5522847 3.08890979,14 C3.08890979,13.9716377 3.09011642,13.9432882 3.09252642,13.9150284 L3.30885466,11.3783474 L3.30885466,11.3783474 C5.62312267,10.8333159 7.60313631,9.3783474 11.0180664,9.3783474 C15.0180664,9.3783474 15.084447,10.9027928 17.0180664,11.2519911 C18.6042452,11.538444 19.9239549,11.8306595 21.0180664,12.6027231 L21.007536,14.0000284 C21.0033648,14.5535123 20.5534996,15 20,15 L19,15 M7,16 C7.55228475,16 8,15.5522847 8,15 C8,14.4477153 7.55228475,14 7,14 C6.44771525,14 6,14.4477153 6,15 C6,15.5522847 6.44771525,16 7,16 Z M18,16 C18.5522847,16 19,15.5522847 19,15 C19,14.4477153 18.5522847,14 18,14 C17.4477153,14 17,14.4477153 17,15 C17,15.5522847 17.4477153,16 18,16 Z\"  stroke=\"var(--pf-icon-color)\" stroke-width=\"var(--pf-icon-stroke-width)\"><\/path><\/g><\/svg><\/span><\/div><\/div>[\/vc_column][vc_column width=\u00a0\u00bb5\/6&Prime; css=\u00a0\u00bb.vc_custom_1611336170679{padding-left: 50px !important;}\u00a0\u00bb]<div id=\"H2\" class=\"pix-heading-el text-left  vc_custom_1618394424849\"><h2 class=\"text-primary font-weight-bold h2 heading-text el-title_custom_color mb-12\" style=\"\" data-anim-type=\"\" data-anim-delay=\"0\">R\u00e9cup\u00e9ration des biens et des v\u00e9hicules en phase pr\u00e9-contentieuse<\/h2><\/div><div id=\"H3\" class=\"pix-heading-el text-left  vc_custom_1618394433681\"><h3 class=\"text-secondary font-weight-bold h3 heading-text el-title_custom_color mb-12\" style=\"\" data-anim-type=\"\" data-anim-delay=\"0\">Comment pr\u00e9venir et r\u00e9duire chaque risque au minimum<\/h3><\/div>[vc_column_text]<\/p><p>La strat\u00e9gie de <strong>r\u00e9cup\u00e9ration des biens et des v\u00e9hicules<\/strong> en phase pr\u00e9-contentieuse tourne autour de la n\u00e9cessit\u00e9 d\u2019intervenir le plus rapidement et le plus efficacement possible, en \u00e9vitant les risques et les frais li\u00e9s \u00e0 une action en justice. Une \u00e9quipe de sp\u00e9cialistes proc\u00e8de \u00e0 une enqu\u00eate m\u00e9ticuleuse pour d\u00e9couvrir des informations et analyser des documents. Chaque action men\u00e9e sur le terrain fait l\u2019objet d\u2019un soutien par un back office assurant un suivi permanent de l\u2019intervention, de mani\u00e8re \u00e0 adapter la strat\u00e9gie de r\u00e9cup\u00e9ration en fonction des circonstances.<\/p><p>La <strong>r\u00e9cup\u00e9ration des biens en phase pr\u00e9-contentieuse<\/strong> garantit la rapidit\u00e9 d\u2019intervention pour r\u00e9duire le risque de dissimulation ou de d\u00e9pr\u00e9ciation. Toutes les phases d\u2019enqu\u00eate, de r\u00e9cup\u00e9ration et de rapatriement des biens, tant sur le territoire national qu\u2019\u00e0 l\u2019\u00e9tranger, sont directement g\u00e9r\u00e9es par Caledonia, sans interm\u00e9diaire, pour conserver en permanence un contr\u00f4le total des actions entreprises.<\/p><p>Caledonia propose en outre une prestation <strong>logistique de conservation<\/strong> des biens, dans un entrep\u00f4t dot\u00e9 des syst\u00e8mes de s\u00e9curit\u00e9 les plus r\u00e9cents.<\/p><p>[\/vc_column_text][\/vc_column][\/vc_row][vc_row pix_particles_check=\u00a0\u00bb\u00a0\u00bb][vc_column][vc_separator border_width=\u00a0\u00bb2&Prime;][\/vc_column][\/vc_row][vc_row full_width=\u00a0\u00bbstretch_row\u00a0\u00bb gap=\u00a0\u00bb35&Prime; content_placement=\u00a0\u00bbtop\u00a0\u00bb pix_particles_check=\u00a0\u00bb\u00a0\u00bb css=\u00a0\u00bb.vc_custom_1611335812419{padding-top: 35px !important;}\u00a0\u00bb][vc_column width=\u00a0\u00bb1\/6&Prime; content_align=\u00a0\u00bbtext-center\u00a0\u00bb css=\u00a0\u00bb.vc_custom_1611335802970{padding-right: 40px !important;padding-left: 20px !important;}\u00a0\u00bb]<div id=\"duo-icon-41701843\" class=\"pix-icon text-left  vc_custom_1611335796065\"><div class=\"pix-icon-bg rounded-circle feature_img position-relative d-inline-flex align-items-center justify-content-center bg-secondary shadow-sm\"   style=\" width:153px;height:153px;position:relative;line-height:153px;text-align:center;\"><span style=\"font-size:85px;line-height:85px;\" class=\"text-white d-inline-flex align-middle\"><svg class=\"pixfort-icon \" width=\"85\" height=\"85\"  data-name=\"Line\/pixfort-icon-balance-1\" viewBox=\"2 2 20 20\"><path fill=\"none\" stroke=\"var(--pf-icon-color)\" stroke-linecap=\"round\" stroke-linejoin=\"round\" stroke-width=\"var(--pf-icon-stroke-width)\" d=\"M5.5,15.5 C6.88071187,15.5 8,14.3807119 8,13 C8,11.6192881 3,11.6192881 3,13 C3,14.3807119 4.11928813,15.5 5.5,15.5 Z M18.5,11.5 C19.8807119,11.5 21,10.3807119 21,9 C21,7.61928813 16,7.61928813 16,9 C16,10.3807119 17.1192881,11.5 18.5,11.5 Z M12,5 L12,18 M5.5,7 L18.5,3 M12,6 C12.5522847,6 13,5.55228475 13,5 C13,4.44771525 12.5522847,4 12,4 C11.4477153,4 11,4.44771525 11,5 C11,5.55228475 11.4477153,6 12,6 Z M3,13 L5.5,7 L8,13 M16,9 L18.5,3 L21,9 M12,21 C14.7614237,21 17,20.3284271 17,19.5 C17,18.6715729 14.7614237,18 12,18 C9.23857625,18 7,18.6715729 7,19.5 C7,20.3284271 9.23857625,21 12,21 Z\"\/><\/svg><\/span><\/div><\/div>[\/vc_column][vc_column width=\u00a0\u00bb5\/6&Prime; css=\u00a0\u00bb.vc_custom_1611336180770{padding-left: 50px !important;}\u00a0\u00bb]<div id=\"H2\" class=\"pix-heading-el text-left  vc_custom_1618394497403\"><h2 class=\"text-primary font-weight-bold h2 heading-text el-title_custom_color mb-12\" style=\"\" data-anim-type=\"\" data-anim-delay=\"0\">R\u00e9cup\u00e9ration des biens et des v\u00e9hicules en phase contentieuse<\/h2><\/div><div id=\"H3\" class=\"pix-heading-el text-left  vc_custom_1618394504310\"><h3 class=\"text-secondary font-weight-bold h3 heading-text el-title_custom_color mb-12\" style=\"\" data-anim-type=\"\" data-anim-delay=\"0\">Comment g\u00e9rer chaque phase du tra\u00e7age et de la r\u00e9cup\u00e9ration<\/h3><\/div>[vc_column_text]<\/p><p>En cas de soustraction d\u2019un bien, Caledonia assiste \u00e9galement le client dans la phase contentieuse. Caledonia surveille en permanence la position d\u2019un bien sur le territoire national, europ\u00e9en et hors Europe et agit en synergie avec les autorit\u00e9s pour parvenir rapidement \u00e0 la r\u00e9cup\u00e9ration du bien et \u00e0 sa restitution subs\u00e9quente. <br \/>Chaque \u00e9tape de la d\u00e9licate <strong>proc\u00e9dure judiciaire<\/strong> est g\u00e9r\u00e9e de mani\u00e8re proactive gr\u00e2ce aux comp\u00e9tences des sp\u00e9cialistes de Caledonia en mati\u00e8re technique et juridique.<\/p><p>[\/vc_column_text][\/vc_column][\/vc_row][\/vc_section]<\/p><\/div>","protected":false},"excerpt":{"rendered":"[vc_section full_width=\u00a0\u00bbstretch_row\u00a0\u00bb content_placement=\u00a0\u00bbmiddle\u00a0\u00bb fade_in_opacity=\u00a0\u00bbpix-opacity-6&Prime; pix_over_visibility=\u00a0\u00bb\u00a0\u00bb pix_overlay_color=\u00a0\u00bbblack\u00a0\u00bb css=\u00a0\u00bb.vc_custom_1616514978402{background-color: #ffffff !important;}\u00a0\u00bb pix_overlay_opacity=\u00a0\u00bb1&Prime; b_custom_height=\u00a0\u00bb300px\u00a0\u00bb fade_in_intro=\u00a0\u00bb15570&Prime;][vc_row pix_particles_check=\u00a0\u00bb\u00a0\u00bb responsive_css=\u00a0\u00bb{\u00ab\u00a0pix_res_sm_pt\u00ab\u00a0:\u00ab\u00a00px\u00ab\u00a0,\u00ab\u00a0pix_res_md_pt\u00ab\u00a0:\u00ab\u00a00px\u00ab\u00a0}\u00a0\u00bb css=\u00a0\u00bb.vc_custom_1612279053087{padding-top: 150px !important;padding-bottom: 70px !important;}\u00a0\u00bb][vc_column css=\u00a0\u00bb.vc_custom_1589595508057{padding-top: 20px !important;padding-bottom: 20px !important;}\u00a0\u00bb][\/vc_column][\/vc_row][\/vc_section][vc_section full_width=\u00a0\u00bbstretch_row\u00a0\u00bb pix_over_visibility=\u00a0\u00bb\u00a0\u00bb css=\u00a0\u00bb.vc_custom_1611335549565{background-color: #f8f9fa !important;}\u00a0\u00bb fade_in_intro=\u00a0\u00bb14052&Prime;][vc_row full_width=\u00a0\u00bbstretch_row\u00a0\u00bb gap=\u00a0\u00bb35&Prime; content_placement=\u00a0\u00bbtop\u00a0\u00bb pix_particles_check=\u00a0\u00bb\u00a0\u00bb css=\u00a0\u00bb.vc_custom_1611335631854{padding-top: 70px !important;padding-bottom: 75px !important;}\u00a0\u00bb][vc_column width=\u00a0\u00bb1\/2&Prime;&#8230;","protected":false},"author":1,"featured_media":0,"parent":16040,"menu_order":0,"comment_status":"closed","ping_status":"closed","template":"","meta":{"inline_featured_image":false,"_monsterinsights_skip_tracking":false,"_monsterinsights_sitenote_active":false,"_monsterinsights_sitenote_note":"","_monsterinsights_sitenote_category":0,"footnotes":""},"class_list":["post-16047","page","type-page","status-publish","hentry"],"yoast_head":"<!-- This site is optimized with the Yoast SEO plugin v26.8 - https:\/\/yoast.com\/product\/yoast-seo-wordpress\/ -->\n<title>R\u00e9cup\u00e9ration des biens et des v\u00e9hicules en Italie et \u00e0 l&#039;\u00e9tranger<\/title>\n<meta name=\"description\" content=\"Caledonia SpA soutient les soci\u00e9t\u00e9s de cr\u00e9dit-bail en tant que partenaire dans la recherche et la r\u00e9cup\u00e9ration des actifs et des v\u00e9hicules de l&#039;entreprise.\" \/>\n<meta name=\"robots\" content=\"index, follow, max-snippet:-1, max-image-preview:large, max-video-preview:-1\" \/>\n<link rel=\"canonical\" href=\"https:\/\/www.caledoniasagl.ch\/fr\/protection-des-creances\/tracage-et-recuperation-de-biens\/\" \/>\n<meta property=\"og:locale\" content=\"fr_FR\" \/>\n<meta property=\"og:type\" content=\"article\" \/>\n<meta property=\"og:title\" content=\"R\u00e9cup\u00e9ration des biens et des v\u00e9hicules en Italie et \u00e0 l&#039;\u00e9tranger\" \/>\n<meta property=\"og:description\" content=\"Caledonia SpA soutient les soci\u00e9t\u00e9s de cr\u00e9dit-bail en tant que partenaire dans la recherche et la r\u00e9cup\u00e9ration des actifs et des v\u00e9hicules de l&#039;entreprise.\" \/>\n<meta property=\"og:url\" content=\"https:\/\/www.caledoniasagl.ch\/fr\/protection-des-creances\/tracage-et-recuperation-de-biens\/\" \/>\n<meta property=\"og:site_name\" content=\"Caledonia Switzerland Sagl\" \/>\n<meta property=\"article:modified_time\" content=\"2021-11-22T12:31:22+00:00\" \/>\n<meta name=\"twitter:card\" content=\"summary_large_image\" \/>\n<meta name=\"twitter:label1\" content=\"Dur\u00e9e de lecture estim\u00e9e\" \/>\n\t<meta name=\"twitter:data1\" content=\"3 minutes\" \/>\n<script type=\"application\/ld+json\" class=\"yoast-schema-graph\">{\"@context\":\"https:\/\/schema.org\",\"@graph\":[{\"@type\":\"WebPage\",\"@id\":\"https:\/\/www.caledoniasagl.ch\/fr\/protection-des-creances\/tracage-et-recuperation-de-biens\/\",\"url\":\"https:\/\/www.caledoniasagl.ch\/fr\/protection-des-creances\/tracage-et-recuperation-de-biens\/\",\"name\":\"R\u00e9cup\u00e9ration des biens et des v\u00e9hicules en Italie et \u00e0 l'\u00e9tranger\",\"isPartOf\":{\"@id\":\"https:\/\/www.caledoniasagl.ch\/fr\/#website\"},\"datePublished\":\"2020-12-16T13:39:32+00:00\",\"dateModified\":\"2021-11-22T12:31:22+00:00\",\"description\":\"Caledonia SpA soutient les soci\u00e9t\u00e9s de cr\u00e9dit-bail en tant que partenaire dans la recherche et la r\u00e9cup\u00e9ration des actifs et des v\u00e9hicules de l'entreprise.\",\"breadcrumb\":{\"@id\":\"https:\/\/www.caledoniasagl.ch\/fr\/protection-des-creances\/tracage-et-recuperation-de-biens\/#breadcrumb\"},\"inLanguage\":\"fr-FR\",\"potentialAction\":[{\"@type\":\"ReadAction\",\"target\":[\"https:\/\/www.caledoniasagl.ch\/fr\/protection-des-creances\/tracage-et-recuperation-de-biens\/\"]}]},{\"@type\":\"BreadcrumbList\",\"@id\":\"https:\/\/www.caledoniasagl.ch\/fr\/protection-des-creances\/tracage-et-recuperation-de-biens\/#breadcrumb\",\"itemListElement\":[{\"@type\":\"ListItem\",\"position\":1,\"name\":\"Protection des cr\u00e9ances\",\"item\":\"https:\/\/www.caledoniasagl.ch\/fr\/protection-des-creances\/\"},{\"@type\":\"ListItem\",\"position\":2,\"name\":\"Tra\u00e7age et r\u00e9cup\u00e9ration de biens\"}]},{\"@type\":\"WebSite\",\"@id\":\"https:\/\/www.caledoniasagl.ch\/fr\/#website\",\"url\":\"https:\/\/www.caledoniasagl.ch\/fr\/\",\"name\":\"Caledonia Switzerland Sagl\",\"description\":\"Protect Your Interests\",\"publisher\":{\"@id\":\"https:\/\/www.caledoniasagl.ch\/fr\/#organization\"},\"potentialAction\":[{\"@type\":\"SearchAction\",\"target\":{\"@type\":\"EntryPoint\",\"urlTemplate\":\"https:\/\/www.caledoniasagl.ch\/fr\/?s={search_term_string}\"},\"query-input\":{\"@type\":\"PropertyValueSpecification\",\"valueRequired\":true,\"valueName\":\"search_term_string\"}}],\"inLanguage\":\"fr-FR\"},{\"@type\":\"Organization\",\"@id\":\"https:\/\/www.caledoniasagl.ch\/fr\/#organization\",\"name\":\"Caledonia Switzerland Sagl\",\"url\":\"https:\/\/www.caledoniasagl.ch\/fr\/\",\"logo\":{\"@type\":\"ImageObject\",\"inLanguage\":\"fr-FR\",\"@id\":\"https:\/\/www.caledoniasagl.ch\/fr\/#\/schema\/logo\/image\/\",\"url\":\"https:\/\/www.caledoniasagl.ch\/wp-content\/uploads\/logo.svg\",\"contentUrl\":\"https:\/\/www.caledoniasagl.ch\/wp-content\/uploads\/logo.svg\",\"caption\":\"Caledonia Switzerland Sagl\"},\"image\":{\"@id\":\"https:\/\/www.caledoniasagl.ch\/fr\/#\/schema\/logo\/image\/\"},\"sameAs\":[\"https:\/\/it.linkedin.com\/company\/caledonia-s-p-a\"]}]}<\/script>\n<!-- \/ Yoast SEO plugin. -->","yoast_head_json":{"title":"R\u00e9cup\u00e9ration des biens et des v\u00e9hicules en Italie et \u00e0 l'\u00e9tranger","description":"Caledonia SpA soutient les soci\u00e9t\u00e9s de cr\u00e9dit-bail en tant que partenaire dans la recherche et la r\u00e9cup\u00e9ration des actifs et des v\u00e9hicules de l'entreprise.","robots":{"index":"index","follow":"follow","max-snippet":"max-snippet:-1","max-image-preview":"max-image-preview:large","max-video-preview":"max-video-preview:-1"},"canonical":"https:\/\/www.caledoniasagl.ch\/fr\/protection-des-creances\/tracage-et-recuperation-de-biens\/","og_locale":"fr_FR","og_type":"article","og_title":"R\u00e9cup\u00e9ration des biens et des v\u00e9hicules en Italie et \u00e0 l'\u00e9tranger","og_description":"Caledonia SpA soutient les soci\u00e9t\u00e9s de cr\u00e9dit-bail en tant que partenaire dans la recherche et la r\u00e9cup\u00e9ration des actifs et des v\u00e9hicules de l'entreprise.","og_url":"https:\/\/www.caledoniasagl.ch\/fr\/protection-des-creances\/tracage-et-recuperation-de-biens\/","og_site_name":"Caledonia Switzerland Sagl","article_modified_time":"2021-11-22T12:31:22+00:00","twitter_card":"summary_large_image","twitter_misc":{"Dur\u00e9e de lecture estim\u00e9e":"3 minutes"},"schema":{"@context":"https:\/\/schema.org","@graph":[{"@type":"WebPage","@id":"https:\/\/www.caledoniasagl.ch\/fr\/protection-des-creances\/tracage-et-recuperation-de-biens\/","url":"https:\/\/www.caledoniasagl.ch\/fr\/protection-des-creances\/tracage-et-recuperation-de-biens\/","name":"R\u00e9cup\u00e9ration des biens et des v\u00e9hicules en Italie et \u00e0 l'\u00e9tranger","isPartOf":{"@id":"https:\/\/www.caledoniasagl.ch\/fr\/#website"},"datePublished":"2020-12-16T13:39:32+00:00","dateModified":"2021-11-22T12:31:22+00:00","description":"Caledonia SpA soutient les soci\u00e9t\u00e9s de cr\u00e9dit-bail en tant que partenaire dans la recherche et la r\u00e9cup\u00e9ration des actifs et des v\u00e9hicules de l'entreprise.","breadcrumb":{"@id":"https:\/\/www.caledoniasagl.ch\/fr\/protection-des-creances\/tracage-et-recuperation-de-biens\/#breadcrumb"},"inLanguage":"fr-FR","potentialAction":[{"@type":"ReadAction","target":["https:\/\/www.caledoniasagl.ch\/fr\/protection-des-creances\/tracage-et-recuperation-de-biens\/"]}]},{"@type":"BreadcrumbList","@id":"https:\/\/www.caledoniasagl.ch\/fr\/protection-des-creances\/tracage-et-recuperation-de-biens\/#breadcrumb","itemListElement":[{"@type":"ListItem","position":1,"name":"Protection des cr\u00e9ances","item":"https:\/\/www.caledoniasagl.ch\/fr\/protection-des-creances\/"},{"@type":"ListItem","position":2,"name":"Tra\u00e7age et r\u00e9cup\u00e9ration de biens"}]},{"@type":"WebSite","@id":"https:\/\/www.caledoniasagl.ch\/fr\/#website","url":"https:\/\/www.caledoniasagl.ch\/fr\/","name":"Caledonia Switzerland Sagl","description":"Protect Your Interests","publisher":{"@id":"https:\/\/www.caledoniasagl.ch\/fr\/#organization"},"potentialAction":[{"@type":"SearchAction","target":{"@type":"EntryPoint","urlTemplate":"https:\/\/www.caledoniasagl.ch\/fr\/?s={search_term_string}"},"query-input":{"@type":"PropertyValueSpecification","valueRequired":true,"valueName":"search_term_string"}}],"inLanguage":"fr-FR"},{"@type":"Organization","@id":"https:\/\/www.caledoniasagl.ch\/fr\/#organization","name":"Caledonia Switzerland Sagl","url":"https:\/\/www.caledoniasagl.ch\/fr\/","logo":{"@type":"ImageObject","inLanguage":"fr-FR","@id":"https:\/\/www.caledoniasagl.ch\/fr\/#\/schema\/logo\/image\/","url":"https:\/\/www.caledoniasagl.ch\/wp-content\/uploads\/logo.svg","contentUrl":"https:\/\/www.caledoniasagl.ch\/wp-content\/uploads\/logo.svg","caption":"Caledonia Switzerland Sagl"},"image":{"@id":"https:\/\/www.caledoniasagl.ch\/fr\/#\/schema\/logo\/image\/"},"sameAs":["https:\/\/it.linkedin.com\/company\/caledonia-s-p-a"]}]}},"_links":{"self":[{"href":"https:\/\/www.caledoniasagl.ch\/fr\/wp-json\/wp\/v2\/pages\/16047","targetHints":{"allow":["GET"]}}],"collection":[{"href":"https:\/\/www.caledoniasagl.ch\/fr\/wp-json\/wp\/v2\/pages"}],"about":[{"href":"https:\/\/www.caledoniasagl.ch\/fr\/wp-json\/wp\/v2\/types\/page"}],"author":[{"embeddable":true,"href":"https:\/\/www.caledoniasagl.ch\/fr\/wp-json\/wp\/v2\/users\/1"}],"replies":[{"embeddable":true,"href":"https:\/\/www.caledoniasagl.ch\/fr\/wp-json\/wp\/v2\/comments?post=16047"}],"version-history":[{"count":4,"href":"https:\/\/www.caledoniasagl.ch\/fr\/wp-json\/wp\/v2\/pages\/16047\/revisions"}],"predecessor-version":[{"id":16430,"href":"https:\/\/www.caledoniasagl.ch\/fr\/wp-json\/wp\/v2\/pages\/16047\/revisions\/16430"}],"up":[{"embeddable":true,"href":"https:\/\/www.caledoniasagl.ch\/fr\/wp-json\/wp\/v2\/pages\/16040"}],"wp:attachment":[{"href":"https:\/\/www.caledoniasagl.ch\/fr\/wp-json\/wp\/v2\/media?parent=16047"}],"curies":[{"name":"wp","href":"https:\/\/api.w.org\/{rel}","templated":true}]}}