{"id":16051,"date":"2021-01-11T16:48:43","date_gmt":"2021-01-11T15:48:43","guid":{"rendered":"https:\/\/www.caledoniasagl.ch\/indagini-informatiche\/"},"modified":"2021-11-22T14:11:51","modified_gmt":"2021-11-22T13:11:51","slug":"informatique-legale","status":"publish","type":"page","link":"https:\/\/www.caledoniasagl.ch\/fr\/informatique-legale\/","title":{"rendered":"Informatique l\u00e9gale"},"content":{"rendered":"<div class=\"wpb-content-wrapper\"><p>[vc_section full_width=\u00a0\u00bbstretch_row\u00a0\u00bb content_placement=\u00a0\u00bbmiddle\u00a0\u00bb fade_in_opacity=\u00a0\u00bbpix-opacity-6&Prime; pix_over_visibility=\u00a0\u00bb\u00a0\u00bb pix_overlay_color=\u00a0\u00bbblack\u00a0\u00bb css=\u00a0\u00bb.vc_custom_1616419302398{background-color: #ffffff !important;}\u00a0\u00bb pix_overlay_opacity=\u00a0\u00bb1&Prime; b_custom_height=\u00a0\u00bb300px\u00a0\u00bb fade_in_intro=\u00a0\u00bb15501&Prime;][vc_row pix_particles_check=\u00a0\u00bb\u00a0\u00bb responsive_css=\u00a0\u00bb{\u00ab\u00a0pix_res_sm_pt\u00ab\u00a0:\u00ab\u00a00px\u00ab\u00a0,\u00ab\u00a0pix_res_md_pt\u00ab\u00a0:\u00ab\u00a00px\u00ab\u00a0}\u00a0\u00bb css=\u00a0\u00bb.vc_custom_1612278963735{padding-top: 150px !important;padding-bottom: 70px !important;}\u00a0\u00bb][vc_column css=\u00a0\u00bb.vc_custom_1589595508057{padding-top: 20px !important;padding-bottom: 20px !important;}\u00a0\u00bb]<div id=\"H1\" class=\"pix-heading-el text-left  vc_custom_1618420013196\"><div class=\"d-inline-block\" style=\"max-width:1000px;\"><h1 class=\"text-white font-weight-bold h1 animate-in heading-text el-title_custom_color mb-12\" style=\"\" data-anim-type=\"fade-in\" data-anim-delay=\"200\">Informatique l\u00e9gale pour prot\u00e9ger l\u2019int\u00e9grit\u00e9 des donn\u00e9es num\u00e9riques<\/h1><\/div><\/div><div class=\"pix-el-text w-100   vc_custom_1618420051309\" ><div class=\"d-inline-block\" style=\"max-width:900px;\"><p class=\"text-24  text-white  \" ><span class=\"text-white animate-in d-inline-block\" data-anim-delay=\"400\" data-anim-type=\"fade-in-up\">Les enqu\u00eates informatiques interviennent dans le cadre de l\u2019informatique l\u00e9gale pour identifier et extraire des donn\u00e9es num\u00e9riques \u00e0 utiliser comme preuve dans divers champs d\u2019investigation.<\/span><\/p><\/div><\/div><a  href=\"https:\/\/www.caledoniasagl.ch\/fr\/contacts\/\" class=\"btn mb-2    vc_custom_1618394717158  shadow-sm shadow-hover-sm text-primary btn-white d-inline-flex align-items-center pix-hover-item       btn-md\"     ><span class=\"font-weight-bold \" >Nous contacter<\/span><svg class=\"pixfort-icon font-weight-bold  pix-hover-right  ml-2\" width=\"24\" height=\"24\"  data-name=\"Line\/pixfort-icon-arrow-right-2\" viewBox=\"2 2 20 20\"><polyline fill=\"none\" stroke=\"var(--pf-icon-color)\" stroke-linecap=\"round\" stroke-linejoin=\"round\" stroke-width=\"var(--pf-icon-stroke-width)\" points=\"9.5 17 14.5 12 9.5 7\"\/><\/svg><\/a>[\/vc_column][\/vc_row][\/vc_section][vc_section full_width=\u00a0\u00bbstretch_row\u00a0\u00bb pix_over_visibility=\u00a0\u00bb\u00a0\u00bb css=\u00a0\u00bb.vc_custom_1611481603006{background-color: #f8f9fa !important;}\u00a0\u00bb fade_in_intro=\u00a0\u00bb14052&Prime;][vc_row full_width=\u00a0\u00bbstretch_row\u00a0\u00bb gap=\u00a0\u00bb35&Prime; content_placement=\u00a0\u00bbtop\u00a0\u00bb pix_particles_check=\u00a0\u00bb\u00a0\u00bb css=\u00a0\u00bb.vc_custom_1611481441178{padding-top: 70px !important;padding-bottom: 75px !important;}\u00a0\u00bb][vc_column width=\u00a0\u00bb1\/2&Prime;][vc_column_text]<\/p><h2><strong>Vos donn\u00e9es constituent un patrimoine, comment les prot\u00e9ger?<\/strong><\/h2><p>[\/vc_column_text][vc_separator color=\u00a0\u00bbcustom\u00a0\u00bb border_width=\u00a0\u00bb3&Prime; accent_color=\u00a0\u00bb#3dc4f2&Prime;][\/vc_column][vc_column width=\u00a0\u00bb1\/2&Prime;][vc_column_text]<\/p><p><strong>Avec le d\u00e9veloppement croissant des nouvelles technologies, Caledonia a mis en place une <span style=\"color: #3dc4f2;\">activit\u00e9 d\u2019investigation technique<\/span>, compl\u00e9mentaire et en synergie avec les autres m\u00e9thodes appliqu\u00e9es par l\u2019entreprise, pour garantir une <span style=\"color: #3dc4f2;\">s\u00e9curit\u00e9 maximale du patrimoine<\/span> que constituent vos donn\u00e9es, tant dans votre sph\u00e8re priv\u00e9e que dans le cadre de l\u2019entreprise.<br \/>Caledonia a mis tout son savoir-faire dans cette discipline, b\u00e2tissant une m\u00e9thode scientifique conforme aux proc\u00e9dures internationales en mati\u00e8re d\u2019informatique l\u00e9gale. <\/strong><\/p><p>[\/vc_column_text][\/vc_column][\/vc_row][\/vc_section][vc_section full_width=\u00a0\u00bbstretch_row\u00a0\u00bb pix_over_visibility=\u00a0\u00bb\u00a0\u00bb css=\u00a0\u00bb.vc_custom_1611481994550{padding-bottom: 100px !important;background-color: #ffffff !important;}\u00a0\u00bb][vc_row full_width=\u00a0\u00bbstretch_row\u00a0\u00bb gap=\u00a0\u00bb35&Prime; content_placement=\u00a0\u00bbtop\u00a0\u00bb pix_particles_check=\u00a0\u00bb\u00a0\u00bb css=\u00a0\u00bb.vc_custom_1611481818931{padding-top: 80px !important;padding-bottom: 35px !important;}\u00a0\u00bb][vc_column width=\u00a0\u00bb1\/6&Prime; content_align=\u00a0\u00bbtext-center\u00a0\u00bb]<div id=\"duo-icon-152201820\" class=\"pix-icon text-left  vc_custom_1611844499188\"><div class=\"pix-icon-bg rounded-circle feature_img position-relative d-inline-flex align-items-center justify-content-center bg-secondary shadow-sm\"   style=\" width:153px;height:153px;position:relative;line-height:153px;text-align:center;\"><span style=\"font-size:85px;line-height:85px;\" class=\"text-white d-inline-flex align-middle\"><svg class=\"pixfort-icon \" width=\"85\" height=\"85\"  data-name=\"Line\/pixfort-icon-database-search-1\" viewBox=\"2 2 20 20\"><path fill=\"none\" stroke=\"var(--pf-icon-color)\" stroke-linecap=\"round\" stroke-linejoin=\"round\" stroke-width=\"var(--pf-icon-stroke-width)\" d=\"M10,7 C13.8235098,7 17,6.1045695 17,5 C17,3.8954305 13.8235098,3 10,3 C6.17649019,3 3,3.8954305 3,5 C3,6.1045695 6.17649019,7 10,7 Z M3,19 C3,20.1045695 6.17649019,21 10,21 C10.706628,21 11.3911569,20.9694164 12.03762,20.9125811 M3,14.25 C3,15.3545695 6.17649019,16.25 10,16.25 C10.3324296,16.25 10.6599683,16.2432313 10.9809537,16.2301449 M3,9.75 C3,10.8545695 6.17649019,11.75 10,11.75 C13.8235098,11.75 17,10.8545695 17,9.75 M3,19 L3,5 M17,11 L17,5 M17.1111111,20.2222222 C18.8293303,20.2222222 20.2222222,18.8293303 20.2222222,17.1111111 C20.2222222,15.3928919 18.8293303,14 17.1111111,14 C15.3928919,14 14,15.3928919 14,17.1111111 C14,18.8293303 15.3928919,20.2222222 17.1111111,20.2222222 Z M19.312803,19.3129462 L21,21\"\/><\/svg><\/span><\/div><\/div>[\/vc_column][vc_column width=\u00a0\u00bb5\/6&Prime; css=\u00a0\u00bb.vc_custom_1611338263811{padding-left: 50px !important;}\u00a0\u00bb]<div id=\"H2\" class=\"pix-heading-el text-left  vc_custom_1618394834434\"><h2 class=\"text-primary font-weight-bold h2 heading-text el-title_custom_color mb-12\" style=\"\" data-anim-type=\"\" data-anim-delay=\"0\">Informatique l\u00e9gale<\/h2><\/div><div id=\"H3\" class=\"pix-heading-el text-left  vc_custom_1618394841915\"><h3 class=\"text-secondary font-weight-bold h3 heading-text el-title_custom_color mb-12\" style=\"\" data-anim-type=\"\" data-anim-delay=\"0\">Une donn\u00e9e num\u00e9rique est un bien de l\u2019entreprise<\/h3><\/div>[vc_column_text]<\/p><p>L\u2019<strong>informatique l\u00e9gale<\/strong>, conforme aux proc\u00e9dures internationales, est une m\u00e9thode scientifique sophistiqu\u00e9e d\u2019identification, d\u2019acquisition, de gestion, d\u2019analyse et d\u2019interpr\u00e9tation de traces <strong>num\u00e9riques<\/strong> au sein de produits ou de dispositifs \u00e9lectroniques pouvant \u00eatre utilis\u00e9es comme preuves num\u00e9riques dans le cadre d\u2019investigations.<\/p><p>Caledonia part de l\u2019identification de potentiels r\u00e9ceptacles d\u2019informations et, agissant tr\u00e8s d\u00e9licatement, garantit l\u2019acquisition et l\u2019extraction des donn\u00e9es num\u00e9riques en pr\u00e9servant leur int\u00e9grit\u00e9. Il est ensuite proc\u00e9d\u00e9 \u00e0 une phase <strong>d\u2019analyse approfondie et d\u2019interpr\u00e9tation<\/strong> de toute trace num\u00e9rique d\u00e9couverte.<\/p><p>Les informaticiens professionnels de Caledonia traitent les donn\u00e9es provenant de diff\u00e9rents dispositifs tels que des ordinateurs personnels, des serveurs, des t\u00e9l\u00e9phones portables, des smartphones, des navigateurs par satellite, du trafic de r\u00e9seau, des fichiers de log, des donn\u00e9es figurant sur le cloud en proc\u00e9dant au d\u00e9licat transfert d\u2019acquisition et d\u2019interpr\u00e9tation de ce patrimoine pour en garantir l\u2019int\u00e9grit\u00e9.<\/p><p>[\/vc_column_text][\/vc_column][\/vc_row][\/vc_section]<\/p><\/div>","protected":false},"excerpt":{"rendered":"[vc_section full_width=\u00a0\u00bbstretch_row\u00a0\u00bb content_placement=\u00a0\u00bbmiddle\u00a0\u00bb fade_in_opacity=\u00a0\u00bbpix-opacity-6&Prime; pix_over_visibility=\u00a0\u00bb\u00a0\u00bb pix_overlay_color=\u00a0\u00bbblack\u00a0\u00bb css=\u00a0\u00bb.vc_custom_1616419302398{background-color: #ffffff !important;}\u00a0\u00bb pix_overlay_opacity=\u00a0\u00bb1&Prime; b_custom_height=\u00a0\u00bb300px\u00a0\u00bb fade_in_intro=\u00a0\u00bb15501&Prime;][vc_row pix_particles_check=\u00a0\u00bb\u00a0\u00bb responsive_css=\u00a0\u00bb{\u00ab\u00a0pix_res_sm_pt\u00ab\u00a0:\u00ab\u00a00px\u00ab\u00a0,\u00ab\u00a0pix_res_md_pt\u00ab\u00a0:\u00ab\u00a00px\u00ab\u00a0}\u00a0\u00bb css=\u00a0\u00bb.vc_custom_1612278963735{padding-top: 150px !important;padding-bottom: 70px !important;}\u00a0\u00bb][vc_column css=\u00a0\u00bb.vc_custom_1589595508057{padding-top: 20px !important;padding-bottom: 20px !important;}\u00a0\u00bb][\/vc_column][\/vc_row][\/vc_section][vc_section full_width=\u00a0\u00bbstretch_row\u00a0\u00bb pix_over_visibility=\u00a0\u00bb\u00a0\u00bb css=\u00a0\u00bb.vc_custom_1611481603006{background-color: #f8f9fa !important;}\u00a0\u00bb fade_in_intro=\u00a0\u00bb14052&Prime;][vc_row full_width=\u00a0\u00bbstretch_row\u00a0\u00bb gap=\u00a0\u00bb35&Prime; content_placement=\u00a0\u00bbtop\u00a0\u00bb pix_particles_check=\u00a0\u00bb\u00a0\u00bb css=\u00a0\u00bb.vc_custom_1611481441178{padding-top: 70px !important;padding-bottom: 75px !important;}\u00a0\u00bb][vc_column width=\u00a0\u00bb1\/2&Prime;][vc_column_text]Vos&#8230;","protected":false},"author":1,"featured_media":0,"parent":0,"menu_order":0,"comment_status":"closed","ping_status":"closed","template":"","meta":{"inline_featured_image":false,"_monsterinsights_skip_tracking":false,"_monsterinsights_sitenote_active":false,"_monsterinsights_sitenote_note":"","_monsterinsights_sitenote_category":0,"footnotes":""},"class_list":["post-16051","page","type-page","status-publish","hentry"],"yoast_head":"<!-- This site is optimized with the Yoast SEO plugin v26.8 - https:\/\/yoast.com\/product\/yoast-seo-wordpress\/ -->\n<title>Informatique l\u00e9gale pour l&#039;int\u00e9grit\u00e9 des donn\u00e9es num\u00e9riques<\/title>\n<meta name=\"description\" content=\"Informatique l\u00e9gale dans le contexte de la criminalistique num\u00e9rique pour identifier et extraire des donn\u00e9es num\u00e9riques \u00e0 utiliser comme preuves d&#039;enqu\u00eate.\" \/>\n<meta name=\"robots\" content=\"index, follow, max-snippet:-1, max-image-preview:large, max-video-preview:-1\" \/>\n<link rel=\"canonical\" href=\"https:\/\/www.caledoniasagl.ch\/fr\/informatique-legale\/\" \/>\n<meta property=\"og:locale\" content=\"fr_FR\" \/>\n<meta property=\"og:type\" content=\"article\" \/>\n<meta property=\"og:title\" content=\"Informatique l\u00e9gale pour l&#039;int\u00e9grit\u00e9 des donn\u00e9es num\u00e9riques\" \/>\n<meta property=\"og:description\" content=\"Informatique l\u00e9gale dans le contexte de la criminalistique num\u00e9rique pour identifier et extraire des donn\u00e9es num\u00e9riques \u00e0 utiliser comme preuves d&#039;enqu\u00eate.\" \/>\n<meta property=\"og:url\" content=\"https:\/\/www.caledoniasagl.ch\/fr\/informatique-legale\/\" \/>\n<meta property=\"og:site_name\" content=\"Caledonia Switzerland Sagl\" \/>\n<meta property=\"article:modified_time\" content=\"2021-11-22T13:11:51+00:00\" \/>\n<meta name=\"twitter:card\" content=\"summary_large_image\" \/>\n<meta name=\"twitter:label1\" content=\"Dur\u00e9e de lecture estim\u00e9e\" \/>\n\t<meta name=\"twitter:data1\" content=\"2 minutes\" \/>\n<script type=\"application\/ld+json\" class=\"yoast-schema-graph\">{\"@context\":\"https:\/\/schema.org\",\"@graph\":[{\"@type\":\"WebPage\",\"@id\":\"https:\/\/www.caledoniasagl.ch\/fr\/informatique-legale\/\",\"url\":\"https:\/\/www.caledoniasagl.ch\/fr\/informatique-legale\/\",\"name\":\"Informatique l\u00e9gale pour l'int\u00e9grit\u00e9 des donn\u00e9es num\u00e9riques\",\"isPartOf\":{\"@id\":\"https:\/\/www.caledoniasagl.ch\/fr\/#website\"},\"datePublished\":\"2021-01-11T15:48:43+00:00\",\"dateModified\":\"2021-11-22T13:11:51+00:00\",\"description\":\"Informatique l\u00e9gale dans le contexte de la criminalistique num\u00e9rique pour identifier et extraire des donn\u00e9es num\u00e9riques \u00e0 utiliser comme preuves d'enqu\u00eate.\",\"inLanguage\":\"fr-FR\",\"potentialAction\":[{\"@type\":\"ReadAction\",\"target\":[\"https:\/\/www.caledoniasagl.ch\/fr\/informatique-legale\/\"]}]},{\"@type\":\"WebSite\",\"@id\":\"https:\/\/www.caledoniasagl.ch\/fr\/#website\",\"url\":\"https:\/\/www.caledoniasagl.ch\/fr\/\",\"name\":\"Caledonia Switzerland Sagl\",\"description\":\"Protect Your Interests\",\"publisher\":{\"@id\":\"https:\/\/www.caledoniasagl.ch\/fr\/#organization\"},\"potentialAction\":[{\"@type\":\"SearchAction\",\"target\":{\"@type\":\"EntryPoint\",\"urlTemplate\":\"https:\/\/www.caledoniasagl.ch\/fr\/?s={search_term_string}\"},\"query-input\":{\"@type\":\"PropertyValueSpecification\",\"valueRequired\":true,\"valueName\":\"search_term_string\"}}],\"inLanguage\":\"fr-FR\"},{\"@type\":\"Organization\",\"@id\":\"https:\/\/www.caledoniasagl.ch\/fr\/#organization\",\"name\":\"Caledonia Switzerland Sagl\",\"url\":\"https:\/\/www.caledoniasagl.ch\/fr\/\",\"logo\":{\"@type\":\"ImageObject\",\"inLanguage\":\"fr-FR\",\"@id\":\"https:\/\/www.caledoniasagl.ch\/fr\/#\/schema\/logo\/image\/\",\"url\":\"https:\/\/www.caledoniasagl.ch\/wp-content\/uploads\/logo.svg\",\"contentUrl\":\"https:\/\/www.caledoniasagl.ch\/wp-content\/uploads\/logo.svg\",\"caption\":\"Caledonia Switzerland Sagl\"},\"image\":{\"@id\":\"https:\/\/www.caledoniasagl.ch\/fr\/#\/schema\/logo\/image\/\"},\"sameAs\":[\"https:\/\/it.linkedin.com\/company\/caledonia-s-p-a\"]}]}<\/script>\n<!-- \/ Yoast SEO plugin. -->","yoast_head_json":{"title":"Informatique l\u00e9gale pour l'int\u00e9grit\u00e9 des donn\u00e9es num\u00e9riques","description":"Informatique l\u00e9gale dans le contexte de la criminalistique num\u00e9rique pour identifier et extraire des donn\u00e9es num\u00e9riques \u00e0 utiliser comme preuves d'enqu\u00eate.","robots":{"index":"index","follow":"follow","max-snippet":"max-snippet:-1","max-image-preview":"max-image-preview:large","max-video-preview":"max-video-preview:-1"},"canonical":"https:\/\/www.caledoniasagl.ch\/fr\/informatique-legale\/","og_locale":"fr_FR","og_type":"article","og_title":"Informatique l\u00e9gale pour l'int\u00e9grit\u00e9 des donn\u00e9es num\u00e9riques","og_description":"Informatique l\u00e9gale dans le contexte de la criminalistique num\u00e9rique pour identifier et extraire des donn\u00e9es num\u00e9riques \u00e0 utiliser comme preuves d'enqu\u00eate.","og_url":"https:\/\/www.caledoniasagl.ch\/fr\/informatique-legale\/","og_site_name":"Caledonia Switzerland Sagl","article_modified_time":"2021-11-22T13:11:51+00:00","twitter_card":"summary_large_image","twitter_misc":{"Dur\u00e9e de lecture estim\u00e9e":"2 minutes"},"schema":{"@context":"https:\/\/schema.org","@graph":[{"@type":"WebPage","@id":"https:\/\/www.caledoniasagl.ch\/fr\/informatique-legale\/","url":"https:\/\/www.caledoniasagl.ch\/fr\/informatique-legale\/","name":"Informatique l\u00e9gale pour l'int\u00e9grit\u00e9 des donn\u00e9es num\u00e9riques","isPartOf":{"@id":"https:\/\/www.caledoniasagl.ch\/fr\/#website"},"datePublished":"2021-01-11T15:48:43+00:00","dateModified":"2021-11-22T13:11:51+00:00","description":"Informatique l\u00e9gale dans le contexte de la criminalistique num\u00e9rique pour identifier et extraire des donn\u00e9es num\u00e9riques \u00e0 utiliser comme preuves d'enqu\u00eate.","inLanguage":"fr-FR","potentialAction":[{"@type":"ReadAction","target":["https:\/\/www.caledoniasagl.ch\/fr\/informatique-legale\/"]}]},{"@type":"WebSite","@id":"https:\/\/www.caledoniasagl.ch\/fr\/#website","url":"https:\/\/www.caledoniasagl.ch\/fr\/","name":"Caledonia Switzerland Sagl","description":"Protect Your Interests","publisher":{"@id":"https:\/\/www.caledoniasagl.ch\/fr\/#organization"},"potentialAction":[{"@type":"SearchAction","target":{"@type":"EntryPoint","urlTemplate":"https:\/\/www.caledoniasagl.ch\/fr\/?s={search_term_string}"},"query-input":{"@type":"PropertyValueSpecification","valueRequired":true,"valueName":"search_term_string"}}],"inLanguage":"fr-FR"},{"@type":"Organization","@id":"https:\/\/www.caledoniasagl.ch\/fr\/#organization","name":"Caledonia Switzerland Sagl","url":"https:\/\/www.caledoniasagl.ch\/fr\/","logo":{"@type":"ImageObject","inLanguage":"fr-FR","@id":"https:\/\/www.caledoniasagl.ch\/fr\/#\/schema\/logo\/image\/","url":"https:\/\/www.caledoniasagl.ch\/wp-content\/uploads\/logo.svg","contentUrl":"https:\/\/www.caledoniasagl.ch\/wp-content\/uploads\/logo.svg","caption":"Caledonia Switzerland Sagl"},"image":{"@id":"https:\/\/www.caledoniasagl.ch\/fr\/#\/schema\/logo\/image\/"},"sameAs":["https:\/\/it.linkedin.com\/company\/caledonia-s-p-a"]}]}},"_links":{"self":[{"href":"https:\/\/www.caledoniasagl.ch\/fr\/wp-json\/wp\/v2\/pages\/16051","targetHints":{"allow":["GET"]}}],"collection":[{"href":"https:\/\/www.caledoniasagl.ch\/fr\/wp-json\/wp\/v2\/pages"}],"about":[{"href":"https:\/\/www.caledoniasagl.ch\/fr\/wp-json\/wp\/v2\/types\/page"}],"author":[{"embeddable":true,"href":"https:\/\/www.caledoniasagl.ch\/fr\/wp-json\/wp\/v2\/users\/1"}],"replies":[{"embeddable":true,"href":"https:\/\/www.caledoniasagl.ch\/fr\/wp-json\/wp\/v2\/comments?post=16051"}],"version-history":[{"count":5,"href":"https:\/\/www.caledoniasagl.ch\/fr\/wp-json\/wp\/v2\/pages\/16051\/revisions"}],"predecessor-version":[{"id":16436,"href":"https:\/\/www.caledoniasagl.ch\/fr\/wp-json\/wp\/v2\/pages\/16051\/revisions\/16436"}],"wp:attachment":[{"href":"https:\/\/www.caledoniasagl.ch\/fr\/wp-json\/wp\/v2\/media?parent=16051"}],"curies":[{"name":"wp","href":"https:\/\/api.w.org\/{rel}","templated":true}]}}