{"id":16058,"date":"2021-01-26T17:50:58","date_gmt":"2021-01-26T16:50:58","guid":{"rendered":"https:\/\/www.caledoniasagl.ch\/investigations\/indagini-assicurative\/"},"modified":"2024-03-19T17:20:51","modified_gmt":"2024-03-19T16:20:51","slug":"enquetes-en-matiere-dassurances","status":"publish","type":"page","link":"https:\/\/www.caledoniasagl.ch\/fr\/investigations\/enquetes-en-matiere-dassurances\/","title":{"rendered":"Enqu\u00eates en mati\u00e8re d\u2019assurances"},"content":{"rendered":"<div class=\"wpb-content-wrapper\"><p>[vc_section full_width=\u00a0\u00bbstretch_row\u00a0\u00bb content_placement=\u00a0\u00bbmiddle\u00a0\u00bb fade_in_opacity=\u00a0\u00bbpix-opacity-7&Prime; pix_over_visibility=\u00a0\u00bb\u00a0\u00bb pix_overlay_color=\u00a0\u00bbblack\u00a0\u00bb css=\u00a0\u00bb.vc_custom_1710865246626{background-color: #ffffff !important;}\u00a0\u00bb pix_overlay_opacity=\u00a0\u00bb1&Prime; b_custom_height=\u00a0\u00bb300px\u00a0\u00bb fade_in_intro=\u00a0\u00bb16563&Prime;][vc_row pix_particles_check=\u00a0\u00bb\u00a0\u00bb responsive_css=\u00a0\u00bb{\u00ab\u00a0pix_res_sm_pt\u00ab\u00a0:\u00ab\u00a00px\u00ab\u00a0,\u00ab\u00a0pix_res_md_pt\u00ab\u00a0:\u00ab\u00a00px\u00ab\u00a0}\u00a0\u00bb css=\u00a0\u00bb.vc_custom_1612279196503{padding-top: 150px !important;padding-bottom: 70px !important;}\u00a0\u00bb][vc_column css=\u00a0\u00bb.vc_custom_1611481106197{padding-top: 20px !important;padding-bottom: 20px !important;}\u00a0\u00bb]<div id=\"H1\" class=\"pix-heading-el text-left  vc_custom_1637585249442\"><div class=\"d-inline-block\" style=\"max-width:900px;\"><h1 class=\"text-white font-weight-bold h1 animate-in heading-text el-title_custom_color mb-12\" style=\"\" data-anim-type=\"fade-in\" data-anim-delay=\"200\">Enqu\u00eates en mati\u00e8re d\u2019assurances: pr\u00e9vention et gestion des risques de fraude<\/h1><\/div><\/div><div class=\"pix-el-text w-100   vc_custom_1618395513560\" ><div class=\"d-inline-block\" style=\"max-width:900px;\"><p class=\"text-24  text-white  \" ><span class=\"text-white animate-in d-inline-block\" data-anim-delay=\"400\" data-anim-type=\"fade-in-up\">Caledonia aide \u00e0 pr\u00e9venir et \u00e0 g\u00e9rer toute irr\u00e9gularit\u00e9 dans les sinistres, vols, dommages ou \u00e9v\u00e9nements faisant l\u2019objet d\u2019indemnisation.<\/span><\/p><\/div><\/div><a  href=\"https:\/\/www.caledoniasagl.ch\/fr\/contacts\/\" class=\"btn mb-2    vc_custom_1618395526015  shadow-sm shadow-hover-sm text-primary btn-white d-inline-flex align-items-center pix-hover-item       btn-md\"     ><span class=\"font-weight-bold \" >Nous contacter<\/span><svg class=\"pixfort-icon font-weight-bold  pix-hover-right  ml-2\" width=\"24\" height=\"24\"  data-name=\"Line\/pixfort-icon-arrow-right-2\" viewBox=\"2 2 20 20\"><polyline fill=\"none\" stroke=\"var(--pf-icon-color)\" stroke-linecap=\"round\" stroke-linejoin=\"round\" stroke-width=\"var(--pf-icon-stroke-width)\" points=\"9.5 17 14.5 12 9.5 7\"\/><\/svg><\/a>[\/vc_column][\/vc_row][\/vc_section][vc_section full_width=\u00a0\u00bbstretch_row\u00a0\u00bb pix_over_visibility=\u00a0\u00bb\u00a0\u00bb css=\u00a0\u00bb.vc_custom_1611481625985{background-color: #f8f9fa !important;}\u00a0\u00bb fade_in_intro=\u00a0\u00bb14052&Prime;][vc_row full_width=\u00a0\u00bbstretch_row\u00a0\u00bb gap=\u00a0\u00bb35&Prime; content_placement=\u00a0\u00bbtop\u00a0\u00bb pix_particles_check=\u00a0\u00bb\u00a0\u00bb css=\u00a0\u00bb.vc_custom_1611481444397{padding-top: 70px !important;padding-bottom: 75px !important;}\u00a0\u00bb][vc_column width=\u00a0\u00bb1\/2&Prime;][vc_column_text]<\/p>\r\n<h2><strong>Vous souhaitez vous d\u00e9fendre contre le risque de fraude \u00e0 l\u2019assurance?<\/strong><\/h2>\r\n<p>[\/vc_column_text][vc_separator color=\u00a0\u00bbcustom\u00a0\u00bb border_width=\u00a0\u00bb3&Prime; accent_color=\u00a0\u00bb#3dc4f2&Prime;][\/vc_column][vc_column width=\u00a0\u00bb1\/2&Prime;][vc_column_text]<\/p>\r\n<p><strong>Caledonia prend soin de vos int\u00e9r\u00eats de mani\u00e8re scientifique. Les enqu\u00eates visent \u00e0 <span style=\"color: #3dc4f2;\">identifier des anomalies et\/ou des irr\u00e9gularit\u00e9s<\/span> dans les dynamiques des \u00e9v\u00e9nements d\u00e9nonc\u00e9s pour obtenir des \u00e9l\u00e9ments de preuve \u00e0 utiliser notamment lors d\u2019un proc\u00e8s afin de r\u00e9futer les demandes d\u2019indemnisation de dommages tant corporels que mat\u00e9riels.<\/strong><\/p>\r\n<p>[\/vc_column_text][\/vc_column][\/vc_row][\/vc_section][vc_section full_width=\u00a0\u00bbstretch_row\u00a0\u00bb pix_over_visibility=\u00a0\u00bb\u00a0\u00bb css=\u00a0\u00bb.vc_custom_1611481992104{padding-bottom: 100px !important;background-color: #ffffff !important;}\u00a0\u00bb][vc_row full_width=\u00a0\u00bbstretch_row\u00a0\u00bb gap=\u00a0\u00bb35&Prime; content_placement=\u00a0\u00bbtop\u00a0\u00bb pix_particles_check=\u00a0\u00bb\u00a0\u00bb css=\u00a0\u00bb.vc_custom_1611481821667{padding-top: 80px !important;padding-bottom: 35px !important;}\u00a0\u00bb][vc_column width=\u00a0\u00bb1\/6&Prime; content_align=\u00a0\u00bbtext-center\u00a0\u00bb]<div id=\"duo-icon-73053348\" class=\"pix-icon text-left  vc_custom_1611681546735\"><div class=\"pix-icon-bg rounded-circle feature_img position-relative d-inline-flex align-items-center justify-content-center bg-secondary shadow-sm\"   style=\" width:153px;height:153px;position:relative;line-height:153px;text-align:center;\"><span style=\"font-size:85px;line-height:85px;\" class=\"text-white d-inline-flex align-middle\"><svg class=\"pixfort-icon \" width=\"85\" height=\"85\"  data-name=\"Line\/pixfort-icon-user-circle-search-1\" viewBox=\"2 2 20 20\"><path fill=\"none\" stroke=\"var(--pf-icon-color)\" stroke-linecap=\"round\" stroke-linejoin=\"round\" stroke-width=\"var(--pf-icon-stroke-width)\" d=\"M21,12 C21,7.02943725 16.9705627,3 12,3 C7.02943725,3 3,7.02943725 3,12 C3,16.9705627 7.02943725,21 12,21 M5.63686238,18.367264 C6.94773908,16.9786023 8.74737784,16.2008931 11.0357787,16.0341366 M12,13 C13.6568542,13 15,11.6568542 15,10 C15,8.34314575 13.6568542,7 12,7 C10.3431458,7 9,8.34314575 9,10 C9,11.6568542 10.3431458,13 12,13 Z M17.1111111,20.2222222 C18.8293303,20.2222222 20.2222222,18.8293303 20.2222222,17.1111111 C20.2222222,15.3928919 18.8293303,14 17.1111111,14 C15.3928919,14 14,15.3928919 14,17.1111111 C14,18.8293303 15.3928919,20.2222222 17.1111111,20.2222222 Z M19.312803,19.3129462 L21,21\"\/><\/svg><\/span><\/div><\/div>[\/vc_column][vc_column width=\u00a0\u00bb5\/6&Prime; css=\u00a0\u00bb.vc_custom_1611482334859{padding-left: 50px !important;}\u00a0\u00bb]<div id=\"H2\" class=\"pix-heading-el text-left  vc_custom_1618395582796\"><h2 class=\"text-primary font-weight-bold h2 heading-text el-title_custom_color mb-12\" style=\"\" data-anim-type=\"\" data-anim-delay=\"0\">Enqu\u00eates en mati\u00e8re d\u2019assurances<\/h2><\/div><div id=\"H3\" class=\"pix-heading-el text-left  vc_custom_1618395593202\"><div class=\"d-inline-block\" style=\"max-width:730px;\"><h3 class=\"text-secondary font-weight-bold h3 heading-text el-title_custom_color mb-12\" style=\"\" data-anim-type=\"\" data-anim-delay=\"0\">Comment endiguer le risque de fraude<\/h3><\/div><\/div>[vc_column_text]<\/p>\r\n<p>La <strong>pr\u00e9vention et la gestion des fraudes<\/strong> lors de sinistres, vols et dommages, etc\u2026 et dans les dossiers d\u2019indemnisation en cas de maladie ou d\u2019accident, part de la d\u00e9couverte d\u2019informations au travers d\u2019une analyse pr\u00e9cise de documents.<\/p>\r\n<p>Dans le cadre de son enqu\u00eate, Caledonia effectue des <strong>visites sur le territoire<\/strong> afin de recueillir des renseignements sur la r\u00e9putation d\u2019entreprises ou de personnes pour v\u00e9rifier l\u2019existence d\u2019\u00e9ventuels liens objectifs et subjectifs tels que des degr\u00e9s de parent\u00e9 entre les personnes concern\u00e9es, la fr\u00e9quence des sinistres, le recours \u00e0 des professionnels tels que des m\u00e9decins, des experts ou des consultants. Cette approche sp\u00e9cialis\u00e9e permet \u00e0 Caledonia d\u2019atteindre dans chaque enqu\u00eate un degr\u00e9 tr\u00e8s \u00e9lev\u00e9 d\u2019approfondissement des informations.<\/p>\r\n<p>Les enqu\u00eates en mati\u00e8re d\u2019assurances constituent un avantage concurrentiel pour les compagnies d\u2019assurances dans la <strong>pr\u00e9vention et l\u2019att\u00e9nuation du risque d\u2019entreprise aux fins de protection de son patrimoine<\/strong>.<\/p>\r\n<p>[\/vc_column_text][\/vc_column][\/vc_row][\/vc_section]<\/p>\r\n<\/div>","protected":false},"excerpt":{"rendered":"[vc_section full_width=\u00a0\u00bbstretch_row\u00a0\u00bb content_placement=\u00a0\u00bbmiddle\u00a0\u00bb fade_in_opacity=\u00a0\u00bbpix-opacity-7&Prime; pix_over_visibility=\u00a0\u00bb\u00a0\u00bb pix_overlay_color=\u00a0\u00bbblack\u00a0\u00bb css=\u00a0\u00bb.vc_custom_1710865246626{background-color: #ffffff !important;}\u00a0\u00bb pix_overlay_opacity=\u00a0\u00bb1&Prime; b_custom_height=\u00a0\u00bb300px\u00a0\u00bb fade_in_intro=\u00a0\u00bb16563&Prime;][vc_row pix_particles_check=\u00a0\u00bb\u00a0\u00bb responsive_css=\u00a0\u00bb{\u00ab\u00a0pix_res_sm_pt\u00ab\u00a0:\u00ab\u00a00px\u00ab\u00a0,\u00ab\u00a0pix_res_md_pt\u00ab\u00a0:\u00ab\u00a00px\u00ab\u00a0}\u00a0\u00bb css=\u00a0\u00bb.vc_custom_1612279196503{padding-top: 150px !important;padding-bottom: 70px !important;}\u00a0\u00bb][vc_column css=\u00a0\u00bb.vc_custom_1611481106197{padding-top: 20px !important;padding-bottom: 20px !important;}\u00a0\u00bb][\/vc_column][\/vc_row][\/vc_section][vc_section full_width=\u00a0\u00bbstretch_row\u00a0\u00bb pix_over_visibility=\u00a0\u00bb\u00a0\u00bb css=\u00a0\u00bb.vc_custom_1611481625985{background-color: #f8f9fa !important;}\u00a0\u00bb fade_in_intro=\u00a0\u00bb14052&Prime;][vc_row full_width=\u00a0\u00bbstretch_row\u00a0\u00bb gap=\u00a0\u00bb35&Prime; content_placement=\u00a0\u00bbtop\u00a0\u00bb pix_particles_check=\u00a0\u00bb\u00a0\u00bb css=\u00a0\u00bb.vc_custom_1611481444397{padding-top: 70px !important;padding-bottom: 75px !important;}\u00a0\u00bb][vc_column width=\u00a0\u00bb1\/2&Prime;][vc_column_text]&#8230;","protected":false},"author":1,"featured_media":0,"parent":16055,"menu_order":0,"comment_status":"closed","ping_status":"closed","template":"","meta":{"inline_featured_image":false,"_monsterinsights_skip_tracking":false,"_monsterinsights_sitenote_active":false,"_monsterinsights_sitenote_note":"","_monsterinsights_sitenote_category":0,"footnotes":""},"class_list":["post-16058","page","type-page","status-publish","hentry"],"yoast_head":"<!-- This site is optimized with the Yoast SEO plugin v26.8 - https:\/\/yoast.com\/product\/yoast-seo-wordpress\/ -->\n<title>Enqu\u00eates en mati\u00e8re d\u2019assurances pour endiguer le risque de fraude<\/title>\n<meta name=\"description\" content=\"Caledonia Spa m\u00e8ne des enqu\u00eates d&#039;assurance qui offrent un soutien cibl\u00e9 aux compagnies d&#039;assurance contre la fraude.\" \/>\n<meta name=\"robots\" content=\"index, follow, max-snippet:-1, max-image-preview:large, max-video-preview:-1\" \/>\n<link rel=\"canonical\" href=\"https:\/\/www.caledoniasagl.ch\/fr\/investigations\/enquetes-en-matiere-dassurances\/\" \/>\n<meta property=\"og:locale\" content=\"fr_FR\" \/>\n<meta property=\"og:type\" content=\"article\" \/>\n<meta property=\"og:title\" content=\"Enqu\u00eates en mati\u00e8re d\u2019assurances pour endiguer le risque de fraude\" \/>\n<meta property=\"og:description\" content=\"Caledonia Spa m\u00e8ne des enqu\u00eates d&#039;assurance qui offrent un soutien cibl\u00e9 aux compagnies d&#039;assurance contre la fraude.\" \/>\n<meta property=\"og:url\" content=\"https:\/\/www.caledoniasagl.ch\/fr\/investigations\/enquetes-en-matiere-dassurances\/\" \/>\n<meta property=\"og:site_name\" content=\"Caledonia Switzerland Sagl\" \/>\n<meta property=\"article:modified_time\" content=\"2024-03-19T16:20:51+00:00\" \/>\n<meta name=\"twitter:card\" content=\"summary_large_image\" \/>\n<meta name=\"twitter:label1\" content=\"Dur\u00e9e de lecture estim\u00e9e\" \/>\n\t<meta name=\"twitter:data1\" content=\"2 minutes\" \/>\n<script type=\"application\/ld+json\" class=\"yoast-schema-graph\">{\"@context\":\"https:\/\/schema.org\",\"@graph\":[{\"@type\":\"WebPage\",\"@id\":\"https:\/\/www.caledoniasagl.ch\/fr\/investigations\/enquetes-en-matiere-dassurances\/\",\"url\":\"https:\/\/www.caledoniasagl.ch\/fr\/investigations\/enquetes-en-matiere-dassurances\/\",\"name\":\"Enqu\u00eates en mati\u00e8re d\u2019assurances pour endiguer le risque de fraude\",\"isPartOf\":{\"@id\":\"https:\/\/www.caledoniasagl.ch\/fr\/#website\"},\"datePublished\":\"2021-01-26T16:50:58+00:00\",\"dateModified\":\"2024-03-19T16:20:51+00:00\",\"description\":\"Caledonia Spa m\u00e8ne des enqu\u00eates d'assurance qui offrent un soutien cibl\u00e9 aux compagnies d'assurance contre la fraude.\",\"breadcrumb\":{\"@id\":\"https:\/\/www.caledoniasagl.ch\/fr\/investigations\/enquetes-en-matiere-dassurances\/#breadcrumb\"},\"inLanguage\":\"fr-FR\",\"potentialAction\":[{\"@type\":\"ReadAction\",\"target\":[\"https:\/\/www.caledoniasagl.ch\/fr\/investigations\/enquetes-en-matiere-dassurances\/\"]}]},{\"@type\":\"BreadcrumbList\",\"@id\":\"https:\/\/www.caledoniasagl.ch\/fr\/investigations\/enquetes-en-matiere-dassurances\/#breadcrumb\",\"itemListElement\":[{\"@type\":\"ListItem\",\"position\":1,\"name\":\"Investigations\",\"item\":\"https:\/\/www.caledoniasagl.ch\/fr\/investigations\/\"},{\"@type\":\"ListItem\",\"position\":2,\"name\":\"Enqu\u00eates en mati\u00e8re d\u2019assurances\"}]},{\"@type\":\"WebSite\",\"@id\":\"https:\/\/www.caledoniasagl.ch\/fr\/#website\",\"url\":\"https:\/\/www.caledoniasagl.ch\/fr\/\",\"name\":\"Caledonia Switzerland Sagl\",\"description\":\"Protect Your Interests\",\"publisher\":{\"@id\":\"https:\/\/www.caledoniasagl.ch\/fr\/#organization\"},\"potentialAction\":[{\"@type\":\"SearchAction\",\"target\":{\"@type\":\"EntryPoint\",\"urlTemplate\":\"https:\/\/www.caledoniasagl.ch\/fr\/?s={search_term_string}\"},\"query-input\":{\"@type\":\"PropertyValueSpecification\",\"valueRequired\":true,\"valueName\":\"search_term_string\"}}],\"inLanguage\":\"fr-FR\"},{\"@type\":\"Organization\",\"@id\":\"https:\/\/www.caledoniasagl.ch\/fr\/#organization\",\"name\":\"Caledonia Switzerland Sagl\",\"url\":\"https:\/\/www.caledoniasagl.ch\/fr\/\",\"logo\":{\"@type\":\"ImageObject\",\"inLanguage\":\"fr-FR\",\"@id\":\"https:\/\/www.caledoniasagl.ch\/fr\/#\/schema\/logo\/image\/\",\"url\":\"https:\/\/www.caledoniasagl.ch\/wp-content\/uploads\/logo.svg\",\"contentUrl\":\"https:\/\/www.caledoniasagl.ch\/wp-content\/uploads\/logo.svg\",\"caption\":\"Caledonia Switzerland Sagl\"},\"image\":{\"@id\":\"https:\/\/www.caledoniasagl.ch\/fr\/#\/schema\/logo\/image\/\"},\"sameAs\":[\"https:\/\/it.linkedin.com\/company\/caledonia-s-p-a\"]}]}<\/script>\n<!-- \/ Yoast SEO plugin. -->","yoast_head_json":{"title":"Enqu\u00eates en mati\u00e8re d\u2019assurances pour endiguer le risque de fraude","description":"Caledonia Spa m\u00e8ne des enqu\u00eates d'assurance qui offrent un soutien cibl\u00e9 aux compagnies d'assurance contre la fraude.","robots":{"index":"index","follow":"follow","max-snippet":"max-snippet:-1","max-image-preview":"max-image-preview:large","max-video-preview":"max-video-preview:-1"},"canonical":"https:\/\/www.caledoniasagl.ch\/fr\/investigations\/enquetes-en-matiere-dassurances\/","og_locale":"fr_FR","og_type":"article","og_title":"Enqu\u00eates en mati\u00e8re d\u2019assurances pour endiguer le risque de fraude","og_description":"Caledonia Spa m\u00e8ne des enqu\u00eates d'assurance qui offrent un soutien cibl\u00e9 aux compagnies d'assurance contre la fraude.","og_url":"https:\/\/www.caledoniasagl.ch\/fr\/investigations\/enquetes-en-matiere-dassurances\/","og_site_name":"Caledonia Switzerland Sagl","article_modified_time":"2024-03-19T16:20:51+00:00","twitter_card":"summary_large_image","twitter_misc":{"Dur\u00e9e de lecture estim\u00e9e":"2 minutes"},"schema":{"@context":"https:\/\/schema.org","@graph":[{"@type":"WebPage","@id":"https:\/\/www.caledoniasagl.ch\/fr\/investigations\/enquetes-en-matiere-dassurances\/","url":"https:\/\/www.caledoniasagl.ch\/fr\/investigations\/enquetes-en-matiere-dassurances\/","name":"Enqu\u00eates en mati\u00e8re d\u2019assurances pour endiguer le risque de fraude","isPartOf":{"@id":"https:\/\/www.caledoniasagl.ch\/fr\/#website"},"datePublished":"2021-01-26T16:50:58+00:00","dateModified":"2024-03-19T16:20:51+00:00","description":"Caledonia Spa m\u00e8ne des enqu\u00eates d'assurance qui offrent un soutien cibl\u00e9 aux compagnies d'assurance contre la fraude.","breadcrumb":{"@id":"https:\/\/www.caledoniasagl.ch\/fr\/investigations\/enquetes-en-matiere-dassurances\/#breadcrumb"},"inLanguage":"fr-FR","potentialAction":[{"@type":"ReadAction","target":["https:\/\/www.caledoniasagl.ch\/fr\/investigations\/enquetes-en-matiere-dassurances\/"]}]},{"@type":"BreadcrumbList","@id":"https:\/\/www.caledoniasagl.ch\/fr\/investigations\/enquetes-en-matiere-dassurances\/#breadcrumb","itemListElement":[{"@type":"ListItem","position":1,"name":"Investigations","item":"https:\/\/www.caledoniasagl.ch\/fr\/investigations\/"},{"@type":"ListItem","position":2,"name":"Enqu\u00eates en mati\u00e8re d\u2019assurances"}]},{"@type":"WebSite","@id":"https:\/\/www.caledoniasagl.ch\/fr\/#website","url":"https:\/\/www.caledoniasagl.ch\/fr\/","name":"Caledonia Switzerland Sagl","description":"Protect Your Interests","publisher":{"@id":"https:\/\/www.caledoniasagl.ch\/fr\/#organization"},"potentialAction":[{"@type":"SearchAction","target":{"@type":"EntryPoint","urlTemplate":"https:\/\/www.caledoniasagl.ch\/fr\/?s={search_term_string}"},"query-input":{"@type":"PropertyValueSpecification","valueRequired":true,"valueName":"search_term_string"}}],"inLanguage":"fr-FR"},{"@type":"Organization","@id":"https:\/\/www.caledoniasagl.ch\/fr\/#organization","name":"Caledonia Switzerland Sagl","url":"https:\/\/www.caledoniasagl.ch\/fr\/","logo":{"@type":"ImageObject","inLanguage":"fr-FR","@id":"https:\/\/www.caledoniasagl.ch\/fr\/#\/schema\/logo\/image\/","url":"https:\/\/www.caledoniasagl.ch\/wp-content\/uploads\/logo.svg","contentUrl":"https:\/\/www.caledoniasagl.ch\/wp-content\/uploads\/logo.svg","caption":"Caledonia Switzerland Sagl"},"image":{"@id":"https:\/\/www.caledoniasagl.ch\/fr\/#\/schema\/logo\/image\/"},"sameAs":["https:\/\/it.linkedin.com\/company\/caledonia-s-p-a"]}]}},"_links":{"self":[{"href":"https:\/\/www.caledoniasagl.ch\/fr\/wp-json\/wp\/v2\/pages\/16058","targetHints":{"allow":["GET"]}}],"collection":[{"href":"https:\/\/www.caledoniasagl.ch\/fr\/wp-json\/wp\/v2\/pages"}],"about":[{"href":"https:\/\/www.caledoniasagl.ch\/fr\/wp-json\/wp\/v2\/types\/page"}],"author":[{"embeddable":true,"href":"https:\/\/www.caledoniasagl.ch\/fr\/wp-json\/wp\/v2\/users\/1"}],"replies":[{"embeddable":true,"href":"https:\/\/www.caledoniasagl.ch\/fr\/wp-json\/wp\/v2\/comments?post=16058"}],"version-history":[{"count":5,"href":"https:\/\/www.caledoniasagl.ch\/fr\/wp-json\/wp\/v2\/pages\/16058\/revisions"}],"predecessor-version":[{"id":16600,"href":"https:\/\/www.caledoniasagl.ch\/fr\/wp-json\/wp\/v2\/pages\/16058\/revisions\/16600"}],"up":[{"embeddable":true,"href":"https:\/\/www.caledoniasagl.ch\/fr\/wp-json\/wp\/v2\/pages\/16055"}],"wp:attachment":[{"href":"https:\/\/www.caledoniasagl.ch\/fr\/wp-json\/wp\/v2\/media?parent=16058"}],"curies":[{"name":"wp","href":"https:\/\/api.w.org\/{rel}","templated":true}]}}