{"id":16065,"date":"2021-01-26T18:12:43","date_gmt":"2021-01-26T17:12:43","guid":{"rendered":"https:\/\/www.caledoniasagl.ch\/investigations\/indagini-economiche-e-finanziarie\/"},"modified":"2021-11-22T13:59:30","modified_gmt":"2021-11-22T12:59:30","slug":"enquetes-economiques-et-financieres","status":"publish","type":"page","link":"https:\/\/www.caledoniasagl.ch\/fr\/investigations\/enquetes-economiques-et-financieres\/","title":{"rendered":"Enqu\u00eates \u00e9conomiques et financi\u00e8res"},"content":{"rendered":"<div class=\"wpb-content-wrapper\"><p>[vc_section full_width=\u00a0\u00bbstretch_row\u00a0\u00bb content_placement=\u00a0\u00bbmiddle\u00a0\u00bb fade_in_opacity=\u00a0\u00bbpix-opacity-4&Prime; pix_over_visibility=\u00a0\u00bb\u00a0\u00bb pix_overlay_color=\u00a0\u00bbblack\u00a0\u00bb css=\u00a0\u00bb.vc_custom_1616515295229{background-color: #ffffff !important;}\u00a0\u00bb pix_overlay_opacity=\u00a0\u00bb1&Prime; b_custom_height=\u00a0\u00bb300px\u00a0\u00bb fade_in_intro=\u00a0\u00bb15573&Prime;][vc_row pix_particles_check=\u00a0\u00bb\u00a0\u00bb responsive_css=\u00a0\u00bb{\u00ab\u00a0pix_res_sm_pt\u00ab\u00a0:\u00ab\u00a00px\u00ab\u00a0,\u00ab\u00a0pix_res_md_pt\u00ab\u00a0:\u00ab\u00a00px\u00ab\u00a0}\u00a0\u00bb css=\u00a0\u00bb.vc_custom_1612279240687{padding-top: 150px !important;padding-bottom: 70px !important;}\u00a0\u00bb][vc_column css=\u00a0\u00bb.vc_custom_1611481106197{padding-top: 20px !important;padding-bottom: 20px !important;}\u00a0\u00bb]<div id=\"H1\" class=\"pix-heading-el text-left  vc_custom_1637585752476\"><div class=\"d-inline-block\" style=\"max-width:1050px;\"><h1 class=\"text-white font-weight-bold h1 animate-in heading-text el-title_custom_color mb-12\" style=\"\" data-anim-type=\"fade-in\" data-anim-delay=\"200\">Enqu\u00eates \u00e9conomiques et financi\u00e8res, un moteur pour vos affaires<\/h1><\/div><\/div><div class=\"pix-el-text w-100   vc_custom_1637585759390\" ><div class=\"d-inline-block\" style=\"max-width:1000px;\"><p class=\"text-24  text-white  \" ><span class=\"text-white animate-in d-inline-block\" data-anim-delay=\"400\" data-anim-type=\"fade-in-up\">Caledonia m\u00e8ne des investigations \u00e9conomiques et financi\u00e8res tant avant qu\u2019apr\u00e8s le d\u00e9but de nouvelles relations d\u2019affaires, pour v\u00e9rifier la solidit\u00e9 financi\u00e8re de personnes physiques et\/ou morales.<\/span><\/p><\/div><\/div><a  href=\"https:\/\/www.caledoniasagl.ch\/fr\/contacts\/\" class=\"btn mb-2    vc_custom_1618396314432  shadow-sm shadow-hover-sm text-primary btn-white d-inline-flex align-items-center pix-hover-item       btn-md\"     ><span class=\"font-weight-bold \" >Nous contacter<\/span><svg class=\"pixfort-icon font-weight-bold  pix-hover-right  ml-2\" width=\"24\" height=\"24\"  data-name=\"Line\/pixfort-icon-arrow-right-2\" viewBox=\"2 2 20 20\"><polyline fill=\"none\" stroke=\"var(--pf-icon-color)\" stroke-linecap=\"round\" stroke-linejoin=\"round\" stroke-width=\"var(--pf-icon-stroke-width)\" points=\"9.5 17 14.5 12 9.5 7\"\/><\/svg><\/a>[\/vc_column][\/vc_row][\/vc_section][vc_section full_width=\u00a0\u00bbstretch_row\u00a0\u00bb pix_over_visibility=\u00a0\u00bb\u00a0\u00bb css=\u00a0\u00bb.vc_custom_1611481625985{background-color: #f8f9fa !important;}\u00a0\u00bb fade_in_intro=\u00a0\u00bb14052&Prime;][vc_row full_width=\u00a0\u00bbstretch_row\u00a0\u00bb gap=\u00a0\u00bb35&Prime; content_placement=\u00a0\u00bbtop\u00a0\u00bb pix_particles_check=\u00a0\u00bb\u00a0\u00bb css=\u00a0\u00bb.vc_custom_1611481444397{padding-top: 70px !important;padding-bottom: 75px !important;}\u00a0\u00bb][vc_column width=\u00a0\u00bb1\/2&Prime;][vc_column_text]<\/p><h2><strong>Comment saisir de nouvelles occasions de conclure des affaires en toute s\u00e9curit\u00e9<\/strong><\/h2><p>[\/vc_column_text][vc_separator color=\u00a0\u00bbcustom\u00a0\u00bb border_width=\u00a0\u00bb3&Prime; accent_color=\u00a0\u00bb#3dc4f2&Prime;][\/vc_column][vc_column width=\u00a0\u00bb1\/2&Prime;][vc_column_text]<\/p><p><strong>Si votre objectif est de poursuivre la <span style=\"color: #3dc4f2;\">croissance de votre entreprise<\/span> en saisissant de nouvelles opportunit\u00e9s, vous devez faire appel \u00e0 des professionnels pour v\u00e9rifier la viabilit\u00e9 r\u00e9elle de tout nouveau projet.<br \/>Caledonia a mis au point une<span style=\"color: #3dc4f2;\"> approche sp\u00e9cialis\u00e9e<\/span> pour transformer chaque occasion de conclure des affaires en un v\u00e9ritable moteur pour votre entreprise, en vous garantissant une s\u00e9curit\u00e9 maximale dans votre trajectoire de croissance.<\/strong><\/p><p>[\/vc_column_text][\/vc_column][\/vc_row][\/vc_section][vc_section full_width=\u00a0\u00bbstretch_row\u00a0\u00bb pix_over_visibility=\u00a0\u00bb\u00a0\u00bb css=\u00a0\u00bb.vc_custom_1611481992104{padding-bottom: 100px !important;background-color: #ffffff !important;}\u00a0\u00bb][vc_row full_width=\u00a0\u00bbstretch_row\u00a0\u00bb gap=\u00a0\u00bb35&Prime; content_placement=\u00a0\u00bbtop\u00a0\u00bb pix_particles_check=\u00a0\u00bb\u00a0\u00bb css=\u00a0\u00bb.vc_custom_1611481821667{padding-top: 80px !important;padding-bottom: 35px !important;}\u00a0\u00bb][vc_column width=\u00a0\u00bb1\/6&Prime; content_align=\u00a0\u00bbtext-center\u00a0\u00bb]<div id=\"duo-icon-123889762\" class=\"pix-icon text-left  vc_custom_1611847883941\"><div class=\"pix-icon-bg rounded-circle feature_img position-relative d-inline-flex align-items-center justify-content-center bg-secondary shadow-sm\"   style=\" width:153px;height:153px;position:relative;line-height:153px;text-align:center;\"><span style=\"font-size:85px;line-height:85px;\" class=\"text-white d-inline-flex align-middle\"><svg class=\"pixfort-icon \" width=\"85\" height=\"85\"  data-name=\"Line\/pixfort-icon-increase-arrow-1\" viewBox=\"2 2 20 20\"><path fill=\"none\" stroke=\"var(--pf-icon-color)\" stroke-linecap=\"round\" stroke-linejoin=\"round\" stroke-width=\"var(--pf-icon-stroke-width)\" d=\"M3,17 L9,11 L13,15 L20.5252985,7.54251605 M21,11 L21,7 L17,7\"\/><\/svg><\/span><\/div><\/div>[\/vc_column][vc_column width=\u00a0\u00bb5\/6&Prime; css=\u00a0\u00bb.vc_custom_1611482334859{padding-left: 50px !important;}\u00a0\u00bb]<div id=\"H2\" class=\"pix-heading-el text-left  vc_custom_1618396396923\"><h2 class=\"text-primary font-weight-bold h2 heading-text el-title_custom_color mb-12\" style=\"\" data-anim-type=\"\" data-anim-delay=\"0\">V\u00e9rifications pr\u00e9alables<\/h2><\/div><div id=\"H3\" class=\"pix-heading-el text-left  vc_custom_1618396404022\"><h3 class=\"text-secondary font-weight-bold h3 heading-text el-title_custom_color mb-12\" style=\"\" data-anim-type=\"\" data-anim-delay=\"0\">Vous souhaitez y voir clair lors d\u2019une n\u00e9gociation financi\u00e8re?<\/h3><\/div>[vc_column_text]<\/p><p>Les <strong>v\u00e9rifications pr\u00e9alables<\/strong>, effectu\u00e9es de mani\u00e8re pr\u00e9ventive ou post\u00e9rieure, met en \u00e9vidence la viabilit\u00e9 d\u2019un projet financier d\u00e9termin\u00e9, en d\u00e9finissant les \u00e9ventuels risques ou probl\u00e8mes, afin de <strong>prot\u00e9ger les occasions de conclure des affaires<\/strong> susceptibles de favoriser l\u2019augmentation de rentabilit\u00e9 d\u2019une entreprise. Ce type d\u2019enqu\u00eates est men\u00e9 lors de l\u2019acquisition\/la cession de soci\u00e9t\u00e9s ou d\u2019entreprises, de l\u2019\u00e9mission d\u2019instruments financiers ou pour pr\u00e9parer l\u2019acquisition de parts de fonds communs de placement ou lors d\u2019investissements dans l\u2019immobilier.<\/p><p>Au moyen d\u2019une enqu\u00eate pr\u00e9cise, Caledonia est en mesure <strong>d\u2019\u00e9tablir la solidit\u00e9 financi\u00e8re<\/strong> et le profil \u00e9conomique de personnes physiques et\/ou morales avec lesquelles vous avez d\u00e9cid\u00e9 d\u2019instaurer des rapports commerciaux pour vous permettre d\u2019agir avec certitude. Toutes les v\u00e9rifications sont men\u00e9es pour att\u00e9nuer le <strong>moindre risque au cours de la n\u00e9gociation<\/strong> des conditions d\u2019un contrat, et pr\u00e9parent en outre des instruments appropri\u00e9s aux fins de garantie, d\u2019indemnisation ou de r\u00e9paration.<\/p><p>[\/vc_column_text][\/vc_column][\/vc_row][\/vc_section]<\/p><\/div>","protected":false},"excerpt":{"rendered":"[vc_section full_width=\u00a0\u00bbstretch_row\u00a0\u00bb content_placement=\u00a0\u00bbmiddle\u00a0\u00bb fade_in_opacity=\u00a0\u00bbpix-opacity-4&Prime; pix_over_visibility=\u00a0\u00bb\u00a0\u00bb pix_overlay_color=\u00a0\u00bbblack\u00a0\u00bb css=\u00a0\u00bb.vc_custom_1616515295229{background-color: #ffffff !important;}\u00a0\u00bb pix_overlay_opacity=\u00a0\u00bb1&Prime; b_custom_height=\u00a0\u00bb300px\u00a0\u00bb fade_in_intro=\u00a0\u00bb15573&Prime;][vc_row pix_particles_check=\u00a0\u00bb\u00a0\u00bb responsive_css=\u00a0\u00bb{\u00ab\u00a0pix_res_sm_pt\u00ab\u00a0:\u00ab\u00a00px\u00ab\u00a0,\u00ab\u00a0pix_res_md_pt\u00ab\u00a0:\u00ab\u00a00px\u00ab\u00a0}\u00a0\u00bb css=\u00a0\u00bb.vc_custom_1612279240687{padding-top: 150px !important;padding-bottom: 70px !important;}\u00a0\u00bb][vc_column css=\u00a0\u00bb.vc_custom_1611481106197{padding-top: 20px !important;padding-bottom: 20px !important;}\u00a0\u00bb][\/vc_column][\/vc_row][\/vc_section][vc_section full_width=\u00a0\u00bbstretch_row\u00a0\u00bb pix_over_visibility=\u00a0\u00bb\u00a0\u00bb css=\u00a0\u00bb.vc_custom_1611481625985{background-color: #f8f9fa !important;}\u00a0\u00bb fade_in_intro=\u00a0\u00bb14052&Prime;][vc_row full_width=\u00a0\u00bbstretch_row\u00a0\u00bb gap=\u00a0\u00bb35&Prime; content_placement=\u00a0\u00bbtop\u00a0\u00bb pix_particles_check=\u00a0\u00bb\u00a0\u00bb css=\u00a0\u00bb.vc_custom_1611481444397{padding-top: 70px !important;padding-bottom: 75px !important;}\u00a0\u00bb][vc_column width=\u00a0\u00bb1\/2&Prime;][vc_column_text]Comment&#8230;","protected":false},"author":1,"featured_media":0,"parent":16055,"menu_order":0,"comment_status":"closed","ping_status":"closed","template":"","meta":{"inline_featured_image":false,"_monsterinsights_skip_tracking":false,"_monsterinsights_sitenote_active":false,"_monsterinsights_sitenote_note":"","_monsterinsights_sitenote_category":0,"footnotes":""},"class_list":["post-16065","page","type-page","status-publish","hentry"],"yoast_head":"<!-- This site is optimized with the Yoast SEO plugin v26.8 - https:\/\/yoast.com\/product\/yoast-seo-wordpress\/ -->\n<title>Enqu\u00eates \u00e9conomiques pour prot\u00e9ger les actifs de l&#039;entreprise<\/title>\n<meta name=\"description\" content=\"Caledonia Spa m\u00e8ne des enqu\u00eates \u00e9conomiques et financi\u00e8res pour v\u00e9rifier la solidit\u00e9 \u00e9conomique et financi\u00e8re des personnes physiques et morales.\" \/>\n<meta name=\"robots\" content=\"index, follow, max-snippet:-1, max-image-preview:large, max-video-preview:-1\" \/>\n<link rel=\"canonical\" href=\"https:\/\/www.caledoniasagl.ch\/fr\/investigations\/enquetes-economiques-et-financieres\/\" \/>\n<meta property=\"og:locale\" content=\"fr_FR\" \/>\n<meta property=\"og:type\" content=\"article\" \/>\n<meta property=\"og:title\" content=\"Enqu\u00eates \u00e9conomiques pour prot\u00e9ger les actifs de l&#039;entreprise\" \/>\n<meta property=\"og:description\" content=\"Caledonia Spa m\u00e8ne des enqu\u00eates \u00e9conomiques et financi\u00e8res pour v\u00e9rifier la solidit\u00e9 \u00e9conomique et financi\u00e8re des personnes physiques et morales.\" \/>\n<meta property=\"og:url\" content=\"https:\/\/www.caledoniasagl.ch\/fr\/investigations\/enquetes-economiques-et-financieres\/\" \/>\n<meta property=\"og:site_name\" content=\"Caledonia Switzerland Sagl\" \/>\n<meta property=\"article:modified_time\" content=\"2021-11-22T12:59:30+00:00\" \/>\n<meta name=\"twitter:card\" content=\"summary_large_image\" \/>\n<meta name=\"twitter:label1\" content=\"Dur\u00e9e de lecture estim\u00e9e\" \/>\n\t<meta name=\"twitter:data1\" content=\"2 minutes\" \/>\n<script type=\"application\/ld+json\" class=\"yoast-schema-graph\">{\"@context\":\"https:\/\/schema.org\",\"@graph\":[{\"@type\":\"WebPage\",\"@id\":\"https:\/\/www.caledoniasagl.ch\/fr\/investigations\/enquetes-economiques-et-financieres\/\",\"url\":\"https:\/\/www.caledoniasagl.ch\/fr\/investigations\/enquetes-economiques-et-financieres\/\",\"name\":\"Enqu\u00eates \u00e9conomiques pour prot\u00e9ger les actifs de l'entreprise\",\"isPartOf\":{\"@id\":\"https:\/\/www.caledoniasagl.ch\/fr\/#website\"},\"datePublished\":\"2021-01-26T17:12:43+00:00\",\"dateModified\":\"2021-11-22T12:59:30+00:00\",\"description\":\"Caledonia Spa m\u00e8ne des enqu\u00eates \u00e9conomiques et financi\u00e8res pour v\u00e9rifier la solidit\u00e9 \u00e9conomique et financi\u00e8re des personnes physiques et morales.\",\"breadcrumb\":{\"@id\":\"https:\/\/www.caledoniasagl.ch\/fr\/investigations\/enquetes-economiques-et-financieres\/#breadcrumb\"},\"inLanguage\":\"fr-FR\",\"potentialAction\":[{\"@type\":\"ReadAction\",\"target\":[\"https:\/\/www.caledoniasagl.ch\/fr\/investigations\/enquetes-economiques-et-financieres\/\"]}]},{\"@type\":\"BreadcrumbList\",\"@id\":\"https:\/\/www.caledoniasagl.ch\/fr\/investigations\/enquetes-economiques-et-financieres\/#breadcrumb\",\"itemListElement\":[{\"@type\":\"ListItem\",\"position\":1,\"name\":\"Investigations\",\"item\":\"https:\/\/www.caledoniasagl.ch\/fr\/investigations\/\"},{\"@type\":\"ListItem\",\"position\":2,\"name\":\"Enqu\u00eates \u00e9conomiques et financi\u00e8res\"}]},{\"@type\":\"WebSite\",\"@id\":\"https:\/\/www.caledoniasagl.ch\/fr\/#website\",\"url\":\"https:\/\/www.caledoniasagl.ch\/fr\/\",\"name\":\"Caledonia Switzerland Sagl\",\"description\":\"Protect Your Interests\",\"publisher\":{\"@id\":\"https:\/\/www.caledoniasagl.ch\/fr\/#organization\"},\"potentialAction\":[{\"@type\":\"SearchAction\",\"target\":{\"@type\":\"EntryPoint\",\"urlTemplate\":\"https:\/\/www.caledoniasagl.ch\/fr\/?s={search_term_string}\"},\"query-input\":{\"@type\":\"PropertyValueSpecification\",\"valueRequired\":true,\"valueName\":\"search_term_string\"}}],\"inLanguage\":\"fr-FR\"},{\"@type\":\"Organization\",\"@id\":\"https:\/\/www.caledoniasagl.ch\/fr\/#organization\",\"name\":\"Caledonia Switzerland Sagl\",\"url\":\"https:\/\/www.caledoniasagl.ch\/fr\/\",\"logo\":{\"@type\":\"ImageObject\",\"inLanguage\":\"fr-FR\",\"@id\":\"https:\/\/www.caledoniasagl.ch\/fr\/#\/schema\/logo\/image\/\",\"url\":\"https:\/\/www.caledoniasagl.ch\/wp-content\/uploads\/logo.svg\",\"contentUrl\":\"https:\/\/www.caledoniasagl.ch\/wp-content\/uploads\/logo.svg\",\"caption\":\"Caledonia Switzerland Sagl\"},\"image\":{\"@id\":\"https:\/\/www.caledoniasagl.ch\/fr\/#\/schema\/logo\/image\/\"},\"sameAs\":[\"https:\/\/it.linkedin.com\/company\/caledonia-s-p-a\"]}]}<\/script>\n<!-- \/ Yoast SEO plugin. -->","yoast_head_json":{"title":"Enqu\u00eates \u00e9conomiques pour prot\u00e9ger les actifs de l'entreprise","description":"Caledonia Spa m\u00e8ne des enqu\u00eates \u00e9conomiques et financi\u00e8res pour v\u00e9rifier la solidit\u00e9 \u00e9conomique et financi\u00e8re des personnes physiques et morales.","robots":{"index":"index","follow":"follow","max-snippet":"max-snippet:-1","max-image-preview":"max-image-preview:large","max-video-preview":"max-video-preview:-1"},"canonical":"https:\/\/www.caledoniasagl.ch\/fr\/investigations\/enquetes-economiques-et-financieres\/","og_locale":"fr_FR","og_type":"article","og_title":"Enqu\u00eates \u00e9conomiques pour prot\u00e9ger les actifs de l'entreprise","og_description":"Caledonia Spa m\u00e8ne des enqu\u00eates \u00e9conomiques et financi\u00e8res pour v\u00e9rifier la solidit\u00e9 \u00e9conomique et financi\u00e8re des personnes physiques et morales.","og_url":"https:\/\/www.caledoniasagl.ch\/fr\/investigations\/enquetes-economiques-et-financieres\/","og_site_name":"Caledonia Switzerland Sagl","article_modified_time":"2021-11-22T12:59:30+00:00","twitter_card":"summary_large_image","twitter_misc":{"Dur\u00e9e de lecture estim\u00e9e":"2 minutes"},"schema":{"@context":"https:\/\/schema.org","@graph":[{"@type":"WebPage","@id":"https:\/\/www.caledoniasagl.ch\/fr\/investigations\/enquetes-economiques-et-financieres\/","url":"https:\/\/www.caledoniasagl.ch\/fr\/investigations\/enquetes-economiques-et-financieres\/","name":"Enqu\u00eates \u00e9conomiques pour prot\u00e9ger les actifs de l'entreprise","isPartOf":{"@id":"https:\/\/www.caledoniasagl.ch\/fr\/#website"},"datePublished":"2021-01-26T17:12:43+00:00","dateModified":"2021-11-22T12:59:30+00:00","description":"Caledonia Spa m\u00e8ne des enqu\u00eates \u00e9conomiques et financi\u00e8res pour v\u00e9rifier la solidit\u00e9 \u00e9conomique et financi\u00e8re des personnes physiques et morales.","breadcrumb":{"@id":"https:\/\/www.caledoniasagl.ch\/fr\/investigations\/enquetes-economiques-et-financieres\/#breadcrumb"},"inLanguage":"fr-FR","potentialAction":[{"@type":"ReadAction","target":["https:\/\/www.caledoniasagl.ch\/fr\/investigations\/enquetes-economiques-et-financieres\/"]}]},{"@type":"BreadcrumbList","@id":"https:\/\/www.caledoniasagl.ch\/fr\/investigations\/enquetes-economiques-et-financieres\/#breadcrumb","itemListElement":[{"@type":"ListItem","position":1,"name":"Investigations","item":"https:\/\/www.caledoniasagl.ch\/fr\/investigations\/"},{"@type":"ListItem","position":2,"name":"Enqu\u00eates \u00e9conomiques et financi\u00e8res"}]},{"@type":"WebSite","@id":"https:\/\/www.caledoniasagl.ch\/fr\/#website","url":"https:\/\/www.caledoniasagl.ch\/fr\/","name":"Caledonia Switzerland Sagl","description":"Protect Your Interests","publisher":{"@id":"https:\/\/www.caledoniasagl.ch\/fr\/#organization"},"potentialAction":[{"@type":"SearchAction","target":{"@type":"EntryPoint","urlTemplate":"https:\/\/www.caledoniasagl.ch\/fr\/?s={search_term_string}"},"query-input":{"@type":"PropertyValueSpecification","valueRequired":true,"valueName":"search_term_string"}}],"inLanguage":"fr-FR"},{"@type":"Organization","@id":"https:\/\/www.caledoniasagl.ch\/fr\/#organization","name":"Caledonia Switzerland Sagl","url":"https:\/\/www.caledoniasagl.ch\/fr\/","logo":{"@type":"ImageObject","inLanguage":"fr-FR","@id":"https:\/\/www.caledoniasagl.ch\/fr\/#\/schema\/logo\/image\/","url":"https:\/\/www.caledoniasagl.ch\/wp-content\/uploads\/logo.svg","contentUrl":"https:\/\/www.caledoniasagl.ch\/wp-content\/uploads\/logo.svg","caption":"Caledonia Switzerland Sagl"},"image":{"@id":"https:\/\/www.caledoniasagl.ch\/fr\/#\/schema\/logo\/image\/"},"sameAs":["https:\/\/it.linkedin.com\/company\/caledonia-s-p-a"]}]}},"_links":{"self":[{"href":"https:\/\/www.caledoniasagl.ch\/fr\/wp-json\/wp\/v2\/pages\/16065","targetHints":{"allow":["GET"]}}],"collection":[{"href":"https:\/\/www.caledoniasagl.ch\/fr\/wp-json\/wp\/v2\/pages"}],"about":[{"href":"https:\/\/www.caledoniasagl.ch\/fr\/wp-json\/wp\/v2\/types\/page"}],"author":[{"embeddable":true,"href":"https:\/\/www.caledoniasagl.ch\/fr\/wp-json\/wp\/v2\/users\/1"}],"replies":[{"embeddable":true,"href":"https:\/\/www.caledoniasagl.ch\/fr\/wp-json\/wp\/v2\/comments?post=16065"}],"version-history":[{"count":6,"href":"https:\/\/www.caledoniasagl.ch\/fr\/wp-json\/wp\/v2\/pages\/16065\/revisions"}],"predecessor-version":[{"id":16435,"href":"https:\/\/www.caledoniasagl.ch\/fr\/wp-json\/wp\/v2\/pages\/16065\/revisions\/16435"}],"up":[{"embeddable":true,"href":"https:\/\/www.caledoniasagl.ch\/fr\/wp-json\/wp\/v2\/pages\/16055"}],"wp:attachment":[{"href":"https:\/\/www.caledoniasagl.ch\/fr\/wp-json\/wp\/v2\/media?parent=16065"}],"curies":[{"name":"wp","href":"https:\/\/api.w.org\/{rel}","templated":true}]}}