{"id":16069,"date":"2021-01-26T18:05:26","date_gmt":"2021-01-26T17:05:26","guid":{"rendered":"https:\/\/www.caledoniasagl.ch\/investigations\/indagini-difensive\/"},"modified":"2021-04-14T12:39:42","modified_gmt":"2021-04-14T10:39:42","slug":"enquetes-aux-fins-de-defense-en-justice","status":"publish","type":"page","link":"https:\/\/www.caledoniasagl.ch\/fr\/investigations\/enquetes-aux-fins-de-defense-en-justice\/","title":{"rendered":"Enqu\u00eates aux fins de d\u00e9fense en justice"},"content":{"rendered":"<div class=\"wpb-content-wrapper\"><p>[vc_section full_width=\u00a0\u00bbstretch_row\u00a0\u00bb content_placement=\u00a0\u00bbmiddle\u00a0\u00bb fade_in_opacity=\u00a0\u00bbpix-opacity-6&Prime; pix_over_visibility=\u00a0\u00bb\u00a0\u00bb pix_overlay_color=\u00a0\u00bbblack\u00a0\u00bb css=\u00a0\u00bb.vc_custom_1616515545376{background-color: #ffffff !important;}\u00a0\u00bb pix_overlay_opacity=\u00a0\u00bb1&Prime; b_custom_height=\u00a0\u00bb300px\u00a0\u00bb fade_in_intro=\u00a0\u00bb15575&Prime;][vc_row pix_particles_check=\u00a0\u00bb\u00a0\u00bb responsive_css=\u00a0\u00bb{\u00ab\u00a0pix_res_sm_pt\u00ab\u00a0:\u00ab\u00a00px\u00ab\u00a0,\u00ab\u00a0pix_res_md_pt\u00ab\u00a0:\u00ab\u00a00px\u00ab\u00a0}\u00a0\u00bb css=\u00a0\u00bb.vc_custom_1612279283236{padding-top: 150px !important;padding-bottom: 70px !important;}\u00a0\u00bb][vc_column css=\u00a0\u00bb.vc_custom_1611481106197{padding-top: 20px !important;padding-bottom: 20px !important;}\u00a0\u00bb]<div id=\"H1\" class=\"pix-heading-el text-left  vc_custom_1618396602130\"><div class=\"d-inline-block\" style=\"max-width:900px;\"><h1 class=\"text-white font-weight-bold h1 animate-in heading-text el-title_custom_color mb-12\" style=\"\" data-anim-type=\"fade-in\" data-anim-delay=\"200\">Enqu\u00eates aux fins de d\u00e9fense en justice, les informations sont un moyen de d\u00e9fense<\/h1><\/div><\/div><div class=\"pix-el-text w-100   vc_custom_1618396615266\" ><div class=\"d-inline-block\" style=\"max-width:900px;\"><p class=\"text-24  text-white  \" ><span class=\"text-white animate-in d-inline-block\" data-anim-delay=\"400\" data-anim-type=\"fade-in-up\">Caledonia effectue des investigations pour aider des cabinets d\u2019avocats dans le cadre de proc\u00e9dures p\u00e9nales et recueillir des informations visant \u00e0 soutenir le fait qu\u2019une personne est innocente ou \u00e9trang\u00e8re aux faits qui lui sont reproch\u00e9s.<\/span><\/p><\/div><\/div><a  href=\"https:\/\/www.caledoniasagl.ch\/fr\/contacts\/\" class=\"btn mb-2    vc_custom_1618396623773  shadow-sm shadow-hover-sm text-primary btn-white d-inline-flex align-items-center pix-hover-item       btn-md\"     ><span class=\"font-weight-bold \" >Nous contacter<\/span><svg class=\"pixfort-icon font-weight-bold  pix-hover-right  ml-2\" width=\"24\" height=\"24\"  data-name=\"Line\/pixfort-icon-arrow-right-2\" viewBox=\"2 2 20 20\"><polyline fill=\"none\" stroke=\"var(--pf-icon-color)\" stroke-linecap=\"round\" stroke-linejoin=\"round\" stroke-width=\"var(--pf-icon-stroke-width)\" points=\"9.5 17 14.5 12 9.5 7\"\/><\/svg><\/a>[\/vc_column][\/vc_row][\/vc_section][vc_section full_width=\u00a0\u00bbstretch_row\u00a0\u00bb pix_over_visibility=\u00a0\u00bb\u00a0\u00bb css=\u00a0\u00bb.vc_custom_1611481625985{background-color: #f8f9fa !important;}\u00a0\u00bb fade_in_intro=\u00a0\u00bb14052&Prime;][vc_row full_width=\u00a0\u00bbstretch_row\u00a0\u00bb gap=\u00a0\u00bb35&Prime; content_placement=\u00a0\u00bbtop\u00a0\u00bb pix_particles_check=\u00a0\u00bb\u00a0\u00bb css=\u00a0\u00bb.vc_custom_1611481444397{padding-top: 70px !important;padding-bottom: 75px !important;}\u00a0\u00bb][vc_column width=\u00a0\u00bb1\/2&Prime;][vc_column_text]<\/p><h2><strong>Besoin de d\u00e9montrer votre innocence?<\/strong><\/h2><p>[\/vc_column_text][vc_separator color=\u00a0\u00bbcustom\u00a0\u00bb border_width=\u00a0\u00bb3&Prime; accent_color=\u00a0\u00bb#3dc4f2&Prime;][\/vc_column][vc_column width=\u00a0\u00bb1\/2&Prime;][vc_column_text]<\/p><p><strong>Caledonia accompagne et soutient les <span style=\"color: #3dc4f2;\">cabinets d\u2019avocats<\/span> dans toutes les enqu\u00eates li\u00e9es \u00e0 une <span style=\"color: #3dc4f2;\">proc\u00e9dure p\u00e9nale<\/span>.<br \/>L\u2019unit\u00e9 Investigations de Caledonia est membre des principales associations professionnelles nationales et internationales du secteur pour l\u2019exercice de ses activit\u00e9s tant sur le territoire national qu\u2019\u00e0 l\u2019\u00e9tranger.<\/strong><\/p><p>[\/vc_column_text][\/vc_column][\/vc_row][\/vc_section][vc_section full_width=\u00a0\u00bbstretch_row\u00a0\u00bb pix_over_visibility=\u00a0\u00bb\u00a0\u00bb css=\u00a0\u00bb.vc_custom_1611481992104{padding-bottom: 100px !important;background-color: #ffffff !important;}\u00a0\u00bb][vc_row full_width=\u00a0\u00bbstretch_row\u00a0\u00bb gap=\u00a0\u00bb35&Prime; content_placement=\u00a0\u00bbtop\u00a0\u00bb pix_particles_check=\u00a0\u00bb\u00a0\u00bb css=\u00a0\u00bb.vc_custom_1611481821667{padding-top: 80px !important;padding-bottom: 35px !important;}\u00a0\u00bb][vc_column width=\u00a0\u00bb1\/6&Prime; content_align=\u00a0\u00bbtext-center\u00a0\u00bb]<div id=\"duo-icon-91161425\" class=\"pix-icon text-left  vc_custom_1611680925706\"><div class=\"pix-icon-bg rounded-circle feature_img position-relative d-inline-flex align-items-center justify-content-center bg-secondary shadow-sm\"   style=\" width:153px;height:153px;position:relative;line-height:153px;text-align:center;\"><span style=\"font-size:85px;line-height:85px;\" class=\"text-white d-inline-flex align-middle\"><svg class=\"pixfort-icon \" width=\"85\" height=\"85\"  data-name=\"Line\/pixfort-icon-person-hat-2\" viewBox=\"2 2 20 20\"><path fill=\"none\" stroke=\"var(--pf-icon-color)\" stroke-linecap=\"round\" stroke-linejoin=\"round\" stroke-width=\"var(--pf-icon-stroke-width)\" d=\"M4,21 C6,18 8.75,17 12,17 C15.25,17 18,18 20,21 M9.31081639,8.03883119 C8.50556501,8.77055399 8,9.82623648 8,11 C8,13.209139 9.790861,15 12,15 C14.209139,15 16,13.209139 16,11 C16,9.83153718 15.4989909,8.7800913 14.7000748,8.04876435 M11.0206906,3 L12.4188612,3 C13.3631019,3 14.2014049,3.60421456 14.5,4.5 L14.7380283,5.21408502 C14.905766,5.71729793 15.2665341,6.13326703 15.7409677,6.37048387 L19,8 L19,8 L5,8 L8.08907136,6.45546432 C8.66139132,6.16930434 9.06223751,5.62657492 9.16743201,4.99540791 L9.25,4.5 C9.39426382,3.63441709 10.1431681,3 11.0206906,3 Z M8.5,17.5 L12,21 L15.5,17.5\"\/><\/svg><\/span><\/div><\/div>[\/vc_column][vc_column width=\u00a0\u00bb5\/6&Prime; css=\u00a0\u00bb.vc_custom_1611482334859{padding-left: 50px !important;}\u00a0\u00bb]<div id=\"H2\" class=\"pix-heading-el text-left  vc_custom_1618396686620\"><h2 class=\"text-primary font-weight-bold h2 heading-text el-title_custom_color mb-12\" style=\"\" data-anim-type=\"\" data-anim-delay=\"0\">Enqu\u00eates aux fins de d\u00e9fense en justice<\/h2><\/div><div id=\"H3\" class=\"pix-heading-el text-left  vc_custom_1618396694259\"><h3 class=\"text-secondary font-weight-bold h3 heading-text el-title_custom_color mb-12\" style=\"\" data-anim-type=\"\" data-anim-delay=\"0\">La base pour b\u00e2tir une d\u00e9fense solide<\/h3><\/div>[vc_column_text]Dans le cadre d\u2019une proc\u00e9dure p\u00e9nale, des professionnels hautement qualifi\u00e9s peuvent intervenir comme <strong>conseil de partie aux c\u00f4t\u00e9s d\u2019un cabinet d\u2019avocats<\/strong>. Caledonia met donc \u00e0 votre disposition des <strong>enqu\u00eateurs priv\u00e9s<\/strong> poss\u00e9dant de solides bases juridiques et des comp\u00e9tences techniques \u00e9prouv\u00e9es pour mener des enqu\u00eates et dresser un tableau le plus complet possible de la situation.<br \/>Ils agissent en toute discr\u00e9tion et avec un grand professionnalisme, <strong>pour b\u00e2tir une solide th\u00e8se en d\u00e9fense.<\/strong>[\/vc_column_text][\/vc_column][\/vc_row][\/vc_section]<\/p><\/div>","protected":false},"excerpt":{"rendered":"[vc_section full_width=\u00a0\u00bbstretch_row\u00a0\u00bb content_placement=\u00a0\u00bbmiddle\u00a0\u00bb fade_in_opacity=\u00a0\u00bbpix-opacity-6&Prime; pix_over_visibility=\u00a0\u00bb\u00a0\u00bb pix_overlay_color=\u00a0\u00bbblack\u00a0\u00bb css=\u00a0\u00bb.vc_custom_1616515545376{background-color: #ffffff !important;}\u00a0\u00bb pix_overlay_opacity=\u00a0\u00bb1&Prime; b_custom_height=\u00a0\u00bb300px\u00a0\u00bb fade_in_intro=\u00a0\u00bb15575&Prime;][vc_row pix_particles_check=\u00a0\u00bb\u00a0\u00bb responsive_css=\u00a0\u00bb{\u00ab\u00a0pix_res_sm_pt\u00ab\u00a0:\u00ab\u00a00px\u00ab\u00a0,\u00ab\u00a0pix_res_md_pt\u00ab\u00a0:\u00ab\u00a00px\u00ab\u00a0}\u00a0\u00bb css=\u00a0\u00bb.vc_custom_1612279283236{padding-top: 150px !important;padding-bottom: 70px !important;}\u00a0\u00bb][vc_column css=\u00a0\u00bb.vc_custom_1611481106197{padding-top: 20px !important;padding-bottom: 20px !important;}\u00a0\u00bb][\/vc_column][\/vc_row][\/vc_section][vc_section full_width=\u00a0\u00bbstretch_row\u00a0\u00bb pix_over_visibility=\u00a0\u00bb\u00a0\u00bb css=\u00a0\u00bb.vc_custom_1611481625985{background-color: #f8f9fa !important;}\u00a0\u00bb fade_in_intro=\u00a0\u00bb14052&Prime;][vc_row full_width=\u00a0\u00bbstretch_row\u00a0\u00bb gap=\u00a0\u00bb35&Prime; content_placement=\u00a0\u00bbtop\u00a0\u00bb pix_particles_check=\u00a0\u00bb\u00a0\u00bb css=\u00a0\u00bb.vc_custom_1611481444397{padding-top: 70px !important;padding-bottom: 75px !important;}\u00a0\u00bb][vc_column width=\u00a0\u00bb1\/2&Prime;][vc_column_text]Besoin&#8230;","protected":false},"author":1,"featured_media":0,"parent":16055,"menu_order":0,"comment_status":"closed","ping_status":"closed","template":"","meta":{"inline_featured_image":false,"_monsterinsights_skip_tracking":false,"_monsterinsights_sitenote_active":false,"_monsterinsights_sitenote_note":"","_monsterinsights_sitenote_category":0,"footnotes":""},"class_list":["post-16069","page","type-page","status-publish","hentry"],"yoast_head":"<!-- This site is optimized with the Yoast SEO plugin v26.8 - https:\/\/yoast.com\/product\/yoast-seo-wordpress\/ -->\n<title>Caledonia Spa, enqu\u00eates d\u00e9fensives pour les cabinets d&#039;avocats<\/title>\n<meta name=\"description\" content=\"Les enqu\u00eates d\u00e9fensives men\u00e9es par Caledonia Spa offrent aux cabinets d&#039;avocats la recherche d&#039;informations \u00e0 utiliser dans le cadre de proc\u00e9dures p\u00e9nales.\" \/>\n<meta name=\"robots\" content=\"index, follow, max-snippet:-1, max-image-preview:large, max-video-preview:-1\" \/>\n<link rel=\"canonical\" href=\"https:\/\/www.caledoniasagl.ch\/fr\/investigations\/enquetes-aux-fins-de-defense-en-justice\/\" \/>\n<meta property=\"og:locale\" content=\"fr_FR\" \/>\n<meta property=\"og:type\" content=\"article\" \/>\n<meta property=\"og:title\" content=\"Caledonia Spa, enqu\u00eates d\u00e9fensives pour les cabinets d&#039;avocats\" \/>\n<meta property=\"og:description\" content=\"Les enqu\u00eates d\u00e9fensives men\u00e9es par Caledonia Spa offrent aux cabinets d&#039;avocats la recherche d&#039;informations \u00e0 utiliser dans le cadre de proc\u00e9dures p\u00e9nales.\" \/>\n<meta property=\"og:url\" content=\"https:\/\/www.caledoniasagl.ch\/fr\/investigations\/enquetes-aux-fins-de-defense-en-justice\/\" \/>\n<meta property=\"og:site_name\" content=\"Caledonia Switzerland Sagl\" \/>\n<meta property=\"article:modified_time\" content=\"2021-04-14T10:39:42+00:00\" \/>\n<meta name=\"twitter:card\" content=\"summary_large_image\" \/>\n<meta name=\"twitter:label1\" content=\"Dur\u00e9e de lecture estim\u00e9e\" \/>\n\t<meta name=\"twitter:data1\" content=\"2 minutes\" \/>\n<script type=\"application\/ld+json\" class=\"yoast-schema-graph\">{\"@context\":\"https:\/\/schema.org\",\"@graph\":[{\"@type\":\"WebPage\",\"@id\":\"https:\/\/www.caledoniasagl.ch\/fr\/investigations\/enquetes-aux-fins-de-defense-en-justice\/\",\"url\":\"https:\/\/www.caledoniasagl.ch\/fr\/investigations\/enquetes-aux-fins-de-defense-en-justice\/\",\"name\":\"Caledonia Spa, enqu\u00eates d\u00e9fensives pour les cabinets d'avocats\",\"isPartOf\":{\"@id\":\"https:\/\/www.caledoniasagl.ch\/fr\/#website\"},\"datePublished\":\"2021-01-26T17:05:26+00:00\",\"dateModified\":\"2021-04-14T10:39:42+00:00\",\"description\":\"Les enqu\u00eates d\u00e9fensives men\u00e9es par Caledonia Spa offrent aux cabinets d'avocats la recherche d'informations \u00e0 utiliser dans le cadre de proc\u00e9dures p\u00e9nales.\",\"breadcrumb\":{\"@id\":\"https:\/\/www.caledoniasagl.ch\/fr\/investigations\/enquetes-aux-fins-de-defense-en-justice\/#breadcrumb\"},\"inLanguage\":\"fr-FR\",\"potentialAction\":[{\"@type\":\"ReadAction\",\"target\":[\"https:\/\/www.caledoniasagl.ch\/fr\/investigations\/enquetes-aux-fins-de-defense-en-justice\/\"]}]},{\"@type\":\"BreadcrumbList\",\"@id\":\"https:\/\/www.caledoniasagl.ch\/fr\/investigations\/enquetes-aux-fins-de-defense-en-justice\/#breadcrumb\",\"itemListElement\":[{\"@type\":\"ListItem\",\"position\":1,\"name\":\"Investigations\",\"item\":\"https:\/\/www.caledoniasagl.ch\/fr\/investigations\/\"},{\"@type\":\"ListItem\",\"position\":2,\"name\":\"Enqu\u00eates aux fins de d\u00e9fense en justice\"}]},{\"@type\":\"WebSite\",\"@id\":\"https:\/\/www.caledoniasagl.ch\/fr\/#website\",\"url\":\"https:\/\/www.caledoniasagl.ch\/fr\/\",\"name\":\"Caledonia Switzerland Sagl\",\"description\":\"Protect Your Interests\",\"publisher\":{\"@id\":\"https:\/\/www.caledoniasagl.ch\/fr\/#organization\"},\"potentialAction\":[{\"@type\":\"SearchAction\",\"target\":{\"@type\":\"EntryPoint\",\"urlTemplate\":\"https:\/\/www.caledoniasagl.ch\/fr\/?s={search_term_string}\"},\"query-input\":{\"@type\":\"PropertyValueSpecification\",\"valueRequired\":true,\"valueName\":\"search_term_string\"}}],\"inLanguage\":\"fr-FR\"},{\"@type\":\"Organization\",\"@id\":\"https:\/\/www.caledoniasagl.ch\/fr\/#organization\",\"name\":\"Caledonia Switzerland Sagl\",\"url\":\"https:\/\/www.caledoniasagl.ch\/fr\/\",\"logo\":{\"@type\":\"ImageObject\",\"inLanguage\":\"fr-FR\",\"@id\":\"https:\/\/www.caledoniasagl.ch\/fr\/#\/schema\/logo\/image\/\",\"url\":\"https:\/\/www.caledoniasagl.ch\/wp-content\/uploads\/logo.svg\",\"contentUrl\":\"https:\/\/www.caledoniasagl.ch\/wp-content\/uploads\/logo.svg\",\"caption\":\"Caledonia Switzerland Sagl\"},\"image\":{\"@id\":\"https:\/\/www.caledoniasagl.ch\/fr\/#\/schema\/logo\/image\/\"},\"sameAs\":[\"https:\/\/it.linkedin.com\/company\/caledonia-s-p-a\"]}]}<\/script>\n<!-- \/ Yoast SEO plugin. -->","yoast_head_json":{"title":"Caledonia Spa, enqu\u00eates d\u00e9fensives pour les cabinets d'avocats","description":"Les enqu\u00eates d\u00e9fensives men\u00e9es par Caledonia Spa offrent aux cabinets d'avocats la recherche d'informations \u00e0 utiliser dans le cadre de proc\u00e9dures p\u00e9nales.","robots":{"index":"index","follow":"follow","max-snippet":"max-snippet:-1","max-image-preview":"max-image-preview:large","max-video-preview":"max-video-preview:-1"},"canonical":"https:\/\/www.caledoniasagl.ch\/fr\/investigations\/enquetes-aux-fins-de-defense-en-justice\/","og_locale":"fr_FR","og_type":"article","og_title":"Caledonia Spa, enqu\u00eates d\u00e9fensives pour les cabinets d'avocats","og_description":"Les enqu\u00eates d\u00e9fensives men\u00e9es par Caledonia Spa offrent aux cabinets d'avocats la recherche d'informations \u00e0 utiliser dans le cadre de proc\u00e9dures p\u00e9nales.","og_url":"https:\/\/www.caledoniasagl.ch\/fr\/investigations\/enquetes-aux-fins-de-defense-en-justice\/","og_site_name":"Caledonia Switzerland Sagl","article_modified_time":"2021-04-14T10:39:42+00:00","twitter_card":"summary_large_image","twitter_misc":{"Dur\u00e9e de lecture estim\u00e9e":"2 minutes"},"schema":{"@context":"https:\/\/schema.org","@graph":[{"@type":"WebPage","@id":"https:\/\/www.caledoniasagl.ch\/fr\/investigations\/enquetes-aux-fins-de-defense-en-justice\/","url":"https:\/\/www.caledoniasagl.ch\/fr\/investigations\/enquetes-aux-fins-de-defense-en-justice\/","name":"Caledonia Spa, enqu\u00eates d\u00e9fensives pour les cabinets d'avocats","isPartOf":{"@id":"https:\/\/www.caledoniasagl.ch\/fr\/#website"},"datePublished":"2021-01-26T17:05:26+00:00","dateModified":"2021-04-14T10:39:42+00:00","description":"Les enqu\u00eates d\u00e9fensives men\u00e9es par Caledonia Spa offrent aux cabinets d'avocats la recherche d'informations \u00e0 utiliser dans le cadre de proc\u00e9dures p\u00e9nales.","breadcrumb":{"@id":"https:\/\/www.caledoniasagl.ch\/fr\/investigations\/enquetes-aux-fins-de-defense-en-justice\/#breadcrumb"},"inLanguage":"fr-FR","potentialAction":[{"@type":"ReadAction","target":["https:\/\/www.caledoniasagl.ch\/fr\/investigations\/enquetes-aux-fins-de-defense-en-justice\/"]}]},{"@type":"BreadcrumbList","@id":"https:\/\/www.caledoniasagl.ch\/fr\/investigations\/enquetes-aux-fins-de-defense-en-justice\/#breadcrumb","itemListElement":[{"@type":"ListItem","position":1,"name":"Investigations","item":"https:\/\/www.caledoniasagl.ch\/fr\/investigations\/"},{"@type":"ListItem","position":2,"name":"Enqu\u00eates aux fins de d\u00e9fense en justice"}]},{"@type":"WebSite","@id":"https:\/\/www.caledoniasagl.ch\/fr\/#website","url":"https:\/\/www.caledoniasagl.ch\/fr\/","name":"Caledonia Switzerland Sagl","description":"Protect Your Interests","publisher":{"@id":"https:\/\/www.caledoniasagl.ch\/fr\/#organization"},"potentialAction":[{"@type":"SearchAction","target":{"@type":"EntryPoint","urlTemplate":"https:\/\/www.caledoniasagl.ch\/fr\/?s={search_term_string}"},"query-input":{"@type":"PropertyValueSpecification","valueRequired":true,"valueName":"search_term_string"}}],"inLanguage":"fr-FR"},{"@type":"Organization","@id":"https:\/\/www.caledoniasagl.ch\/fr\/#organization","name":"Caledonia Switzerland Sagl","url":"https:\/\/www.caledoniasagl.ch\/fr\/","logo":{"@type":"ImageObject","inLanguage":"fr-FR","@id":"https:\/\/www.caledoniasagl.ch\/fr\/#\/schema\/logo\/image\/","url":"https:\/\/www.caledoniasagl.ch\/wp-content\/uploads\/logo.svg","contentUrl":"https:\/\/www.caledoniasagl.ch\/wp-content\/uploads\/logo.svg","caption":"Caledonia Switzerland Sagl"},"image":{"@id":"https:\/\/www.caledoniasagl.ch\/fr\/#\/schema\/logo\/image\/"},"sameAs":["https:\/\/it.linkedin.com\/company\/caledonia-s-p-a"]}]}},"_links":{"self":[{"href":"https:\/\/www.caledoniasagl.ch\/fr\/wp-json\/wp\/v2\/pages\/16069","targetHints":{"allow":["GET"]}}],"collection":[{"href":"https:\/\/www.caledoniasagl.ch\/fr\/wp-json\/wp\/v2\/pages"}],"about":[{"href":"https:\/\/www.caledoniasagl.ch\/fr\/wp-json\/wp\/v2\/types\/page"}],"author":[{"embeddable":true,"href":"https:\/\/www.caledoniasagl.ch\/fr\/wp-json\/wp\/v2\/users\/1"}],"replies":[{"embeddable":true,"href":"https:\/\/www.caledoniasagl.ch\/fr\/wp-json\/wp\/v2\/comments?post=16069"}],"version-history":[{"count":2,"href":"https:\/\/www.caledoniasagl.ch\/fr\/wp-json\/wp\/v2\/pages\/16069\/revisions"}],"predecessor-version":[{"id":16072,"href":"https:\/\/www.caledoniasagl.ch\/fr\/wp-json\/wp\/v2\/pages\/16069\/revisions\/16072"}],"up":[{"embeddable":true,"href":"https:\/\/www.caledoniasagl.ch\/fr\/wp-json\/wp\/v2\/pages\/16055"}],"wp:attachment":[{"href":"https:\/\/www.caledoniasagl.ch\/fr\/wp-json\/wp\/v2\/media?parent=16069"}],"curies":[{"name":"wp","href":"https:\/\/api.w.org\/{rel}","templated":true}]}}