{"id":16073,"date":"2021-01-24T11:48:17","date_gmt":"2021-01-24T10:48:17","guid":{"rendered":"https:\/\/www.caledoniasagl.ch\/investigations\/indagini-in-ambito-privato\/"},"modified":"2021-11-22T14:06:24","modified_gmt":"2021-11-22T13:06:24","slug":"enquetes-dans-la-sphere-privee","status":"publish","type":"page","link":"https:\/\/www.caledoniasagl.ch\/fr\/investigations\/enquetes-dans-la-sphere-privee\/","title":{"rendered":"Enqu\u00eates dans la sph\u00e8re priv\u00e9e"},"content":{"rendered":"<div class=\"wpb-content-wrapper\"><p>[vc_section full_width=\u00a0\u00bbstretch_row\u00a0\u00bb content_placement=\u00a0\u00bbmiddle\u00a0\u00bb fade_in_opacity=\u00a0\u00bbpix-opacity-5&Prime; pix_over_visibility=\u00a0\u00bb\u00a0\u00bb pix_overlay_color=\u00a0\u00bbblack\u00a0\u00bb css=\u00a0\u00bb.vc_custom_1616515695993{background-color: #ffffff !important;}\u00a0\u00bb pix_overlay_opacity=\u00a0\u00bb1&Prime; b_custom_height=\u00a0\u00bb300px\u00a0\u00bb fade_in_intro=\u00a0\u00bb15577&Prime;][vc_row pix_particles_check=\u00a0\u00bb\u00a0\u00bb responsive_css=\u00a0\u00bb{\u00ab\u00a0pix_res_sm_pt\u00ab\u00a0:\u00ab\u00a00px\u00ab\u00a0,\u00ab\u00a0pix_res_md_pt\u00ab\u00a0:\u00ab\u00a00px\u00ab\u00a0}\u00a0\u00bb css=\u00a0\u00bb.vc_custom_1612279322624{padding-top: 150px !important;padding-bottom: 70px !important;}\u00a0\u00bb][vc_column css=\u00a0\u00bb.vc_custom_1611481106197{padding-top: 20px !important;padding-bottom: 20px !important;}\u00a0\u00bb]<div id=\"H1\" class=\"pix-heading-el text-left  vc_custom_1618396863524\"><div class=\"d-inline-block\" style=\"max-width:900px;\"><h1 class=\"text-white font-weight-bold h1 animate-in heading-text el-title_custom_color mb-12\" style=\"\" data-anim-type=\"fade-in\" data-anim-delay=\"200\">Enqu\u00eates dans la sph\u00e8re priv\u00e9e, la protection de la personne au premier plan<\/h1><\/div><\/div><div class=\"pix-el-text w-100   vc_custom_1618396871260\" ><div class=\"d-inline-block\" style=\"max-width:900px;\"><p class=\"text-24  text-white  \" ><span class=\"text-white animate-in d-inline-block\" data-anim-delay=\"400\" data-anim-type=\"fade-in-up\">Caledonia agit avec professionnalisme et respect de la sph\u00e8re d\u2019intervention priv\u00e9e, pour prot\u00e9ger les droits de la personne, son int\u00e9grit\u00e9 corporelle et psychologique, et sa sant\u00e9.<\/span><\/p><\/div><\/div><a  href=\"https:\/\/www.caledoniasagl.ch\/fr\/contacts\/\" class=\"btn mb-2    vc_custom_1618396881454  shadow-sm shadow-hover-sm text-primary btn-white d-inline-flex align-items-center pix-hover-item       btn-md\"     ><span class=\"font-weight-bold \" >Nous contacter<\/span><svg class=\"pixfort-icon font-weight-bold  pix-hover-right  ml-2\" width=\"24\" height=\"24\"  data-name=\"Line\/pixfort-icon-arrow-right-2\" viewBox=\"2 2 20 20\"><polyline fill=\"none\" stroke=\"var(--pf-icon-color)\" stroke-linecap=\"round\" stroke-linejoin=\"round\" stroke-width=\"var(--pf-icon-stroke-width)\" points=\"9.5 17 14.5 12 9.5 7\"\/><\/svg><\/a>[\/vc_column][\/vc_row][\/vc_section][vc_section full_width=\u00a0\u00bbstretch_row\u00a0\u00bb pix_over_visibility=\u00a0\u00bb\u00a0\u00bb css=\u00a0\u00bb.vc_custom_1611481625985{background-color: #f8f9fa !important;}\u00a0\u00bb fade_in_intro=\u00a0\u00bb14052&Prime;][vc_row full_width=\u00a0\u00bbstretch_row\u00a0\u00bb gap=\u00a0\u00bb35&Prime; content_placement=\u00a0\u00bbtop\u00a0\u00bb pix_particles_check=\u00a0\u00bb\u00a0\u00bb css=\u00a0\u00bb.vc_custom_1611481444397{padding-top: 70px !important;padding-bottom: 75px !important;}\u00a0\u00bb][vc_column width=\u00a0\u00bb1\/2&Prime;][vc_column_text]<\/p><h2><strong>Besoin d\u2019enqu\u00eater en toute confidentialit\u00e9, en prot\u00e9geant votre vie priv\u00e9e?<\/strong><\/h2><p>[\/vc_column_text][vc_separator color=\u00a0\u00bbcustom\u00a0\u00bb border_width=\u00a0\u00bb3&Prime; accent_color=\u00a0\u00bb#3dc4f2&Prime;][\/vc_column][vc_column width=\u00a0\u00bb1\/2&Prime;][vc_column_text]<\/p><p><strong>Caledonia vous accompagne dans toute situation d\u00e9licate concernant votre <span style=\"color: #3dc4f2;\">sph\u00e8re priv\u00e9e<\/span>, agissant avec d\u00e9vouement et professionnalisme pour la protection de vos int\u00e9r\u00eats. Forte de sa solide exp\u00e9rience acquise dans le domaine relationnel, Caledonia fait le n\u00e9cessaire pour comprendre et analyser vos besoins r\u00e9els, en faisant preuve \u00e0 chaque \u00e9tape d\u2019une profonde capacit\u00e9 d\u2019\u00e9coute active, para-verbale et non verbale. Caledonia effectue tout type d\u2019enqu\u00eate, en toute <span style=\"color: #3dc4f2;\">discr\u00e9tion et avec un grand professionnalisme<\/span>.<br \/>Les enqu\u00eates men\u00e9es dans la sph\u00e8re priv\u00e9e concernent diff\u00e9rents domaines.<\/strong><\/p><p>[\/vc_column_text][\/vc_column][\/vc_row][\/vc_section][vc_section full_width=\u00a0\u00bbstretch_row\u00a0\u00bb pix_over_visibility=\u00a0\u00bb\u00a0\u00bb css=\u00a0\u00bb.vc_custom_1611481992104{padding-bottom: 100px !important;background-color: #ffffff !important;}\u00a0\u00bb][vc_row full_width=\u00a0\u00bbstretch_row\u00a0\u00bb gap=\u00a0\u00bb35&Prime; content_placement=\u00a0\u00bbtop\u00a0\u00bb pix_particles_check=\u00a0\u00bb\u00a0\u00bb css=\u00a0\u00bb.vc_custom_1611481821667{padding-top: 80px !important;padding-bottom: 35px !important;}\u00a0\u00bb][vc_column width=\u00a0\u00bb1\/6&Prime; content_align=\u00a0\u00bbtext-center\u00a0\u00bb]<div id=\"duo-icon-139131145\" class=\"pix-icon text-left  vc_custom_1611485480940\"><div class=\"pix-icon-bg rounded-circle feature_img position-relative d-inline-flex align-items-center justify-content-center bg-secondary shadow-sm\"   style=\" width:153px;height:153px;position:relative;line-height:153px;text-align:center;\"><span style=\"font-size:85px;line-height:85px;\" class=\"text-white d-inline-flex align-middle\"><svg class=\"pixfort-icon \" width=\"85\" height=\"85\"  data-name=\"Line\/pixfort-icon-users-1\" viewBox=\"2 2 20 20\"><path fill=\"none\" stroke=\"var(--pf-icon-color)\" stroke-linecap=\"round\" stroke-linejoin=\"round\" stroke-width=\"var(--pf-icon-stroke-width)\" d=\"M3,19 C4.06666667,16.3333333 6.2,15 9.4,15 C12.6,15 14.7333333,16.3333333 15.8,19 L3,19 Z M16.0990064,14.9791394 C17.9796639,14.9791394 19.9252878,16.5225533 21,19 L18.2912726,19 M9.5,12 C11.4329966,12 13,10.4329966 13,8.5 C13,6.56700338 11.4329966,5 9.5,5 C7.56700338,5 6,6.56700338 6,8.5 C6,10.4329966 7.56700338,12 9.5,12 Z M14.5486435,11.8691524 C14.851136,11.9543966 15.1702424,12 15.5,12 C17.4329966,12 19,10.4329966 19,8.5 C19,6.56700338 17.4329966,5 15.5,5 C15.1593015,5 14.8299728,5.04867972 14.5185899,5.13946314\"\/><\/svg><\/span><\/div><\/div>[\/vc_column][vc_column width=\u00a0\u00bb5\/6&Prime; css=\u00a0\u00bb.vc_custom_1611482334859{padding-left: 50px !important;}\u00a0\u00bb]<div id=\"H2\" class=\"pix-heading-el text-left  vc_custom_1618396966791\"><h2 class=\"text-primary font-weight-bold h2 heading-text el-title_custom_color mb-12\" style=\"\" data-anim-type=\"\" data-anim-delay=\"0\">Infid\u00e9lit\u00e9 conjugale<\/h2><\/div><div id=\"H3\" class=\"pix-heading-el text-left  vc_custom_1618396972496\"><h3 class=\"text-secondary font-weight-bold h3 heading-text el-title_custom_color mb-12\" style=\"\" data-anim-type=\"\" data-anim-delay=\"0\">R\u00e9gler en toute clart\u00e9 la fin de votre lien matrimonial<\/h3><\/div>[vc_column_text]Ce type d\u2019enqu\u00eate entend constater l\u2019\u00e9ventuelle <strong>infid\u00e9lit\u00e9 d\u2019un conjoint<\/strong> et fournir des \u00e9l\u00e9ments de preuve utilisables en justice dans les affaires de s\u00e9paration.<br \/>Ces informations peuvent servir pour statuer sur des <strong>demandes de contribution d\u2019entretien et de pensions alimentaires<\/strong>.[\/vc_column_text][\/vc_column][\/vc_row][vc_row pix_particles_check=\u00a0\u00bb\u00a0\u00bb][vc_column][vc_separator border_width=\u00a0\u00bb2&Prime;][\/vc_column][\/vc_row][vc_row full_width=\u00a0\u00bbstretch_row\u00a0\u00bb gap=\u00a0\u00bb35&Prime; content_placement=\u00a0\u00bbtop\u00a0\u00bb pix_particles_check=\u00a0\u00bb\u00a0\u00bb css=\u00a0\u00bb.vc_custom_1611482357951{padding-top: 35px !important;}\u00a0\u00bb][vc_column width=\u00a0\u00bb1\/6&Prime; content_align=\u00a0\u00bbtext-center\u00a0\u00bb css=\u00a0\u00bb.vc_custom_1608128772386{padding-right: 40px !important;padding-left: 20px !important;}\u00a0\u00bb]<div id=\"duo-icon-122329717\" class=\"pix-icon text-left  vc_custom_1611485536089\"><div class=\"pix-icon-bg rounded-circle feature_img position-relative d-inline-flex align-items-center justify-content-center bg-secondary shadow-sm\"   style=\" width:153px;height:153px;position:relative;line-height:153px;text-align:center;\"><span style=\"font-size:85px;line-height:85px;\" class=\"text-white d-inline-flex align-middle\"><svg class=\"pixfort-icon \" width=\"85\" height=\"85\"  data-name=\"Line\/pixfort-icon-money-4\" viewBox=\"2 2 20 20\"><path fill=\"none\" stroke=\"var(--pf-icon-color)\" stroke-linecap=\"round\" stroke-linejoin=\"round\" stroke-width=\"var(--pf-icon-stroke-width)\" d=\"M5,6 L19,6 C20.1045695,6 21,6.8954305 21,8 L21,16 C21,17.1045695 20.1045695,18 19,18 L5,18 C3.8954305,18 3,17.1045695 3,16 L3,8 C3,6.8954305 3.8954305,6 5,6 Z M12,14 C13.1045695,14 14,13.1045695 14,12 C14,10.8954305 13.1045695,10 12,10 C10.8954305,10 10,10.8954305 10,12 C10,13.1045695 10.8954305,14 12,14 Z M17,12 L18,12 M7,12 L6,12 M13.5599964,18.0275389 L8.93782217,20.6961524 C7.98123693,21.2484372 6.75805612,20.9206869 6.20577137,19.9641016 L5.09718202,18.0439685 L5.09718202,18.0439685 M10.4210859,5.98338326 L15.0621778,3.30384758 C16.0187631,2.75156283 17.2419439,3.07931314 17.7942286,4.03589838 L18.9129617,5.97360092 L18.9129617,5.97360092\"\/><\/svg><\/span><\/div><\/div>[\/vc_column][vc_column width=\u00a0\u00bb5\/6&Prime; css=\u00a0\u00bb.vc_custom_1611482364948{padding-left: 50px !important;}\u00a0\u00bb]<div id=\"H2\" class=\"pix-heading-el text-left  vc_custom_1618397017992\"><h2 class=\"text-primary font-weight-bold h2 heading-text el-title_custom_color mb-12\" style=\"\" data-anim-type=\"\" data-anim-delay=\"0\">Enqu\u00eates patrimoniales<\/h2><\/div><div id=\"H3\" class=\"pix-heading-el text-left  vc_custom_1618397024922\"><h3 class=\"text-secondary font-weight-bold h3 heading-text el-title_custom_color mb-12\" style=\"\" data-anim-type=\"\" data-anim-delay=\"0\">Comment d\u00e9finir le profil d\u2019une personne<\/h3><\/div>[vc_column_text]En pr\u00e9sence d\u2019un <strong>accord juridique et patrimonial<\/strong>, ces enqu\u00eates servent \u00e0 d\u00e9finir le profil \u00e9conomique et la r\u00e9putation de la personne avec laquelle vous entendez cr\u00e9er un lien conjugal pour <strong>prot\u00e9ger votre patrimoine<\/strong>.[\/vc_column_text][\/vc_column][\/vc_row][vc_row pix_particles_check=\u00a0\u00bb\u00a0\u00bb][vc_column][vc_separator border_width=\u00a0\u00bb2&Prime;][\/vc_column][\/vc_row][vc_row full_width=\u00a0\u00bbstretch_row\u00a0\u00bb gap=\u00a0\u00bb35&Prime; content_placement=\u00a0\u00bbtop\u00a0\u00bb pix_particles_check=\u00a0\u00bb\u00a0\u00bb css=\u00a0\u00bb.vc_custom_1611482357951{padding-top: 35px !important;}\u00a0\u00bb][vc_column width=\u00a0\u00bb1\/6&Prime; content_align=\u00a0\u00bbtext-center\u00a0\u00bb css=\u00a0\u00bb.vc_custom_1608128772386{padding-right: 40px !important;padding-left: 20px !important;}\u00a0\u00bb]<div id=\"duo-icon-56160616\" class=\"pix-icon text-left  vc_custom_1611498720104\"><div class=\"pix-icon-bg rounded-circle feature_img position-relative d-inline-flex align-items-center justify-content-center bg-secondary shadow-sm\"   style=\" width:153px;height:153px;position:relative;line-height:153px;text-align:center;\"><span style=\"font-size:85px;line-height:85px;\" class=\"text-white d-inline-flex align-middle\"><svg class=\"pixfort-icon \" width=\"85\" height=\"85\"  data-name=\"Line\/pixfort-icon-mobile-phone-chat-1\" viewBox=\"2 2 20 20\"><path fill=\"none\" stroke=\"var(--pf-icon-color)\" stroke-linecap=\"round\" stroke-linejoin=\"round\" stroke-width=\"var(--pf-icon-stroke-width)\" d=\"M13,16.1001256 L13,19 C13,20.1045695 12.1045695,21 11,21 L5,21 C3.8954305,21 3,20.1045695 3,19 L3,5 C3,3.8954305 3.8954305,3 5,3 L11,3 C12.1045695,3 13,3.8954305 13,5 L13,8 M7,6 L9,6 M12,8 L18.9913514,8 C20.0959209,8 20.9913514,8.8954305 20.9913514,10 C20.9913514,10.0028766 20.9913452,10.0057533 20.9913328,10.0086299 L20.9744047,13.9317068 C20.9696531,15.0328974 20.0756241,15.9230769 18.9744233,15.9230769 L13.6887537,15.9230769 C13.2899876,15.9230769 12.9003249,16.0422807 12.569808,16.2653796 L11.5384615,16.9615385 C11.0868686,17.2663637 10.4736706,17.147385 10.1688453,16.695792 C10.0587989,16.5327602 10,16.3405539 10,16.1438572 L10,10 C10,8.8954305 10.8954305,8 12,8 Z M14,12 L17,12\"\/><\/svg><\/span><\/div><\/div>[\/vc_column][vc_column width=\u00a0\u00bb5\/6&Prime; css=\u00a0\u00bb.vc_custom_1611482364948{padding-left: 50px !important;}\u00a0\u00bb]<div id=\"H2\" class=\"pix-heading-el text-left  vc_custom_1618397064433\"><h2 class=\"text-primary font-weight-bold h2 heading-text el-title_custom_color mb-12\" style=\"\" data-anim-type=\"\" data-anim-delay=\"0\">Contr\u00f4le de mineurs<\/h2><\/div><div id=\"H3\" class=\"pix-heading-el text-left  vc_custom_1618397071284\"><h3 class=\"text-secondary font-weight-bold h3 heading-text el-title_custom_color mb-12\" style=\"\" data-anim-type=\"\" data-anim-delay=\"0\">Vous souhaitez prot\u00e9ger vos enfants?<\/h3><\/div>[vc_column_text]Les enqu\u00eates de <strong>surveillance des mineurs<\/strong> visent \u00e0 identifier d\u2019\u00e9ventuels comportements anormaux ou d\u00e9viants pouvant cr\u00e9er des situations dangereuses pour le mineur.<br \/>Caledonia intervient pour pr\u00e9server l\u2019int\u00e9grit\u00e9 corporelle, psychologique et la sant\u00e9 du mineur en attirant l\u2019attention des adultes responsables d\u2019\u00e9ventuels <strong>comportements anormaux<\/strong>, tels que la fr\u00e9quentation de personnes suspectes, l\u2019usage et l\u2019abus de boissons alcoolis\u00e9es ou de stup\u00e9fiants, l\u2019exposition \u00e0 des ph\u00e9nom\u00e8nes de grooming, d\u2019extorsion sexuelle, de harc\u00e8lement scolaire et de cyber-harc\u00e8lement.[\/vc_column_text][\/vc_column][\/vc_row][\/vc_section]<\/p><\/div>","protected":false},"excerpt":{"rendered":"[vc_section full_width=\u00a0\u00bbstretch_row\u00a0\u00bb content_placement=\u00a0\u00bbmiddle\u00a0\u00bb fade_in_opacity=\u00a0\u00bbpix-opacity-5&Prime; pix_over_visibility=\u00a0\u00bb\u00a0\u00bb pix_overlay_color=\u00a0\u00bbblack\u00a0\u00bb css=\u00a0\u00bb.vc_custom_1616515695993{background-color: #ffffff !important;}\u00a0\u00bb pix_overlay_opacity=\u00a0\u00bb1&Prime; b_custom_height=\u00a0\u00bb300px\u00a0\u00bb fade_in_intro=\u00a0\u00bb15577&Prime;][vc_row pix_particles_check=\u00a0\u00bb\u00a0\u00bb responsive_css=\u00a0\u00bb{\u00ab\u00a0pix_res_sm_pt\u00ab\u00a0:\u00ab\u00a00px\u00ab\u00a0,\u00ab\u00a0pix_res_md_pt\u00ab\u00a0:\u00ab\u00a00px\u00ab\u00a0}\u00a0\u00bb css=\u00a0\u00bb.vc_custom_1612279322624{padding-top: 150px !important;padding-bottom: 70px !important;}\u00a0\u00bb][vc_column css=\u00a0\u00bb.vc_custom_1611481106197{padding-top: 20px !important;padding-bottom: 20px !important;}\u00a0\u00bb][\/vc_column][\/vc_row][\/vc_section][vc_section full_width=\u00a0\u00bbstretch_row\u00a0\u00bb pix_over_visibility=\u00a0\u00bb\u00a0\u00bb css=\u00a0\u00bb.vc_custom_1611481625985{background-color: #f8f9fa !important;}\u00a0\u00bb fade_in_intro=\u00a0\u00bb14052&Prime;][vc_row full_width=\u00a0\u00bbstretch_row\u00a0\u00bb gap=\u00a0\u00bb35&Prime; content_placement=\u00a0\u00bbtop\u00a0\u00bb pix_particles_check=\u00a0\u00bb\u00a0\u00bb css=\u00a0\u00bb.vc_custom_1611481444397{padding-top: 70px !important;padding-bottom: 75px !important;}\u00a0\u00bb][vc_column width=\u00a0\u00bb1\/2&Prime;][vc_column_text]Besoin&#8230;","protected":false},"author":1,"featured_media":0,"parent":16055,"menu_order":0,"comment_status":"closed","ping_status":"closed","template":"","meta":{"inline_featured_image":false,"_monsterinsights_skip_tracking":false,"_monsterinsights_sitenote_active":false,"_monsterinsights_sitenote_note":"","_monsterinsights_sitenote_category":0,"footnotes":""},"class_list":["post-16073","page","type-page","status-publish","hentry"],"yoast_head":"<!-- This site is optimized with the Yoast SEO plugin v26.8 - https:\/\/yoast.com\/product\/yoast-seo-wordpress\/ -->\n<title>Caledonia Spa, Enqu\u00eates dans la sph\u00e8re priv\u00e9e,<\/title>\n<meta name=\"description\" content=\"Caledonia Spa m\u00e8ne des enqu\u00eates priv\u00e9es pour prot\u00e9ger les individus en cas d&#039;infid\u00e9lit\u00e9 conjugale, patrimoniale et de contr\u00f4le des mineurs.\" \/>\n<meta name=\"robots\" content=\"index, follow, max-snippet:-1, max-image-preview:large, max-video-preview:-1\" \/>\n<link rel=\"canonical\" href=\"https:\/\/www.caledoniasagl.ch\/fr\/investigations\/enquetes-dans-la-sphere-privee\/\" \/>\n<meta property=\"og:locale\" content=\"fr_FR\" \/>\n<meta property=\"og:type\" content=\"article\" \/>\n<meta property=\"og:title\" content=\"Caledonia Spa, Enqu\u00eates dans la sph\u00e8re priv\u00e9e,\" \/>\n<meta property=\"og:description\" content=\"Caledonia Spa m\u00e8ne des enqu\u00eates priv\u00e9es pour prot\u00e9ger les individus en cas d&#039;infid\u00e9lit\u00e9 conjugale, patrimoniale et de contr\u00f4le des mineurs.\" \/>\n<meta property=\"og:url\" content=\"https:\/\/www.caledoniasagl.ch\/fr\/investigations\/enquetes-dans-la-sphere-privee\/\" \/>\n<meta property=\"og:site_name\" content=\"Caledonia Switzerland Sagl\" \/>\n<meta property=\"article:modified_time\" content=\"2021-11-22T13:06:24+00:00\" \/>\n<meta name=\"twitter:card\" content=\"summary_large_image\" \/>\n<meta name=\"twitter:label1\" content=\"Dur\u00e9e de lecture estim\u00e9e\" \/>\n\t<meta name=\"twitter:data1\" content=\"3 minutes\" \/>\n<script type=\"application\/ld+json\" class=\"yoast-schema-graph\">{\"@context\":\"https:\/\/schema.org\",\"@graph\":[{\"@type\":\"WebPage\",\"@id\":\"https:\/\/www.caledoniasagl.ch\/fr\/investigations\/enquetes-dans-la-sphere-privee\/\",\"url\":\"https:\/\/www.caledoniasagl.ch\/fr\/investigations\/enquetes-dans-la-sphere-privee\/\",\"name\":\"Caledonia Spa, Enqu\u00eates dans la sph\u00e8re priv\u00e9e,\",\"isPartOf\":{\"@id\":\"https:\/\/www.caledoniasagl.ch\/fr\/#website\"},\"datePublished\":\"2021-01-24T10:48:17+00:00\",\"dateModified\":\"2021-11-22T13:06:24+00:00\",\"description\":\"Caledonia Spa m\u00e8ne des enqu\u00eates priv\u00e9es pour prot\u00e9ger les individus en cas d'infid\u00e9lit\u00e9 conjugale, patrimoniale et de contr\u00f4le des mineurs.\",\"breadcrumb\":{\"@id\":\"https:\/\/www.caledoniasagl.ch\/fr\/investigations\/enquetes-dans-la-sphere-privee\/#breadcrumb\"},\"inLanguage\":\"fr-FR\",\"potentialAction\":[{\"@type\":\"ReadAction\",\"target\":[\"https:\/\/www.caledoniasagl.ch\/fr\/investigations\/enquetes-dans-la-sphere-privee\/\"]}]},{\"@type\":\"BreadcrumbList\",\"@id\":\"https:\/\/www.caledoniasagl.ch\/fr\/investigations\/enquetes-dans-la-sphere-privee\/#breadcrumb\",\"itemListElement\":[{\"@type\":\"ListItem\",\"position\":1,\"name\":\"Investigations\",\"item\":\"https:\/\/www.caledoniasagl.ch\/fr\/investigations\/\"},{\"@type\":\"ListItem\",\"position\":2,\"name\":\"Enqu\u00eates dans la sph\u00e8re priv\u00e9e\"}]},{\"@type\":\"WebSite\",\"@id\":\"https:\/\/www.caledoniasagl.ch\/fr\/#website\",\"url\":\"https:\/\/www.caledoniasagl.ch\/fr\/\",\"name\":\"Caledonia Switzerland Sagl\",\"description\":\"Protect Your Interests\",\"publisher\":{\"@id\":\"https:\/\/www.caledoniasagl.ch\/fr\/#organization\"},\"potentialAction\":[{\"@type\":\"SearchAction\",\"target\":{\"@type\":\"EntryPoint\",\"urlTemplate\":\"https:\/\/www.caledoniasagl.ch\/fr\/?s={search_term_string}\"},\"query-input\":{\"@type\":\"PropertyValueSpecification\",\"valueRequired\":true,\"valueName\":\"search_term_string\"}}],\"inLanguage\":\"fr-FR\"},{\"@type\":\"Organization\",\"@id\":\"https:\/\/www.caledoniasagl.ch\/fr\/#organization\",\"name\":\"Caledonia Switzerland Sagl\",\"url\":\"https:\/\/www.caledoniasagl.ch\/fr\/\",\"logo\":{\"@type\":\"ImageObject\",\"inLanguage\":\"fr-FR\",\"@id\":\"https:\/\/www.caledoniasagl.ch\/fr\/#\/schema\/logo\/image\/\",\"url\":\"https:\/\/www.caledoniasagl.ch\/wp-content\/uploads\/logo.svg\",\"contentUrl\":\"https:\/\/www.caledoniasagl.ch\/wp-content\/uploads\/logo.svg\",\"caption\":\"Caledonia Switzerland Sagl\"},\"image\":{\"@id\":\"https:\/\/www.caledoniasagl.ch\/fr\/#\/schema\/logo\/image\/\"},\"sameAs\":[\"https:\/\/it.linkedin.com\/company\/caledonia-s-p-a\"]}]}<\/script>\n<!-- \/ Yoast SEO plugin. -->","yoast_head_json":{"title":"Caledonia Spa, Enqu\u00eates dans la sph\u00e8re priv\u00e9e,","description":"Caledonia Spa m\u00e8ne des enqu\u00eates priv\u00e9es pour prot\u00e9ger les individus en cas d'infid\u00e9lit\u00e9 conjugale, patrimoniale et de contr\u00f4le des mineurs.","robots":{"index":"index","follow":"follow","max-snippet":"max-snippet:-1","max-image-preview":"max-image-preview:large","max-video-preview":"max-video-preview:-1"},"canonical":"https:\/\/www.caledoniasagl.ch\/fr\/investigations\/enquetes-dans-la-sphere-privee\/","og_locale":"fr_FR","og_type":"article","og_title":"Caledonia Spa, Enqu\u00eates dans la sph\u00e8re priv\u00e9e,","og_description":"Caledonia Spa m\u00e8ne des enqu\u00eates priv\u00e9es pour prot\u00e9ger les individus en cas d'infid\u00e9lit\u00e9 conjugale, patrimoniale et de contr\u00f4le des mineurs.","og_url":"https:\/\/www.caledoniasagl.ch\/fr\/investigations\/enquetes-dans-la-sphere-privee\/","og_site_name":"Caledonia Switzerland Sagl","article_modified_time":"2021-11-22T13:06:24+00:00","twitter_card":"summary_large_image","twitter_misc":{"Dur\u00e9e de lecture estim\u00e9e":"3 minutes"},"schema":{"@context":"https:\/\/schema.org","@graph":[{"@type":"WebPage","@id":"https:\/\/www.caledoniasagl.ch\/fr\/investigations\/enquetes-dans-la-sphere-privee\/","url":"https:\/\/www.caledoniasagl.ch\/fr\/investigations\/enquetes-dans-la-sphere-privee\/","name":"Caledonia Spa, Enqu\u00eates dans la sph\u00e8re priv\u00e9e,","isPartOf":{"@id":"https:\/\/www.caledoniasagl.ch\/fr\/#website"},"datePublished":"2021-01-24T10:48:17+00:00","dateModified":"2021-11-22T13:06:24+00:00","description":"Caledonia Spa m\u00e8ne des enqu\u00eates priv\u00e9es pour prot\u00e9ger les individus en cas d'infid\u00e9lit\u00e9 conjugale, patrimoniale et de contr\u00f4le des mineurs.","breadcrumb":{"@id":"https:\/\/www.caledoniasagl.ch\/fr\/investigations\/enquetes-dans-la-sphere-privee\/#breadcrumb"},"inLanguage":"fr-FR","potentialAction":[{"@type":"ReadAction","target":["https:\/\/www.caledoniasagl.ch\/fr\/investigations\/enquetes-dans-la-sphere-privee\/"]}]},{"@type":"BreadcrumbList","@id":"https:\/\/www.caledoniasagl.ch\/fr\/investigations\/enquetes-dans-la-sphere-privee\/#breadcrumb","itemListElement":[{"@type":"ListItem","position":1,"name":"Investigations","item":"https:\/\/www.caledoniasagl.ch\/fr\/investigations\/"},{"@type":"ListItem","position":2,"name":"Enqu\u00eates dans la sph\u00e8re priv\u00e9e"}]},{"@type":"WebSite","@id":"https:\/\/www.caledoniasagl.ch\/fr\/#website","url":"https:\/\/www.caledoniasagl.ch\/fr\/","name":"Caledonia Switzerland Sagl","description":"Protect Your Interests","publisher":{"@id":"https:\/\/www.caledoniasagl.ch\/fr\/#organization"},"potentialAction":[{"@type":"SearchAction","target":{"@type":"EntryPoint","urlTemplate":"https:\/\/www.caledoniasagl.ch\/fr\/?s={search_term_string}"},"query-input":{"@type":"PropertyValueSpecification","valueRequired":true,"valueName":"search_term_string"}}],"inLanguage":"fr-FR"},{"@type":"Organization","@id":"https:\/\/www.caledoniasagl.ch\/fr\/#organization","name":"Caledonia Switzerland Sagl","url":"https:\/\/www.caledoniasagl.ch\/fr\/","logo":{"@type":"ImageObject","inLanguage":"fr-FR","@id":"https:\/\/www.caledoniasagl.ch\/fr\/#\/schema\/logo\/image\/","url":"https:\/\/www.caledoniasagl.ch\/wp-content\/uploads\/logo.svg","contentUrl":"https:\/\/www.caledoniasagl.ch\/wp-content\/uploads\/logo.svg","caption":"Caledonia Switzerland Sagl"},"image":{"@id":"https:\/\/www.caledoniasagl.ch\/fr\/#\/schema\/logo\/image\/"},"sameAs":["https:\/\/it.linkedin.com\/company\/caledonia-s-p-a"]}]}},"_links":{"self":[{"href":"https:\/\/www.caledoniasagl.ch\/fr\/wp-json\/wp\/v2\/pages\/16073","targetHints":{"allow":["GET"]}}],"collection":[{"href":"https:\/\/www.caledoniasagl.ch\/fr\/wp-json\/wp\/v2\/pages"}],"about":[{"href":"https:\/\/www.caledoniasagl.ch\/fr\/wp-json\/wp\/v2\/types\/page"}],"author":[{"embeddable":true,"href":"https:\/\/www.caledoniasagl.ch\/fr\/wp-json\/wp\/v2\/users\/1"}],"replies":[{"embeddable":true,"href":"https:\/\/www.caledoniasagl.ch\/fr\/wp-json\/wp\/v2\/comments?post=16073"}],"version-history":[{"count":2,"href":"https:\/\/www.caledoniasagl.ch\/fr\/wp-json\/wp\/v2\/pages\/16073\/revisions"}],"predecessor-version":[{"id":16075,"href":"https:\/\/www.caledoniasagl.ch\/fr\/wp-json\/wp\/v2\/pages\/16073\/revisions\/16075"}],"up":[{"embeddable":true,"href":"https:\/\/www.caledoniasagl.ch\/fr\/wp-json\/wp\/v2\/pages\/16055"}],"wp:attachment":[{"href":"https:\/\/www.caledoniasagl.ch\/fr\/wp-json\/wp\/v2\/media?parent=16073"}],"curies":[{"name":"wp","href":"https:\/\/api.w.org\/{rel}","templated":true}]}}